{"id":1000,"date":"2025-04-30T10:21:13","date_gmt":"2025-04-30T10:21:13","guid":{"rendered":"https:\/\/www.shouyasanitary.com\/?post_type=product&#038;p=1000"},"modified":"2025-10-27T03:48:32","modified_gmt":"2025-10-27T03:48:32","slug":"wholesale-bathroom-mirror-vanity","status":"publish","type":"product","link":"https:\/\/www.shouyasanitary.com\/de\/produkt\/wholesale-bathroom-mirror-vanity\/","title":{"rendered":"Gro\u00dfhandel Bad Spiegel Eitelkeit, dunkelgrau Edelstahl Badezimmer Schrank Lieferant"},"content":{"rendered":"<div class=\"wp-block-columns is-layout-flex wp-container-core-columns-is-layout-9d6595d7 wp-block-columns-is-layout-flex\">\n<div class=\"wp-block-column is-layout-flow wp-block-column-is-layout-flow\">\n<h2 class=\"wp-block-heading\">Badezimmer-Spiegel-Eitelkeit Eigenschaften\uff1a<\/h2>\n\n\n\n<p><strong>Hochwertiges feuchtigkeitsdichtes Material<\/strong>: Als Material wird hochwertiger Edelstahl 304 verwendet, der \u00fcber hervorragende feuchtigkeits- und rostfreie Eigenschaften verf\u00fcgt, sich auch nach langem Gebrauch nicht verformt oder korrodiert und besonders f\u00fcr feuchte Badezimmer geeignet ist.<\/p>\n\n\n\n<p><strong>Mattschwarze Prozessbehandlung<\/strong>: Die Oberfl\u00e4che ist zart, und das Schwarz ist ruhig und zur\u00fcckhaltend, wodurch ein moderner und fortschrittlicher visueller Effekt entsteht. Anti-Fingerabdruck und leicht zu reinigen, ist die t\u00e4gliche Wartung einfacher.<\/p>\n\n\n\n<p><strong>Modularer Aufbau<\/strong>: Schr\u00e4nke, Waschbecken und Spiegelschr\u00e4nke k\u00f6nnen je nach Badstruktur frei kombiniert werden. Einfache Installation und Transport, und sparsame Baukosten.<\/p>\n\n\n\n<p><strong>LED-Spiegel mit intelligenter Beleuchtung<\/strong>: Eingebaute weiche LED-Lichtleisten sorgen f\u00fcr nat\u00fcrliches Licht. Touch- oder Induktionsschalter sind bequem und mit einer Anti-Beschlag-Funktion ausgestattet, und die Spiegeloberfl\u00e4che ist immer klar.<\/p>\n\n\n\n<p><strong>Sinnvolle Gestaltung der Lagerung<\/strong>: Die Struktur des Schranks ist wissenschaftlich konzipiert und bietet mehrstufige Unterteilungen, um den klassifizierten Aufbewahrungsbedarf von Toilettenartikeln, Reinigungsmitteln usw. zu erf\u00fcllen und die Nutzungseffizienz zu verbessern.<\/p>\n\n\n\n<p><strong>Unterst\u00fctzung von OEM\/ODM-Diensten<\/strong>: Gr\u00f6\u00dfe, Farbe und Konfiguration k\u00f6nnen je nach Kundenwunsch angepasst werden und eignen sich f\u00fcr Heimdekoration, Gesch\u00e4ftsr\u00e4ume, technische Projekte und andere Szenarien.<\/p>\n\n\n\n<p><strong>Direktverkauf ab Werk, Vorzugspreise<\/strong>: Direkte Lieferung ab Werk, garantierte Produktqualit\u00e4t und Lieferzeit, niedrigere und wettbewerbsf\u00e4higere Preise. Unterst\u00fctzung von Kleinserienbestellungen und Gro\u00dfhandelsk\u00e4ufen.<\/p>\n<\/div>\n\n\n\n<div class=\"wp-block-column is-layout-flow wp-block-column-is-layout-flow\"><div class=\"wp-block-image\">\n<figure class=\"aligncenter size-full\"><img decoding=\"async\" width=\"1000\" height=\"1000\" src=\"https:\/\/www.shouyasanitary.com\/wp-content\/uploads\/2025\/04\/Wholesale-Bathroom-Mirror-Vanity-Dark-Grey-Stainless-Steel-Cabinet-Bulk-1-1.webp\" alt=\"Gro\u00dfhandel Bad Spiegel Eitelkeit, dunkelgrau Edelstahl Kabinett Bulk (1)\" class=\"wp-image-1044\" style=\"object-fit:cover\" srcset=\"https:\/\/www.shouyasanitary.com\/wp-content\/uploads\/2025\/04\/Wholesale-Bathroom-Mirror-Vanity-Dark-Grey-Stainless-Steel-Cabinet-Bulk-1-1.webp 1000w, https:\/\/www.shouyasanitary.com\/wp-content\/uploads\/2025\/04\/Wholesale-Bathroom-Mirror-Vanity-Dark-Grey-Stainless-Steel-Cabinet-Bulk-1-1-300x300.webp 300w, https:\/\/www.shouyasanitary.com\/wp-content\/uploads\/2025\/04\/Wholesale-Bathroom-Mirror-Vanity-Dark-Grey-Stainless-Steel-Cabinet-Bulk-1-1-150x150.webp 150w, https:\/\/www.shouyasanitary.com\/wp-content\/uploads\/2025\/04\/Wholesale-Bathroom-Mirror-Vanity-Dark-Grey-Stainless-Steel-Cabinet-Bulk-1-1-768x768.webp 768w, https:\/\/www.shouyasanitary.com\/wp-content\/uploads\/2025\/04\/Wholesale-Bathroom-Mirror-Vanity-Dark-Grey-Stainless-Steel-Cabinet-Bulk-1-1-12x12.webp 12w, https:\/\/www.shouyasanitary.com\/wp-content\/uploads\/2025\/04\/Wholesale-Bathroom-Mirror-Vanity-Dark-Grey-Stainless-Steel-Cabinet-Bulk-1-1-600x600.webp 600w, https:\/\/www.shouyasanitary.com\/wp-content\/uploads\/2025\/04\/Wholesale-Bathroom-Mirror-Vanity-Dark-Grey-Stainless-Steel-Cabinet-Bulk-1-1-100x100.webp 100w\" sizes=\"(max-width: 1000px) 100vw, 1000px\" \/><\/figure>\n<\/div><\/div>\n<\/div>","protected":false},"excerpt":{"rendered":"<p>Gro\u00dfhandel Bad Spiegel Eitelkeit, hochwertige Edelstahl-Material, mit Wandmontage Installation, langlebig und sch\u00f6n, geeignet f\u00fcr verschiedene Badezimmer R\u00e4ume. Shouya Fabrik direkt liefern, unterst\u00fctzen OEM\/ODM Anpassung, kontaktieren Sie uns f\u00fcr Gro\u00dfhandel Angebote.<\/p>\n<h2>Badezimmer-Spiegel Eitelkeit Attribute\uff1a<\/h2>\n<p><strong>Artikel Nr.: <\/strong>SY2505<strong><br \/>Material des Geh\u00e4uses:<\/strong> Rostfreier Stahl<br \/><strong>Farbe des Geh\u00e4uses:<\/strong>Dunkelgrau<br \/><strong>Spiegel: <\/strong>LED-Spiegel (3,5 mm\/3,8 mm), dreifarbige Beleuchtung, One-Touch-Entfogging, gesichert mit mehrlagiger Schaumstoffverpackung<strong><br \/>Installationsart: <\/strong>Wandbefestigung<br \/><strong>Abmessungen (L\u00d7B\u00d7H):<\/strong> 80*47*47 cm<br \/><strong>Bruttogewicht:<\/strong> 28kg\/Satz<\/p>\n<h2>Anpassung &amp; Dienstleistungen:<\/h2>\n<p><strong>OEM &amp; ODM<\/strong>: Unterst\u00fctzt<br \/><strong>Gestaltung<\/strong>: Frei<br \/><strong>Zubeh\u00f6r<\/strong>: Waschbecken, Spiegel, Armaturen und anderes Badzubeh\u00f6r<br \/><strong>Verpacken<\/strong>: Einbaufertig<\/p>","protected":false},"featured_media":1036,"comment_status":"closed","ping_status":"closed","template":"","meta":{"_acf_changed":false},"product_brand":[],"product_cat":[27],"product_tag":[],"class_list":{"0":"post-1000","1":"product","2":"type-product","3":"status-publish","4":"has-post-thumbnail","6":"product_cat-wholesale-stainless-steel-bathroom-vanity-cabinets","8":"first","9":"instock","10":"shipping-taxable","11":"product-type-simple"},"acf":[],"_links":{"self":[{"href":"https:\/\/www.shouyasanitary.com\/de\/wp-json\/wp\/v2\/product\/1000","targetHints":{"allow":["GET"]}}],"collection":[{"href":"https:\/\/www.shouyasanitary.com\/de\/wp-json\/wp\/v2\/product"}],"about":[{"href":"https:\/\/www.shouyasanitary.com\/de\/wp-json\/wp\/v2\/types\/product"}],"replies":[{"embeddable":true,"href":"https:\/\/www.shouyasanitary.com\/de\/wp-json\/wp\/v2\/comments?post=1000"}],"wp:featuredmedia":[{"embeddable":true,"href":"https:\/\/www.shouyasanitary.com\/de\/wp-json\/wp\/v2\/media\/1036"}],"wp:attachment":[{"href":"https:\/\/www.shouyasanitary.com\/de\/wp-json\/wp\/v2\/media?parent=1000"}],"wp:term":[{"taxonomy":"product_brand","embeddable":true,"href":"https:\/\/www.shouyasanitary.com\/de\/wp-json\/wp\/v2\/product_brand?post=1000"},{"taxonomy":"product_cat","embeddable":true,"href":"https:\/\/www.shouyasanitary.com\/de\/wp-json\/wp\/v2\/product_cat?post=1000"},{"taxonomy":"product_tag","embeddable":true,"href":"https:\/\/www.shouyasanitary.com\/de\/wp-json\/wp\/v2\/product_tag?post=1000"}],"curies":[{"name":"wp","href":"https:\/\/api.w.org\/{rel}","templated":true}]}}