{"id":1061,"date":"2025-05-09T07:41:19","date_gmt":"2025-05-09T07:41:19","guid":{"rendered":"https:\/\/www.shouyasanitary.com\/?post_type=product&#038;p=1061"},"modified":"2025-05-13T10:43:10","modified_gmt":"2025-05-13T10:43:10","slug":"vanity-for-bathroom-wholesale","status":"publish","type":"product","link":"https:\/\/www.shouyasanitary.com\/de\/produkt\/vanity-for-bathroom-wholesale\/","title":{"rendered":"Moderne Eitelkeit f\u00fcr Badezimmer Gro\u00dfhandel, Sperrholz Badezimmer Schr\u00e4nke Cutsom"},"content":{"rendered":"<div class=\"wp-block-columns is-layout-flex wp-container-core-columns-is-layout-9d6595d7 wp-block-columns-is-layout-flex\">\n<div class=\"wp-block-column is-layout-flow wp-block-column-is-layout-flow\">\n<h2 class=\"wp-block-heading\">Merkmale des Waschbeckens f\u00fcr das Badezimmer\uff1a<\/h2>\n\n\n\n<p><strong>Modernes Aussehen Design<\/strong>: Einfache Linien und elegante Form, geeignet f\u00fcr eine Vielzahl von Bad Dekoration Stile, die Verbesserung der gesamten Raum Textur.<\/p>\n\n\n\n<p><strong>Wandmontierte Installationsstruktur:<\/strong> Spart Platz, ist optisch leichter, leicht zu reinigen und schafft eine saubere und ordentliche Badezimmerumgebung.<\/p>\n\n\n\n<p><strong>Spiegelschrank mit dreifarbigem LED-Lichtdesign<\/strong>: Eingebautes warmes Licht, neutrales Licht, kaltes Licht und drei einstellbare Lichter sorgen f\u00fcr Beleuchtung und schaffen verschiedene Badezimmeratmosph\u00e4ren, um den t\u00e4glichen Make-up- und Waschbedarf zu erf\u00fcllen.<\/p>\n\n\n\n<p><strong>Waschbecken aus Keramik<\/strong>: Die Oberfl\u00e4che des bei hoher Temperatur gebrannten Keramikbeckens ist gl\u00e4nzend und empfindlich, resistent gegen Flecken und Kratzer, nicht leicht zu verstecken Schmutz, und die t\u00e4gliche Reinigung ist einfacher.<\/p>\n\n\n\n<p><strong>Doppelt\u00fcriger Stauschrank<\/strong>: Der Innenraum ist ger\u00e4umig, und Toilettenartikel, Reinigungsmittel usw. k\u00f6nnen in Kategorien untergebracht werden, um das Bad sauber und ordentlich zu halten.<\/p>\n\n\n\n<p><strong>Bevorzugtes Massivholzmaterial:<\/strong> W\u00e4hlen Sie hochwertige Massivholz, nat\u00fcrliche Textur, warme Textur, sowohl Umweltschutz und \u00c4sthetik, was den Sinn der High-End-Anpassung.<\/p>\n\n\n\n<p><strong>Fabrikdirektverkauf<\/strong>s: Direkte Lieferung vom Hersteller, wodurch die Zwischenkosten gesenkt und wettbewerbsf\u00e4higere Preise bei gleichzeitiger Gew\u00e4hrleistung der Qualit\u00e4t erzielt werden. Geeignet f\u00fcr die Beschaffung im Gro\u00dfhandel und die Zusammenarbeit bei Projekten, mit flexibler Anpassung und stabiler Lieferzeit.<\/p>\n<\/div>\n\n\n\n<div class=\"wp-block-column is-layout-flow wp-block-column-is-layout-flow\"><div class=\"wp-block-image\">\n<figure class=\"aligncenter size-full\"><img decoding=\"async\" width=\"876\" height=\"875\" src=\"https:\/\/www.shouyasanitary.com\/wp-content\/uploads\/2025\/05\/Vanity-for-Bathroom-Wholesale-High-quality-Design-Plywood-Bathroom-Cabinets-Cutsom-1.webp\" alt=\"Eitelkeit f\u00fcr Badezimmer Gro\u00dfhandel Hochwertiges Design Sperrholz Badezimmer Schr\u00e4nke Cutsom (1)\" class=\"wp-image-1062\" style=\"object-fit:cover\" srcset=\"https:\/\/www.shouyasanitary.com\/wp-content\/uploads\/2025\/05\/Vanity-for-Bathroom-Wholesale-High-quality-Design-Plywood-Bathroom-Cabinets-Cutsom-1.webp 876w, https:\/\/www.shouyasanitary.com\/wp-content\/uploads\/2025\/05\/Vanity-for-Bathroom-Wholesale-High-quality-Design-Plywood-Bathroom-Cabinets-Cutsom-1-300x300.webp 300w, https:\/\/www.shouyasanitary.com\/wp-content\/uploads\/2025\/05\/Vanity-for-Bathroom-Wholesale-High-quality-Design-Plywood-Bathroom-Cabinets-Cutsom-1-150x150.webp 150w, https:\/\/www.shouyasanitary.com\/wp-content\/uploads\/2025\/05\/Vanity-for-Bathroom-Wholesale-High-quality-Design-Plywood-Bathroom-Cabinets-Cutsom-1-768x767.webp 768w, https:\/\/www.shouyasanitary.com\/wp-content\/uploads\/2025\/05\/Vanity-for-Bathroom-Wholesale-High-quality-Design-Plywood-Bathroom-Cabinets-Cutsom-1-12x12.webp 12w, https:\/\/www.shouyasanitary.com\/wp-content\/uploads\/2025\/05\/Vanity-for-Bathroom-Wholesale-High-quality-Design-Plywood-Bathroom-Cabinets-Cutsom-1-600x599.webp 600w, https:\/\/www.shouyasanitary.com\/wp-content\/uploads\/2025\/05\/Vanity-for-Bathroom-Wholesale-High-quality-Design-Plywood-Bathroom-Cabinets-Cutsom-1-100x100.webp 100w\" sizes=\"(max-width: 876px) 100vw, 876px\" \/><\/figure>\n<\/div><\/div>\n<\/div>","protected":false},"excerpt":{"rendered":"<p>Moderne Eitelkeit f\u00fcr Bad Gro\u00dfhandel, Wand-Struktur, mit einem LED-Spiegel, Keramik-Waschbecken, etc., langlebig und sch\u00f6n, geeignet f\u00fcr jeden Stil Bad. Factory Supply, Gro\u00dfhandelspreise. Kontaktieren Sie uns f\u00fcr eine Anfrage.<\/p>\n<h2>Attribute des Waschtischs f\u00fcr das Badezimmer\uff1a<\/h2>\n<p><strong>Artikel Nr.: <\/strong>NS24-80<strong><br \/>Material des Geh\u00e4uses:<\/strong>\u00a0Sperrholz<br \/><strong>Farbe des Geh\u00e4uses:<\/strong> Dunkelgrau<br \/><strong>Spiegel:<\/strong> LED-Spiegel (3,5 mm\/3,8 mm), dreifarbige Beleuchtung, One-Touch-Entfogging, gesichert mit mehrlagiger Schaumstoffverpackung<br \/><strong>Installationsart:<\/strong>\u00a0Wandbefestigung<br \/><strong>Abmessungen (L\u00d7B\u00d7H):<\/strong> 80x47x48 cm<br \/><strong>Bruttogewicht:<\/strong> 28kg\/Satz<\/p>\n<h2>Anpassung &amp; Dienstleistungen:<\/h2>\n<p><strong>OEM &amp; ODM<\/strong>: Unterst\u00fctzt<br \/><strong>Gestaltung<\/strong>: Frei<br \/><strong>Zubeh\u00f6r<\/strong>: Waschbecken, Spiegel, Armaturen und anderes Badzubeh\u00f6r<br \/><strong>Verpacken<\/strong>: Einbaufertig<\/p>","protected":false},"featured_media":1062,"comment_status":"closed","ping_status":"closed","template":"","meta":{"_acf_changed":false},"product_brand":[],"product_cat":[20],"product_tag":[],"class_list":{"0":"post-1061","1":"product","2":"type-product","3":"status-publish","4":"has-post-thumbnail","6":"product_cat-wholesale-plywood-bathroom-vanity-cabinets","8":"first","9":"instock","10":"shipping-taxable","11":"product-type-simple"},"acf":[],"_links":{"self":[{"href":"https:\/\/www.shouyasanitary.com\/de\/wp-json\/wp\/v2\/product\/1061","targetHints":{"allow":["GET"]}}],"collection":[{"href":"https:\/\/www.shouyasanitary.com\/de\/wp-json\/wp\/v2\/product"}],"about":[{"href":"https:\/\/www.shouyasanitary.com\/de\/wp-json\/wp\/v2\/types\/product"}],"replies":[{"embeddable":true,"href":"https:\/\/www.shouyasanitary.com\/de\/wp-json\/wp\/v2\/comments?post=1061"}],"wp:featuredmedia":[{"embeddable":true,"href":"https:\/\/www.shouyasanitary.com\/de\/wp-json\/wp\/v2\/media\/1062"}],"wp:attachment":[{"href":"https:\/\/www.shouyasanitary.com\/de\/wp-json\/wp\/v2\/media?parent=1061"}],"wp:term":[{"taxonomy":"product_brand","embeddable":true,"href":"https:\/\/www.shouyasanitary.com\/de\/wp-json\/wp\/v2\/product_brand?post=1061"},{"taxonomy":"product_cat","embeddable":true,"href":"https:\/\/www.shouyasanitary.com\/de\/wp-json\/wp\/v2\/product_cat?post=1061"},{"taxonomy":"product_tag","embeddable":true,"href":"https:\/\/www.shouyasanitary.com\/de\/wp-json\/wp\/v2\/product_tag?post=1061"}],"curies":[{"name":"wp","href":"https:\/\/api.w.org\/{rel}","templated":true}]}}