{"id":1065,"date":"2025-05-09T07:35:53","date_gmt":"2025-05-09T07:35:53","guid":{"rendered":"https:\/\/www.shouyasanitary.com\/?post_type=product&#038;p=1065"},"modified":"2025-05-13T10:41:34","modified_gmt":"2025-05-13T10:41:34","slug":"wholesale-vanities-for-bathroom","status":"publish","type":"product","link":"https:\/\/www.shouyasanitary.com\/de\/produkt\/wholesale-vanities-for-bathroom\/","title":{"rendered":"Gro\u00dfhandel Eitelkeiten f\u00fcr Badezimmer mit Spiegel und Waschbecken, benutzerdefinierte Schr\u00e4nke Badezimmer"},"content":{"rendered":"<div class=\"wp-block-columns is-layout-flex wp-container-core-columns-is-layout-9d6595d7 wp-block-columns-is-layout-flex\">\n<div class=\"wp-block-column is-layout-flow wp-block-column-is-layout-flow\">\n<h2 class=\"wp-block-heading\">Eigenschaften von Eitelkeiten f\u00fcr Badezimmer:<\/h2>\n\n\n\n<p><strong>Hochwertiges Sperrholzmaterial<\/strong>: Das Sperrholzmaterial erh\u00f6ht die Tragf\u00e4higkeit und Stabilit\u00e4t der Konstruktion, ist langlebig, feuchtigkeitsbest\u00e4ndig und leicht zu reinigen.<\/p>\n\n\n\n<p><strong>Moderne minimalistische \u00c4sthetik<\/strong>\uff1a Die rein wei\u00dfe Farbgebung, gepaart mit schlichten Linien, ist gepflegt und elegant und passt perfekt zu verschiedenen Einrichtungsstilen im Bad.<\/p>\n\n\n\n<p><strong>Entwurf der Beleuchtungskonfiguration<\/strong>\uff1a Die Lichtleiste \u00fcber dem Spiegelschrank spendet weiches und helles Licht, erf\u00fcllt die Beleuchtungsbed\u00fcrfnisse zum Waschen und Schminken und schafft eine warme und gem\u00fctliche Atmosph\u00e4re f\u00fcr das Badezimmer, es ist die ideale Wahl f\u00fcr moderne Badezimmer.<\/p>\n\n\n\n<p><strong>Keramisches Waschbecken<\/strong>: Hochtemperatur gebrannte Keramik, hohe H\u00e4rte, Kratzfestigkeit und keine Wasserflecken oder Kratzer auf der Oberfl\u00e4che.<\/p>\n\n\n\n<p><strong>Unterst\u00fctzung ma\u00dfgeschneiderter Dienstleistungen<\/strong>Es unterst\u00fctzt mehrere Anpassungen, einschlie\u00dflich Farbe, Gr\u00f6\u00dfe, Logo, Material usw., um den Anforderungen verschiedener Dekorationsprojekte gerecht zu werden.<\/p>\n\n\n\n<p><strong>Anwendbar auf mehrere Szenarien<\/strong>: Standardisierte Produktion, einfache Installation und Andocken, verschiedene Gr\u00f6\u00dfen und Stile zur Verf\u00fcgung, geeignet f\u00fcr verschiedene Szenarien wie Haus, Hotel, und Wohnung.<\/p>\n<\/div>\n\n\n\n<div class=\"wp-block-column is-layout-flow wp-block-column-is-layout-flow\"><div class=\"wp-block-image\">\n<figure class=\"aligncenter size-full\"><img decoding=\"async\" width=\"1000\" height=\"1000\" src=\"https:\/\/www.shouyasanitary.com\/wp-content\/uploads\/2025\/05\/Wholesale-Vanities-for-Bathrooms-with-Mirror-Wash-Basin-1.webp\" alt=\"Gro\u00dfhandel Eitelkeiten f\u00fcr B\u00e4der mit Spiegel Waschbecken (1)\" class=\"wp-image-1069\" style=\"object-fit:cover\" srcset=\"https:\/\/www.shouyasanitary.com\/wp-content\/uploads\/2025\/05\/Wholesale-Vanities-for-Bathrooms-with-Mirror-Wash-Basin-1.webp 1000w, https:\/\/www.shouyasanitary.com\/wp-content\/uploads\/2025\/05\/Wholesale-Vanities-for-Bathrooms-with-Mirror-Wash-Basin-1-300x300.webp 300w, https:\/\/www.shouyasanitary.com\/wp-content\/uploads\/2025\/05\/Wholesale-Vanities-for-Bathrooms-with-Mirror-Wash-Basin-1-150x150.webp 150w, https:\/\/www.shouyasanitary.com\/wp-content\/uploads\/2025\/05\/Wholesale-Vanities-for-Bathrooms-with-Mirror-Wash-Basin-1-768x768.webp 768w, https:\/\/www.shouyasanitary.com\/wp-content\/uploads\/2025\/05\/Wholesale-Vanities-for-Bathrooms-with-Mirror-Wash-Basin-1-12x12.webp 12w, https:\/\/www.shouyasanitary.com\/wp-content\/uploads\/2025\/05\/Wholesale-Vanities-for-Bathrooms-with-Mirror-Wash-Basin-1-600x600.webp 600w, https:\/\/www.shouyasanitary.com\/wp-content\/uploads\/2025\/05\/Wholesale-Vanities-for-Bathrooms-with-Mirror-Wash-Basin-1-100x100.webp 100w\" sizes=\"(max-width: 1000px) 100vw, 1000px\" \/><\/figure>\n<\/div><\/div>\n<\/div>","protected":false},"excerpt":{"rendered":"<p>Willkommen im Gro\u00dfhandel Eitelkeiten f\u00fcr Bad mit LED-Spiegel, Keramik-Waschbecken, Wasserhahn, etc. Elegantes wei\u00dfes Design, direkte Lieferung von einem chinesischen Bad Eitelkeit Hersteller, und Unterst\u00fctzung f\u00fcr schnelle Anpassung Optionen. Bluk ist auf Lager, schneller Versand. Kontaktieren Sie uns noch heute, um Ihre Badezimmerschrank-L\u00f6sung zu erhalten!<\/p>\n<h2>Eigenschaften von Waschtischen f\u00fcr das Badezimmer\uff1a<\/h2>\n<p><strong>Artikel Nr.: <\/strong>NS06-80<strong><br \/>Material des Geh\u00e4uses:<\/strong> Sperrholz<br \/><strong>Farbe des Geh\u00e4uses:<\/strong> Silbrig<br \/><strong>Spiegel:<\/strong>\u00a0LED-Spiegel (3,5 mm \/ 3,8 mm), dreifarbige Beleuchtung, One-Touch-Enteisung, gesichert mit mehrlagiger Schaumstoffverpackung<br \/><strong>Installationsart:<\/strong>\u00a0Wandbefestigung<br \/><strong>Abmessungen (L \u00d7 B \u00d7 H):<\/strong> 80 x 47 x 48 cm<br \/><strong>Bruttogewicht:<\/strong> 28kg\/Satz<\/p>\n<h2>Anpassung &amp; Dienstleistungen:<\/h2>\n<p><strong>OEM &amp; ODM<\/strong>: Unterst\u00fctzt<br \/><strong>Gestaltung<\/strong>: Frei<br \/><strong>Zubeh\u00f6r<\/strong>: Waschbecken, Spiegel, Armaturen und anderes Badzubeh\u00f6r<br \/><strong>Verpacken<\/strong>: Einbaufertig<\/p>","protected":false},"featured_media":1069,"comment_status":"closed","ping_status":"closed","template":"","meta":{"_acf_changed":false},"product_brand":[],"product_cat":[20],"product_tag":[],"class_list":{"0":"post-1065","1":"product","2":"type-product","3":"status-publish","4":"has-post-thumbnail","6":"product_cat-wholesale-plywood-bathroom-vanity-cabinets","8":"first","9":"instock","10":"shipping-taxable","11":"product-type-simple"},"acf":[],"_links":{"self":[{"href":"https:\/\/www.shouyasanitary.com\/de\/wp-json\/wp\/v2\/product\/1065","targetHints":{"allow":["GET"]}}],"collection":[{"href":"https:\/\/www.shouyasanitary.com\/de\/wp-json\/wp\/v2\/product"}],"about":[{"href":"https:\/\/www.shouyasanitary.com\/de\/wp-json\/wp\/v2\/types\/product"}],"replies":[{"embeddable":true,"href":"https:\/\/www.shouyasanitary.com\/de\/wp-json\/wp\/v2\/comments?post=1065"}],"wp:featuredmedia":[{"embeddable":true,"href":"https:\/\/www.shouyasanitary.com\/de\/wp-json\/wp\/v2\/media\/1069"}],"wp:attachment":[{"href":"https:\/\/www.shouyasanitary.com\/de\/wp-json\/wp\/v2\/media?parent=1065"}],"wp:term":[{"taxonomy":"product_brand","embeddable":true,"href":"https:\/\/www.shouyasanitary.com\/de\/wp-json\/wp\/v2\/product_brand?post=1065"},{"taxonomy":"product_cat","embeddable":true,"href":"https:\/\/www.shouyasanitary.com\/de\/wp-json\/wp\/v2\/product_cat?post=1065"},{"taxonomy":"product_tag","embeddable":true,"href":"https:\/\/www.shouyasanitary.com\/de\/wp-json\/wp\/v2\/product_tag?post=1065"}],"curies":[{"name":"wp","href":"https:\/\/api.w.org\/{rel}","templated":true}]}}