{"id":1072,"date":"2025-05-09T06:57:08","date_gmt":"2025-05-09T06:57:08","guid":{"rendered":"https:\/\/www.shouyasanitary.com\/?post_type=product&#038;p=1072"},"modified":"2025-05-13T10:39:42","modified_gmt":"2025-05-13T10:39:42","slug":"custom-cabinets-for-bathrooms","status":"publish","type":"product","link":"https:\/\/www.shouyasanitary.com\/de\/produkt\/custom-cabinets-for-bathrooms\/","title":{"rendered":"Benutzerdefinierte Schr\u00e4nke f\u00fcr Badezimmer Schwebende Badezimmer Eitelkeit Spiegel in Bulk"},"content":{"rendered":"<div class=\"wp-block-columns is-layout-flex wp-container-core-columns-is-layout-9d6595d7 wp-block-columns-is-layout-flex\">\n<div class=\"wp-block-column is-layout-flow wp-block-column-is-layout-flow\">\n<h2 class=\"wp-block-heading\">Merkmale von Schr\u00e4nken f\u00fcr Badezimmer\uff1a<\/h2>\n\n\n\n<p><strong>Exquisiter Spiegelschrank als Aufbewahrungsort<\/strong>Auf der anderen Seite befindet sich ein offenes Regal, in dem h\u00e4ufig verwendete Toilettenartikel, Parf\u00fcms und andere Gegenst\u00e4nde frei und leicht zug\u00e4nglich aufbewahrt werden k\u00f6nnen.<\/p>\n\n\n\n<p><strong>Lichtleisten umgeben den Spiegel<\/strong>: Sanfte Lichtleisten sorgen f\u00fcr die Beleuchtung bei allt\u00e4glichen T\u00e4tigkeiten wie Waschen und Schminken, w\u00e4hrend die Lichtstimmung die Atmosph\u00e4re des Raumes aufwertet.<\/p>\n\n\n\n<p><strong>Stauraum auf der Arbeitsplatte<\/strong>: H\u00e4ufig verwendete Handseifen, Aromatherapie- und andere Artikel k\u00f6nnen auf der Arbeitsplatte platziert und mit Gr\u00fcnpflanzen dekoriert werden, was sch\u00f6n und praktisch ist.<\/p>\n\n\n\n<p><strong>Ausgestattet mit einem Waschbecken<\/strong>: Das passende Waschbecken erf\u00fcllt die Bed\u00fcrfnisse der t\u00e4glichen K\u00f6rperpflege und eignet sich f\u00fcr moderne Badezimmer.<\/p>\n\n\n\n<p><strong>Hochwertiges Sperrholzmaterial<\/strong>: Sperrholz mit hoher Dichte ist feuchtigkeitsbest\u00e4ndig und verformungsbest\u00e4ndig, mit starker Stabilit\u00e4t, geeignet f\u00fcr feuchte Badezimmerumgebungen.<\/p>\n\n\n\n<p><strong>Wandh\u00e4ngende Installationsstruktur<\/strong>: Das wandmontierte Design nimmt keinen Platz weg, ist leicht zu reinigen, verst\u00e4rkt das Gef\u00fchl der Raumtransparenz und eignet sich f\u00fcr einen modernen, einfachen Einrichtungsstil.<\/p>\n\n\n\n<p><strong>Unterst\u00fctzung von OEM und ODM<\/strong>: Semi-kundenspezifische Dienstleistungen wie Logo und Verpackung k\u00f6nnen je nach Kundenwunsch geliefert werden; in der Zwischenzeit bieten wir ein neues Design nach Kundenwunsch an, und ein komplettes Set von Badezimmerschr\u00e4nken Design- und Entwicklungsdienstleistungen k\u00f6nnen angeboten werden, um Kunden zu helfen, ein Markenimage zu etablieren.<\/p>\n<\/div>\n\n\n\n<div class=\"wp-block-column is-layout-flow wp-block-column-is-layout-flow\"><div class=\"wp-block-image\">\n<figure class=\"aligncenter size-full\"><img decoding=\"async\" width=\"1000\" height=\"1000\" src=\"https:\/\/www.shouyasanitary.com\/wp-content\/uploads\/2025\/05\/Custom-Cabinets-for-Bathrooms-Wall-Hung-Bathroom-Vanity-Mirrors-1.webp\" alt=\"Kundenspezifische Schr\u00e4nke f\u00fcr Badezimmer Wandh\u00e4ngende Badspiegel (1)\" class=\"wp-image-1073\" style=\"object-fit:cover\" srcset=\"https:\/\/www.shouyasanitary.com\/wp-content\/uploads\/2025\/05\/Custom-Cabinets-for-Bathrooms-Wall-Hung-Bathroom-Vanity-Mirrors-1.webp 1000w, https:\/\/www.shouyasanitary.com\/wp-content\/uploads\/2025\/05\/Custom-Cabinets-for-Bathrooms-Wall-Hung-Bathroom-Vanity-Mirrors-1-300x300.webp 300w, https:\/\/www.shouyasanitary.com\/wp-content\/uploads\/2025\/05\/Custom-Cabinets-for-Bathrooms-Wall-Hung-Bathroom-Vanity-Mirrors-1-150x150.webp 150w, https:\/\/www.shouyasanitary.com\/wp-content\/uploads\/2025\/05\/Custom-Cabinets-for-Bathrooms-Wall-Hung-Bathroom-Vanity-Mirrors-1-768x768.webp 768w, https:\/\/www.shouyasanitary.com\/wp-content\/uploads\/2025\/05\/Custom-Cabinets-for-Bathrooms-Wall-Hung-Bathroom-Vanity-Mirrors-1-12x12.webp 12w, https:\/\/www.shouyasanitary.com\/wp-content\/uploads\/2025\/05\/Custom-Cabinets-for-Bathrooms-Wall-Hung-Bathroom-Vanity-Mirrors-1-600x600.webp 600w, https:\/\/www.shouyasanitary.com\/wp-content\/uploads\/2025\/05\/Custom-Cabinets-for-Bathrooms-Wall-Hung-Bathroom-Vanity-Mirrors-1-100x100.webp 100w\" sizes=\"(max-width: 1000px) 100vw, 1000px\" \/><\/figure>\n<\/div><\/div>\n<\/div>","protected":false},"excerpt":{"rendered":"<p>Willkommen bei kundenspezifischen Schr\u00e4nken f\u00fcr B\u00e4der, schwimmendes Design, mit Waschbecken und Spiegelschrank, geeignet f\u00fcr das moderne Bad, unterst\u00fctzt OEM\/ODM. Kontaktieren Sie uns f\u00fcr ma\u00dfgeschneiderte Eitelkeit L\u00f6sungen und Gro\u00dfhandelspreise.<\/p>\n<h2>Eigenschaften von Schr\u00e4nken f\u00fcr Badezimmer\uff1a<\/h2>\n<p><strong>Artikel Nr.: <\/strong>GYS300-80<strong><br \/>Material des Geh\u00e4uses:<\/strong>\u00a0Sperrholz<br \/><strong>Farbe des Geh\u00e4uses: <\/strong>Hellgelb<br \/><strong>Spiegel:<\/strong> LED-Spiegel (3,5 mm\/3,8 mm), dreifarbige Beleuchtung, One-Touch-Entfogging, gesichert mit mehrlagiger Schaumstoffverpackung<br \/><strong>Installationsart:<\/strong>\u00a0Wandbefestigung<br \/><strong>Abmessungen (L\u00d7B\u00d7H):<\/strong> 80x48x48 cm<br \/><strong>Bruttogewicht:<\/strong> 28kg\/Satz<\/p>\n<h2>Anpassung &amp; Dienstleistungen:<\/h2>\n<p><strong>OEM &amp; ODM<\/strong>: Unterst\u00fctzt<br \/><strong>Gestaltung<\/strong>: Frei<br \/><strong>Zubeh\u00f6r<\/strong>: Waschbecken, Spiegel, Armaturen und anderes Badzubeh\u00f6r<br \/><strong>Verpacken<\/strong>: Einbaufertig<\/p>","protected":false},"featured_media":1073,"comment_status":"closed","ping_status":"closed","template":"","meta":{"_acf_changed":false},"product_brand":[],"product_cat":[20],"product_tag":[],"class_list":{"0":"post-1072","1":"product","2":"type-product","3":"status-publish","4":"has-post-thumbnail","6":"product_cat-wholesale-plywood-bathroom-vanity-cabinets","8":"first","9":"instock","10":"shipping-taxable","11":"product-type-simple"},"acf":[],"_links":{"self":[{"href":"https:\/\/www.shouyasanitary.com\/de\/wp-json\/wp\/v2\/product\/1072","targetHints":{"allow":["GET"]}}],"collection":[{"href":"https:\/\/www.shouyasanitary.com\/de\/wp-json\/wp\/v2\/product"}],"about":[{"href":"https:\/\/www.shouyasanitary.com\/de\/wp-json\/wp\/v2\/types\/product"}],"replies":[{"embeddable":true,"href":"https:\/\/www.shouyasanitary.com\/de\/wp-json\/wp\/v2\/comments?post=1072"}],"wp:featuredmedia":[{"embeddable":true,"href":"https:\/\/www.shouyasanitary.com\/de\/wp-json\/wp\/v2\/media\/1073"}],"wp:attachment":[{"href":"https:\/\/www.shouyasanitary.com\/de\/wp-json\/wp\/v2\/media?parent=1072"}],"wp:term":[{"taxonomy":"product_brand","embeddable":true,"href":"https:\/\/www.shouyasanitary.com\/de\/wp-json\/wp\/v2\/product_brand?post=1072"},{"taxonomy":"product_cat","embeddable":true,"href":"https:\/\/www.shouyasanitary.com\/de\/wp-json\/wp\/v2\/product_cat?post=1072"},{"taxonomy":"product_tag","embeddable":true,"href":"https:\/\/www.shouyasanitary.com\/de\/wp-json\/wp\/v2\/product_tag?post=1072"}],"curies":[{"name":"wp","href":"https:\/\/api.w.org\/{rel}","templated":true}]}}