{"id":1076,"date":"2025-05-09T06:48:19","date_gmt":"2025-05-09T06:48:19","guid":{"rendered":"https:\/\/www.shouyasanitary.com\/?post_type=product&#038;p=1076"},"modified":"2025-05-13T10:38:23","modified_gmt":"2025-05-13T10:38:23","slug":"custom-bathroom-vanities-with-sink","status":"publish","type":"product","link":"https:\/\/www.shouyasanitary.com\/de\/produkt\/custom-bathroom-vanities-with-sink\/","title":{"rendered":"Custom Badezimmer Eitelkeiten mit Waschbecken, Gro\u00dfhandel dunkelgrau Sperrholz Schr\u00e4nke Badezimmer"},"content":{"rendered":"<div class=\"wp-block-columns is-layout-flex wp-container-core-columns-is-layout-9d6595d7 wp-block-columns-is-layout-flex\">\n<div class=\"wp-block-column is-layout-flow wp-block-column-is-layout-flow\">\n<h2 class=\"wp-block-heading\">Badezimmer-Eitelkeiten Eigenschaften:<\/h2>\n\n\n\n<p><strong>Moderner minimalistischer Stil<\/strong>: Es zeichnet sich vor allem durch einen einfachen Grauton aus, mit sauberen und glatten Linien, die einen modernen minimalistischen Stil zeigen. Ob es mit einem minimalistischen oder einem hellen Luxus-Badezimmer kombiniert wird, es kann sich gegenseitig erg\u00e4nzen.<\/p>\n\n\n\n<p><strong>Dauerhaftes wasserdichtes Material: <\/strong>Der Schrank ist aus hochwertigem Karton gefertigt und wurde einer speziellen wasserdichten Behandlung unterzogen, die Spritzwasser beim t\u00e4glichen Waschen wirksam abwehrt. Die Lichtleisten \u00fcber und unter dem Spiegelschrank wurden mit voller R\u00fccksicht auf die feuchte Umgebung des Badezimmers entworfen und haben eine gute wasserdichte Leistung<\/p>\n\n\n\n<p><strong>Hochwertiges keramisches Material<\/strong>: Das Waschbecken besteht aus Keramik, die eine feine Textur, eine glatte und leicht zu reinigende Oberfl\u00e4che hat, langlebig und verschlei\u00dffest ist und auch nach langem Gebrauch nicht leicht verkratzt.<\/p>\n\n\n\n<p><strong>Integriertes Spiegelschrank-Design<\/strong>Mit Spiegel und Stauraum ausgestattet, ist er sowohl praktisch als auch funktionell, um den t\u00e4glichen Pflege- und Aufbewahrungsbedarf zu decken.<\/p>\n\n\n\n<p><strong>Intelligentes dreifarbiges LED-Beleuchtungssystem<\/strong>: Der Spiegelschrank ist mit einer weichen Lichtleiste ausgestattet, verwendet eine einfache Ber\u00fchrungstaste, ist intuitiv zu bedienen, unterst\u00fctzt die Einstellung der Lichtquelle in drei Farben und bietet eine ausreichende Beleuchtung, um verschiedenen Nutzungsszenarien und atmosph\u00e4rischen Anforderungen gerecht zu werden.<\/p>\n\n\n\n<p><strong>Anpassung an mehrere Szenarien<\/strong>: Der Waschtisch sieht einfach und modern aus, und die zahlreichen Funktionen erf\u00fcllen die Bed\u00fcrfnisse der Badbenutzung. Er eignet sich f\u00fcr verschiedene Badezimmer wie Wohnh\u00e4user, Hotels und Mietwohnungen.<\/p>\n\n\n\n<p><strong>Fabrikdirektverkauf, besserer Preis<\/strong>: Die Quelle Shouya Fabrik produziert unabh\u00e4ngig, kontrolliert streng die Qualit\u00e4t, produziert in gro\u00dfen Mengen, steht in direktem Kontakt mit den Kunden, hat keine Zwischenstufen und ist preislich wettbewerbsf\u00e4hig.<\/p>\n<\/div>\n\n\n\n<div class=\"wp-block-column is-layout-flow wp-block-column-is-layout-flow\"><div class=\"wp-block-image\">\n<figure class=\"aligncenter size-full\"><img decoding=\"async\" width=\"954\" height=\"954\" src=\"https:\/\/www.shouyasanitary.com\/wp-content\/uploads\/2025\/05\/Custom-Bathroom-Vanities-with-Sink-Wholesale-Dark-Grey-Plywood-Cabinets-Bathroom-1.webp\" alt=\"Custom Badezimmer Eitelkeiten mit Waschbecken Gro\u00dfhandel dunkelgrau Sperrholz Schr\u00e4nke Badezimmer (1)\" class=\"wp-image-1077\" style=\"object-fit:cover\" srcset=\"https:\/\/www.shouyasanitary.com\/wp-content\/uploads\/2025\/05\/Custom-Bathroom-Vanities-with-Sink-Wholesale-Dark-Grey-Plywood-Cabinets-Bathroom-1.webp 954w, https:\/\/www.shouyasanitary.com\/wp-content\/uploads\/2025\/05\/Custom-Bathroom-Vanities-with-Sink-Wholesale-Dark-Grey-Plywood-Cabinets-Bathroom-1-300x300.webp 300w, https:\/\/www.shouyasanitary.com\/wp-content\/uploads\/2025\/05\/Custom-Bathroom-Vanities-with-Sink-Wholesale-Dark-Grey-Plywood-Cabinets-Bathroom-1-150x150.webp 150w, https:\/\/www.shouyasanitary.com\/wp-content\/uploads\/2025\/05\/Custom-Bathroom-Vanities-with-Sink-Wholesale-Dark-Grey-Plywood-Cabinets-Bathroom-1-768x768.webp 768w, https:\/\/www.shouyasanitary.com\/wp-content\/uploads\/2025\/05\/Custom-Bathroom-Vanities-with-Sink-Wholesale-Dark-Grey-Plywood-Cabinets-Bathroom-1-12x12.webp 12w, https:\/\/www.shouyasanitary.com\/wp-content\/uploads\/2025\/05\/Custom-Bathroom-Vanities-with-Sink-Wholesale-Dark-Grey-Plywood-Cabinets-Bathroom-1-600x600.webp 600w, https:\/\/www.shouyasanitary.com\/wp-content\/uploads\/2025\/05\/Custom-Bathroom-Vanities-with-Sink-Wholesale-Dark-Grey-Plywood-Cabinets-Bathroom-1-100x100.webp 100w\" sizes=\"(max-width: 954px) 100vw, 954px\" \/><\/figure>\n<\/div><\/div>\n<\/div>","protected":false},"excerpt":{"rendered":"<p>Willkommen bei benutzerdefinierten Bad Eitelkeiten, ein modernes graues einfaches Design, geeignet f\u00fcr verschiedene Badstile. Wasserdichtes Sperrholz mit Keramik Waschbecken, Spiegelschrank integrierte Lagerung und LED-Lichtleiste, langlebig und sch\u00f6n. Unterst\u00fctzung Fabrik Direktvertrieb und Anpassung. Kontaktieren Sie uns, um ein Angebot zu erhalten!<\/p>\n<h2>Badezimmer-Eitelkeiten Attribute\uff1a<\/h2>\n<p><strong>Artikel Nr.: <\/strong>NS22-80<strong><br \/>Material des Geh\u00e4uses<\/strong>: Sperrholz<br \/><strong>Farbe des Geh\u00e4uses:<\/strong> Dunkelgrau<br \/><strong>Spiegel:<\/strong> LED-Spiegel (3,5 mm \/ 3,8 mm), dreifarbige Beleuchtung, One-Touch-Enteisung, gesichert mit mehrlagiger Schaumstoffverpackung<br \/><strong>Installationsart:<\/strong> Wandbefestigung<br \/><strong>Abmessungen (L \u00d7 B \u00d7 H):<\/strong> 80 x 47 x 48 cm<br \/><strong>Bruttogewicht:<\/strong> 28kg\/Satz<\/p>\n<h2>Anpassung &amp; Dienstleistungen:<\/h2>\n<p><strong>OEM &amp; ODM<\/strong>: Unterst\u00fctzt<br \/><strong>Gestaltung<\/strong>: Frei<br \/><strong>Zubeh\u00f6r<\/strong>: Waschbecken, Spiegel, Armaturen und anderes Badzubeh\u00f6r<br \/><strong>Verpacken<\/strong>: Einbaufertig<\/p>","protected":false},"featured_media":1077,"comment_status":"closed","ping_status":"closed","template":"","meta":{"_acf_changed":false},"product_brand":[],"product_cat":[20],"product_tag":[],"class_list":{"0":"post-1076","1":"product","2":"type-product","3":"status-publish","4":"has-post-thumbnail","6":"product_cat-wholesale-plywood-bathroom-vanity-cabinets","8":"first","9":"instock","10":"shipping-taxable","11":"product-type-simple"},"acf":[],"_links":{"self":[{"href":"https:\/\/www.shouyasanitary.com\/de\/wp-json\/wp\/v2\/product\/1076","targetHints":{"allow":["GET"]}}],"collection":[{"href":"https:\/\/www.shouyasanitary.com\/de\/wp-json\/wp\/v2\/product"}],"about":[{"href":"https:\/\/www.shouyasanitary.com\/de\/wp-json\/wp\/v2\/types\/product"}],"replies":[{"embeddable":true,"href":"https:\/\/www.shouyasanitary.com\/de\/wp-json\/wp\/v2\/comments?post=1076"}],"wp:featuredmedia":[{"embeddable":true,"href":"https:\/\/www.shouyasanitary.com\/de\/wp-json\/wp\/v2\/media\/1077"}],"wp:attachment":[{"href":"https:\/\/www.shouyasanitary.com\/de\/wp-json\/wp\/v2\/media?parent=1076"}],"wp:term":[{"taxonomy":"product_brand","embeddable":true,"href":"https:\/\/www.shouyasanitary.com\/de\/wp-json\/wp\/v2\/product_brand?post=1076"},{"taxonomy":"product_cat","embeddable":true,"href":"https:\/\/www.shouyasanitary.com\/de\/wp-json\/wp\/v2\/product_cat?post=1076"},{"taxonomy":"product_tag","embeddable":true,"href":"https:\/\/www.shouyasanitary.com\/de\/wp-json\/wp\/v2\/product_tag?post=1076"}],"curies":[{"name":"wp","href":"https:\/\/api.w.org\/{rel}","templated":true}]}}