{"id":1080,"date":"2025-05-09T06:40:24","date_gmt":"2025-05-09T06:40:24","guid":{"rendered":"https:\/\/www.shouyasanitary.com\/?post_type=product&#038;p=1080"},"modified":"2025-05-13T10:36:28","modified_gmt":"2025-05-13T10:36:28","slug":"bathroom-vanity-custom","status":"publish","type":"product","link":"https:\/\/www.shouyasanitary.com\/de\/produkt\/bathroom-vanity-custom\/","title":{"rendered":"Sperrholz Bad Eitelkeit benutzerdefinierte, moderne Badezimmer Schrank mit Spiegel in Bulk"},"content":{"rendered":"<div class=\"wp-block-columns is-layout-flex wp-container-core-columns-is-layout-9d6595d7 wp-block-columns-is-layout-flex\">\n<div class=\"wp-block-column is-layout-flow wp-block-column-is-layout-flow\">\n<h2 class=\"wp-block-heading\">Badezimmer-Eitelkeiten:<\/h2>\n\n\n\n<p><strong>Multifunktionaler Spiegelschrank: <\/strong>ausgestattet mit einem Schminkspiegel, praktisch f\u00fcr das t\u00e4gliche Make-up und die Hautpflege. Der Innenraum ist ger\u00e4umig und gut aufgeteilt. Es gibt eine Ablagefl\u00e4che f\u00fcr Papiertaschent\u00fccher, die leicht zu entnehmen und zu platzieren ist, um den t\u00e4glichen Bedarf zu decken.<\/p>\n\n\n\n<p><strong>Ausgezeichnetes Design des Hauptgeh\u00e4uses<\/strong>: gepaart mit zwei Schubladen, die reichlich Stauraum bieten. Die Schublade l\u00e4sst sich leichtg\u00e4ngig \u00f6ffnen und schlie\u00dfen und ist somit einfach und bequem zu bedienen.<\/p>\n\n\n\n<p><strong>Einfaches und modisches Aussehen<\/strong>\uff1a Das moderne Gesamtbild passt perfekt zu verschiedenen Einrichtungsstilen im Bad. Der Schwerpunkt liegt auf wasserdichten und feuchtigkeitsbest\u00e4ndigen Materialien, die feuchten Badumgebungen standhalten und langlebig sind.<\/p>\n\n\n\n<p><strong>Langlebiges und feuchtigkeitsbest\u00e4ndiges Material<\/strong>: Die keramische Arbeitsplatte kann mit einem einzigen Wisch gereinigt werden, und der Schrankkorpus ist aus feuchtigkeitsresistentem Sperrholz gefertigt. Die Kanten und Ecken sind abgerundet, um St\u00f6\u00dfe zu vermeiden.<\/p>\n\n\n\n<p><strong>Wandh\u00e4ngender Badezimmerschrank<\/strong>: Das wandmontierte Design ist flexibel zu installieren, und die Installationsposition kann je nach Nutzungsgewohnheiten und Raumh\u00f6he angepasst werden, um den Komfort zu verbessern.<\/p>\n\n\n\n<p><br><strong>Unterst\u00fctzung ma\u00dfgeschneiderter Dienstleistungen<\/strong>: Ma\u00dfgeschneiderte Gr\u00f6\u00dfe, Farbe und funktionelle Konfiguration nach Kundenwunsch, strenge Qualit\u00e4tskontrolle, um die verschiedenen Bed\u00fcrfnisse des Badezimmermarktes zu erf\u00fcllen.<\/p>\n<\/div>\n\n\n\n<div class=\"wp-block-column is-layout-flow wp-block-column-is-layout-flow\"><div class=\"wp-block-image\">\n<figure class=\"aligncenter size-full\"><img decoding=\"async\" width=\"877\" height=\"877\" src=\"https:\/\/www.shouyasanitary.com\/wp-content\/uploads\/2025\/05\/Dark-Grey-Bathroom-Vanity-Custom-Plywood-Modern-Bathroom-Cabinet-1.webp\" alt=\"Dunkelgrau Badezimmer Eitelkeit benutzerdefinierte, Sperrholz Moderne Badezimmer Schrank (1)\" class=\"wp-image-1085\" style=\"object-fit:cover\" srcset=\"https:\/\/www.shouyasanitary.com\/wp-content\/uploads\/2025\/05\/Dark-Grey-Bathroom-Vanity-Custom-Plywood-Modern-Bathroom-Cabinet-1.webp 877w, https:\/\/www.shouyasanitary.com\/wp-content\/uploads\/2025\/05\/Dark-Grey-Bathroom-Vanity-Custom-Plywood-Modern-Bathroom-Cabinet-1-300x300.webp 300w, https:\/\/www.shouyasanitary.com\/wp-content\/uploads\/2025\/05\/Dark-Grey-Bathroom-Vanity-Custom-Plywood-Modern-Bathroom-Cabinet-1-150x150.webp 150w, https:\/\/www.shouyasanitary.com\/wp-content\/uploads\/2025\/05\/Dark-Grey-Bathroom-Vanity-Custom-Plywood-Modern-Bathroom-Cabinet-1-768x768.webp 768w, https:\/\/www.shouyasanitary.com\/wp-content\/uploads\/2025\/05\/Dark-Grey-Bathroom-Vanity-Custom-Plywood-Modern-Bathroom-Cabinet-1-12x12.webp 12w, https:\/\/www.shouyasanitary.com\/wp-content\/uploads\/2025\/05\/Dark-Grey-Bathroom-Vanity-Custom-Plywood-Modern-Bathroom-Cabinet-1-600x600.webp 600w, https:\/\/www.shouyasanitary.com\/wp-content\/uploads\/2025\/05\/Dark-Grey-Bathroom-Vanity-Custom-Plywood-Modern-Bathroom-Cabinet-1-100x100.webp 100w\" sizes=\"(max-width: 877px) 100vw, 877px\" \/><\/figure>\n<\/div><\/div>\n<\/div>","protected":false},"excerpt":{"rendered":"<p>Badezimmer Eitelkeit benutzerdefinierte, feuchtigkeitsbest\u00e4ndige Material und Wand-Design, mit einem multifunktionalen Spiegelschrank, Keramik-Arbeitsplatte und Doppel-Schubladen, vielseitig, langlebig. Unterst\u00fctzung Anpassungsservice und Gro\u00dfhandel. Willkommen, um ein Angebot zu erhalten.<\/p>\n<h2>Badezimmer Waschtisch Attribute\uff1a<\/h2>\n<p><strong>Artikel Nr.: <\/strong>NS25-80<strong><br \/>Material des Geh\u00e4uses:<\/strong> Sperrholz<br \/><strong>Farbe des Geh\u00e4uses:<\/strong> Dunkelgrau<br \/><strong>Spiegel:<\/strong>\u00a0LED-Spiegel (3,5 mm \/ 3,8 mm), dreifarbige Beleuchtung, One-Touch-Enteisung, gesichert mit mehrlagiger Schaumstoffverpackung<br \/><strong>Installationsart:<\/strong>\u00a0Wandbefestigung<br \/><strong>Abmessungen (L \u00d7 B \u00d7 H):<\/strong> 80 x 47 x 48 cm<br \/><strong>Bruttogewicht:<\/strong> 28kg\/Satz<\/p>\n<h2>Anpassung &amp; Dienstleistungen:<\/h2>\n<p><strong>OEM &amp; ODM<\/strong>: Unterst\u00fctzt<br \/><strong>Gestaltung<\/strong>: Frei<br \/><strong>Zubeh\u00f6r<\/strong>: Waschbecken, Spiegel, Armaturen und anderes Badzubeh\u00f6r<br \/><strong>Verpacken<\/strong>: Einbaufertig<\/p>","protected":false},"featured_media":1085,"comment_status":"closed","ping_status":"closed","template":"","meta":{"_acf_changed":false},"product_brand":[],"product_cat":[20],"product_tag":[],"class_list":{"0":"post-1080","1":"product","2":"type-product","3":"status-publish","4":"has-post-thumbnail","6":"product_cat-wholesale-plywood-bathroom-vanity-cabinets","8":"first","9":"instock","10":"shipping-taxable","11":"product-type-simple"},"acf":[],"_links":{"self":[{"href":"https:\/\/www.shouyasanitary.com\/de\/wp-json\/wp\/v2\/product\/1080","targetHints":{"allow":["GET"]}}],"collection":[{"href":"https:\/\/www.shouyasanitary.com\/de\/wp-json\/wp\/v2\/product"}],"about":[{"href":"https:\/\/www.shouyasanitary.com\/de\/wp-json\/wp\/v2\/types\/product"}],"replies":[{"embeddable":true,"href":"https:\/\/www.shouyasanitary.com\/de\/wp-json\/wp\/v2\/comments?post=1080"}],"wp:featuredmedia":[{"embeddable":true,"href":"https:\/\/www.shouyasanitary.com\/de\/wp-json\/wp\/v2\/media\/1085"}],"wp:attachment":[{"href":"https:\/\/www.shouyasanitary.com\/de\/wp-json\/wp\/v2\/media?parent=1080"}],"wp:term":[{"taxonomy":"product_brand","embeddable":true,"href":"https:\/\/www.shouyasanitary.com\/de\/wp-json\/wp\/v2\/product_brand?post=1080"},{"taxonomy":"product_cat","embeddable":true,"href":"https:\/\/www.shouyasanitary.com\/de\/wp-json\/wp\/v2\/product_cat?post=1080"},{"taxonomy":"product_tag","embeddable":true,"href":"https:\/\/www.shouyasanitary.com\/de\/wp-json\/wp\/v2\/product_tag?post=1080"}],"curies":[{"name":"wp","href":"https:\/\/api.w.org\/{rel}","templated":true}]}}