{"id":1117,"date":"2025-05-22T16:55:59","date_gmt":"2025-05-22T16:55:59","guid":{"rendered":"https:\/\/www.shouyasanitary.com\/?post_type=product&#038;p=1117"},"modified":"2025-05-22T16:56:05","modified_gmt":"2025-05-22T16:56:05","slug":"bathroom-vanities-wholesale","status":"publish","type":"product","link":"https:\/\/www.shouyasanitary.com\/de\/produkt\/bathroom-vanities-wholesale\/","title":{"rendered":"Wei\u00dfe Badezimmer Eitelkeiten Gro\u00dfhandel, PVC-Schrank Bad mit Spiegel in Bulk"},"content":{"rendered":"<div class=\"wp-block-columns is-layout-flex wp-container-core-columns-is-layout-9d6595d7 wp-block-columns-is-layout-flex\">\n<div class=\"wp-block-column is-layout-flow wp-block-column-is-layout-flow\">\n<h2 class=\"wp-block-heading\">Wei\u00dfe Badezimmer-Eitelkeiten Merkmale\uff1a<\/h2>\n\n\n\n<p><strong>Modernes minimalistisches Erscheinungsbild<\/strong>: wei\u00df und grau, minimalistische Linien mit sechseckigen Griffen, einzigartig und modern, mehr k\u00fcnstlerisch.<\/p>\n\n\n\n<p><strong>Hochwertiges PVC-Material<\/strong>: Hergestellt aus PVC-Material, das eine gute wasserdichte und feuchtigkeitsdichte Leistung hat. Es ist nicht leicht zu verformen in einem feuchten Badezimmer Umwelt und erf\u00fcllen die Bed\u00fcrfnisse der modernen B\u00e4der.<\/p>\n\n\n\n<p><strong>Leistungsstarke Speicherfunktion<\/strong>: Gro\u00dfes Fassungsverm\u00f6gen durch die Doppelt\u00fcr, die f\u00fcr die Aufbewahrung der t\u00e4glichen Toilettenartikel verwendet werden kann. Das offene Fach ist praktisch f\u00fcr den Zugriff auf kleine Gegenst\u00e4nde und macht die Aufbewahrung \u00fcbersichtlicher.<\/p>\n\n\n\n<p><strong>Lichtleisten umgeben den Spiegel<\/strong>: Die beidseitigen Lichtleisten sorgen f\u00fcr eine zus\u00e4tzliche Beleuchtung mit weichem Licht, das den Beleuchtungsanforderungen z. B. bei der K\u00f6rperpflege gerecht wird.<\/p>\n\n\n\n<p><strong>Wandmontierte Ausf\u00fchrung<\/strong>: Die h\u00e4ngende Verlegung erleichtert die Reinigung des Bodens und h\u00e4lt ihn sauber und ordentlich, schafft ein leichtes visuelles Gef\u00fchl und verbessert das allgemeine Raumgef\u00fchl.<\/p>\n\n\n\n<p><strong>Direktverkauf ab Werk<\/strong>: Fabriklieferung, genie\u00dfen Sie die Quelle Fabrik Preis, stabile Qualit\u00e4t, kontrollierbare Lieferzeit, High-Cost-Leistung.<\/p>\n<\/div>\n\n\n\n<div class=\"wp-block-column is-layout-flow wp-block-column-is-layout-flow\"><div class=\"wp-block-image\">\n<figure class=\"aligncenter size-full\"><img decoding=\"async\" width=\"2086\" height=\"2086\" src=\"https:\/\/www.shouyasanitary.com\/wp-content\/uploads\/2025\/05\/White-Bathroom-Vanities-Wholesale-Light-Luxury-PVC-Cabinet-Bathroom-1.webp\" alt=\"Wei\u00dfe Badezimmer Eitelkeiten Gro\u00dfhandel, Licht Luxus PVC Kabinett Badezimmer (1)\" class=\"wp-image-1119\" style=\"object-fit:cover\" srcset=\"https:\/\/www.shouyasanitary.com\/wp-content\/uploads\/2025\/05\/White-Bathroom-Vanities-Wholesale-Light-Luxury-PVC-Cabinet-Bathroom-1.webp 2086w, https:\/\/www.shouyasanitary.com\/wp-content\/uploads\/2025\/05\/White-Bathroom-Vanities-Wholesale-Light-Luxury-PVC-Cabinet-Bathroom-1-300x300.webp 300w, https:\/\/www.shouyasanitary.com\/wp-content\/uploads\/2025\/05\/White-Bathroom-Vanities-Wholesale-Light-Luxury-PVC-Cabinet-Bathroom-1-150x150.webp 150w, https:\/\/www.shouyasanitary.com\/wp-content\/uploads\/2025\/05\/White-Bathroom-Vanities-Wholesale-Light-Luxury-PVC-Cabinet-Bathroom-1-768x768.webp 768w, https:\/\/www.shouyasanitary.com\/wp-content\/uploads\/2025\/05\/White-Bathroom-Vanities-Wholesale-Light-Luxury-PVC-Cabinet-Bathroom-1-12x12.webp 12w, https:\/\/www.shouyasanitary.com\/wp-content\/uploads\/2025\/05\/White-Bathroom-Vanities-Wholesale-Light-Luxury-PVC-Cabinet-Bathroom-1-1200x1200.webp 1200w, https:\/\/www.shouyasanitary.com\/wp-content\/uploads\/2025\/05\/White-Bathroom-Vanities-Wholesale-Light-Luxury-PVC-Cabinet-Bathroom-1-600x600.webp 600w, https:\/\/www.shouyasanitary.com\/wp-content\/uploads\/2025\/05\/White-Bathroom-Vanities-Wholesale-Light-Luxury-PVC-Cabinet-Bathroom-1-100x100.webp 100w\" sizes=\"(max-width: 2086px) 100vw, 2086px\" \/><\/figure>\n<\/div><\/div>\n<\/div>","protected":false},"excerpt":{"rendered":"<p>Wei\u00dfes Bad Eitelkeiten Gro\u00dfhandel, modernes Licht Luxus-Stil, schwimmende Design mit geometrischen Griffe und Spiegelschrank, gro\u00dfe Kapazit\u00e4t und sch\u00f6n. Bulk semi-custom Lager, Fabrikpreis. Kontaktieren Sie uns, um ein Angebot jetzt zu erhalten!<\/p>\n<h2>Wei\u00dfe Badezimmer Eitelkeiten Attribute\uff1a<\/h2>\n<p><strong>Artikel Nr.:<\/strong>HR8808-90<strong><br \/>Material des Geh\u00e4uses:<\/strong> PVC<br \/><strong>Farbe des Geh\u00e4uses:<\/strong> Wei\u00df<br \/><strong>Spiegel:<\/strong> LED-Spiegel (3,5 mm\/3,8 mm), dreifarbige Beleuchtung, One-Touch-Entfogging, gesichert mit mehrlagiger Schaumstoffverpackung<br \/><strong>Installationsart:<\/strong>\u00a0Wandbefestigung<br \/><strong>Abmessungen (L\u00d7B\u00d7H):<\/strong> 90*47*50 cm<br \/><strong>Bruttogewicht:<\/strong> 30kg\/Satz<\/p>\n<h2>Anpassung &amp; Dienstleistungen:<\/h2>\n<p><strong>OEM &amp; ODM<\/strong>: Unterst\u00fctzt<br \/><strong>Gestaltung<\/strong>: Frei<br \/><strong>Zubeh\u00f6r<\/strong>: Waschbecken, Spiegel, Armaturen und anderes Badzubeh\u00f6r<br \/><strong>Verpacken<\/strong>: Einbaufertig<\/p>","protected":false},"featured_media":1119,"comment_status":"closed","ping_status":"closed","template":"","meta":{"_acf_changed":false},"product_brand":[],"product_cat":[24],"product_tag":[],"class_list":{"0":"post-1117","1":"product","2":"type-product","3":"status-publish","4":"has-post-thumbnail","6":"product_cat-wholesale-pvc-bathroom-vanity-cabinets","8":"first","9":"instock","10":"shipping-taxable","11":"product-type-simple"},"acf":[],"_links":{"self":[{"href":"https:\/\/www.shouyasanitary.com\/de\/wp-json\/wp\/v2\/product\/1117","targetHints":{"allow":["GET"]}}],"collection":[{"href":"https:\/\/www.shouyasanitary.com\/de\/wp-json\/wp\/v2\/product"}],"about":[{"href":"https:\/\/www.shouyasanitary.com\/de\/wp-json\/wp\/v2\/types\/product"}],"replies":[{"embeddable":true,"href":"https:\/\/www.shouyasanitary.com\/de\/wp-json\/wp\/v2\/comments?post=1117"}],"wp:featuredmedia":[{"embeddable":true,"href":"https:\/\/www.shouyasanitary.com\/de\/wp-json\/wp\/v2\/media\/1119"}],"wp:attachment":[{"href":"https:\/\/www.shouyasanitary.com\/de\/wp-json\/wp\/v2\/media?parent=1117"}],"wp:term":[{"taxonomy":"product_brand","embeddable":true,"href":"https:\/\/www.shouyasanitary.com\/de\/wp-json\/wp\/v2\/product_brand?post=1117"},{"taxonomy":"product_cat","embeddable":true,"href":"https:\/\/www.shouyasanitary.com\/de\/wp-json\/wp\/v2\/product_cat?post=1117"},{"taxonomy":"product_tag","embeddable":true,"href":"https:\/\/www.shouyasanitary.com\/de\/wp-json\/wp\/v2\/product_tag?post=1117"}],"curies":[{"name":"wp","href":"https:\/\/api.w.org\/{rel}","templated":true}]}}