{"id":1121,"date":"2025-05-22T17:05:14","date_gmt":"2025-05-22T17:05:14","guid":{"rendered":"https:\/\/www.shouyasanitary.com\/?post_type=product&#038;p=1121"},"modified":"2025-05-22T17:05:19","modified_gmt":"2025-05-22T17:05:19","slug":"wholesale-vanity-bathroom","status":"publish","type":"product","link":"https:\/\/www.shouyasanitary.com\/de\/produkt\/wholesale-vanity-bathroom\/","title":{"rendered":"Gro\u00dfhandel Eitelkeit Badezimmer PVC grau mit Spiegeln Schrank in Bulk"},"content":{"rendered":"<div class=\"wp-block-columns is-layout-flex wp-container-core-columns-is-layout-9d6595d7 wp-block-columns-is-layout-flex\">\n<div class=\"wp-block-column is-layout-flow wp-block-column-is-layout-flow\">\n<h2 class=\"wp-block-heading\">Ausstattung des Bades mit Waschtisch\uff1a<\/h2>\n\n\n\n<p><strong>Hochwertiges PVC-Material<\/strong>: Es ist wasserdicht, feuchtigkeitsbest\u00e4ndig und korrosionsbest\u00e4ndig, schimmelt nicht leicht und verformt sich nicht in einer feuchten Badezimmerumgebung. Es ist leicht und einfach zu installieren und zu transportieren.<\/p>\n\n\n\n<p><strong>Hochwertiges Keramik-Becken<\/strong>: Das keramische Material hat eine glatte Oberfl\u00e4che, eine harte und verschlei\u00dffeste Beschaffenheit.<\/p>\n\n\n\n<p><strong>Doppeltes Schrankt\u00fcrdesign<\/strong>: bietet reichlich geschlossenen Stauraum, der es erm\u00f6glicht, gr\u00f6\u00dfere Gegenst\u00e4nde wie Handt\u00fccher und Toilettenartikel zu ordnen und aufzubewahren, damit das Badezimmer sauber und ordentlich bleibt.<\/p>\n\n\n\n<p><strong>Speicherplatz der offenen Partition<\/strong>: Auf der rechten Seite befindet sich eine offene Trennwand, die den Zugriff auf h\u00e4ufig ben\u00f6tigte Gegenst\u00e4nde wie gefaltete Handt\u00fccher, Toilettenartikel und Badezus\u00e4tze erleichtert.<\/p>\n\n\n\n<p><strong>Multifunktionaler Spiegelschrank:<\/strong> Er hat die regul\u00e4ren Funktionen eines Spiegels und bietet zus\u00e4tzlichen Stauraum, der zur Aufbewahrung von Kleinteilen wie Hautpflegeprodukten und Kosmetika genutzt werden kann.<\/p>\n\n\n\n<p><strong>Unterst\u00fctzung OEM\/ODM<\/strong>: Erscheinungsbild, Gr\u00f6\u00dfe, Farbe und Material k\u00f6nnen individuell angepasst werden, um einer Vielzahl von Wohnungstypen und Designstilen gerecht zu werden.<\/p>\n<\/div>\n\n\n\n<div class=\"wp-block-column is-layout-flow wp-block-column-is-layout-flow\"><div class=\"wp-block-image\">\n<figure class=\"aligncenter size-full\"><img decoding=\"async\" width=\"1986\" height=\"1986\" src=\"https:\/\/www.shouyasanitary.com\/wp-content\/uploads\/2025\/05\/Wholesale-Vanity-Bathrooms-PVC-Grey-Factory-Direct-Bathroom-Cabinet-with-Mirrors-1.webp\" alt=\"Gro\u00dfhandel Eitelkeit Badezimmer PVC grau, Factory Direct Badezimmerschrank mit Spiegeln (1)\" class=\"wp-image-1123\" style=\"object-fit:cover\" srcset=\"https:\/\/www.shouyasanitary.com\/wp-content\/uploads\/2025\/05\/Wholesale-Vanity-Bathrooms-PVC-Grey-Factory-Direct-Bathroom-Cabinet-with-Mirrors-1.webp 1986w, https:\/\/www.shouyasanitary.com\/wp-content\/uploads\/2025\/05\/Wholesale-Vanity-Bathrooms-PVC-Grey-Factory-Direct-Bathroom-Cabinet-with-Mirrors-1-300x300.webp 300w, https:\/\/www.shouyasanitary.com\/wp-content\/uploads\/2025\/05\/Wholesale-Vanity-Bathrooms-PVC-Grey-Factory-Direct-Bathroom-Cabinet-with-Mirrors-1-150x150.webp 150w, https:\/\/www.shouyasanitary.com\/wp-content\/uploads\/2025\/05\/Wholesale-Vanity-Bathrooms-PVC-Grey-Factory-Direct-Bathroom-Cabinet-with-Mirrors-1-768x768.webp 768w, https:\/\/www.shouyasanitary.com\/wp-content\/uploads\/2025\/05\/Wholesale-Vanity-Bathrooms-PVC-Grey-Factory-Direct-Bathroom-Cabinet-with-Mirrors-1-12x12.webp 12w, https:\/\/www.shouyasanitary.com\/wp-content\/uploads\/2025\/05\/Wholesale-Vanity-Bathrooms-PVC-Grey-Factory-Direct-Bathroom-Cabinet-with-Mirrors-1-1200x1200.webp 1200w, https:\/\/www.shouyasanitary.com\/wp-content\/uploads\/2025\/05\/Wholesale-Vanity-Bathrooms-PVC-Grey-Factory-Direct-Bathroom-Cabinet-with-Mirrors-1-600x600.webp 600w, https:\/\/www.shouyasanitary.com\/wp-content\/uploads\/2025\/05\/Wholesale-Vanity-Bathrooms-PVC-Grey-Factory-Direct-Bathroom-Cabinet-with-Mirrors-1-100x100.webp 100w\" sizes=\"(max-width: 1986px) 100vw, 1986px\" \/><\/figure>\n<\/div><\/div>\n<\/div>","protected":false},"excerpt":{"rendered":"<p>Willkommen im Gro\u00dfhandel Eitelkeit Bad, grau vertikale Muster Bad Schrank, schwimmende Design, mit einem Waschbecken und Spiegelschrank. Direkte Lieferung vom chinesischen Hersteller, Unterst\u00fctzung OEM\/ODM, und globalen Versand. Willkommen zu erkundigen heute!<\/p>\n<h2>Eitelkeit Badezimmer Attribute\uff1a<\/h2>\n<p><strong>Artikel Nr.: <\/strong>HR8806-90<strong><br \/>Material des Geh\u00e4uses:<\/strong> PVC<br \/><strong>Farbe des Geh\u00e4uses:\u00a0<\/strong>Grau<br \/><strong>Spiegel:<\/strong> LED-Spiegel (3,5 mm\/3,8 mm), dreifarbige Beleuchtung, One-Touch-Entfogging, gesichert mit mehrlagiger Schaumstoffverpackung<br \/><strong>Installationsart:<\/strong>\u00a0Wandbefestigung<br \/><strong>Abmessungen (L\u00d7B\u00d7H):<\/strong> 90*47*50 cm<br \/><strong>Bruttogewicht:<\/strong> 30kg\/Satz<\/p>\n<h2>Anpassung &amp; Dienstleistungen:<\/h2>\n<p><strong>OEM &amp; ODM<\/strong>: Unterst\u00fctzt<br \/><strong>Gestaltung<\/strong>: Frei<br \/><strong>Zubeh\u00f6r<\/strong>: Waschbecken, Spiegel, Armaturen und anderes Badzubeh\u00f6r<br \/><strong>Verpacken<\/strong>: Einbaufertig<\/p>","protected":false},"featured_media":1123,"comment_status":"closed","ping_status":"closed","template":"","meta":{"_acf_changed":false},"product_brand":[],"product_cat":[24],"product_tag":[],"class_list":{"0":"post-1121","1":"product","2":"type-product","3":"status-publish","4":"has-post-thumbnail","6":"product_cat-wholesale-pvc-bathroom-vanity-cabinets","8":"first","9":"instock","10":"shipping-taxable","11":"product-type-simple"},"acf":[],"_links":{"self":[{"href":"https:\/\/www.shouyasanitary.com\/de\/wp-json\/wp\/v2\/product\/1121","targetHints":{"allow":["GET"]}}],"collection":[{"href":"https:\/\/www.shouyasanitary.com\/de\/wp-json\/wp\/v2\/product"}],"about":[{"href":"https:\/\/www.shouyasanitary.com\/de\/wp-json\/wp\/v2\/types\/product"}],"replies":[{"embeddable":true,"href":"https:\/\/www.shouyasanitary.com\/de\/wp-json\/wp\/v2\/comments?post=1121"}],"wp:featuredmedia":[{"embeddable":true,"href":"https:\/\/www.shouyasanitary.com\/de\/wp-json\/wp\/v2\/media\/1123"}],"wp:attachment":[{"href":"https:\/\/www.shouyasanitary.com\/de\/wp-json\/wp\/v2\/media?parent=1121"}],"wp:term":[{"taxonomy":"product_brand","embeddable":true,"href":"https:\/\/www.shouyasanitary.com\/de\/wp-json\/wp\/v2\/product_brand?post=1121"},{"taxonomy":"product_cat","embeddable":true,"href":"https:\/\/www.shouyasanitary.com\/de\/wp-json\/wp\/v2\/product_cat?post=1121"},{"taxonomy":"product_tag","embeddable":true,"href":"https:\/\/www.shouyasanitary.com\/de\/wp-json\/wp\/v2\/product_tag?post=1121"}],"curies":[{"name":"wp","href":"https:\/\/api.w.org\/{rel}","templated":true}]}}