{"id":1125,"date":"2025-05-22T17:17:48","date_gmt":"2025-05-22T17:17:48","guid":{"rendered":"https:\/\/www.shouyasanitary.com\/?post_type=product&#038;p=1125"},"modified":"2025-05-22T17:17:53","modified_gmt":"2025-05-22T17:17:53","slug":"custom-vanity-for-bathroom","status":"publish","type":"product","link":"https:\/\/www.shouyasanitary.com\/de\/produkt\/custom-vanity-for-bathroom\/","title":{"rendered":"Benutzerdefinierte Eitelkeit f\u00fcr Badezimmer, Gro\u00dfhandel gelb PVC schwimmende Badezimmerschr\u00e4nke"},"content":{"rendered":"<div class=\"wp-block-columns is-layout-flex wp-container-core-columns-is-layout-9d6595d7 wp-block-columns-is-layout-flex\">\n<div class=\"wp-block-column is-layout-flow wp-block-column-is-layout-flow\">\n<h2 class=\"wp-block-heading\">Merkmale des Waschbeckens f\u00fcr das Badezimmer\uff1a<\/h2>\n\n\n\n<p><strong>Elegantes hellgelbes Aussehen:<\/strong> Der Badezimmerschrank ist elegant hellgelb, mit grifflosem Design, geeignet f\u00fcr eine Vielzahl von modischen, lebendigen und eleganten Stil Badezimmer R\u00e4ume abgestimmt.<\/p>\n\n\n\n<p><strong>Integration von LED-Spiegelschr\u00e4nken<\/strong>: Die Spiegelfl\u00e4che ist mit einer LED-Lichtleiste ausgestattet, und das Design des Touch-Switch am Rand sorgt f\u00fcr eine nat\u00fcrliche und komfortable Beleuchtung, die sowohl praktisch als auch sch\u00f6n ist.<\/p>\n\n\n\n<p><strong>Partitionierter Speicher<\/strong>: Mehrere Schubladen + Doppelt\u00fcr-Design, der obere Spiegelschrank und der untere Hauptschrank sind vern\u00fcnftig aufgeteilt, die flexibel Toilettenartikel speichern k\u00f6nnen, so dass das Bad ordentlicher und ordentlicher.<\/p>\n\n\n\n<p><strong>Hochwertiges PVC-Material:<\/strong> Der Schrankrahmen besteht aus hochwertigen PVC-Platten, die feuchtigkeitsbest\u00e4ndig behandelt sind. Es ist schwer zu verformen oder Risse nach langer Nutzung, und kann in feuchten Bedingungen verwendet werden.<\/p>\n\n\n\n<p><strong>Schwimmende Verlegung<\/strong>: Das schwebende Design l\u00e4sst auch den Boden frei, was f\u00fcr die t\u00e4gliche Reinigung des Bodens praktisch ist, sowohl in Bezug auf Funktionalit\u00e4t als auch auf Sch\u00f6nheit und kann in kleinen Wohnungen eingesetzt werden.<\/p>\n\n\n\n<p><strong>Unterst\u00fctzung der Anpassung<\/strong>: Ma\u00dfgeschneiderte Dienstleistungen f\u00fcr Gr\u00f6\u00dfe, Farbe, Material und Stil der Spiegelschrank-Lichtleisten, die f\u00fcr technische Projekte und individuelle Beschaffungsbed\u00fcrfnisse von Markeninhabern geeignet sind.<\/p>\n<\/div>\n\n\n\n<div class=\"wp-block-column is-layout-flow wp-block-column-is-layout-flow\"><div class=\"wp-block-image\">\n<figure class=\"aligncenter size-full\"><img decoding=\"async\" width=\"1000\" height=\"1000\" src=\"https:\/\/www.shouyasanitary.com\/wp-content\/uploads\/2025\/05\/Custom-Vanity-for-Bathroom-Wholesale-Floating-Bathroom-3.webp\" alt=\"Benutzerdefinierte Eitelkeit f\u00fcr Badezimmer Gro\u00dfhandel schwimmende Badezimmer (3)\" class=\"wp-image-1131\" style=\"object-fit:cover\" srcset=\"https:\/\/www.shouyasanitary.com\/wp-content\/uploads\/2025\/05\/Custom-Vanity-for-Bathroom-Wholesale-Floating-Bathroom-3.webp 1000w, https:\/\/www.shouyasanitary.com\/wp-content\/uploads\/2025\/05\/Custom-Vanity-for-Bathroom-Wholesale-Floating-Bathroom-3-300x300.webp 300w, https:\/\/www.shouyasanitary.com\/wp-content\/uploads\/2025\/05\/Custom-Vanity-for-Bathroom-Wholesale-Floating-Bathroom-3-150x150.webp 150w, https:\/\/www.shouyasanitary.com\/wp-content\/uploads\/2025\/05\/Custom-Vanity-for-Bathroom-Wholesale-Floating-Bathroom-3-768x768.webp 768w, https:\/\/www.shouyasanitary.com\/wp-content\/uploads\/2025\/05\/Custom-Vanity-for-Bathroom-Wholesale-Floating-Bathroom-3-12x12.webp 12w, https:\/\/www.shouyasanitary.com\/wp-content\/uploads\/2025\/05\/Custom-Vanity-for-Bathroom-Wholesale-Floating-Bathroom-3-600x600.webp 600w, https:\/\/www.shouyasanitary.com\/wp-content\/uploads\/2025\/05\/Custom-Vanity-for-Bathroom-Wholesale-Floating-Bathroom-3-100x100.webp 100w\" sizes=\"(max-width: 1000px) 100vw, 1000px\" \/><\/figure>\n<\/div><\/div>\n<\/div>","protected":false},"excerpt":{"rendered":"<p>Willkommen benutzerdefinierte Eitelkeit f\u00fcr das Bad, eine stilvolle Wand-Struktur, ist elegant und langlebig. Direkt von Shouya Badezimmerschrank Fabrik geliefert, bietet Waschbecken, Spiegelschr\u00e4nke, Bad-Accessoires, etc. F\u00fcr weitere kosteng\u00fcnstige L\u00f6sungen, kontaktieren Sie uns bitte!<\/p>\n<h2>Attribute des Waschtischs f\u00fcr das Badezimmer\uff1a<\/h2>\n<p><strong>Artikel Nr.:<\/strong>HR8815-90<strong><br \/>Material des Geh\u00e4uses:<\/strong> PVC<br \/><strong>Farbe des Geh\u00e4uses:<\/strong> Gelb<br \/><strong>Spiegel:<\/strong> LED-Spiegel (3,5 mm\/3,8 mm), dreifarbige Beleuchtung, One-Touch-Entfogging, gesichert mit mehrlagiger Schaumstoffverpackung<br \/><strong>Installationsart:<\/strong>\u00a0Wandbefestigung<br \/><strong>Abmessungen (L\u00d7B\u00d7H):<\/strong> 90*47,5*48,5 cm<br \/><strong>Bruttogewicht:<\/strong> 30kg\/Satz<\/p>\n<h2>Anpassung &amp; Dienstleistungen:<\/h2>\n<p><strong>OEM &amp; ODM<\/strong>: Unterst\u00fctzt<br \/><strong>Gestaltung<\/strong>: Frei<br \/><strong>Zubeh\u00f6r<\/strong>: Waschbecken, Spiegel, Armaturen und anderes Badzubeh\u00f6r<br \/><strong>Verpacken<\/strong>: Einbaufertig<\/p>","protected":false},"featured_media":1131,"comment_status":"closed","ping_status":"closed","template":"","meta":{"_acf_changed":false},"product_brand":[],"product_cat":[24],"product_tag":[],"class_list":{"0":"post-1125","1":"product","2":"type-product","3":"status-publish","4":"has-post-thumbnail","6":"product_cat-wholesale-pvc-bathroom-vanity-cabinets","8":"first","9":"instock","10":"shipping-taxable","11":"product-type-simple"},"acf":[],"_links":{"self":[{"href":"https:\/\/www.shouyasanitary.com\/de\/wp-json\/wp\/v2\/product\/1125","targetHints":{"allow":["GET"]}}],"collection":[{"href":"https:\/\/www.shouyasanitary.com\/de\/wp-json\/wp\/v2\/product"}],"about":[{"href":"https:\/\/www.shouyasanitary.com\/de\/wp-json\/wp\/v2\/types\/product"}],"replies":[{"embeddable":true,"href":"https:\/\/www.shouyasanitary.com\/de\/wp-json\/wp\/v2\/comments?post=1125"}],"wp:featuredmedia":[{"embeddable":true,"href":"https:\/\/www.shouyasanitary.com\/de\/wp-json\/wp\/v2\/media\/1131"}],"wp:attachment":[{"href":"https:\/\/www.shouyasanitary.com\/de\/wp-json\/wp\/v2\/media?parent=1125"}],"wp:term":[{"taxonomy":"product_brand","embeddable":true,"href":"https:\/\/www.shouyasanitary.com\/de\/wp-json\/wp\/v2\/product_brand?post=1125"},{"taxonomy":"product_cat","embeddable":true,"href":"https:\/\/www.shouyasanitary.com\/de\/wp-json\/wp\/v2\/product_cat?post=1125"},{"taxonomy":"product_tag","embeddable":true,"href":"https:\/\/www.shouyasanitary.com\/de\/wp-json\/wp\/v2\/product_tag?post=1125"}],"curies":[{"name":"wp","href":"https:\/\/api.w.org\/{rel}","templated":true}]}}