{"id":1133,"date":"2025-05-22T17:29:39","date_gmt":"2025-05-22T17:29:39","guid":{"rendered":"https:\/\/www.shouyasanitary.com\/?post_type=product&#038;p=1133"},"modified":"2025-05-22T17:29:45","modified_gmt":"2025-05-22T17:29:45","slug":"bathroom-cabinet-custom","status":"publish","type":"product","link":"https:\/\/www.shouyasanitary.com\/de\/produkt\/bathroom-cabinet-custom\/","title":{"rendered":"PVC-Badezimmerschrank Custom, schwimmender Badezimmerschrank mit Spiegel in Bulk"},"content":{"rendered":"<div class=\"wp-block-columns is-layout-flex wp-container-core-columns-is-layout-9d6595d7 wp-block-columns-is-layout-flex\">\n<div class=\"wp-block-column is-layout-flow wp-block-column-is-layout-flow\">\n<h2 class=\"wp-block-heading\">PVC-Badeschrank Merkmale:<\/h2>\n\n\n\n<p><strong>Erstklassiges PVC-Material: <\/strong>aus hochwertigem PVC-Material, wasserdicht und feuchtigkeitsbest\u00e4ndig, langlebig und leicht zu reinigen. Es ist mit einem Keramikbecken auf der Oberseite gepaart, das sowohl Sch\u00f6nheit als auch Zweckm\u00e4\u00dfigkeit vereint.<\/p>\n\n\n\n<p><strong>Modernes und schlichtes Aussehen<\/strong>: Mit einer hochgl\u00e4nzenden grauen, matten Platte, die optisch ruhiger und fortschrittlicher ist. Die glatten Linien sind f\u00fcr moderne urbane, minimalistische und leichte Luxus-Badezimmer geeignet.<\/p>\n\n\n\n<p><strong>Abgerundetes Geh\u00e4usedesign<\/strong>: Die Ecken des Schranks sind abgerundet, was optisch sanft ist und die Sicherheit bei der Benutzung verbessert und die Sicherheit der Benutzer sch\u00fctzt.<\/p>\n\n\n\n<p><strong>Kombination Spiegelschrank + Hauptschrank<\/strong>: Der obere Schrank ist mit einem Spiegelschrank ausgestattet, in dem Pflegeprodukte und Kosmetika aufbewahrt werden k\u00f6nnen; der untere Schrank hat zwei zu \u00f6ffnende T\u00fcren, in denen Badet\u00fccher und andere Toilettenartikel aufbewahrt werden k\u00f6nnen. <\/p>\n\n\n\n<p><strong>Spiegelschrank vertikale Lichtleiste<\/strong>: Die vertikale LED-Lichtleiste, die auf beiden Seiten des Spiegels eingebettet ist, ist eine gleichm\u00e4\u00dfigere vertikale Lichtquelle, die die Gesichtskonturen effektiv beleuchtet und die Benutzererfahrung verbessert.<\/p>\n\n\n\n<p><strong>Integrierter versteckter Griff<\/strong>: Die Schublade und die T\u00fcrverkleidung sind mit einem integrierten, versteckten Griff ausgestattet. Das Design ist sanft und sch\u00f6n und vermeidet hervorstehende Teile, was die Essenz des modernen Minimalismus widerspiegelt.<\/p>\n<\/div>\n\n\n\n<div class=\"wp-block-column is-layout-flow wp-block-column-is-layout-flow\"><div class=\"wp-block-image\">\n<figure class=\"aligncenter size-full\"><img decoding=\"async\" width=\"1000\" height=\"1000\" src=\"https:\/\/www.shouyasanitary.com\/wp-content\/uploads\/2025\/05\/Contemporary-Bathroom-Cabinet-Custom-PVC-Wall-Hung-Bathroom-Vanity-with-Mirror-Supplier-1.webp\" alt=\"Zeitgen\u00f6ssische Badezimmerschrank Custom, PVC Wall Hung Badezimmer Eitelkeit mit Spiegel Lieferant (1)\" class=\"wp-image-1134\" style=\"object-fit:cover\" srcset=\"https:\/\/www.shouyasanitary.com\/wp-content\/uploads\/2025\/05\/Contemporary-Bathroom-Cabinet-Custom-PVC-Wall-Hung-Bathroom-Vanity-with-Mirror-Supplier-1.webp 1000w, https:\/\/www.shouyasanitary.com\/wp-content\/uploads\/2025\/05\/Contemporary-Bathroom-Cabinet-Custom-PVC-Wall-Hung-Bathroom-Vanity-with-Mirror-Supplier-1-300x300.webp 300w, https:\/\/www.shouyasanitary.com\/wp-content\/uploads\/2025\/05\/Contemporary-Bathroom-Cabinet-Custom-PVC-Wall-Hung-Bathroom-Vanity-with-Mirror-Supplier-1-150x150.webp 150w, https:\/\/www.shouyasanitary.com\/wp-content\/uploads\/2025\/05\/Contemporary-Bathroom-Cabinet-Custom-PVC-Wall-Hung-Bathroom-Vanity-with-Mirror-Supplier-1-768x768.webp 768w, https:\/\/www.shouyasanitary.com\/wp-content\/uploads\/2025\/05\/Contemporary-Bathroom-Cabinet-Custom-PVC-Wall-Hung-Bathroom-Vanity-with-Mirror-Supplier-1-12x12.webp 12w, https:\/\/www.shouyasanitary.com\/wp-content\/uploads\/2025\/05\/Contemporary-Bathroom-Cabinet-Custom-PVC-Wall-Hung-Bathroom-Vanity-with-Mirror-Supplier-1-600x600.webp 600w, https:\/\/www.shouyasanitary.com\/wp-content\/uploads\/2025\/05\/Contemporary-Bathroom-Cabinet-Custom-PVC-Wall-Hung-Bathroom-Vanity-with-Mirror-Supplier-1-100x100.webp 100w\" sizes=\"(max-width: 1000px) 100vw, 1000px\" \/><\/figure>\n<\/div><\/div>\n<\/div>","protected":false},"excerpt":{"rendered":"<p>Hochwertige, stilvolle Badezimmerschr\u00e4nke nach Ma\u00df mit Keramikbecken und LED-Spiegeln, abgerundete Ecken, geeignet f\u00fcr jeden Badezimmerbereich. Bulk semi-custom Lager, OEM \/ ODM-Service, komplette Palette von Bad-Accessoires. Willkommen bei uns f\u00fcr Gro\u00dfhandel L\u00f6sungen zu kontaktieren!<\/p>\n<h2>PVC-Badezimmerschrank Attribute\uff1a<\/h2>\n<p><strong>Artikel Nr.:<\/strong>HR8812-80<strong><br \/>Material des Geh\u00e4uses:<\/strong> PVC<br \/><strong>Farbe des Geh\u00e4uses: <\/strong> Hellgrau<br \/><strong>Spiegel:<\/strong> LED-Spiegel (3,5 mm\/3,8 mm), dreifarbige Beleuchtung, One-Touch-Entfogging, gesichert mit mehrlagiger Schaumstoffverpackung<br \/><strong>Installationsart:<\/strong>\u00a0Wandbefestigung<br \/><strong>Abmessungen (L\u00d7B\u00d7H):<\/strong> 80*47*50cm<br \/><strong>Bruttogewicht:<\/strong> 28kg\/Satz<\/p>\n<h2>Anpassung &amp; Dienstleistungen:<\/h2>\n<p><strong>OEM &amp; ODM<\/strong>: Unterst\u00fctzt<br \/><strong>Gestaltung<\/strong>: Frei<br \/><strong>Zubeh\u00f6r<\/strong>: Waschbecken, Spiegel, Armaturen und anderes Badzubeh\u00f6r<br \/><strong>Verpacken<\/strong>: Einbaufertig<\/p>","protected":false},"featured_media":1134,"comment_status":"closed","ping_status":"closed","template":"","meta":{"_acf_changed":false},"product_brand":[],"product_cat":[24],"product_tag":[],"class_list":{"0":"post-1133","1":"product","2":"type-product","3":"status-publish","4":"has-post-thumbnail","6":"product_cat-wholesale-pvc-bathroom-vanity-cabinets","8":"first","9":"instock","10":"shipping-taxable","11":"product-type-simple"},"acf":[],"_links":{"self":[{"href":"https:\/\/www.shouyasanitary.com\/de\/wp-json\/wp\/v2\/product\/1133","targetHints":{"allow":["GET"]}}],"collection":[{"href":"https:\/\/www.shouyasanitary.com\/de\/wp-json\/wp\/v2\/product"}],"about":[{"href":"https:\/\/www.shouyasanitary.com\/de\/wp-json\/wp\/v2\/types\/product"}],"replies":[{"embeddable":true,"href":"https:\/\/www.shouyasanitary.com\/de\/wp-json\/wp\/v2\/comments?post=1133"}],"wp:featuredmedia":[{"embeddable":true,"href":"https:\/\/www.shouyasanitary.com\/de\/wp-json\/wp\/v2\/media\/1134"}],"wp:attachment":[{"href":"https:\/\/www.shouyasanitary.com\/de\/wp-json\/wp\/v2\/media?parent=1133"}],"wp:term":[{"taxonomy":"product_brand","embeddable":true,"href":"https:\/\/www.shouyasanitary.com\/de\/wp-json\/wp\/v2\/product_brand?post=1133"},{"taxonomy":"product_cat","embeddable":true,"href":"https:\/\/www.shouyasanitary.com\/de\/wp-json\/wp\/v2\/product_cat?post=1133"},{"taxonomy":"product_tag","embeddable":true,"href":"https:\/\/www.shouyasanitary.com\/de\/wp-json\/wp\/v2\/product_tag?post=1133"}],"curies":[{"name":"wp","href":"https:\/\/api.w.org\/{rel}","templated":true}]}}