{"id":1149,"date":"2025-05-22T17:42:09","date_gmt":"2025-05-22T17:42:09","guid":{"rendered":"https:\/\/www.shouyasanitary.com\/?post_type=product&#038;p=1149"},"modified":"2025-05-22T17:42:16","modified_gmt":"2025-05-22T17:42:16","slug":"custom-bathroom-cabinet","status":"publish","type":"product","link":"https:\/\/www.shouyasanitary.com\/de\/produkt\/custom-bathroom-cabinet\/","title":{"rendered":"Benutzerdefinierte Badezimmerschrank Khaki mit Waschbecken Spiegel Schrank in Bulk"},"content":{"rendered":"<div class=\"wp-block-columns is-layout-flex wp-container-core-columns-is-layout-9d6595d7 wp-block-columns-is-layout-flex\">\n<div class=\"wp-block-column is-layout-flow wp-block-column-is-layout-flow\">\n<h2 class=\"wp-block-heading\">Eigenschaften des Badezimmerschranks:<\/h2>\n\n\n\n<p><strong>Elegantes Khaki<\/strong>: Der sanfte Khaki-Ton vereint W\u00e4rme und Luxus und f\u00fcgt sich m\u00fchelos in das moderne Badezimmer ein, um eine komfortable und ruhige Waschatmosph\u00e4re zu schaffen.<\/p>\n\n\n\n<p><strong>Hochwertiges Sperrholz<\/strong> <strong>Material<\/strong>: Der Korpus des Badezimmerschranks ist aus hochwertigem Sperrholz gefertigt, das sich durch eine hervorragende Feuchtigkeitsbest\u00e4ndigkeit und strukturelle Stabilit\u00e4t auszeichnet.<\/p>\n\n\n\n<p><strong>Wandmontierte Ausf\u00fchrung<\/strong>: Die schwebende Struktur macht das Bad transparenter und pflegeleichter und bietet eine praktische Aufbewahrungsl\u00f6sung f\u00fcr B\u00e4der mit wenig Platz.<\/p>\n\n\n\n<p><strong>Integrierte Keramiksp\u00fcle<\/strong>: Das Waschbecken und die Arbeitsplatte sind aus einem St\u00fcck geformt, mit einer glatten und zarten Oberfl\u00e4che, bewuchshemmend und leicht zu reinigen, praktisch und sch\u00f6n zugleich.<\/p>\n\n\n\n<p><strong>Lichtleiste umgibt Spiegelschrank:<\/strong> Der obere Spiegelschrank kombiniert eine versteckte und offene Gitterstruktur mit einer LED-Lichtleiste, sch\u00f6n und praktisch, einfach zu klassifizieren und zu speichern t\u00e4glichen Notwendigkeiten, und zeigt Wasch-und Beauty-Produkte zur gleichen Zeit.<\/p>\n\n\n\n<p><strong>Bogenform des Rahmens<\/strong>: Die T\u00fcrverkleidung des Badezimmerschranks hat eine abgerundete Kante, um das Kollisionsrisiko zu verringern, was humaner ist und die handwerklichen Details und die visuelle Sch\u00f6nheit widerspiegelt.<\/p>\n\n\n\n<p><strong>Unterst\u00fctzung OEM\/ODM<\/strong>: Ob Gr\u00f6\u00dfe, Farbe, Material, Konfiguration oder Logo, wir k\u00f6nnen sie je nach Kundenwunsch anpassen, um die Anforderungen an Markenbildung und Projektpersonalisierung zu erf\u00fcllen.<\/p>\n<\/div>\n\n\n\n<div class=\"wp-block-column is-layout-flow wp-block-column-is-layout-flow\"><div class=\"wp-block-image\">\n<figure class=\"aligncenter size-full\"><img decoding=\"async\" width=\"800\" height=\"800\" src=\"https:\/\/www.shouyasanitary.com\/wp-content\/uploads\/2025\/05\/Custom-Bathroom-Cabinet-Khaki-Luxury-Bathroom-Mirror-Cabinet-in-Bulk.webp\" alt=\"Kundenspezifischer Badezimmerschrank Khaki, Luxus-Badezimmer-Spiegelschrank in Bulk\" class=\"wp-image-1150\" style=\"object-fit:cover\" srcset=\"https:\/\/www.shouyasanitary.com\/wp-content\/uploads\/2025\/05\/Custom-Bathroom-Cabinet-Khaki-Luxury-Bathroom-Mirror-Cabinet-in-Bulk.webp 800w, https:\/\/www.shouyasanitary.com\/wp-content\/uploads\/2025\/05\/Custom-Bathroom-Cabinet-Khaki-Luxury-Bathroom-Mirror-Cabinet-in-Bulk-300x300.webp 300w, https:\/\/www.shouyasanitary.com\/wp-content\/uploads\/2025\/05\/Custom-Bathroom-Cabinet-Khaki-Luxury-Bathroom-Mirror-Cabinet-in-Bulk-150x150.webp 150w, https:\/\/www.shouyasanitary.com\/wp-content\/uploads\/2025\/05\/Custom-Bathroom-Cabinet-Khaki-Luxury-Bathroom-Mirror-Cabinet-in-Bulk-768x768.webp 768w, https:\/\/www.shouyasanitary.com\/wp-content\/uploads\/2025\/05\/Custom-Bathroom-Cabinet-Khaki-Luxury-Bathroom-Mirror-Cabinet-in-Bulk-12x12.webp 12w, https:\/\/www.shouyasanitary.com\/wp-content\/uploads\/2025\/05\/Custom-Bathroom-Cabinet-Khaki-Luxury-Bathroom-Mirror-Cabinet-in-Bulk-600x600.webp 600w, https:\/\/www.shouyasanitary.com\/wp-content\/uploads\/2025\/05\/Custom-Bathroom-Cabinet-Khaki-Luxury-Bathroom-Mirror-Cabinet-in-Bulk-100x100.webp 100w\" sizes=\"(max-width: 800px) 100vw, 800px\" \/><\/figure>\n<\/div><\/div>\n<\/div>","protected":false},"excerpt":{"rendered":"<p>Willkommen in der benutzerdefinierten Bad Schrank, mit Spiegel Schr\u00e4nke und Waschbecken, elegant und sch\u00f6n. Unterst\u00fctzung OEM\/ODM, Gro\u00dfhandelspreis, und schnelle Lieferung. Holen Sie sich ein Angebot jetzt!<\/p>\n<h2>Eigenschaften des Badezimmerschranks\uff1a<\/h2>\n<p><strong>Artikel Nr.:<\/strong>CP8823-80<strong><br \/>Material des Geh\u00e4uses<\/strong>: Sperrholz<br \/><strong>Farbe des Geh\u00e4uses:<\/strong> Khaki<br \/><strong>Spiegel:<\/strong> LED-Spiegel (3,5 mm \/ 3,8 mm), dreifarbige Beleuchtung, One-Touch-Enteisung, gesichert mit mehrlagiger Schaumstoffverpackung<br \/><strong>Installationsart:<\/strong> Wandbefestigung<br \/><strong>Abmessungen (L \u00d7 B \u00d7 H):<\/strong> 79*43*50 cm<br \/><strong>Bruttogewicht:<\/strong> 35kg\/Satz<\/p>\n<h2>Anpassung &amp; Dienstleistungen:<\/h2>\n<p><strong>OEM &amp; ODM<\/strong>: Unterst\u00fctzt<br \/><strong>Gestaltung<\/strong>: Frei<br \/><strong>Zubeh\u00f6r<\/strong>: Waschbecken, Spiegel, Armaturen und anderes Badzubeh\u00f6r<br \/><strong>Verpacken<\/strong>: Einbaufertig<\/p>","protected":false},"featured_media":1150,"comment_status":"closed","ping_status":"closed","template":"","meta":{"_acf_changed":false},"product_brand":[],"product_cat":[20],"product_tag":[],"class_list":{"0":"post-1149","1":"product","2":"type-product","3":"status-publish","4":"has-post-thumbnail","6":"product_cat-wholesale-plywood-bathroom-vanity-cabinets","8":"first","9":"instock","10":"shipping-taxable","11":"product-type-simple"},"acf":[],"_links":{"self":[{"href":"https:\/\/www.shouyasanitary.com\/de\/wp-json\/wp\/v2\/product\/1149","targetHints":{"allow":["GET"]}}],"collection":[{"href":"https:\/\/www.shouyasanitary.com\/de\/wp-json\/wp\/v2\/product"}],"about":[{"href":"https:\/\/www.shouyasanitary.com\/de\/wp-json\/wp\/v2\/types\/product"}],"replies":[{"embeddable":true,"href":"https:\/\/www.shouyasanitary.com\/de\/wp-json\/wp\/v2\/comments?post=1149"}],"wp:featuredmedia":[{"embeddable":true,"href":"https:\/\/www.shouyasanitary.com\/de\/wp-json\/wp\/v2\/media\/1150"}],"wp:attachment":[{"href":"https:\/\/www.shouyasanitary.com\/de\/wp-json\/wp\/v2\/media?parent=1149"}],"wp:term":[{"taxonomy":"product_brand","embeddable":true,"href":"https:\/\/www.shouyasanitary.com\/de\/wp-json\/wp\/v2\/product_brand?post=1149"},{"taxonomy":"product_cat","embeddable":true,"href":"https:\/\/www.shouyasanitary.com\/de\/wp-json\/wp\/v2\/product_cat?post=1149"},{"taxonomy":"product_tag","embeddable":true,"href":"https:\/\/www.shouyasanitary.com\/de\/wp-json\/wp\/v2\/product_tag?post=1149"}],"curies":[{"name":"wp","href":"https:\/\/api.w.org\/{rel}","templated":true}]}}