{"id":1153,"date":"2025-05-22T17:56:24","date_gmt":"2025-05-22T17:56:24","guid":{"rendered":"https:\/\/www.shouyasanitary.com\/?post_type=product&#038;p=1153"},"modified":"2025-05-22T17:56:30","modified_gmt":"2025-05-22T17:56:30","slug":"bathroom-custom-cabinets","status":"publish","type":"product","link":"https:\/\/www.shouyasanitary.com\/de\/produkt\/bathroom-custom-cabinets\/","title":{"rendered":"Bad benutzerdefinierte Schr\u00e4nke mit runden Spiegel, Gro\u00dfhandel schwimmenden Badezimmer Eitelkeit"},"content":{"rendered":"<div class=\"wp-block-columns is-layout-flex wp-container-core-columns-is-layout-9d6595d7 wp-block-columns-is-layout-flex\">\n<div class=\"wp-block-column is-layout-flow wp-block-column-is-layout-flow\">\n<h2 class=\"wp-block-heading\">Badezimmer Custom Cabinets Eigenschaften:<\/h2>\n\n\n\n<p><strong>Runder intelligenter Spiegel<\/strong>Der Spiegel ist mit einem luxuri\u00f6sen, runden Spiegel und einer intelligenten, zweifach gesteuerten Beschlagsfunktion ausgestattet, die die Kondensation von Wasserdampf verhindert und die Sauberkeit des Spiegels aufrechterh\u00e4lt, was den t\u00e4glichen Gebrauch erleichtert.<\/p>\n\n\n\n<p><strong>Spiegel-Lichtleisten-Design<\/strong>: Sie wird von einer Lichtleiste begleitet, die nicht nur die Atmosph\u00e4re des Badezimmers bereichert, sondern auch f\u00fcr eine sanfte Beleuchtung sorgt, den t\u00e4glichen Beleuchtungsbedarf deckt und die \u00c4sthetik des Raums optimiert.<\/p>\n\n\n\n<p><strong>Badezimmerschrank aus Sperrholz<\/strong>: Hergestellt aus hochwertigem Sperrholz, mit einer steifen Struktur und guten feuchtigkeitsabweisenden Eigenschaften, ist es besonders f\u00fcr feuchte Badezimmer geeignet.<\/p>\n\n\n\n<p><strong>Kombination aus Schublade und Schrankt\u00fcr<\/strong>: Der Hauptschrank ist einfach gehalten, mit einer Kombination aus Schubladen und Schrankt\u00fcren, einer rationellen Aufteilung, und erf\u00fcllt die Anforderungen an die Aufbewahrung der verschiedenen Gegenst\u00e4nde.<\/p>\n\n\n\n<p><strong>Feine Seitenschr\u00e4nke verf\u00fcgen \u00fcber intelligente Induktionsleuchten: <\/strong>Die Seitenschr\u00e4nke sind mit Induktionsleuchten ausgestattet, die sich automatisch einschalten, wenn sich Personen in der Nacht n\u00e4hern, und bieten so mehr Komfort und Sicherheit bei der Benutzung.<\/p>\n\n\n\n<p><strong>Ein paar Kombinationen von Gr\u00f6\u00dfen<\/strong>: Der Spiegelschrank hat eine Gr\u00f6\u00dfe von 900\u00d7680\u00d7150mm und der Hauptschrank eine Gr\u00f6\u00dfe von 1000\u00d7500\u00d7450mm. Er eignet sich f\u00fcr die meisten Arten von Badezimmer-Layouts und erf\u00fcllt die doppelten Anforderungen an Stauraum und Sch\u00f6nheit f\u00fcr verschiedene Badezimmer.<\/p>\n\n\n\n<p><strong>Direktlieferung ab Werk<\/strong>: Shouya Fabrik Gro\u00dfhandel, um sicherzustellen, dass die Kunden mehr kosteng\u00fcnstige Bad Eitelkeiten L\u00f6sungen und eine langfristige, stabile Versorgung erhalten.<\/p>\n<\/div>\n\n\n\n<div class=\"wp-block-column is-layout-flow wp-block-column-is-layout-flow\"><div class=\"wp-block-image\">\n<figure class=\"aligncenter size-full\"><img decoding=\"async\" width=\"800\" height=\"800\" src=\"https:\/\/www.shouyasanitary.com\/wp-content\/uploads\/2025\/05\/Bathroom-Custom-Cabinets-Wholesale-Floating-Bathroom-Vanity-Mirror.webp\" alt=\"Bad benutzerdefinierte Schr\u00e4nke, Gro\u00dfhandel schwimmende Badezimmer Eitelkeit Spiegel\" class=\"wp-image-1154\" style=\"object-fit:cover\" srcset=\"https:\/\/www.shouyasanitary.com\/wp-content\/uploads\/2025\/05\/Bathroom-Custom-Cabinets-Wholesale-Floating-Bathroom-Vanity-Mirror.webp 800w, https:\/\/www.shouyasanitary.com\/wp-content\/uploads\/2025\/05\/Bathroom-Custom-Cabinets-Wholesale-Floating-Bathroom-Vanity-Mirror-300x300.webp 300w, https:\/\/www.shouyasanitary.com\/wp-content\/uploads\/2025\/05\/Bathroom-Custom-Cabinets-Wholesale-Floating-Bathroom-Vanity-Mirror-150x150.webp 150w, https:\/\/www.shouyasanitary.com\/wp-content\/uploads\/2025\/05\/Bathroom-Custom-Cabinets-Wholesale-Floating-Bathroom-Vanity-Mirror-768x768.webp 768w, https:\/\/www.shouyasanitary.com\/wp-content\/uploads\/2025\/05\/Bathroom-Custom-Cabinets-Wholesale-Floating-Bathroom-Vanity-Mirror-12x12.webp 12w, https:\/\/www.shouyasanitary.com\/wp-content\/uploads\/2025\/05\/Bathroom-Custom-Cabinets-Wholesale-Floating-Bathroom-Vanity-Mirror-600x600.webp 600w, https:\/\/www.shouyasanitary.com\/wp-content\/uploads\/2025\/05\/Bathroom-Custom-Cabinets-Wholesale-Floating-Bathroom-Vanity-Mirror-100x100.webp 100w\" sizes=\"(max-width: 800px) 100vw, 800px\" \/><\/figure>\n<\/div><\/div>\n<\/div>","protected":false},"excerpt":{"rendered":"<p>Dieses Bad benutzerdefinierte Schrank mit einem intelligenten LED runden Spiegel, moderne wei\u00dfe Schrank-Design, ist praktisch und sch\u00f6n. Unterst\u00fctzt kundenspezifische Logo, Verpackung, etc. Willkommen bei uns heute zu konsultieren, um Gro\u00dfhandelspreise zu erhalten.<\/p>\n<h2>Badezimmer Schr\u00e4nke Attribute\uff1a<\/h2>\n<p><strong>Artikel Nr.:<\/strong>CP8822-100<strong><br \/>Material des Geh\u00e4uses:<\/strong> Sperrholz<br \/><strong>Farbe des Geh\u00e4uses:<\/strong> Weiches Grau<br \/><strong>Spiegel:<\/strong>\u00a0LED-Spiegel (3,5 mm \/ 3,8 mm), dreifarbige Beleuchtung, One-Touch-Enteisung, gesichert mit mehrlagiger Schaumstoffverpackung<br \/><strong>Installationsart:<\/strong>\u00a0Wandbefestigung<br \/><strong>Abmessungen (L \u00d7 B \u00d7 H):<\/strong> 100*50*45 cm<br \/><strong>Bruttogewicht:<\/strong> 36kg\/Satz<\/p>\n<h2>Anpassung &amp; Dienstleistungen:<\/h2>\n<p><strong>OEM &amp; ODM<\/strong>: Unterst\u00fctzt<br \/><strong>Gestaltung<\/strong>: Frei<br \/><strong>Zubeh\u00f6r<\/strong>: Waschbecken, Spiegel, Armaturen und anderes Badzubeh\u00f6r<br \/><strong>Verpacken<\/strong>: Einbaufertig<\/p>","protected":false},"featured_media":1154,"comment_status":"closed","ping_status":"closed","template":"","meta":{"_acf_changed":false},"product_brand":[],"product_cat":[20],"product_tag":[],"class_list":{"0":"post-1153","1":"product","2":"type-product","3":"status-publish","4":"has-post-thumbnail","6":"product_cat-wholesale-plywood-bathroom-vanity-cabinets","8":"first","9":"instock","10":"shipping-taxable","11":"product-type-simple"},"acf":[],"_links":{"self":[{"href":"https:\/\/www.shouyasanitary.com\/de\/wp-json\/wp\/v2\/product\/1153","targetHints":{"allow":["GET"]}}],"collection":[{"href":"https:\/\/www.shouyasanitary.com\/de\/wp-json\/wp\/v2\/product"}],"about":[{"href":"https:\/\/www.shouyasanitary.com\/de\/wp-json\/wp\/v2\/types\/product"}],"replies":[{"embeddable":true,"href":"https:\/\/www.shouyasanitary.com\/de\/wp-json\/wp\/v2\/comments?post=1153"}],"wp:featuredmedia":[{"embeddable":true,"href":"https:\/\/www.shouyasanitary.com\/de\/wp-json\/wp\/v2\/media\/1154"}],"wp:attachment":[{"href":"https:\/\/www.shouyasanitary.com\/de\/wp-json\/wp\/v2\/media?parent=1153"}],"wp:term":[{"taxonomy":"product_brand","embeddable":true,"href":"https:\/\/www.shouyasanitary.com\/de\/wp-json\/wp\/v2\/product_brand?post=1153"},{"taxonomy":"product_cat","embeddable":true,"href":"https:\/\/www.shouyasanitary.com\/de\/wp-json\/wp\/v2\/product_cat?post=1153"},{"taxonomy":"product_tag","embeddable":true,"href":"https:\/\/www.shouyasanitary.com\/de\/wp-json\/wp\/v2\/product_tag?post=1153"}],"curies":[{"name":"wp","href":"https:\/\/api.w.org\/{rel}","templated":true}]}}