{"id":1158,"date":"2025-05-22T18:08:20","date_gmt":"2025-05-22T18:08:20","guid":{"rendered":"https:\/\/www.shouyasanitary.com\/?post_type=product&#038;p=1158"},"modified":"2025-05-22T18:08:26","modified_gmt":"2025-05-22T18:08:26","slug":"custom-cabinets-for-bathroom","status":"publish","type":"product","link":"https:\/\/www.shouyasanitary.com\/de\/produkt\/custom-cabinets-for-bathroom\/","title":{"rendered":"Benutzerdefinierte Schr\u00e4nke f\u00fcr Badezimmer, moderne Sperrholz Badezimmer Eitelkeit Gro\u00dfhandel"},"content":{"rendered":"<div class=\"wp-block-columns is-layout-flex wp-container-core-columns-is-layout-9d6595d7 wp-block-columns-is-layout-flex\">\n<div class=\"wp-block-column is-layout-flow wp-block-column-is-layout-flow\">\n<h2 class=\"wp-block-heading\">Eigenschaften von Schr\u00e4nken f\u00fcr das Badezimmer:<\/h2>\n\n\n\n<p><strong>Einfaches und modernes Design<\/strong>: Die Gesamtfarbe ist hellgelb-grau, mit schwarzen Metallrahmen und goldenen Ornamenten, die eine ruhige und luxuri\u00f6se Textur offenbaren.<\/p>\n\n\n\n<p><strong>Spiegelschrank kontrastierendes Design<\/strong>: Der Spiegelschrank ist ein dunkles, offenes Staufach, das die Farbgestaltung des Hauptschranks aufgreift und dem Raum einen Hauch von Raffinesse verleiht.<\/p>\n\n\n\n<p><strong>Hochwertiges Sperrholz<\/strong>: Hergestellt aus Sperrholz, feine Oberfl\u00e4chenbehandlung, nat\u00fcrliche Textur, hochwertiges Aussehen, gute feuchtigkeitsdichte Leistung, langlebig, praktisch und sch\u00f6n.<\/p>\n\n\n\n<p><strong>Spiegelschrank mit umlaufender Lichtleiste<\/strong>: Der Spiegelschrank ist mit einem sanften Lichtapparat ausgestattet, der ausreichend Licht spendet, bequem f\u00fcr die t\u00e4gliche Pflege ist und zudem eine warme Atmosph\u00e4re schafft.<\/p>\n\n\n\n<p><strong>Rahmen f\u00fcr Wandmontage<\/strong>: Das schwimmende Design spart Platz am Boden und l\u00e4sst das Bad ger\u00e4umiger erscheinen. Au\u00dferdem ist es bequem, den Boden zu reinigen und tote Winkel im Sanit\u00e4rbereich zu reduzieren.<\/p>\n\n\n\n<p><strong>Unterst\u00fctzung der Gro\u00dfhandelsanpassung<\/strong>: Erh\u00e4ltlich in einer Vielzahl von Gr\u00f6\u00dfen, Farben und Ausf\u00fchrungen f\u00fcr Marken- und Designflexibilit\u00e4t.<\/p>\n<\/div>\n\n\n\n<div class=\"wp-block-column is-layout-flow wp-block-column-is-layout-flow\"><div class=\"wp-block-image\">\n<figure class=\"aligncenter size-full\"><img decoding=\"async\" width=\"800\" height=\"800\" src=\"https:\/\/www.shouyasanitary.com\/wp-content\/uploads\/2025\/05\/Custom-Cabinets-for-Bathroom-Modern-Plywood-Bathroom-Vanity.webp\" alt=\"Benutzerdefinierte Schr\u00e4nke f\u00fcr Badezimmer, moderne Sperrholz Badezimmer Eitelkeit\" class=\"wp-image-1161\" style=\"object-fit:cover\" srcset=\"https:\/\/www.shouyasanitary.com\/wp-content\/uploads\/2025\/05\/Custom-Cabinets-for-Bathroom-Modern-Plywood-Bathroom-Vanity.webp 800w, https:\/\/www.shouyasanitary.com\/wp-content\/uploads\/2025\/05\/Custom-Cabinets-for-Bathroom-Modern-Plywood-Bathroom-Vanity-300x300.webp 300w, https:\/\/www.shouyasanitary.com\/wp-content\/uploads\/2025\/05\/Custom-Cabinets-for-Bathroom-Modern-Plywood-Bathroom-Vanity-150x150.webp 150w, https:\/\/www.shouyasanitary.com\/wp-content\/uploads\/2025\/05\/Custom-Cabinets-for-Bathroom-Modern-Plywood-Bathroom-Vanity-768x768.webp 768w, https:\/\/www.shouyasanitary.com\/wp-content\/uploads\/2025\/05\/Custom-Cabinets-for-Bathroom-Modern-Plywood-Bathroom-Vanity-12x12.webp 12w, https:\/\/www.shouyasanitary.com\/wp-content\/uploads\/2025\/05\/Custom-Cabinets-for-Bathroom-Modern-Plywood-Bathroom-Vanity-600x600.webp 600w, https:\/\/www.shouyasanitary.com\/wp-content\/uploads\/2025\/05\/Custom-Cabinets-for-Bathroom-Modern-Plywood-Bathroom-Vanity-100x100.webp 100w\" sizes=\"(max-width: 800px) 100vw, 800px\" \/><\/figure>\n<\/div><\/div>\n<\/div>","protected":false},"excerpt":{"rendered":"<p>Ma\u00dfgeschneiderte Schr\u00e4nke f\u00fcr das Badezimmer sind luxuri\u00f6s und stilvoll und k\u00f6nnen mit einem LED-Spiegelschrank, Waschbecken und Badezimmerzubeh\u00f6r kombiniert werden. Unterst\u00fctzung der Massenanpassung, Fabrikpreis. Kontaktieren Sie uns f\u00fcr Gro\u00dfhandel L\u00f6sungen!<\/p>\n<h2>Schr\u00e4nke f\u00fcr Badezimmer Attribute\uff1a<\/h2>\n<p><strong>Artikel Nr.:<\/strong>CP8819-80<strong><br \/>Material des Geh\u00e4uses:<\/strong>\u00a0Sperrholz<br \/><strong>Farbe des Geh\u00e4uses:<\/strong> Gelb-grau<br \/><strong>Spiegel:<\/strong> LED-Spiegel (3,5 mm\/3,8 mm), dreifarbige Beleuchtung, One-Touch-Entfogging, gesichert mit mehrlagiger Schaumstoffverpackung<br \/><strong>Installationsart:<\/strong>\u00a0Wandbefestigung<br \/><strong>Abmessungen (L\u00d7B\u00d7H):<\/strong> 80x50x50 cm<br \/><strong>Bruttogewicht:<\/strong> 35kg\/Satz<\/p>\n<h2>Anpassung &amp; Dienstleistungen:<\/h2>\n<p><strong>OEM &amp; ODM<\/strong>: Unterst\u00fctzt<br \/><strong>Gestaltung<\/strong>: Frei<br \/><strong>Zubeh\u00f6r<\/strong>: Waschbecken, Spiegel, Armaturen und anderes Badzubeh\u00f6r<br \/><strong>Verpacken<\/strong>: Einbaufertig<\/p>","protected":false},"featured_media":1161,"comment_status":"closed","ping_status":"closed","template":"","meta":{"_acf_changed":false},"product_brand":[],"product_cat":[20],"product_tag":[],"class_list":{"0":"post-1158","1":"product","2":"type-product","3":"status-publish","4":"has-post-thumbnail","6":"product_cat-wholesale-plywood-bathroom-vanity-cabinets","8":"first","9":"instock","10":"shipping-taxable","11":"product-type-simple"},"acf":[],"_links":{"self":[{"href":"https:\/\/www.shouyasanitary.com\/de\/wp-json\/wp\/v2\/product\/1158","targetHints":{"allow":["GET"]}}],"collection":[{"href":"https:\/\/www.shouyasanitary.com\/de\/wp-json\/wp\/v2\/product"}],"about":[{"href":"https:\/\/www.shouyasanitary.com\/de\/wp-json\/wp\/v2\/types\/product"}],"replies":[{"embeddable":true,"href":"https:\/\/www.shouyasanitary.com\/de\/wp-json\/wp\/v2\/comments?post=1158"}],"wp:featuredmedia":[{"embeddable":true,"href":"https:\/\/www.shouyasanitary.com\/de\/wp-json\/wp\/v2\/media\/1161"}],"wp:attachment":[{"href":"https:\/\/www.shouyasanitary.com\/de\/wp-json\/wp\/v2\/media?parent=1158"}],"wp:term":[{"taxonomy":"product_brand","embeddable":true,"href":"https:\/\/www.shouyasanitary.com\/de\/wp-json\/wp\/v2\/product_brand?post=1158"},{"taxonomy":"product_cat","embeddable":true,"href":"https:\/\/www.shouyasanitary.com\/de\/wp-json\/wp\/v2\/product_cat?post=1158"},{"taxonomy":"product_tag","embeddable":true,"href":"https:\/\/www.shouyasanitary.com\/de\/wp-json\/wp\/v2\/product_tag?post=1158"}],"curies":[{"name":"wp","href":"https:\/\/api.w.org\/{rel}","templated":true}]}}