{"id":1164,"date":"2025-05-22T18:16:06","date_gmt":"2025-05-22T18:16:06","guid":{"rendered":"https:\/\/www.shouyasanitary.com\/?post_type=product&#038;p=1164"},"modified":"2025-05-22T18:16:13","modified_gmt":"2025-05-22T18:16:13","slug":"wholesale-bathroom-vanity-with-sink","status":"publish","type":"product","link":"https:\/\/www.shouyasanitary.com\/de\/produkt\/wholesale-bathroom-vanity-with-sink\/","title":{"rendered":"Gro\u00dfhandel Badezimmer Eitelkeit mit Waschbecken, Single Cabinet Badezimmer Bulk"},"content":{"rendered":"<div class=\"wp-block-columns is-layout-flex wp-container-core-columns-is-layout-9d6595d7 wp-block-columns-is-layout-flex\">\n<div class=\"wp-block-column is-layout-flow wp-block-column-is-layout-flow\">\n<h2 class=\"wp-block-heading\">Eigenschaften von Badezimmer-Waschtisch mit Waschbecken\uff1a<\/h2>\n\n\n\n<p><strong>Material Sperrholz<\/strong>: Er ist feuchtigkeitsdicht und kann den Schrank wirksam sch\u00fctzen, was ihn zu einer praktischen und sch\u00f6nen Wahl f\u00fcr das Badezimmer macht.<\/p>\n\n\n\n<p><strong>Zwei Schrankt\u00fcren im Design<\/strong>: bietet reichlich Stauraum f\u00fcr die wichtigsten Dinge des t\u00e4glichen Lebens, wie Handt\u00fccher und Toilettenartikel, und erf\u00fcllt damit die grundlegenden Anforderungen an die Aufbewahrung.<\/p>\n\n\n\n<p><strong>Multifunktionaler Spiegelschrank<\/strong>: Der Spiegelschrank ist mit einem seitlich zu \u00f6ffnenden Stauraum ausgestattet, um h\u00e4ufig verwendete Hautpflegeprodukte, Kosmetika usw. leicht zug\u00e4nglich aufzubewahren.<\/p>\n\n\n\n<p><strong>Elegantes Aussehen: <\/strong>Der weiche und helle Farbton schafft eine warme und gem\u00fctliche Atmosph\u00e4re, die sich mit verschiedenen Einrichtungsstilen im Bad kombinieren l\u00e4sst.<\/p>\n\n\n\n<p><strong>Integriertes rechteckiges Waschbecken: <\/strong>Die Kanten sind abgerundet und poliert, schlie\u00dfen nahtlos an die Arbeitsplatte an, haben keine toten Ecken und verhindern, dass Wasser eindringt.<\/p>\n\n\n\n<p><strong>Pr\u00e4zise Gr\u00f6\u00dfe f\u00fcr kleine R\u00e4ume<\/strong>Die Gr\u00f6\u00dfe des Hauptschranks betr\u00e4gt 600*430*500mm und die Gr\u00f6\u00dfe des Spiegelschranks 600*140*650mm, was relativ anspruchsvolle Spezifikationen sind, die sich f\u00fcr B\u00e4der mit begrenztem Platz eignen.<\/p>\n<\/div>\n\n\n\n<div class=\"wp-block-column is-layout-flow wp-block-column-is-layout-flow\"><div class=\"wp-block-image\">\n<figure class=\"aligncenter size-full\"><img decoding=\"async\" width=\"800\" height=\"800\" src=\"https:\/\/www.shouyasanitary.com\/wp-content\/uploads\/2025\/05\/Wholesale-Bathroom-Vanity-with-Sink-Custom-Mirror-Cabinet-Bathroom-Khaki.webp\" alt=\"Gro\u00dfhandel Badezimmer Eitelkeit mit Waschbecken, benutzerdefinierte Spiegel Schrank Badezimmer Khaki\" class=\"wp-image-1167\" style=\"object-fit:cover\" srcset=\"https:\/\/www.shouyasanitary.com\/wp-content\/uploads\/2025\/05\/Wholesale-Bathroom-Vanity-with-Sink-Custom-Mirror-Cabinet-Bathroom-Khaki.webp 800w, https:\/\/www.shouyasanitary.com\/wp-content\/uploads\/2025\/05\/Wholesale-Bathroom-Vanity-with-Sink-Custom-Mirror-Cabinet-Bathroom-Khaki-300x300.webp 300w, https:\/\/www.shouyasanitary.com\/wp-content\/uploads\/2025\/05\/Wholesale-Bathroom-Vanity-with-Sink-Custom-Mirror-Cabinet-Bathroom-Khaki-150x150.webp 150w, https:\/\/www.shouyasanitary.com\/wp-content\/uploads\/2025\/05\/Wholesale-Bathroom-Vanity-with-Sink-Custom-Mirror-Cabinet-Bathroom-Khaki-768x768.webp 768w, https:\/\/www.shouyasanitary.com\/wp-content\/uploads\/2025\/05\/Wholesale-Bathroom-Vanity-with-Sink-Custom-Mirror-Cabinet-Bathroom-Khaki-12x12.webp 12w, https:\/\/www.shouyasanitary.com\/wp-content\/uploads\/2025\/05\/Wholesale-Bathroom-Vanity-with-Sink-Custom-Mirror-Cabinet-Bathroom-Khaki-600x600.webp 600w, https:\/\/www.shouyasanitary.com\/wp-content\/uploads\/2025\/05\/Wholesale-Bathroom-Vanity-with-Sink-Custom-Mirror-Cabinet-Bathroom-Khaki-100x100.webp 100w\" sizes=\"(max-width: 800px) 100vw, 800px\" \/><\/figure>\n<\/div><\/div>\n<\/div>","protected":false},"excerpt":{"rendered":"<p>Gro\u00dfhandel Badezimmer Eitelkeit mit Waschbecken, aus feuchtigkeitsbest\u00e4ndigem Sperrholz, ist f\u00fcr kleine Badezimmer R\u00e4ume konzipiert. Bieten ma\u00dfgeschneiderte Dienstleistungen, schnelle Lieferung und weltweiten Versand. F\u00fchlen Sie sich frei, Anfragen zu stellen!<\/p>\n<h2>Badezimmer Waschtisch mit Waschbecken Attribute\uff1a<\/h2>\n<p><strong>Artikel Nr.<\/strong>: CP8823-60<br \/><strong>Material des Geh\u00e4uses:<\/strong>\u00a0Sperrholz<br \/><strong>Farbe des Geh\u00e4uses: <\/strong>Khaki<br \/><strong>Spiegel:<\/strong> LED-Spiegel (3,5 mm\/3,8 mm), dreifarbige Beleuchtung, One-Touch-Entfogging, gesichert mit mehrlagiger Schaumstoffverpackung<br \/><strong>Installationsart:<\/strong>\u00a0Wandbefestigung<br \/><strong>Abmessungen (L\u00d7B\u00d7H):<\/strong> 60x43x50 cm<br \/><strong>Bruttogewicht:<\/strong> 28 kg\/Satz<\/p>\n<h2>Anpassung &amp; Dienstleistungen:<\/h2>\n<p><strong>OEM &amp; ODM<\/strong>: Unterst\u00fctzt<br \/><strong>Gestaltung<\/strong>: Frei<br \/><strong>Zubeh\u00f6r<\/strong>: Waschbecken, Spiegel, Armaturen und anderes Badzubeh\u00f6r<br \/><strong>Verpacken<\/strong>: Einbaufertig<\/p>","protected":false},"featured_media":1167,"comment_status":"closed","ping_status":"closed","template":"","meta":{"_acf_changed":false},"product_brand":[],"product_cat":[20],"product_tag":[],"class_list":{"0":"post-1164","1":"product","2":"type-product","3":"status-publish","4":"has-post-thumbnail","6":"product_cat-wholesale-plywood-bathroom-vanity-cabinets","8":"first","9":"instock","10":"shipping-taxable","11":"product-type-simple"},"acf":[],"_links":{"self":[{"href":"https:\/\/www.shouyasanitary.com\/de\/wp-json\/wp\/v2\/product\/1164","targetHints":{"allow":["GET"]}}],"collection":[{"href":"https:\/\/www.shouyasanitary.com\/de\/wp-json\/wp\/v2\/product"}],"about":[{"href":"https:\/\/www.shouyasanitary.com\/de\/wp-json\/wp\/v2\/types\/product"}],"replies":[{"embeddable":true,"href":"https:\/\/www.shouyasanitary.com\/de\/wp-json\/wp\/v2\/comments?post=1164"}],"wp:featuredmedia":[{"embeddable":true,"href":"https:\/\/www.shouyasanitary.com\/de\/wp-json\/wp\/v2\/media\/1167"}],"wp:attachment":[{"href":"https:\/\/www.shouyasanitary.com\/de\/wp-json\/wp\/v2\/media?parent=1164"}],"wp:term":[{"taxonomy":"product_brand","embeddable":true,"href":"https:\/\/www.shouyasanitary.com\/de\/wp-json\/wp\/v2\/product_brand?post=1164"},{"taxonomy":"product_cat","embeddable":true,"href":"https:\/\/www.shouyasanitary.com\/de\/wp-json\/wp\/v2\/product_cat?post=1164"},{"taxonomy":"product_tag","embeddable":true,"href":"https:\/\/www.shouyasanitary.com\/de\/wp-json\/wp\/v2\/product_tag?post=1164"}],"curies":[{"name":"wp","href":"https:\/\/api.w.org\/{rel}","templated":true}]}}