{"id":1179,"date":"2025-05-22T18:20:38","date_gmt":"2025-05-22T18:20:38","guid":{"rendered":"https:\/\/www.shouyasanitary.com\/?post_type=product&#038;p=1179"},"modified":"2025-11-11T02:56:14","modified_gmt":"2025-11-11T02:56:14","slug":"wholesale-bathroom-vanities-and-cabinets","status":"publish","type":"product","link":"https:\/\/www.shouyasanitary.com\/de\/produkt\/wholesale-bathroom-vanities-and-cabinets\/","title":{"rendered":"Gro\u00dfhandel Badezimmer Eitelkeiten und Schr\u00e4nke, Grau Badezimmer Schrank Wand geh\u00e4ngt benutzerdefinierte"},"content":{"rendered":"<div class=\"wp-block-columns is-layout-flex wp-container-core-columns-is-layout-9d6595d7 wp-block-columns-is-layout-flex\">\n<div class=\"wp-block-column is-layout-flow wp-block-column-is-layout-flow\">\n<h2 class=\"wp-block-heading\">Eigenschaften von Badezimmern und Schr\u00e4nken\uff1a<\/h2>\n\n\n\n<p><strong>Einfaches und trendiges Design<\/strong>: Der allgemeine Designstil ist einfach, mit glatten Linien und einer trendigen grauen Farbe, die leicht mit anderen Baddekorationsstilen gepaart werden kann.<\/p>\n\n\n\n<p><strong>Hochwertiges Material<\/strong>: Aus hochwertigem Sperrholz gefertigt, ist es stabil und schmutzabweisend, leicht zu reinigen und zu pflegen und kann lange Zeit verwendet werden.<\/p>\n\n\n\n<p><strong>Spiegelschrank mit Lichtleisten<\/strong>: Der Spiegelschrank verf\u00fcgt \u00fcber Lichtleisten zur Beleuchtung, was f\u00fcr die t\u00e4gliche Reinigung sehr praktisch ist. Im Inneren des Spiegelschranks befinden sich einige F\u00e4cher, um den Platz sinnvoll zu nutzen, Toilettenartikel griffbereit aufzubewahren und das Badezimmer aufger\u00e4umter und organisierter zu gestalten.<\/p>\n\n\n\n<p><strong>Sanfte Beleuchtung<\/strong>: Am Boden des Schranks befindet sich eine sanfte Beleuchtung, die nicht nur Licht spendet, sondern auch eine warme Atmosph\u00e4re schafft und das Gesamterlebnis f\u00fcr den Benutzer verbessert.<\/p>\n\n\n\n<p><strong>Gro\u00dfe Speicherkapazit\u00e4t<\/strong>: Sowohl der Hauptschrank als auch der Spiegelschrank bieten viel Stauraum, um verschiedene Bed\u00fcrfnisse zu erf\u00fcllen. Ob Toilettenartikel, Reinigungsmittel oder andere Badutensilien - alles l\u00e4sst sich problemlos unterbringen.<\/p>\n\n\n\n<p><strong>Humanisiertes Design<\/strong>: Armaturen wie z. B. Wasserh\u00e4hne sind ergonomisch geformt, d. h. sie sind nicht nur bequemer, sondern auch einfacher zu bedienen.<\/p>\n\n\n\n<p><strong>L\u00f6sungen f\u00fcr das Badezimmer aus einer Hand:<\/strong> Zus\u00e4tzlich zu den Badezimmerschr\u00e4nken bieten wir auch ein komplettes Set von Badezimmerl\u00f6sungen an, wie z.B. Spiegel, Spiegelschr\u00e4nke, Armaturen, Regale, usw., um den gesamten Kaufbedarf der Kunden zu decken.<\/p>\n<\/div>\n\n\n\n<div class=\"wp-block-column is-layout-flow wp-block-column-is-layout-flow\"><div class=\"wp-block-image\">\n<figure class=\"aligncenter size-full\"><img decoding=\"async\" width=\"800\" height=\"800\" src=\"https:\/\/www.shouyasanitary.com\/wp-content\/uploads\/2025\/05\/Wholesale-Bathroom-Vanities-and-Cabinets-Grey-Bathroom-Medicine-Cabinet-with-Mirror.webp\" alt=\"Gro\u00dfhandel Badezimmer Eitelkeiten und Schr\u00e4nke, grau Badezimmer Medizinschrank mit Spiegel\" class=\"wp-image-1180\" style=\"object-fit:cover\" srcset=\"https:\/\/www.shouyasanitary.com\/wp-content\/uploads\/2025\/05\/Wholesale-Bathroom-Vanities-and-Cabinets-Grey-Bathroom-Medicine-Cabinet-with-Mirror.webp 800w, https:\/\/www.shouyasanitary.com\/wp-content\/uploads\/2025\/05\/Wholesale-Bathroom-Vanities-and-Cabinets-Grey-Bathroom-Medicine-Cabinet-with-Mirror-300x300.webp 300w, https:\/\/www.shouyasanitary.com\/wp-content\/uploads\/2025\/05\/Wholesale-Bathroom-Vanities-and-Cabinets-Grey-Bathroom-Medicine-Cabinet-with-Mirror-150x150.webp 150w, https:\/\/www.shouyasanitary.com\/wp-content\/uploads\/2025\/05\/Wholesale-Bathroom-Vanities-and-Cabinets-Grey-Bathroom-Medicine-Cabinet-with-Mirror-768x768.webp 768w, https:\/\/www.shouyasanitary.com\/wp-content\/uploads\/2025\/05\/Wholesale-Bathroom-Vanities-and-Cabinets-Grey-Bathroom-Medicine-Cabinet-with-Mirror-12x12.webp 12w, https:\/\/www.shouyasanitary.com\/wp-content\/uploads\/2025\/05\/Wholesale-Bathroom-Vanities-and-Cabinets-Grey-Bathroom-Medicine-Cabinet-with-Mirror-600x600.webp 600w, https:\/\/www.shouyasanitary.com\/wp-content\/uploads\/2025\/05\/Wholesale-Bathroom-Vanities-and-Cabinets-Grey-Bathroom-Medicine-Cabinet-with-Mirror-100x100.webp 100w\" sizes=\"(max-width: 800px) 100vw, 800px\" \/><\/figure>\n<\/div><\/div>\n<\/div>","protected":false},"excerpt":{"rendered":"<p>Willkommen im Gro\u00dfhandel Badezimmer Eitelkeiten und Schr\u00e4nke, hat es eine stilvolle und einfache Erscheinung. Der Spiegelschrank hat eingebaute Lichtleisten und mehrschichtigen Stauraum, langlebig und praktisch. Providing Fabrik Preis. Kontaktieren Sie uns, um ein Angebot jetzt zu erhalten!<\/p>\n<h2>Badm\u00f6bel und Schr\u00e4nke Attribute\uff1a<\/h2>\n<p><strong>Artikel Nr.<\/strong>: CP8825-90<br \/><strong>Material des Geh\u00e4uses:<\/strong>\u00a0Sperrholz<br \/><strong>Farbe des Geh\u00e4uses: Grau<\/strong><br \/><strong>Spiegel:<\/strong> LED-Spiegel (3,5 mm\/3,8 mm), dreifarbige Beleuchtung, One-Touch-Entfogging, gesichert mit mehrlagiger Schaumstoffverpackung<br \/><strong>Installationsart:<\/strong>\u00a0Wandbefestigung<br \/><strong>Abmessungen (L\u00d7B\u00d7H):<\/strong> 90x50x45 cm<br \/><strong>Bruttogewicht:<\/strong> 32 kg\/Satz<\/p>\n<h2>Anpassung &amp; Dienstleistungen:<\/h2>\n<p><strong>OEM &amp; ODM<\/strong>: Unterst\u00fctzt<br \/><strong>Gestaltung<\/strong>: Frei<br \/><strong>Zubeh\u00f6r<\/strong>: Waschbecken, Spiegel, Armaturen und anderes Badzubeh\u00f6r<br \/><strong>Verpacken<\/strong>: Einbaufertig<\/p>","protected":false},"featured_media":1180,"comment_status":"closed","ping_status":"closed","template":"","meta":{"_acf_changed":false},"product_brand":[],"product_cat":[20],"product_tag":[],"class_list":{"0":"post-1179","1":"product","2":"type-product","3":"status-publish","4":"has-post-thumbnail","6":"product_cat-wholesale-plywood-bathroom-vanity-cabinets","8":"first","9":"instock","10":"shipping-taxable","11":"product-type-simple"},"acf":[],"_links":{"self":[{"href":"https:\/\/www.shouyasanitary.com\/de\/wp-json\/wp\/v2\/product\/1179","targetHints":{"allow":["GET"]}}],"collection":[{"href":"https:\/\/www.shouyasanitary.com\/de\/wp-json\/wp\/v2\/product"}],"about":[{"href":"https:\/\/www.shouyasanitary.com\/de\/wp-json\/wp\/v2\/types\/product"}],"replies":[{"embeddable":true,"href":"https:\/\/www.shouyasanitary.com\/de\/wp-json\/wp\/v2\/comments?post=1179"}],"wp:featuredmedia":[{"embeddable":true,"href":"https:\/\/www.shouyasanitary.com\/de\/wp-json\/wp\/v2\/media\/1180"}],"wp:attachment":[{"href":"https:\/\/www.shouyasanitary.com\/de\/wp-json\/wp\/v2\/media?parent=1179"}],"wp:term":[{"taxonomy":"product_brand","embeddable":true,"href":"https:\/\/www.shouyasanitary.com\/de\/wp-json\/wp\/v2\/product_brand?post=1179"},{"taxonomy":"product_cat","embeddable":true,"href":"https:\/\/www.shouyasanitary.com\/de\/wp-json\/wp\/v2\/product_cat?post=1179"},{"taxonomy":"product_tag","embeddable":true,"href":"https:\/\/www.shouyasanitary.com\/de\/wp-json\/wp\/v2\/product_tag?post=1179"}],"curies":[{"name":"wp","href":"https:\/\/api.w.org\/{rel}","templated":true}]}}