{"id":1212,"date":"2025-06-03T03:18:37","date_gmt":"2025-06-03T03:18:37","guid":{"rendered":"https:\/\/www.shouyasanitary.com\/?post_type=product&#038;p=1212"},"modified":"2025-06-19T10:01:30","modified_gmt":"2025-06-19T10:01:30","slug":"custom-bathroom-vanities-and-cabinets","status":"publish","type":"product","link":"https:\/\/www.shouyasanitary.com\/de\/produkt\/custom-bathroom-vanities-and-cabinets\/","title":{"rendered":"Bulk Custom Badezimmer Eitelkeiten und Schr\u00e4nke Edelstahl schwimmend"},"content":{"rendered":"<div class=\"wp-block-columns is-layout-flex wp-container-core-columns-is-layout-9d6595d7 wp-block-columns-is-layout-flex\">\n<div class=\"wp-block-column is-layout-flow wp-block-column-is-layout-flow\">\n<h2 class=\"wp-block-heading\">Eigenschaften von Badezimmern und Schr\u00e4nken\uff1a<\/h2>\n\n\n\n<p><strong>Modernes Erscheinungsbild<\/strong>: Der hellgraue Schrank wird mit einem wei\u00dfen Keramikbecken kombiniert, das vielseitig und modisch ist und zu verschiedenen Einrichtungsstilen im Bad passt.<\/p>\n\n\n\n<p><strong>Hochwertiger Badezimmerschrank<\/strong>: Das Hauptgeh\u00e4use ist aus rostfreiem Stahl, mit einem elektrostatischen Spr\u00fchverfahren auf der Oberfl\u00e4che, das ausgezeichnete wasserdichte, feuchtigkeitsdichte und korrosionsbest\u00e4ndige Eigenschaften aufweist. Der Schrankk\u00f6rper ist aus Aluminium, das leicht und einfach zu installieren ist.<\/p>\n\n\n\n<p><strong>Ger\u00e4umiger Stauraum<\/strong>: Der Hauptschrank ist mit einem gro\u00dfen Stauraum ausgestattet, in dem Badet\u00fccher, Ersatzkleidung und andere Utensilien leicht verstaut werden k\u00f6nnen und der dazu beitr\u00e4gt, das Badezimmer sauber und ordentlich zu halten.<\/p>\n\n\n\n<p><strong>Multifunktionaler Spiegelschrank:<\/strong> Mit mehreren offenen Regalen ist es bequem f\u00fcr die Klassifizierung und Lagerung von Toilettenartikeln, Hautpflegeprodukten usw., die effektiv nutzt Wand Platz.<\/p>\n\n\n\n<p><strong>Leicht zu reinigendes Keramik-Becken<\/strong>: Das mitgelieferte wei\u00dfe Keramikbecken wird bei hohen Temperaturen gebrannt, so dass die Struktur stabil ist. Die Oberfl\u00e4che ist glatt und leicht zu reinigen.<\/p>\n\n\n\n<p><strong>Direktlieferung ab Werk<\/strong>: Wir bieten ma\u00dfgeschneiderte und halb-angepasste Optionen, gestaffelte Gro\u00dfhandelspreise und weitere Rabatte f\u00fcr Gro\u00dfabnehmer.<\/p>\n<\/div>\n\n\n\n<div class=\"wp-block-column is-layout-flow wp-block-column-is-layout-flow\"><div class=\"wp-block-image\">\n<figure class=\"aligncenter size-full\"><img decoding=\"async\" width=\"800\" height=\"800\" src=\"https:\/\/www.shouyasanitary.com\/wp-content\/uploads\/2025\/05\/Custom-Bathroom-Vanities-and-CabinetsStainless-Steel-Wall-Mounted-Bathroom-Cabinet-3.webp\" alt=\"Benutzerdefinierte Badezimmer Eitelkeiten und Schr\u00e4nke, Edelstahl Wand montiert Badezimmer Schrank (3)\" class=\"wp-image-1213\" style=\"object-fit:cover\" srcset=\"https:\/\/www.shouyasanitary.com\/wp-content\/uploads\/2025\/05\/Custom-Bathroom-Vanities-and-CabinetsStainless-Steel-Wall-Mounted-Bathroom-Cabinet-3.webp 800w, https:\/\/www.shouyasanitary.com\/wp-content\/uploads\/2025\/05\/Custom-Bathroom-Vanities-and-CabinetsStainless-Steel-Wall-Mounted-Bathroom-Cabinet-3-300x300.webp 300w, https:\/\/www.shouyasanitary.com\/wp-content\/uploads\/2025\/05\/Custom-Bathroom-Vanities-and-CabinetsStainless-Steel-Wall-Mounted-Bathroom-Cabinet-3-150x150.webp 150w, https:\/\/www.shouyasanitary.com\/wp-content\/uploads\/2025\/05\/Custom-Bathroom-Vanities-and-CabinetsStainless-Steel-Wall-Mounted-Bathroom-Cabinet-3-768x768.webp 768w, https:\/\/www.shouyasanitary.com\/wp-content\/uploads\/2025\/05\/Custom-Bathroom-Vanities-and-CabinetsStainless-Steel-Wall-Mounted-Bathroom-Cabinet-3-12x12.webp 12w, https:\/\/www.shouyasanitary.com\/wp-content\/uploads\/2025\/05\/Custom-Bathroom-Vanities-and-CabinetsStainless-Steel-Wall-Mounted-Bathroom-Cabinet-3-600x600.webp 600w, https:\/\/www.shouyasanitary.com\/wp-content\/uploads\/2025\/05\/Custom-Bathroom-Vanities-and-CabinetsStainless-Steel-Wall-Mounted-Bathroom-Cabinet-3-100x100.webp 100w\" sizes=\"(max-width: 800px) 100vw, 800px\" \/><\/figure>\n<\/div><\/div>\n<\/div>","protected":false},"excerpt":{"rendered":"<p>Fabrikpreis bulk benutzerdefinierte Bad Eitelkeiten und Schr\u00e4nke f\u00fcr H\u00e4ndler und Projekt H\u00e4ndler. Moderne minimalistischen Stil, Edelstahl-Material, mit Spiegel Schr\u00e4nke und Waschbecken, sch\u00f6n und langlebig. Direkte Lieferung vom Hersteller, gro\u00dfe Mengen an Lager, und unterst\u00fctzen OEM. Willkommen zu erkundigen!<\/p>\n<h2>Badm\u00f6bel und Schr\u00e4nke Attribute\uff1a<\/h2>\n<p><strong>Artikel Nr.:<\/strong>BS204-70<strong><br \/>Material des Geh\u00e4uses:<\/strong> Rostfreier Stahl<br \/><strong>Farbe des Geh\u00e4uses: <\/strong>Hellgrau<br \/><strong>Spiegel: <\/strong>LED-Spiegel (3,5 mm\/3,8 mm), dreifarbige Beleuchtung, One-Touch-Entfogging, gesichert mit mehrlagiger Schaumstoffverpackung<strong><br \/>Installationsart: <\/strong>Wandbefestigung<br \/><strong>Abmessungen (L\u00d7B\u00d7H):<\/strong> 70*40*50 cm<br \/><strong>Bruttogewicht:<\/strong> 28kg\/Satz<\/p>\n<h2>Anpassung &amp; Dienstleistungen:<\/h2>\n<p><strong>OEM &amp; ODM<\/strong>: Unterst\u00fctzt<br \/><strong>Gestaltung<\/strong>: Frei<br \/><strong>Zubeh\u00f6r<\/strong>: Waschbecken, Spiegel, Armaturen und anderes Badzubeh\u00f6r<br \/><strong>Verpacken<\/strong>: Einbaufertig<\/p>","protected":false},"featured_media":1213,"comment_status":"closed","ping_status":"closed","template":"","meta":{"_acf_changed":false},"product_brand":[],"product_cat":[27],"product_tag":[],"class_list":{"0":"post-1212","1":"product","2":"type-product","3":"status-publish","4":"has-post-thumbnail","6":"product_cat-wholesale-stainless-steel-bathroom-vanity-cabinets","8":"first","9":"instock","10":"shipping-taxable","11":"product-type-simple"},"acf":[],"_links":{"self":[{"href":"https:\/\/www.shouyasanitary.com\/de\/wp-json\/wp\/v2\/product\/1212","targetHints":{"allow":["GET"]}}],"collection":[{"href":"https:\/\/www.shouyasanitary.com\/de\/wp-json\/wp\/v2\/product"}],"about":[{"href":"https:\/\/www.shouyasanitary.com\/de\/wp-json\/wp\/v2\/types\/product"}],"replies":[{"embeddable":true,"href":"https:\/\/www.shouyasanitary.com\/de\/wp-json\/wp\/v2\/comments?post=1212"}],"wp:featuredmedia":[{"embeddable":true,"href":"https:\/\/www.shouyasanitary.com\/de\/wp-json\/wp\/v2\/media\/1213"}],"wp:attachment":[{"href":"https:\/\/www.shouyasanitary.com\/de\/wp-json\/wp\/v2\/media?parent=1212"}],"wp:term":[{"taxonomy":"product_brand","embeddable":true,"href":"https:\/\/www.shouyasanitary.com\/de\/wp-json\/wp\/v2\/product_brand?post=1212"},{"taxonomy":"product_cat","embeddable":true,"href":"https:\/\/www.shouyasanitary.com\/de\/wp-json\/wp\/v2\/product_cat?post=1212"},{"taxonomy":"product_tag","embeddable":true,"href":"https:\/\/www.shouyasanitary.com\/de\/wp-json\/wp\/v2\/product_tag?post=1212"}],"curies":[{"name":"wp","href":"https:\/\/api.w.org\/{rel}","templated":true}]}}