{"id":1216,"date":"2025-06-03T04:02:24","date_gmt":"2025-06-03T04:02:24","guid":{"rendered":"https:\/\/www.shouyasanitary.com\/?post_type=product&#038;p=1216"},"modified":"2025-06-03T04:02:29","modified_gmt":"2025-06-03T04:02:29","slug":"new-bathroom-custom-vanity-with-mirror-cabinet-and-sink-wholesale","status":"publish","type":"product","link":"https:\/\/www.shouyasanitary.com\/de\/produkt\/new-bathroom-custom-vanity-with-mirror-cabinet-and-sink-wholesale\/","title":{"rendered":"Neue Bad benutzerdefinierte Eitelkeit mit Spiegel Schrank und Waschbecken Gro\u00dfhandel"},"content":{"rendered":"<div class=\"wp-block-columns is-layout-flex wp-container-core-columns-is-layout-9d6595d7 wp-block-columns-is-layout-flex\">\n<div class=\"wp-block-column is-layout-flow wp-block-column-is-layout-flow\">\n<h2 class=\"wp-block-heading\">Eigenschaften des ma\u00dfgeschneiderten Waschbeckens im Badezimmer\uff1a<\/h2>\n\n\n\n<p><strong>Modernes und hochwertiges Erscheinungsbild: <\/strong>Minimalistische Linien mit eleganten Graut\u00f6nen unterstreichen den modernen High-End-Stil, der sich f\u00fcr eine Vielzahl von Badumgebungen eignet.<\/p>\n\n\n\n<p><strong>Wandmontierte Ausf\u00fchrung:<\/strong> Der Schrank wird an der Wand montiert, ist leicht und einfach zu installieren und eignet sich f\u00fcr ein modernes Badezimmer mit kleinen R\u00e4umen.<\/p>\n\n\n\n<p><strong>Langlebiger Edelstahl: <\/strong>Der Badezimmerschrank ist aus hochwertigem Edelstahl gefertigt, mit elektrostatischer Bespr\u00fchung der Oberfl\u00e4che, die effektiv feuchtigkeits- und rostbest\u00e4ndig ist, sich an die feuchte Umgebung des Badezimmers anpasst und eine lange Lebensdauer hat.<\/p>\n\n\n\n<p><strong>Intelligenter Induktionslicht-Spiegelschrank:<\/strong> Der Spiegelschrank ist mit einem Induktionslicht ausgestattet, das aufleuchtet, wenn man sich ihm n\u00e4hert; er enth\u00e4lt drei Lagen offener Regale zur einfachen Aufbewahrung und h\u00e4lt die Arbeitsplatte sauber. Verbessern Sie den Komfort und die Modernit\u00e4t der Nutzung, um die t\u00e4glichen Bed\u00fcrfnisse zu erf\u00fcllen.<\/p>\n\n\n\n<p><strong>Integriertes Keramik-Waschbecken:<\/strong> Aus Hochtemperatur-Keramik gefertigt, ist es glatt und leicht zu reinigen, mit einem bogenf\u00f6rmigen Rand, um Spritzer zu vermeiden, praktisch und exquisit.<\/p>\n\n\n\n<p><strong>Unterst\u00fctzung der Massenanpassung:<\/strong> Unterst\u00fctzt Farbe, Logo und andere Anpassungen, um verschiedenen Projekten und Marktanforderungen gerecht zu werden.<\/p>\n<\/div>\n\n\n\n<div class=\"wp-block-column is-layout-flow wp-block-column-is-layout-flow\"><div class=\"wp-block-image\">\n<figure class=\"aligncenter size-full\"><img decoding=\"async\" width=\"800\" height=\"800\" src=\"https:\/\/www.shouyasanitary.com\/wp-content\/uploads\/2025\/05\/Bathroom-Custom-Vanity-Dark-Grey-Wholesale-Stainless-Steel-Bathroom-Vanities-with-Mirror-1.webp\" alt=\"Bad benutzerdefinierte Eitelkeit dunkelgrau, Gro\u00dfhandel Edelstahl Badezimmer Eitelkeiten mit Spiegel (1)\" class=\"wp-image-1217\" style=\"object-fit:cover\" srcset=\"https:\/\/www.shouyasanitary.com\/wp-content\/uploads\/2025\/05\/Bathroom-Custom-Vanity-Dark-Grey-Wholesale-Stainless-Steel-Bathroom-Vanities-with-Mirror-1.webp 800w, https:\/\/www.shouyasanitary.com\/wp-content\/uploads\/2025\/05\/Bathroom-Custom-Vanity-Dark-Grey-Wholesale-Stainless-Steel-Bathroom-Vanities-with-Mirror-1-300x300.webp 300w, https:\/\/www.shouyasanitary.com\/wp-content\/uploads\/2025\/05\/Bathroom-Custom-Vanity-Dark-Grey-Wholesale-Stainless-Steel-Bathroom-Vanities-with-Mirror-1-150x150.webp 150w, https:\/\/www.shouyasanitary.com\/wp-content\/uploads\/2025\/05\/Bathroom-Custom-Vanity-Dark-Grey-Wholesale-Stainless-Steel-Bathroom-Vanities-with-Mirror-1-768x768.webp 768w, https:\/\/www.shouyasanitary.com\/wp-content\/uploads\/2025\/05\/Bathroom-Custom-Vanity-Dark-Grey-Wholesale-Stainless-Steel-Bathroom-Vanities-with-Mirror-1-12x12.webp 12w, https:\/\/www.shouyasanitary.com\/wp-content\/uploads\/2025\/05\/Bathroom-Custom-Vanity-Dark-Grey-Wholesale-Stainless-Steel-Bathroom-Vanities-with-Mirror-1-600x600.webp 600w, https:\/\/www.shouyasanitary.com\/wp-content\/uploads\/2025\/05\/Bathroom-Custom-Vanity-Dark-Grey-Wholesale-Stainless-Steel-Bathroom-Vanities-with-Mirror-1-100x100.webp 100w\" sizes=\"(max-width: 800px) 100vw, 800px\" \/><\/figure>\n<\/div><\/div>\n<\/div>","protected":false},"excerpt":{"rendered":"<p>Dunkelgrau Edelstahl Bad benutzerdefinierte Eitelkeit, wandmontierte Design, Induktionslicht Spiegelschrank, geeignet f\u00fcr das moderne Bad. Gro\u00dfauftr\u00e4ge k\u00f6nnen Gro\u00dfhandelspreise genie\u00dfen, unterst\u00fctzen benutzerdefinierte Logo. Willkommen bei uns heute f\u00fcr eine kostenlose Anfrage zu kontaktieren!<\/p>\n<h2>Eigenschaften von kundenspezifischen Badezimmern\uff1a<\/h2>\n<p><strong>Artikel Nr.: <\/strong>BS205-70<strong><br \/>Material des Geh\u00e4uses:<\/strong> Rostfreier Stahl<br \/><strong>Farbe des Geh\u00e4uses: <\/strong>Dunkelgrau<br \/><strong>Spiegel: <\/strong>LED-Spiegel (3,5 mm\/3,8 mm), dreifarbige Beleuchtung, One-Touch-Entfogging, gesichert mit mehrlagiger Schaumstoffverpackung<strong><br \/>Installationsart: <\/strong>Wandbefestigung<br \/><strong>Abmessungen (L\u00d7B\u00d7H):<\/strong> 70*48*50 cm<br \/><strong>Bruttogewicht:<\/strong> 28kg\/Satz<\/p>\n<h2>Anpassung &amp; Dienstleistungen:<\/h2>\n<p><strong>OEM &amp; ODM<\/strong>: Unterst\u00fctzt<br \/><strong>Gestaltung<\/strong>: Frei<br \/><strong>Zubeh\u00f6r<\/strong>: Waschbecken, Spiegel, Armaturen und anderes Badzubeh\u00f6r<br \/><strong>Verpacken<\/strong>: Einbaufertig<\/p>","protected":false},"featured_media":1217,"comment_status":"closed","ping_status":"closed","template":"","meta":{"_acf_changed":false},"product_brand":[],"product_cat":[27],"product_tag":[],"class_list":{"0":"post-1216","1":"product","2":"type-product","3":"status-publish","4":"has-post-thumbnail","6":"product_cat-wholesale-stainless-steel-bathroom-vanity-cabinets","8":"first","9":"instock","10":"shipping-taxable","11":"product-type-simple"},"acf":[],"_links":{"self":[{"href":"https:\/\/www.shouyasanitary.com\/de\/wp-json\/wp\/v2\/product\/1216","targetHints":{"allow":["GET"]}}],"collection":[{"href":"https:\/\/www.shouyasanitary.com\/de\/wp-json\/wp\/v2\/product"}],"about":[{"href":"https:\/\/www.shouyasanitary.com\/de\/wp-json\/wp\/v2\/types\/product"}],"replies":[{"embeddable":true,"href":"https:\/\/www.shouyasanitary.com\/de\/wp-json\/wp\/v2\/comments?post=1216"}],"wp:featuredmedia":[{"embeddable":true,"href":"https:\/\/www.shouyasanitary.com\/de\/wp-json\/wp\/v2\/media\/1217"}],"wp:attachment":[{"href":"https:\/\/www.shouyasanitary.com\/de\/wp-json\/wp\/v2\/media?parent=1216"}],"wp:term":[{"taxonomy":"product_brand","embeddable":true,"href":"https:\/\/www.shouyasanitary.com\/de\/wp-json\/wp\/v2\/product_brand?post=1216"},{"taxonomy":"product_cat","embeddable":true,"href":"https:\/\/www.shouyasanitary.com\/de\/wp-json\/wp\/v2\/product_cat?post=1216"},{"taxonomy":"product_tag","embeddable":true,"href":"https:\/\/www.shouyasanitary.com\/de\/wp-json\/wp\/v2\/product_tag?post=1216"}],"curies":[{"name":"wp","href":"https:\/\/api.w.org\/{rel}","templated":true}]}}