{"id":1220,"date":"2025-06-03T06:38:03","date_gmt":"2025-06-03T06:38:03","guid":{"rendered":"https:\/\/www.shouyasanitary.com\/?post_type=product&#038;p=1220"},"modified":"2025-06-03T06:38:09","modified_gmt":"2025-06-03T06:38:09","slug":"custom-made-bathroom-vanity","status":"publish","type":"product","link":"https:\/\/www.shouyasanitary.com\/de\/produkt\/custom-made-bathroom-vanity\/","title":{"rendered":"Benutzerdefinierte gemacht Badezimmer Eitelkeit, Gro\u00dfhandel moderne Badezimmer Schr\u00e4nke mit Spiegel"},"content":{"rendered":"<div class=\"wp-block-columns is-layout-flex wp-container-core-columns-is-layout-9d6595d7 wp-block-columns-is-layout-flex\">\n<div class=\"wp-block-column is-layout-flow wp-block-column-is-layout-flow\">\n<h2 class=\"wp-block-heading\">Eigenschaften des Badezimmer-Waschbeckens\uff1a<\/h2>\n\n\n\n<p><strong>Hochwertiges Material aus rostfreiem Stahl: <\/strong>Der Hauptschrank ist aus wasserfestem Edelstahl gefertigt und mit einer rostfreien, verschlei\u00dffesten, matten Lackierung versehen. Ideal f\u00fcr B\u00e4der in Regionen mit hoher Feuchtigkeit.<\/p>\n\n\n\n<p><strong>Moderne und schlanke Form:<\/strong> Mit abgerundeten Ecken, vertikalen Akzenten und einer minimalistischen Silhouette in elegantem Dunkelgrau. Das macht das gesamte Badezimmer raffinierter und moderner.<\/p>\n\n\n\n<p><strong>Upgrade der Spiegelschrankstruktur:<\/strong> Das links-rechts-symmetrische Design umfasst ein offenes Regal mit 6 F\u00e4chern, das einen einfachen Zugang und eine \u00fcbersichtliche Organisation f\u00fcr h\u00e4ufig verwendete Toilettenartikel bietet.<\/p>\n\n\n\n<p><strong>Intelligenter Sensorspiegel mit sanfter Beleuchtung:<\/strong> Die integrierte Spiegelt\u00fcr ist mit einem verdeckten Sensorlicht ausgestattet. Durch einfaches Winken wird eine sanfte, blendfreie Nachtbeleuchtung aktiviert, die ein Gleichgewicht aus moderner \u00c4sthetik und praktischer Funktionalit\u00e4t bietet.<\/p>\n\n\n\n<p><strong>Optimierte Abmessungen f\u00fcr kompakte R\u00e4ume: <\/strong>Die Hauptschrankgr\u00f6\u00dfe des Badezimmerschranks betr\u00e4gt 900X480X500mm, und die Spiegelschrankgr\u00f6\u00dfe betr\u00e4gt 900X130X650mm, mit ausreichend Stauraum und Nutzungsm\u00f6glichkeiten. Besonders geeignet f\u00fcr kleine und mittlere Badezimmer mit hohen Anforderungen an die Raumnutzung.<\/p>\n\n\n\n<p><strong>Strenge Qualit\u00e4tskontrolle: <\/strong>Alle Produkte werden in unseren Fabriken nach strengen und \u00fcberschaubaren Qualit\u00e4tsstandards hergestellt. Wir gew\u00e4hrleisten eine stabile Produktqualit\u00e4t und bieten prompte Unterst\u00fctzung im Falle von Problemen.<\/p>\n<\/div>\n\n\n\n<div class=\"wp-block-column is-layout-flow wp-block-column-is-layout-flow\"><div class=\"wp-block-image\">\n<figure class=\"aligncenter size-full\"><img decoding=\"async\" width=\"800\" height=\"800\" src=\"https:\/\/www.shouyasanitary.com\/wp-content\/uploads\/2025\/05\/Custom-Made-Bathroom-Vanity-Wholesale-Modern-Bathroom-Cabinets-with-Mirror.webp\" alt=\"Benutzerdefinierte gemacht Badezimmer Eitelkeit, Gro\u00dfhandel moderne Badezimmer Schr\u00e4nke mit Spiegel\" class=\"wp-image-1223\" style=\"object-fit:cover\" srcset=\"https:\/\/www.shouyasanitary.com\/wp-content\/uploads\/2025\/05\/Custom-Made-Bathroom-Vanity-Wholesale-Modern-Bathroom-Cabinets-with-Mirror.webp 800w, https:\/\/www.shouyasanitary.com\/wp-content\/uploads\/2025\/05\/Custom-Made-Bathroom-Vanity-Wholesale-Modern-Bathroom-Cabinets-with-Mirror-300x300.webp 300w, https:\/\/www.shouyasanitary.com\/wp-content\/uploads\/2025\/05\/Custom-Made-Bathroom-Vanity-Wholesale-Modern-Bathroom-Cabinets-with-Mirror-150x150.webp 150w, https:\/\/www.shouyasanitary.com\/wp-content\/uploads\/2025\/05\/Custom-Made-Bathroom-Vanity-Wholesale-Modern-Bathroom-Cabinets-with-Mirror-768x768.webp 768w, https:\/\/www.shouyasanitary.com\/wp-content\/uploads\/2025\/05\/Custom-Made-Bathroom-Vanity-Wholesale-Modern-Bathroom-Cabinets-with-Mirror-12x12.webp 12w, https:\/\/www.shouyasanitary.com\/wp-content\/uploads\/2025\/05\/Custom-Made-Bathroom-Vanity-Wholesale-Modern-Bathroom-Cabinets-with-Mirror-600x600.webp 600w, https:\/\/www.shouyasanitary.com\/wp-content\/uploads\/2025\/05\/Custom-Made-Bathroom-Vanity-Wholesale-Modern-Bathroom-Cabinets-with-Mirror-100x100.webp 100w\" sizes=\"(max-width: 800px) 100vw, 800px\" \/><\/figure>\n<\/div><\/div>\n<\/div>","protected":false},"excerpt":{"rendered":"<p>Bulk ma\u00dfgeschneiderte Badezimmer Eitelkeiten, hochwertigem Edelstahl, modernes Design, ausgestattet mit einem intelligenten Sensor LED-Spiegelschrank, und gro\u00dfen Stauraum. Fabrik direkte Qualit\u00e4t, Gro\u00dfhandelspreis, willkommen, uns f\u00fcr ein Angebot zu kontaktieren.<\/p>\n<h2>Badezimmer Waschtisch Attribute\uff1a<\/h2>\n<p><strong>Artikel Nr.:<\/strong> BD205-90<strong><br \/>Material des Geh\u00e4uses:<\/strong> Rostfreier Stahl<br \/><strong>Farbe des Geh\u00e4uses: <\/strong>Dunkelgrau<br \/><strong>Spiegel: <\/strong>LED-Spiegel (3,5 mm\/3,8 mm), dreifarbige Beleuchtung, One-Touch-Entfogging, gesichert mit mehrlagiger Schaumstoffverpackung<strong><br \/>Installationsart: <\/strong>Wandbefestigung<br \/><strong>Abmessungen (L\u00d7B\u00d7H): <\/strong>90*48*50 cm<br \/><strong>Bruttogewicht: <\/strong>28kg\/Satz<\/p>\n<h2>Anpassung &amp; Dienstleistungen:<\/h2>\n<p><strong>OEM &amp; ODM<\/strong>: Unterst\u00fctzt<br \/><strong>Gestaltung<\/strong>: Frei<br \/><strong>Zubeh\u00f6r<\/strong>: Waschbecken, Spiegel, Armaturen und anderes Badzubeh\u00f6r<br \/><strong>Verpacken<\/strong>: Einbaufertig<\/p>","protected":false},"featured_media":1223,"comment_status":"closed","ping_status":"closed","template":"","meta":{"_acf_changed":false},"product_brand":[],"product_cat":[27],"product_tag":[],"class_list":{"0":"post-1220","1":"product","2":"type-product","3":"status-publish","4":"has-post-thumbnail","6":"product_cat-wholesale-stainless-steel-bathroom-vanity-cabinets","8":"first","9":"instock","10":"shipping-taxable","11":"product-type-simple"},"acf":[],"_links":{"self":[{"href":"https:\/\/www.shouyasanitary.com\/de\/wp-json\/wp\/v2\/product\/1220","targetHints":{"allow":["GET"]}}],"collection":[{"href":"https:\/\/www.shouyasanitary.com\/de\/wp-json\/wp\/v2\/product"}],"about":[{"href":"https:\/\/www.shouyasanitary.com\/de\/wp-json\/wp\/v2\/types\/product"}],"replies":[{"embeddable":true,"href":"https:\/\/www.shouyasanitary.com\/de\/wp-json\/wp\/v2\/comments?post=1220"}],"wp:featuredmedia":[{"embeddable":true,"href":"https:\/\/www.shouyasanitary.com\/de\/wp-json\/wp\/v2\/media\/1223"}],"wp:attachment":[{"href":"https:\/\/www.shouyasanitary.com\/de\/wp-json\/wp\/v2\/media?parent=1220"}],"wp:term":[{"taxonomy":"product_brand","embeddable":true,"href":"https:\/\/www.shouyasanitary.com\/de\/wp-json\/wp\/v2\/product_brand?post=1220"},{"taxonomy":"product_cat","embeddable":true,"href":"https:\/\/www.shouyasanitary.com\/de\/wp-json\/wp\/v2\/product_cat?post=1220"},{"taxonomy":"product_tag","embeddable":true,"href":"https:\/\/www.shouyasanitary.com\/de\/wp-json\/wp\/v2\/product_tag?post=1220"}],"curies":[{"name":"wp","href":"https:\/\/api.w.org\/{rel}","templated":true}]}}