{"id":1224,"date":"2025-06-03T07:00:55","date_gmt":"2025-06-03T07:00:55","guid":{"rendered":"https:\/\/www.shouyasanitary.com\/?post_type=product&#038;p=1224"},"modified":"2025-06-03T07:01:52","modified_gmt":"2025-06-03T07:01:52","slug":"wholesale-bathroom-cabinets-and-vanities","status":"publish","type":"product","link":"https:\/\/www.shouyasanitary.com\/de\/produkt\/wholesale-bathroom-cabinets-and-vanities\/","title":{"rendered":"Gro\u00dfhandel Bad Schr\u00e4nke und Eitelkeiten Single grau Edelstahl"},"content":{"rendered":"<div class=\"wp-block-columns is-layout-flex wp-container-core-columns-is-layout-9d6595d7 wp-block-columns-is-layout-flex\">\n<div class=\"wp-block-column is-layout-flow wp-block-column-is-layout-flow\">\n<h2 class=\"wp-block-heading\">Eigenschaften von Badezimmerschr\u00e4nken und Eitelkeiten\uff1a<\/h2>\n\n\n\n<p><strong>Moderner, minimalistischer Stil:<\/strong> Das insgesamt elegante graue Design und die mit feinen Linien verzierte Schrankt\u00fcr sorgen f\u00fcr einen stilvollen optischen Effekt.<\/p>\n\n\n\n<p><strong>100% feuchtigkeitsbest\u00e4ndiges Material aus Edelstahl: <\/strong>Aus hochwertigem Edelstahl gefertigt, ist er feuchtigkeits- und rostfrei, leicht zu reinigen und kann lange Zeit wie neu verwendet werden.<\/p>\n\n\n\n<p><strong>Schwimmende Struktur: <\/strong>Wandmontage zur Verbesserung der Transparenz des Badezimmers und zur Erleichterung der Reinigung von toten Ecken.<\/p>\n\n\n\n<p><strong>LED-Spiegelschrank-Design: <\/strong>Der Spiegelschrank ist mit versteckten LED-Lichtleisten ausgestattet, die f\u00fcr ein sanftes F\u00fclllicht sorgen, sowie mit Touch-Schaltern f\u00fcr eine bequeme t\u00e4gliche Nutzung.<\/p>\n\n\n\n<p><strong>Multifunktionaler Aufbewahrungsschrank: <\/strong>Die Seite des Spiegelschranks ist mit offenen F\u00e4chern ausgestattet, in denen Toilettenartikel bequem untergebracht werden k\u00f6nnen; in der geschlossenen Schrankt\u00fcr des Badschranks k\u00f6nnen Dinge des t\u00e4glichen Bedarfs aufbewahrt und geordnet werden.<\/p>\n\n\n\n<p><strong>Integriertes Keramik-Waschbecken:<\/strong> Die glatte Keramiksp\u00fcle ist kratzfest und schmutzabweisend, leicht zu reinigen, und die Rundung passt sich nat\u00fcrlich dem Schrank an, um die Gesamtkoordination zu verbessern.<\/p>\n\n\n\n<p><strong>Massenanpassungsdienst: <\/strong>Je nach Kundenwunsch k\u00f6nnen verschiedene Gr\u00f6\u00dfenkombinationen angeboten werden, um den Anforderungen der Massenbeschaffung oder der Markenanpassung von Projekten gerecht zu werden.<\/p>\n<\/div>\n\n\n\n<div class=\"wp-block-column is-layout-flow wp-block-column-is-layout-flow\"><div class=\"wp-block-image\">\n<figure class=\"aligncenter size-full\"><img decoding=\"async\" width=\"800\" height=\"800\" src=\"https:\/\/www.shouyasanitary.com\/wp-content\/uploads\/2025\/05\/Wholesale-Bathroom-Cabinets-and-Vanities-Light-Grey-Floating-Bathroom-Vanity-with-Sink-In-Bulk-1.webp\" alt=\"Gro\u00dfhandel Bad Schr\u00e4nke und Eitelkeiten, Licht grau schwimmenden Badezimmer Eitelkeit mit Waschbecken in Bulk (1)\" class=\"wp-image-1225\" style=\"object-fit:cover\" srcset=\"https:\/\/www.shouyasanitary.com\/wp-content\/uploads\/2025\/05\/Wholesale-Bathroom-Cabinets-and-Vanities-Light-Grey-Floating-Bathroom-Vanity-with-Sink-In-Bulk-1.webp 800w, https:\/\/www.shouyasanitary.com\/wp-content\/uploads\/2025\/05\/Wholesale-Bathroom-Cabinets-and-Vanities-Light-Grey-Floating-Bathroom-Vanity-with-Sink-In-Bulk-1-300x300.webp 300w, https:\/\/www.shouyasanitary.com\/wp-content\/uploads\/2025\/05\/Wholesale-Bathroom-Cabinets-and-Vanities-Light-Grey-Floating-Bathroom-Vanity-with-Sink-In-Bulk-1-150x150.webp 150w, https:\/\/www.shouyasanitary.com\/wp-content\/uploads\/2025\/05\/Wholesale-Bathroom-Cabinets-and-Vanities-Light-Grey-Floating-Bathroom-Vanity-with-Sink-In-Bulk-1-768x768.webp 768w, https:\/\/www.shouyasanitary.com\/wp-content\/uploads\/2025\/05\/Wholesale-Bathroom-Cabinets-and-Vanities-Light-Grey-Floating-Bathroom-Vanity-with-Sink-In-Bulk-1-12x12.webp 12w, https:\/\/www.shouyasanitary.com\/wp-content\/uploads\/2025\/05\/Wholesale-Bathroom-Cabinets-and-Vanities-Light-Grey-Floating-Bathroom-Vanity-with-Sink-In-Bulk-1-600x600.webp 600w, https:\/\/www.shouyasanitary.com\/wp-content\/uploads\/2025\/05\/Wholesale-Bathroom-Cabinets-and-Vanities-Light-Grey-Floating-Bathroom-Vanity-with-Sink-In-Bulk-1-100x100.webp 100w\" sizes=\"(max-width: 800px) 100vw, 800px\" \/><\/figure>\n<\/div><\/div>\n<\/div>\n\n\n\n<p><\/p>","protected":false},"excerpt":{"rendered":"<p>Willkommen im Gro\u00dfhandel f\u00fcr Badezimmerschr\u00e4nke und Eitelkeiten. Moderne schwimmende Design integriert Spiegelschr\u00e4nke, Lagerung und Keramik Waschbecken, unterst\u00fctzt Gro\u00dfhandel Anpassung und erf\u00fcllt Ihre Marke Projektanforderungen.<\/p>\n<h2>Badezimmerschr\u00e4nke und Eitelkeiten Attribute\uff1a<\/h2>\n<p><strong>Artikel Nr.: <\/strong>BS204-60<strong><br \/>Material des Geh\u00e4uses:<\/strong> Rostfreier Stahl<br \/><strong>Farbe des Geh\u00e4uses:<\/strong> Hellgrau<br \/><strong>Spiegel: <\/strong>LED-Spiegel (3,5 mm\/3,8 mm), dreifarbige Beleuchtung, One-Touch-Entfogging, gesichert mit mehrlagiger Schaumstoffverpackung<strong><br \/>Installationsart: <\/strong>Wandbefestigung<br \/><strong>Abmessungen (L\u00d7B\u00d7H):<\/strong> 60*40*50 cm<br \/><strong>Bruttogewicht:<\/strong> 28kg\/Satz<\/p>\n<h2>Anpassung &amp; Dienstleistungen:<\/h2>\n<p><strong>OEM &amp; ODM<\/strong>: Unterst\u00fctzt<br \/><strong>Gestaltung<\/strong>: Frei<br \/><strong>Zubeh\u00f6r<\/strong>: Waschbecken, Spiegel, Armaturen und anderes Badzubeh\u00f6r<br \/><strong>Verpacken<\/strong>: Einbaufertig<\/p>","protected":false},"featured_media":1225,"comment_status":"closed","ping_status":"closed","template":"","meta":{"_acf_changed":false},"product_brand":[],"product_cat":[27],"product_tag":[],"class_list":{"0":"post-1224","1":"product","2":"type-product","3":"status-publish","4":"has-post-thumbnail","6":"product_cat-wholesale-stainless-steel-bathroom-vanity-cabinets","8":"first","9":"instock","10":"shipping-taxable","11":"product-type-simple"},"acf":[],"_links":{"self":[{"href":"https:\/\/www.shouyasanitary.com\/de\/wp-json\/wp\/v2\/product\/1224","targetHints":{"allow":["GET"]}}],"collection":[{"href":"https:\/\/www.shouyasanitary.com\/de\/wp-json\/wp\/v2\/product"}],"about":[{"href":"https:\/\/www.shouyasanitary.com\/de\/wp-json\/wp\/v2\/types\/product"}],"replies":[{"embeddable":true,"href":"https:\/\/www.shouyasanitary.com\/de\/wp-json\/wp\/v2\/comments?post=1224"}],"wp:featuredmedia":[{"embeddable":true,"href":"https:\/\/www.shouyasanitary.com\/de\/wp-json\/wp\/v2\/media\/1225"}],"wp:attachment":[{"href":"https:\/\/www.shouyasanitary.com\/de\/wp-json\/wp\/v2\/media?parent=1224"}],"wp:term":[{"taxonomy":"product_brand","embeddable":true,"href":"https:\/\/www.shouyasanitary.com\/de\/wp-json\/wp\/v2\/product_brand?post=1224"},{"taxonomy":"product_cat","embeddable":true,"href":"https:\/\/www.shouyasanitary.com\/de\/wp-json\/wp\/v2\/product_cat?post=1224"},{"taxonomy":"product_tag","embeddable":true,"href":"https:\/\/www.shouyasanitary.com\/de\/wp-json\/wp\/v2\/product_tag?post=1224"}],"curies":[{"name":"wp","href":"https:\/\/api.w.org\/{rel}","templated":true}]}}