{"id":1228,"date":"2025-06-03T07:21:03","date_gmt":"2025-06-03T07:21:03","guid":{"rendered":"https:\/\/www.shouyasanitary.com\/?post_type=product&#038;p=1228"},"modified":"2025-06-03T07:25:12","modified_gmt":"2025-06-03T07:25:12","slug":"custom-vanity-bathroom","status":"publish","type":"product","link":"https:\/\/www.shouyasanitary.com\/de\/produkt\/custom-vanity-bathroom\/","title":{"rendered":"Gro\u00dfhandel benutzerdefinierte Eitelkeit Badezimmer Edelstahl, Luxus-Badeschrank mit LED-Spiegel"},"content":{"rendered":"<div class=\"wp-block-columns is-layout-flex wp-container-core-columns-is-layout-9d6595d7 wp-block-columns-is-layout-flex\">\n<div class=\"wp-block-column is-layout-flow wp-block-column-is-layout-flow\">\n<h2 class=\"wp-block-heading\">Ausstattung des Bades mit Waschtisch\uff1a<\/h2>\n\n\n\n<p><strong>Hochwertiges Material<\/strong>: Der Schrank ist komplett aus Edelstahl gefertigt, w\u00e4hrend f\u00fcr den Spiegelschrank Aluminium verwendet wird. Beide haben ausgezeichnete wasserdichte, feuchtigkeitsdichte und korrosionsbest\u00e4ndige Eigenschaften.<\/p>\n\n\n\n<p><strong>Gro\u00dfe Speicherkapazit\u00e4t<\/strong>: Die offenen F\u00e4cher des Spiegelschranks bieten einen einfachen Zugang zu den t\u00e4glichen Gegenst\u00e4nden, w\u00e4hrend der geschlossene Hauptschrank weniger benutzte oder pers\u00f6nliche Gegenst\u00e4nde ordentlich versteckt und so f\u00fcr einen sauberen, organisierten Raum sorgt.<\/p>\n\n\n\n<p><strong>Wandmontierte Ausf\u00fchrung<\/strong>Die schwimmende Verlegung spart Bodenfl\u00e4che, erleichtert die Reinigung und vergr\u00f6\u00dfert den Raum optisch.<\/p>\n\n\n\n<p><strong>Energiesparende LED-Lichtleiste<\/strong>: Die integrierte LED-Lichtleiste sorgt f\u00fcr eine weiche, augenfreundliche Beleuchtung mit geringem Stromverbrauch und langer Lebensdauer.<\/p>\n\n\n\n<p><strong>Hohe Belastbarkeit<\/strong>: Die Struktur aus rostfreiem Stahl ist stabil, und der Hauptschrank und der Spiegelschrank haben eine hohe Tragf\u00e4higkeit, so dass sie sich im t\u00e4glichen Gebrauch nicht verformen oder wackeln.<\/p>\n\n\n\n<p><strong>Unterst\u00fctzung OEM\/ODM<\/strong>: Wir bieten flexible und personalisierte Anpassungsdienste, einschlie\u00dflich Farbe, Gr\u00f6\u00dfe, Zubeh\u00f6r usw., um den Designanforderungen und der Markenpositionierung der verschiedenen Kunden gerecht zu werden.<\/p>\n<\/div>\n\n\n\n<div class=\"wp-block-column is-layout-flow wp-block-column-is-layout-flow\"><div class=\"wp-block-image\">\n<figure class=\"aligncenter size-full\"><img decoding=\"async\" width=\"800\" height=\"800\" src=\"https:\/\/www.shouyasanitary.com\/wp-content\/uploads\/2025\/05\/Custom-Vanity-Bathroom-Stainless-Steel-Luxury-Ceramic-Basin-Bathroom-Cabinet-Wholesale.webp\" alt=\"Benutzerdefinierte Eitelkeit Badezimmer Edelstahl, Luxus-Keramik-Becken Badezimmer Schrank Gro\u00dfhandel\" class=\"wp-image-1229\" style=\"object-fit:cover\" srcset=\"https:\/\/www.shouyasanitary.com\/wp-content\/uploads\/2025\/05\/Custom-Vanity-Bathroom-Stainless-Steel-Luxury-Ceramic-Basin-Bathroom-Cabinet-Wholesale.webp 800w, https:\/\/www.shouyasanitary.com\/wp-content\/uploads\/2025\/05\/Custom-Vanity-Bathroom-Stainless-Steel-Luxury-Ceramic-Basin-Bathroom-Cabinet-Wholesale-300x300.webp 300w, https:\/\/www.shouyasanitary.com\/wp-content\/uploads\/2025\/05\/Custom-Vanity-Bathroom-Stainless-Steel-Luxury-Ceramic-Basin-Bathroom-Cabinet-Wholesale-150x150.webp 150w, https:\/\/www.shouyasanitary.com\/wp-content\/uploads\/2025\/05\/Custom-Vanity-Bathroom-Stainless-Steel-Luxury-Ceramic-Basin-Bathroom-Cabinet-Wholesale-768x768.webp 768w, https:\/\/www.shouyasanitary.com\/wp-content\/uploads\/2025\/05\/Custom-Vanity-Bathroom-Stainless-Steel-Luxury-Ceramic-Basin-Bathroom-Cabinet-Wholesale-12x12.webp 12w, https:\/\/www.shouyasanitary.com\/wp-content\/uploads\/2025\/05\/Custom-Vanity-Bathroom-Stainless-Steel-Luxury-Ceramic-Basin-Bathroom-Cabinet-Wholesale-600x600.webp 600w, https:\/\/www.shouyasanitary.com\/wp-content\/uploads\/2025\/05\/Custom-Vanity-Bathroom-Stainless-Steel-Luxury-Ceramic-Basin-Bathroom-Cabinet-Wholesale-100x100.webp 100w\" sizes=\"(max-width: 800px) 100vw, 800px\" \/><\/figure>\n<\/div><\/div>\n<\/div>","protected":false},"excerpt":{"rendered":"<p>Gro\u00dfhandel benutzerdefinierte Eitelkeit Bad in Luxus grau mit Waschbecken und LED-Spiegelschrank. Wasserdicht Edelstahl, gro\u00dfe Gr\u00f6\u00dfe, Fabrik direkt. One-Stop-L\u00f6sung-holen Sie sich ein kostenloses Angebot heute!<\/p>\n<h2>Eitelkeit Badezimmer Attribute\uff1a<\/h2>\n<p><strong>Artikel Nr.:<\/strong> BS204-80<strong><br \/>Material des Geh\u00e4uses:<\/strong> Rostfreier Stahl<br \/><strong>Farbe des Geh\u00e4uses: <\/strong>Hellgrau<br \/><strong>Spiegel: <\/strong>LED-Spiegel (3,5 mm\/3,8 mm), dreifarbige Beleuchtung, One-Touch-Entfogging, gesichert mit mehrlagiger Schaumstoffverpackung<strong><br \/>Installationsart: <\/strong>Wandbefestigung<br \/><strong>Abmessungen (L\u00d7B\u00d7H): <\/strong>80*40*50 cm<br \/><strong>Bruttogewicht: <\/strong>29kg\/Satz<\/p>\n<h2>Anpassung &amp; Dienstleistungen:<\/h2>\n<p><strong>OEM &amp; ODM<\/strong>: Unterst\u00fctzt<br \/><strong>Gestaltung<\/strong>: Frei<br \/><strong>Zubeh\u00f6r<\/strong>: Waschbecken, Spiegel, Armaturen und anderes Badzubeh\u00f6r<br \/><strong>Verpacken<\/strong>: Einbaufertig<\/p>","protected":false},"featured_media":1229,"comment_status":"closed","ping_status":"closed","template":"","meta":{"_acf_changed":false},"product_brand":[],"product_cat":[27],"product_tag":[],"class_list":{"0":"post-1228","1":"product","2":"type-product","3":"status-publish","4":"has-post-thumbnail","6":"product_cat-wholesale-stainless-steel-bathroom-vanity-cabinets","8":"first","9":"instock","10":"shipping-taxable","11":"product-type-simple"},"acf":[],"_links":{"self":[{"href":"https:\/\/www.shouyasanitary.com\/de\/wp-json\/wp\/v2\/product\/1228","targetHints":{"allow":["GET"]}}],"collection":[{"href":"https:\/\/www.shouyasanitary.com\/de\/wp-json\/wp\/v2\/product"}],"about":[{"href":"https:\/\/www.shouyasanitary.com\/de\/wp-json\/wp\/v2\/types\/product"}],"replies":[{"embeddable":true,"href":"https:\/\/www.shouyasanitary.com\/de\/wp-json\/wp\/v2\/comments?post=1228"}],"wp:featuredmedia":[{"embeddable":true,"href":"https:\/\/www.shouyasanitary.com\/de\/wp-json\/wp\/v2\/media\/1229"}],"wp:attachment":[{"href":"https:\/\/www.shouyasanitary.com\/de\/wp-json\/wp\/v2\/media?parent=1228"}],"wp:term":[{"taxonomy":"product_brand","embeddable":true,"href":"https:\/\/www.shouyasanitary.com\/de\/wp-json\/wp\/v2\/product_brand?post=1228"},{"taxonomy":"product_cat","embeddable":true,"href":"https:\/\/www.shouyasanitary.com\/de\/wp-json\/wp\/v2\/product_cat?post=1228"},{"taxonomy":"product_tag","embeddable":true,"href":"https:\/\/www.shouyasanitary.com\/de\/wp-json\/wp\/v2\/product_tag?post=1228"}],"curies":[{"name":"wp","href":"https:\/\/api.w.org\/{rel}","templated":true}]}}