{"id":1233,"date":"2025-06-03T09:25:40","date_gmt":"2025-06-03T09:25:40","guid":{"rendered":"https:\/\/www.shouyasanitary.com\/?post_type=product&#038;p=1233"},"modified":"2025-06-03T09:25:45","modified_gmt":"2025-06-03T09:25:45","slug":"custom-built-bathroom-vanity","status":"publish","type":"product","link":"https:\/\/www.shouyasanitary.com\/de\/produkt\/custom-built-bathroom-vanity\/","title":{"rendered":"Custom Built Badezimmer Eitelkeit, kleine graue Badezimmer Schrank in Bulk"},"content":{"rendered":"<div class=\"wp-block-columns is-layout-flex wp-container-core-columns-is-layout-9d6595d7 wp-block-columns-is-layout-flex\">\n<div class=\"wp-block-column is-layout-flow wp-block-column-is-layout-flow\">\n<h2 class=\"wp-block-heading\">Custom Built Badezimmer Eitelkeit Features:<\/h2>\n\n\n\n<p><strong>Modernes und minimalistisches Design:<\/strong> hellgraue Farbe, griffloses Doppelt\u00fcrendesign, geeignet f\u00fcr ein minimalistisches Badezimmer im nordischen Stil.<\/p>\n\n\n\n<p><strong>SPC umweltfreundliches Material:<\/strong> Verwendung von hochwertigen Stein-Kunststoff-Verbundplatten, hervorragende wasserdichte, feuchtigkeitsbest\u00e4ndige und schimmelbest\u00e4ndige Leistung, wirksame Vermeidung von Verformungen, Schimmel und anderen Problemen in der feuchten Umgebung des Badezimmers, und lange Lebensdauer.<\/p>\n\n\n\n<p><strong>Schwimmende Installation: <\/strong>leichte und schnelle Installation, bequeme Reinigung des Badezimmerbodens, besonders geeignet f\u00fcr moderne kleine Nutzer.<\/p>\n\n\n\n<p><strong>Hochwertiges Keramik-Becken:<\/strong> Ausgestattet mit einem einteiligen Keramik-Waschbecken, glatte und ebene Oberfl\u00e4che, bewuchshemmend und kratzfest.<\/p>\n\n\n\n<p><strong>LED-Spiegelschrank: <\/strong>Der Spiegelschrank verf\u00fcgt \u00fcber eine eingebaute LED-Beleuchtung und ein doppellagiges, offenes Staufach, um die Effizienz der Aufbewahrung zu verbessern, die Arbeitsfl\u00e4che sauber und ordentlich zu halten und eine warme und gem\u00fctliche Atmosph\u00e4re zu schaffen.<\/p>\n\n\n\n<p><strong>Unterst\u00fctzung der Massenanpassung: <\/strong>Wir bieten ma\u00dfgeschneiderte Dienstleistungen f\u00fcr Gro\u00dfbestellungen, einschlie\u00dflich Farben, Oberfl\u00e4chen, Zubeh\u00f6r usw., um den unterschiedlichen Einkaufsanforderungen von Hotelprojektgesellschaften, technischen Kunden, H\u00e4ndlern usw. gerecht zu werden.<\/p>\n<\/div>\n\n\n\n<div class=\"wp-block-column is-layout-flow wp-block-column-is-layout-flow\"><div class=\"wp-block-image\">\n<figure class=\"aligncenter size-full\"><img decoding=\"async\" width=\"800\" height=\"800\" src=\"https:\/\/www.shouyasanitary.com\/wp-content\/uploads\/2025\/05\/Custom-Built-Bathroom-Vanity-Modern-Grey-Banthroom-Cabinet-with-Ceramic-Basin-In-Bulk.webp\" alt=\"Custom Built Badezimmer Eitelkeit, Modern Grey Banthroom Cabinet mit Keramik-Becken in Bulk\" class=\"wp-image-1234\" style=\"object-fit:cover\" srcset=\"https:\/\/www.shouyasanitary.com\/wp-content\/uploads\/2025\/05\/Custom-Built-Bathroom-Vanity-Modern-Grey-Banthroom-Cabinet-with-Ceramic-Basin-In-Bulk.webp 800w, https:\/\/www.shouyasanitary.com\/wp-content\/uploads\/2025\/05\/Custom-Built-Bathroom-Vanity-Modern-Grey-Banthroom-Cabinet-with-Ceramic-Basin-In-Bulk-300x300.webp 300w, https:\/\/www.shouyasanitary.com\/wp-content\/uploads\/2025\/05\/Custom-Built-Bathroom-Vanity-Modern-Grey-Banthroom-Cabinet-with-Ceramic-Basin-In-Bulk-150x150.webp 150w, https:\/\/www.shouyasanitary.com\/wp-content\/uploads\/2025\/05\/Custom-Built-Bathroom-Vanity-Modern-Grey-Banthroom-Cabinet-with-Ceramic-Basin-In-Bulk-768x768.webp 768w, https:\/\/www.shouyasanitary.com\/wp-content\/uploads\/2025\/05\/Custom-Built-Bathroom-Vanity-Modern-Grey-Banthroom-Cabinet-with-Ceramic-Basin-In-Bulk-12x12.webp 12w, https:\/\/www.shouyasanitary.com\/wp-content\/uploads\/2025\/05\/Custom-Built-Bathroom-Vanity-Modern-Grey-Banthroom-Cabinet-with-Ceramic-Basin-In-Bulk-600x600.webp 600w, https:\/\/www.shouyasanitary.com\/wp-content\/uploads\/2025\/05\/Custom-Built-Bathroom-Vanity-Modern-Grey-Banthroom-Cabinet-with-Ceramic-Basin-In-Bulk-100x100.webp 100w\" sizes=\"(max-width: 800px) 100vw, 800px\" \/><\/figure>\n<\/div><\/div>\n<\/div>","protected":false},"excerpt":{"rendered":"<p>Gro\u00dfhandel benutzerdefinierte gebaut Badezimmer Schrank, aus SPC umweltfreundliches Material, grau modernen Stil, mit LED-Spiegelschrank und Waschbecken. Wir bieten OEM-L\u00f6sungen f\u00fcr globale H\u00e4ndler Projekte. Willkommen zu erkundigen heute!<\/p>\n<h2>Benutzerdefinierte gebaut Badezimmer Eitelkeit Attribute\uff1a<\/h2>\n<p><strong>Artikel Nr.:<\/strong>J1219-60<strong><br \/>Material des Geh\u00e4uses:<\/strong> SPC<br \/><strong>Farbe des Geh\u00e4uses:<\/strong> Hellgrau<br \/><strong>Spiegel:<\/strong>\u00a0LED-Spiegel (3,5 mm \/ 3,8 mm), dreifarbige Beleuchtung, One-Touch-Enteisung, gesichert mit mehrlagiger Schaumstoffverpackung<br \/><strong>Installationsart:<\/strong>\u00a0Wandbefestigung<br \/><strong>Abmessungen (L \u00d7 B \u00d7 H):<\/strong> 60*47,5*45 cm<br \/><strong>Bruttogewicht:<\/strong> 28kg\/Satz<\/p>\n<h2>Anpassung &amp; Dienstleistungen:<\/h2>\n<p><strong>OEM &amp; ODM<\/strong>: Unterst\u00fctzt<br \/><strong>Gestaltung<\/strong>: Frei<br \/><strong>Zubeh\u00f6r<\/strong>: Waschbecken, Spiegel, Armaturen und anderes Badzubeh\u00f6r<br \/><strong>Verpacken<\/strong>: Einbaufertig<\/p>","protected":false},"featured_media":1234,"comment_status":"closed","ping_status":"closed","template":"","meta":{"_acf_changed":false},"product_brand":[],"product_cat":[29],"product_tag":[],"class_list":{"0":"post-1233","1":"product","2":"type-product","3":"status-publish","4":"has-post-thumbnail","6":"product_cat-wholesale-spc-bathroom-vanity-cabinets","8":"first","9":"instock","10":"shipping-taxable","11":"product-type-simple"},"acf":[],"_links":{"self":[{"href":"https:\/\/www.shouyasanitary.com\/de\/wp-json\/wp\/v2\/product\/1233","targetHints":{"allow":["GET"]}}],"collection":[{"href":"https:\/\/www.shouyasanitary.com\/de\/wp-json\/wp\/v2\/product"}],"about":[{"href":"https:\/\/www.shouyasanitary.com\/de\/wp-json\/wp\/v2\/types\/product"}],"replies":[{"embeddable":true,"href":"https:\/\/www.shouyasanitary.com\/de\/wp-json\/wp\/v2\/comments?post=1233"}],"wp:featuredmedia":[{"embeddable":true,"href":"https:\/\/www.shouyasanitary.com\/de\/wp-json\/wp\/v2\/media\/1234"}],"wp:attachment":[{"href":"https:\/\/www.shouyasanitary.com\/de\/wp-json\/wp\/v2\/media?parent=1233"}],"wp:term":[{"taxonomy":"product_brand","embeddable":true,"href":"https:\/\/www.shouyasanitary.com\/de\/wp-json\/wp\/v2\/product_brand?post=1233"},{"taxonomy":"product_cat","embeddable":true,"href":"https:\/\/www.shouyasanitary.com\/de\/wp-json\/wp\/v2\/product_cat?post=1233"},{"taxonomy":"product_tag","embeddable":true,"href":"https:\/\/www.shouyasanitary.com\/de\/wp-json\/wp\/v2\/product_tag?post=1233"}],"curies":[{"name":"wp","href":"https:\/\/api.w.org\/{rel}","templated":true}]}}