{"id":1249,"date":"2025-06-03T09:33:30","date_gmt":"2025-06-03T09:33:30","guid":{"rendered":"https:\/\/www.shouyasanitary.com\/?post_type=product&#038;p=1249"},"modified":"2025-06-03T09:33:36","modified_gmt":"2025-06-03T09:33:36","slug":"wholesale-bathroom-mirror-cabinet","status":"publish","type":"product","link":"https:\/\/www.shouyasanitary.com\/de\/produkt\/wholesale-bathroom-mirror-cabinet\/","title":{"rendered":"Gro\u00dfhandel Badezimmer Spiegelschrank, SPC Wand montiert Badezimmer Eitelkeit benutzerdefinierte"},"content":{"rendered":"<div class=\"wp-block-columns is-layout-flex wp-container-core-columns-is-layout-9d6595d7 wp-block-columns-is-layout-flex\">\n<div class=\"wp-block-column is-layout-flow wp-block-column-is-layout-flow\">\n<h2 class=\"wp-block-heading\">Badezimmer-Spiegelschrank Merkmale:<\/h2>\n\n\n\n<p><strong>Hochwertiges Material<\/strong>: Hergestellt aus SPC und 18 mm starkem Aluminium in Wabenform. Wabenf\u00f6rmiges Aluminium ist leicht, stabil und langlebig und verf\u00fcgt \u00fcber ausgezeichnete feuchtigkeits- und korrosionsbest\u00e4ndige Eigenschaften. Es ist nicht anf\u00e4llig f\u00fcr Verformung oder Rost in einer feuchten Badezimmerumgebung.<\/p>\n\n\n\n<p><strong>Khaki Aussehen<\/strong>: Die ruhige und stimmungsvolle khakifarbene Farbe schafft eine weiche und warme Badezimmeratmosph\u00e4re. Die matte Oberfl\u00e4che hinterl\u00e4sst nicht leicht Fingerabdr\u00fccke und passt zu einer Vielzahl von Einrichtungsstilen.<\/p>\n\n\n\n<p><strong>Flexible Lagerung<\/strong>: Der Spiegelschrank ist mit einer offenen Ablagefl\u00e4che ausgestattet, die einen bequemen Zugriff auf h\u00e4ufig verwendete Gegenst\u00e4nde erm\u00f6glicht. Die Schrankt\u00fcren und Schubladen des Hauptschranks sind f\u00fcr die Aufbewahrung von Gegenst\u00e4nden verschiedener Gr\u00f6\u00dfen und Kategorien vorgesehen.<\/p>\n\n\n\n<p><strong>In den Spiegelschrank eingelassene LED-Lichtleiste<\/strong>Das Licht ist gleichm\u00e4\u00dfig und weich, was f\u00fcr die t\u00e4glichen Wasch- und Schminkvorg\u00e4nge praktisch ist. Es blendet nicht und verbessert die allgemeine Nutzungserfahrung und Qualit\u00e4t.<\/p>\n\n\n\n<p><strong>Wandmontierte Installation<\/strong>: Sie schaffen Platz auf dem Boden, verbessern die allgemeine Sauberkeit im Bad und erleichtern die t\u00e4gliche Reinigung und die Reinigung von toten Ecken.<\/p>\n\n\n\n<p><strong>Einteiliges griffloses Design<\/strong>: Die verdeckte \u00d6ffnungs- und Schlie\u00dfmethode ist sauberer, reduziert Unebenheiten und unterstreicht das moderne Gesamtbild des Badezimmers.<\/p>\n\n\n\n<p><strong>Direkte Lieferung ab Werk:<\/strong> Die direkte Belieferung aus der Ursprungsfabrik gew\u00e4hrleistet eine stabile Produktlieferung und wettbewerbsf\u00e4higere Fabrikpreise.<\/p>\n<\/div>\n\n\n\n<div class=\"wp-block-column is-layout-flow wp-block-column-is-layout-flow\"><div class=\"wp-block-image\">\n<figure class=\"aligncenter size-full\"><img decoding=\"async\" width=\"800\" height=\"800\" src=\"https:\/\/www.shouyasanitary.com\/wp-content\/uploads\/2025\/05\/Wholesale-Bathroom-Mirror-CabinetSPC-Wall-Mounted-Bathroom-Vanity-with-Sink-Custom-1.webp\" alt=\"Gro\u00dfhandel Badezimmer Spiegelschrank, SPC Wand montiert Badezimmer Eitelkeit mit Waschbecken Custom (1)\" class=\"wp-image-1238\" style=\"object-fit:cover\" srcset=\"https:\/\/www.shouyasanitary.com\/wp-content\/uploads\/2025\/05\/Wholesale-Bathroom-Mirror-CabinetSPC-Wall-Mounted-Bathroom-Vanity-with-Sink-Custom-1.webp 800w, https:\/\/www.shouyasanitary.com\/wp-content\/uploads\/2025\/05\/Wholesale-Bathroom-Mirror-CabinetSPC-Wall-Mounted-Bathroom-Vanity-with-Sink-Custom-1-300x300.webp 300w, https:\/\/www.shouyasanitary.com\/wp-content\/uploads\/2025\/05\/Wholesale-Bathroom-Mirror-CabinetSPC-Wall-Mounted-Bathroom-Vanity-with-Sink-Custom-1-150x150.webp 150w, https:\/\/www.shouyasanitary.com\/wp-content\/uploads\/2025\/05\/Wholesale-Bathroom-Mirror-CabinetSPC-Wall-Mounted-Bathroom-Vanity-with-Sink-Custom-1-768x768.webp 768w, https:\/\/www.shouyasanitary.com\/wp-content\/uploads\/2025\/05\/Wholesale-Bathroom-Mirror-CabinetSPC-Wall-Mounted-Bathroom-Vanity-with-Sink-Custom-1-12x12.webp 12w, https:\/\/www.shouyasanitary.com\/wp-content\/uploads\/2025\/05\/Wholesale-Bathroom-Mirror-CabinetSPC-Wall-Mounted-Bathroom-Vanity-with-Sink-Custom-1-600x600.webp 600w, https:\/\/www.shouyasanitary.com\/wp-content\/uploads\/2025\/05\/Wholesale-Bathroom-Mirror-CabinetSPC-Wall-Mounted-Bathroom-Vanity-with-Sink-Custom-1-100x100.webp 100w\" sizes=\"(max-width: 800px) 100vw, 800px\" \/><\/figure>\n<\/div><\/div>\n<\/div>","protected":false},"excerpt":{"rendered":"<p>Willkommen im Gro\u00dfhandel Badspiegelschrank, khaki Design, SPC langlebiges Material, mit einem LED-Spiegelschrank und Waschbecken. Fabrik direkt, Unterst\u00fctzung OEM f\u00fcr Gro\u00dfauftrag, kontaktieren Sie uns f\u00fcr ein Angebot jetzt!<\/p>\n<h2>Badezimmer-Spiegelschrank Attribute\uff1a<\/h2>\n<p><strong>Artikel Nr.:<\/strong>T001-A<strong><br \/>Material des Geh\u00e4uses: <\/strong>Steinkunststoffplatte<br \/><strong>Farbe des Geh\u00e4uses:<\/strong> Khaki<br \/><strong>Spiegel:<\/strong>\u00a0LED-Spiegel (3,5 mm \/ 3,8 mm), dreifarbige Beleuchtung, One-Touch-Enteisung, gesichert mit mehrlagiger Schaumstoffverpackung<br \/><strong>Installationsart:<\/strong>\u00a0Wandbefestigung<br \/><strong>Abmessungen (L \u00d7 B \u00d7 H):<\/strong> 60*47*45 cm<br \/><strong>Bruttogewicht:<\/strong> 28kg\/Satz<\/p>\n<h2>Anpassung &amp; Dienstleistungen:<\/h2>\n<p><strong>OEM &amp; ODM<\/strong>: Unterst\u00fctzt<br \/><strong>Gestaltung<\/strong>: Frei<br \/><strong>Zubeh\u00f6r<\/strong>: Waschbecken, Spiegel, Armaturen und anderes Badzubeh\u00f6r<br \/><strong>Verpacken<\/strong>: Einbaufertig<\/p>","protected":false},"featured_media":1238,"comment_status":"closed","ping_status":"closed","template":"","meta":{"_acf_changed":false},"product_brand":[],"product_cat":[29],"product_tag":[],"class_list":{"0":"post-1249","1":"product","2":"type-product","3":"status-publish","4":"has-post-thumbnail","6":"product_cat-wholesale-spc-bathroom-vanity-cabinets","8":"first","9":"instock","10":"shipping-taxable","11":"product-type-simple"},"acf":[],"_links":{"self":[{"href":"https:\/\/www.shouyasanitary.com\/de\/wp-json\/wp\/v2\/product\/1249","targetHints":{"allow":["GET"]}}],"collection":[{"href":"https:\/\/www.shouyasanitary.com\/de\/wp-json\/wp\/v2\/product"}],"about":[{"href":"https:\/\/www.shouyasanitary.com\/de\/wp-json\/wp\/v2\/types\/product"}],"replies":[{"embeddable":true,"href":"https:\/\/www.shouyasanitary.com\/de\/wp-json\/wp\/v2\/comments?post=1249"}],"wp:featuredmedia":[{"embeddable":true,"href":"https:\/\/www.shouyasanitary.com\/de\/wp-json\/wp\/v2\/media\/1238"}],"wp:attachment":[{"href":"https:\/\/www.shouyasanitary.com\/de\/wp-json\/wp\/v2\/media?parent=1249"}],"wp:term":[{"taxonomy":"product_brand","embeddable":true,"href":"https:\/\/www.shouyasanitary.com\/de\/wp-json\/wp\/v2\/product_brand?post=1249"},{"taxonomy":"product_cat","embeddable":true,"href":"https:\/\/www.shouyasanitary.com\/de\/wp-json\/wp\/v2\/product_cat?post=1249"},{"taxonomy":"product_tag","embeddable":true,"href":"https:\/\/www.shouyasanitary.com\/de\/wp-json\/wp\/v2\/product_tag?post=1249"}],"curies":[{"name":"wp","href":"https:\/\/api.w.org\/{rel}","templated":true}]}}