{"id":1251,"date":"2025-06-03T10:08:07","date_gmt":"2025-06-03T10:08:07","guid":{"rendered":"https:\/\/www.shouyasanitary.com\/?post_type=product&#038;p=1251"},"modified":"2025-06-28T10:16:30","modified_gmt":"2025-06-28T10:16:30","slug":"wholesale-bathroom-vanity-cabinet","status":"publish","type":"product","link":"https:\/\/www.shouyasanitary.com\/de\/produkt\/wholesale-bathroom-vanity-cabinet\/","title":{"rendered":"Gro\u00dfhandel Badezimmer Eitelkeit Kabinett, moderne graue SPC Eitelkeit Lieferant"},"content":{"rendered":"<div class=\"wp-block-columns is-layout-flex wp-container-core-columns-is-layout-9d6595d7 wp-block-columns-is-layout-flex\">\n<div class=\"wp-block-column is-layout-flow wp-block-column-is-layout-flow\">\n<h2 class=\"wp-block-heading\">Eigenschaften des Badezimmerunterschranks\uff1a<\/h2>\n\n\n\n<p><strong>Langlebiges SPC-Material: <\/strong>Der aus hochwertigem SPC gefertigte Waschtisch ist wasserdicht, formaldehydfrei und \u00e4u\u00dferst verschlei\u00dffest - ideal f\u00fcr feuchte Badumgebungen.<\/p>\n\n\n\n<p><strong>Modernes und anspruchsvolles Aussehen: <\/strong>Die trendige hellgraue Oberfl\u00e4che mit ihrem sanften Farbton und der feinen Textur verleiht jedem Badezimmer eine klare, moderne \u00c4sthetik.<\/p>\n\n\n\n<p><strong>Umgebender LED-Lichtstreifen:\u00a0<\/strong>Eingebaute LED-Streifen an allen vier Seiten des Spiegels sorgen f\u00fcr eine weiche, gleichm\u00e4\u00dfige Beleuchtung, die sich perfekt f\u00fcr die t\u00e4gliche K\u00f6rperpflege eignet und gleichzeitig das Gesamtambiente aufwertet.<\/p>\n\n\n\n<p><strong>Vielseitiges Schranklayout: <\/strong>Die clevere Unterteilung mit einem eint\u00fcrigen Fach auf der einen Seite f\u00fcr gro\u00dfe Gegenst\u00e4nde und glatten Doppelschubladen auf der anderen Seite f\u00fcr die Organisation kleinerer Toilettenartikel.<\/p>\n\n\n\n<p><strong>Direkt ab Werk, zuverl\u00e4ssige Qualit\u00e4t: <\/strong>Unterst\u00fctzt durch die fortschrittliche Produktionslinie von Shouya bieten wir eine stabile Versorgung, strenge Qualit\u00e4tskontrolle und p\u00fcnktliche Lieferung, ideal f\u00fcr Gro\u00dfhandels- und Projektauftr\u00e4ge.<\/p>\n<\/div>\n\n\n\n<div class=\"wp-block-column is-layout-flow wp-block-column-is-layout-flow\"><div class=\"wp-block-image\">\n<figure class=\"aligncenter size-full\"><img decoding=\"async\" width=\"800\" height=\"800\" src=\"https:\/\/www.shouyasanitary.com\/wp-content\/uploads\/2025\/05\/Wholesale-Bathroom-Vanity-Cabinet-Luxury-Grey-SPC-Floating-Bathroom-Cabinet.webp\" alt=\"Gro\u00dfhandel Bad Eitelkeit Schrank, Luxus grau SPC schwimmende Badezimmer Schrank\" class=\"wp-image-1243\" style=\"object-fit:cover\" srcset=\"https:\/\/www.shouyasanitary.com\/wp-content\/uploads\/2025\/05\/Wholesale-Bathroom-Vanity-Cabinet-Luxury-Grey-SPC-Floating-Bathroom-Cabinet.webp 800w, https:\/\/www.shouyasanitary.com\/wp-content\/uploads\/2025\/05\/Wholesale-Bathroom-Vanity-Cabinet-Luxury-Grey-SPC-Floating-Bathroom-Cabinet-300x300.webp 300w, https:\/\/www.shouyasanitary.com\/wp-content\/uploads\/2025\/05\/Wholesale-Bathroom-Vanity-Cabinet-Luxury-Grey-SPC-Floating-Bathroom-Cabinet-150x150.webp 150w, https:\/\/www.shouyasanitary.com\/wp-content\/uploads\/2025\/05\/Wholesale-Bathroom-Vanity-Cabinet-Luxury-Grey-SPC-Floating-Bathroom-Cabinet-768x768.webp 768w, https:\/\/www.shouyasanitary.com\/wp-content\/uploads\/2025\/05\/Wholesale-Bathroom-Vanity-Cabinet-Luxury-Grey-SPC-Floating-Bathroom-Cabinet-12x12.webp 12w, https:\/\/www.shouyasanitary.com\/wp-content\/uploads\/2025\/05\/Wholesale-Bathroom-Vanity-Cabinet-Luxury-Grey-SPC-Floating-Bathroom-Cabinet-600x600.webp 600w, https:\/\/www.shouyasanitary.com\/wp-content\/uploads\/2025\/05\/Wholesale-Bathroom-Vanity-Cabinet-Luxury-Grey-SPC-Floating-Bathroom-Cabinet-100x100.webp 100w\" sizes=\"(max-width: 800px) 100vw, 800px\" \/><\/figure>\n<\/div><\/div>\n<\/div>","protected":false},"excerpt":{"rendered":"<p>Gro\u00dfhandel Bad Eitelkeit Schr\u00e4nke, moderne graue Aussehen, langlebig SPC Material, mit LED-Spiegelschr\u00e4nke, geeignet f\u00fcr Hotels und Wohnungen. Shouya Fabrik direkt liefern, unterst\u00fctzen Masse benutzerdefinierte, schnelle globale Lieferung! Willkommen zu erkundigen!<\/p>\n<h2>Badezimmer-Unterschrank Attribute\uff1a<\/h2>\n<p><strong>Artikel Nr.:<\/strong>J1231-80<strong><br \/>Material des Geh\u00e4uses:<\/strong> Stein-Kunststoffplatte<br \/><strong>Farbe des Geh\u00e4uses:<\/strong> Grau<br \/><strong>Spiegel:<\/strong> LED-Spiegel (3,5 mm\/3,8 mm), dreifarbige Beleuchtung, One-Touch-Entfogging, gesichert mit mehrlagiger Schaumstoffverpackung<br \/><strong>Installationsart:<\/strong>\u00a0Wandbefestigung<br \/><strong>Abmessungen (L\u00d7B\u00d7H):<\/strong> 80*50*45 cm<br \/><strong>Bruttogewicht:<\/strong> 35kg\/Satz<\/p>\n<h2>Anpassung &amp; Dienstleistungen:<\/h2>\n<p><strong>OEM &amp; ODM<\/strong>: Unterst\u00fctzt<br \/><strong>Gestaltung<\/strong>: Frei<br \/><strong>Zubeh\u00f6r<\/strong>: Waschbecken, Spiegel, Armaturen und anderes Badzubeh\u00f6r<br \/><strong>Verpacken<\/strong>: Einbaufertig<\/p>","protected":false},"featured_media":1347,"comment_status":"closed","ping_status":"closed","template":"","meta":{"_acf_changed":false},"product_brand":[],"product_cat":[29],"product_tag":[],"class_list":{"0":"post-1251","1":"product","2":"type-product","3":"status-publish","4":"has-post-thumbnail","6":"product_cat-wholesale-spc-bathroom-vanity-cabinets","8":"first","9":"instock","10":"shipping-taxable","11":"product-type-simple"},"acf":[],"_links":{"self":[{"href":"https:\/\/www.shouyasanitary.com\/de\/wp-json\/wp\/v2\/product\/1251","targetHints":{"allow":["GET"]}}],"collection":[{"href":"https:\/\/www.shouyasanitary.com\/de\/wp-json\/wp\/v2\/product"}],"about":[{"href":"https:\/\/www.shouyasanitary.com\/de\/wp-json\/wp\/v2\/types\/product"}],"replies":[{"embeddable":true,"href":"https:\/\/www.shouyasanitary.com\/de\/wp-json\/wp\/v2\/comments?post=1251"}],"wp:featuredmedia":[{"embeddable":true,"href":"https:\/\/www.shouyasanitary.com\/de\/wp-json\/wp\/v2\/media\/1347"}],"wp:attachment":[{"href":"https:\/\/www.shouyasanitary.com\/de\/wp-json\/wp\/v2\/media?parent=1251"}],"wp:term":[{"taxonomy":"product_brand","embeddable":true,"href":"https:\/\/www.shouyasanitary.com\/de\/wp-json\/wp\/v2\/product_brand?post=1251"},{"taxonomy":"product_cat","embeddable":true,"href":"https:\/\/www.shouyasanitary.com\/de\/wp-json\/wp\/v2\/product_cat?post=1251"},{"taxonomy":"product_tag","embeddable":true,"href":"https:\/\/www.shouyasanitary.com\/de\/wp-json\/wp\/v2\/product_tag?post=1251"}],"curies":[{"name":"wp","href":"https:\/\/api.w.org\/{rel}","templated":true}]}}