{"id":1252,"date":"2025-06-03T10:14:33","date_gmt":"2025-06-03T10:14:33","guid":{"rendered":"https:\/\/www.shouyasanitary.com\/?post_type=product&#038;p=1252"},"modified":"2025-06-03T10:14:38","modified_gmt":"2025-06-03T10:14:38","slug":"bathroom-cabinets-and-vanities-custom","status":"publish","type":"product","link":"https:\/\/www.shouyasanitary.com\/de\/produkt\/bathroom-cabinets-and-vanities-custom\/","title":{"rendered":"Badezimmerschr\u00e4nke und Eitelkeiten Custom, Gro\u00dfhandel Eitelkeit mit Spiegel Waschbecken"},"content":{"rendered":"<div class=\"wp-block-columns is-layout-flex wp-container-core-columns-is-layout-9d6595d7 wp-block-columns-is-layout-flex\">\n<div class=\"wp-block-column is-layout-flow wp-block-column-is-layout-flow\">\n<h2 class=\"wp-block-heading\">Badezimmerschr\u00e4nke und Eitelkeiten Merkmale:<\/h2>\n\n\n\n<p><strong>Hochwertiges Material: <\/strong>Durch die Verwendung von Stein-Kunststoff-Verbundmaterial ist es hervorragend wasserdicht und feuchtigkeitsbest\u00e4ndig und eignet sich f\u00fcr feuchte Badezimmerumgebungen. <\/p>\n\n\n\n<p><strong>Modernes und stimmungsvolles Erscheinungsbild<\/strong>: Der blau-graue Schrank und das wei\u00dfe Keramikbecken erg\u00e4nzen sich und schaffen ein harmonisches und komfortables visuelles Erlebnis.<\/p>\n\n\n\n<p><strong>Einzigartiges Spiegelschrank-Design<\/strong>Auf der linken Seite befindet sich ein Spiegel, der den Anforderungen des t\u00e4glichen Anziehens und Waschens gerecht wird; auf der rechten Seite befindet sich ein offenes Dreifach-Raster, das zur Ablage von h\u00e4ufig verwendeten Pflegeprodukten und Toilettenartikeln genutzt werden kann.<\/p>\n\n\n\n<p><strong>Feuchtigkeitsgesch\u00fctzter und beschlagfreier Spiegel<\/strong>: Der Spiegel hat eine Anti-Beschlag-Funktion, um St\u00f6rungen durch Wasserdampf zu vermeiden, und ist mit einem feuchtigkeitsdichten Geh\u00e4use ausgestattet, um ihn lange Zeit trocken und hygienisch zu halten.<\/p>\n\n\n\n<p><strong>Leicht zu reinigen<\/strong>: Im t\u00e4glichen Gebrauch sind Flecken nicht leicht zu entfernen. Wasserflecken, Zahnpastaflecken usw. k\u00f6nnen durch vorsichtiges Abwischen entfernt werden. Es ist nicht leicht, Schmutz zu verbergen und ist leicht zu pflegen.<\/p>\n\n\n\n<p><strong>Szenen\u00fcbergreifende Anpassung<\/strong>Standardisiertes Design, kompatibel mit den meisten Badezimmern, stilvolles Aussehen, das sich an verschiedene Einrichtungsstile anpasst und individuelle Kombinationen f\u00fcr unterschiedliche Bed\u00fcrfnisse erm\u00f6glicht.<\/p>\n\n\n\n<p><strong>Batch-Anpassungsdienst: <\/strong>Shouya unterst\u00fctzt die flexible intelligente Fertigung vom Entwurf bis zur Produktion, bietet Kleinserien<strong> <\/strong>Prototyping und Gro\u00dfserienlieferungen und entwickelt individuelle Badezimmerl\u00f6sungen f\u00fcr Kunden.<\/p>\n<\/div>\n\n\n\n<div class=\"wp-block-column is-layout-flow wp-block-column-is-layout-flow\"><div class=\"wp-block-image\">\n<figure class=\"aligncenter size-full\"><img decoding=\"async\" width=\"800\" height=\"800\" src=\"https:\/\/www.shouyasanitary.com\/wp-content\/uploads\/2025\/05\/Bathroom-Cabinets-and-Vanities-Custom-Factory-Wholesale-Bathroom-Vanity-with-Mirror.jpg\" alt=\"Badezimmer Schr\u00e4nke und Eitelkeiten benutzerdefinierte, Fabrik Gro\u00dfhandel Badezimmer Eitelkeit mit Spiegel\" class=\"wp-image-1246\" style=\"object-fit:cover\" srcset=\"https:\/\/www.shouyasanitary.com\/wp-content\/uploads\/2025\/05\/Bathroom-Cabinets-and-Vanities-Custom-Factory-Wholesale-Bathroom-Vanity-with-Mirror.jpg 800w, https:\/\/www.shouyasanitary.com\/wp-content\/uploads\/2025\/05\/Bathroom-Cabinets-and-Vanities-Custom-Factory-Wholesale-Bathroom-Vanity-with-Mirror-300x300.jpg 300w, https:\/\/www.shouyasanitary.com\/wp-content\/uploads\/2025\/05\/Bathroom-Cabinets-and-Vanities-Custom-Factory-Wholesale-Bathroom-Vanity-with-Mirror-150x150.jpg 150w, https:\/\/www.shouyasanitary.com\/wp-content\/uploads\/2025\/05\/Bathroom-Cabinets-and-Vanities-Custom-Factory-Wholesale-Bathroom-Vanity-with-Mirror-768x768.jpg 768w, https:\/\/www.shouyasanitary.com\/wp-content\/uploads\/2025\/05\/Bathroom-Cabinets-and-Vanities-Custom-Factory-Wholesale-Bathroom-Vanity-with-Mirror-12x12.jpg 12w, https:\/\/www.shouyasanitary.com\/wp-content\/uploads\/2025\/05\/Bathroom-Cabinets-and-Vanities-Custom-Factory-Wholesale-Bathroom-Vanity-with-Mirror-600x600.jpg 600w, https:\/\/www.shouyasanitary.com\/wp-content\/uploads\/2025\/05\/Bathroom-Cabinets-and-Vanities-Custom-Factory-Wholesale-Bathroom-Vanity-with-Mirror-100x100.jpg 100w\" sizes=\"(max-width: 800px) 100vw, 800px\" \/><\/figure>\n<\/div><\/div>\n<\/div>","protected":false},"excerpt":{"rendered":"<p>Badezimmerschr\u00e4nke und Eitelkeiten benutzerdefinierte, SPC Material, multifunktionale Spiegelschr\u00e4nke, ausgestattet mit Keramik-Becken, Armaturen, etc. Blaue, graue und wei\u00dfe Farbe passend f\u00fcr verschiedene Badstile. Shouya unterst\u00fctzt Massenanpassung. Kontaktieren Sie uns, um ein Angebot zu erhalten!<\/p>\n<h2>Badezimmerschr\u00e4nke und Eitelkeiten Attribute\uff1a<\/h2>\n<p><strong>Artikel Nr.:<\/strong>HR2201-80<strong><br \/>Material des Geh\u00e4uses:<\/strong> Stein-Kunststoffplatte<br \/><strong>Farbe des Geh\u00e4uses:<\/strong> Blau Grau<br \/><strong>Spiegel:<\/strong>\u00a0LED-Spiegel (3,5 mm \/ 3,8 mm), dreifarbige Beleuchtung, One-Touch-Enteisung, gesichert mit mehrlagiger Schaumstoffverpackung<br \/><strong>Installationsart:<\/strong>\u00a0Wandbefestigung<br \/><strong>Abmessungen (L \u00d7 B \u00d7 H):<\/strong> 80*47.5*48cm<br \/><strong>Bruttogewicht:<\/strong> 32kg\/Satz<\/p>\n<h2>Anpassung &amp; Dienstleistungen:<\/h2>\n<p><strong>OEM &amp; ODM<\/strong>: Unterst\u00fctzt<br \/><strong>Gestaltung<\/strong>: Frei<br \/><strong>Zubeh\u00f6r<\/strong>: Waschbecken, Spiegel, Armaturen und anderes Badzubeh\u00f6r<br \/><strong>Verpacken<\/strong>: Einbaufertig<\/p>","protected":false},"featured_media":1246,"comment_status":"closed","ping_status":"closed","template":"","meta":{"_acf_changed":false},"product_brand":[],"product_cat":[29],"product_tag":[],"class_list":{"0":"post-1252","1":"product","2":"type-product","3":"status-publish","4":"has-post-thumbnail","6":"product_cat-wholesale-spc-bathroom-vanity-cabinets","8":"first","9":"instock","10":"shipping-taxable","11":"product-type-simple"},"acf":[],"_links":{"self":[{"href":"https:\/\/www.shouyasanitary.com\/de\/wp-json\/wp\/v2\/product\/1252","targetHints":{"allow":["GET"]}}],"collection":[{"href":"https:\/\/www.shouyasanitary.com\/de\/wp-json\/wp\/v2\/product"}],"about":[{"href":"https:\/\/www.shouyasanitary.com\/de\/wp-json\/wp\/v2\/types\/product"}],"replies":[{"embeddable":true,"href":"https:\/\/www.shouyasanitary.com\/de\/wp-json\/wp\/v2\/comments?post=1252"}],"wp:featuredmedia":[{"embeddable":true,"href":"https:\/\/www.shouyasanitary.com\/de\/wp-json\/wp\/v2\/media\/1246"}],"wp:attachment":[{"href":"https:\/\/www.shouyasanitary.com\/de\/wp-json\/wp\/v2\/media?parent=1252"}],"wp:term":[{"taxonomy":"product_brand","embeddable":true,"href":"https:\/\/www.shouyasanitary.com\/de\/wp-json\/wp\/v2\/product_brand?post=1252"},{"taxonomy":"product_cat","embeddable":true,"href":"https:\/\/www.shouyasanitary.com\/de\/wp-json\/wp\/v2\/product_cat?post=1252"},{"taxonomy":"product_tag","embeddable":true,"href":"https:\/\/www.shouyasanitary.com\/de\/wp-json\/wp\/v2\/product_tag?post=1252"}],"curies":[{"name":"wp","href":"https:\/\/api.w.org\/{rel}","templated":true}]}}