{"id":1319,"date":"2025-06-11T09:03:39","date_gmt":"2025-06-11T09:03:39","guid":{"rendered":"https:\/\/www.shouyasanitary.com\/?post_type=product&#038;p=1319"},"modified":"2025-06-11T09:04:29","modified_gmt":"2025-06-11T09:04:29","slug":"wholesale-vanities-bathroom","status":"publish","type":"product","link":"https:\/\/www.shouyasanitary.com\/de\/produkt\/wholesale-vanities-bathroom\/","title":{"rendered":"Gro\u00dfhandel Eitelkeiten Badezimmer, Aluminium Badezimmerschrank mit Becken benutzerdefinierte"},"content":{"rendered":"<div class=\"wp-block-columns is-layout-flex wp-container-core-columns-is-layout-9d6595d7 wp-block-columns-is-layout-flex\">\n<div class=\"wp-block-column is-layout-flow wp-block-column-is-layout-flow\">\n<h2 class=\"wp-block-heading\">Eitelkeiten Badezimmer Eigenschaften\uff1a<\/h2>\n\n\n\n<p><strong>Hochwertiges Material aus Aluminiumlegierung:<\/strong> leicht und langlebig, wasserdicht und korrosionsbest\u00e4ndig, geeignet f\u00fcr hochfrequentierte gewerbliche B\u00e4der.<\/p>\n\n\n\n<p><strong>Minimalistisches dunkelgraues Aussehen: <\/strong>Das dunkle Grau und der leuchtende Spiegelmetallrahmen sind perfekt aufeinander abgestimmt und pr\u00e4sentieren einen modernen Stil.<\/p>\n\n\n\n<p><strong>Doppelt\u00fcriges Stauraumkonzept: <\/strong>Der Badezimmerschrank hat ein Doppelt\u00fcrendesign mit vern\u00fcnftigen Inneneinteilungen, wodurch der Raum optimal genutzt und eine effiziente Badeumgebung geschaffen wird.<\/p>\n\n\n\n<p><strong>Wandmontierte Installation:<\/strong> Das schwebende Design sorgt daf\u00fcr, dass der Boden sauber bleibt, f\u00f6rdert die Luftzirkulation und verbessert gleichzeitig das optische Raumgef\u00fchl, was sich besonders f\u00fcr moderne, kompakte Badezimmer eignet.<\/p>\n\n\n\n<p><strong>LED-Spiegelschrank mit Ablagen: <\/strong>ausgestattet mit hochaufl\u00f6senden Spiegeln und LED-Leuchten, die sowohl die Beleuchtung als auch die Sch\u00f6nheit ber\u00fccksichtigen. Das Regal auf der rechten Seite des Spiegelschranks ist praktisch f\u00fcr die Lagerung.<\/p>\n\n\n\n<p><strong>Integriertes Keramik-Waschbecken: <\/strong>Der Beckenk\u00f6rper hat abgerundete Kanten, ist glatt glasiert, kratzfest und leicht zu reinigen.<\/p>\n\n\n\n<p><strong>Angemessene Gr\u00f6\u00dfe:<\/strong> 80 cm Golden Ratio Design, das die Funktionen des t\u00e4glichen Gebrauchs erf\u00fcllt, ohne zu viel Platz zu beanspruchen. Geeignet f\u00fcr gro\u00dfe, mittlere und kleine Badezimmer.<\/p>\n\n\n\n<p><strong>Unterst\u00fctzung OEM\/ODM: <\/strong>Farbe, Gr\u00f6\u00dfe, Stil des Spiegelschranks, Beleuchtungsfunktion usw. k\u00f6nnen je nach Kundenwunsch angepasst werden, um den Anforderungen verschiedener technischer Projekte gerecht zu werden.<\/p>\n<\/div>\n\n\n\n<div class=\"wp-block-column is-layout-flow wp-block-column-is-layout-flow\"><div class=\"wp-block-image\">\n<figure class=\"aligncenter size-full\"><img decoding=\"async\" width=\"800\" height=\"800\" src=\"https:\/\/www.shouyasanitary.com\/wp-content\/uploads\/2025\/06\/Wholesale-Vanities-Bathroom\uff0cAluminium-Badezimmer-Schrank-mit-Keramik-Waschbecken-1.webp\" alt=\"Gro\u00dfhandel Eitelkeiten Badezimmer, Aluminium Badezimmerschrank mit einem keramischen Becken Custom (1)\" class=\"wp-image-1323\" style=\"object-fit:cover\" srcset=\"\" sizes=\"(max-width: 800px) 100vw, 800px\" data-srcset=\"\" \/><\/figure>\n<\/div><\/div>\n<\/div>","protected":false},"excerpt":{"rendered":"<p>Gro\u00dfhandel Eitelkeiten Bad, dunkelgrau Aussehen, modernes Design, die Integration einer Keramik-Becken, ein LED-Spiegelschrank, und multifunktionale Lagerung, geeignet f\u00fcr eine Vielzahl von Raumszenen. Fabrik direkt liefern, gro\u00dfe Mengen an Lager, und Unterst\u00fctzung f\u00fcr OEM. Willkommen zu erkundigen!<\/p>\n<h2>Eitelkeiten Badezimmer Attribute\uff1a<\/h2>\n<p><strong>Artikel Nr.: <\/strong>01-80G<strong><br \/>Material des Geh\u00e4uses:<\/strong> Aluminium<br \/><strong>Farbe des Geh\u00e4uses:<\/strong> Dunkelgrau<br \/><strong>Spiegel:<\/strong> LED-Spiegel (3,5 mm\/3,8 mm), dreifarbige Beleuchtung, One-Touch-Entfogging, gesichert mit mehrlagiger Schaumstoffverpackung<br \/><strong>Installationsart:<\/strong>\u00a0Wandbefestigung<br \/><strong>Abmessungen (L\u00d7B\u00d7H):<\/strong> 81x40x50 cm<br \/><strong>Bruttogewicht:<\/strong> 28kg\/Satz<\/p>\n<h2>Anpassung &amp; Dienstleistungen:<\/h2>\n<p><strong>OEM &amp; ODM<\/strong>: Unterst\u00fctzt<br \/><strong>Gestaltung<\/strong>: Frei<br \/><strong>Zubeh\u00f6r<\/strong>: Waschbecken, Spiegel, Armaturen und anderes Badzubeh\u00f6r<br \/><strong>Verpacken<\/strong>: Einbaufertig<\/p>","protected":false},"featured_media":1323,"comment_status":"closed","ping_status":"closed","template":"","meta":{"_acf_changed":false},"product_brand":[],"product_cat":[23],"product_tag":[],"class_list":{"0":"post-1319","1":"product","2":"type-product","3":"status-publish","4":"has-post-thumbnail","6":"product_cat-wholesale-aluminum-bathroom-vanity-cabinets","8":"first","9":"instock","10":"shipping-taxable","11":"product-type-simple"},"acf":[],"_links":{"self":[{"href":"https:\/\/www.shouyasanitary.com\/de\/wp-json\/wp\/v2\/product\/1319","targetHints":{"allow":["GET"]}}],"collection":[{"href":"https:\/\/www.shouyasanitary.com\/de\/wp-json\/wp\/v2\/product"}],"about":[{"href":"https:\/\/www.shouyasanitary.com\/de\/wp-json\/wp\/v2\/types\/product"}],"replies":[{"embeddable":true,"href":"https:\/\/www.shouyasanitary.com\/de\/wp-json\/wp\/v2\/comments?post=1319"}],"wp:featuredmedia":[{"embeddable":true,"href":"https:\/\/www.shouyasanitary.com\/de\/wp-json\/wp\/v2\/media\/1323"}],"wp:attachment":[{"href":"https:\/\/www.shouyasanitary.com\/de\/wp-json\/wp\/v2\/media?parent=1319"}],"wp:term":[{"taxonomy":"product_brand","embeddable":true,"href":"https:\/\/www.shouyasanitary.com\/de\/wp-json\/wp\/v2\/product_brand?post=1319"},{"taxonomy":"product_cat","embeddable":true,"href":"https:\/\/www.shouyasanitary.com\/de\/wp-json\/wp\/v2\/product_cat?post=1319"},{"taxonomy":"product_tag","embeddable":true,"href":"https:\/\/www.shouyasanitary.com\/de\/wp-json\/wp\/v2\/product_tag?post=1319"}],"curies":[{"name":"wp","href":"https:\/\/api.w.org\/{rel}","templated":true}]}}