{"id":1329,"date":"2025-06-11T09:07:39","date_gmt":"2025-06-11T09:07:39","guid":{"rendered":"https:\/\/www.shouyasanitary.com\/?post_type=product&#038;p=1329"},"modified":"2025-06-11T09:07:44","modified_gmt":"2025-06-11T09:07:44","slug":"wholesale-bathroom-vanity-units","status":"publish","type":"product","link":"https:\/\/www.shouyasanitary.com\/de\/produkt\/wholesale-bathroom-vanity-units\/","title":{"rendered":"Gro\u00dfhandel Badezimmer Eitelkeit Einheiten, dunkelgrau Badezimmer Schrank Set Hersteller"},"content":{"rendered":"<div class=\"wp-block-columns is-layout-flex wp-container-core-columns-is-layout-9d6595d7 wp-block-columns-is-layout-flex\">\n<div class=\"wp-block-column is-layout-flow wp-block-column-is-layout-flow\">\n<h2 class=\"wp-block-heading\">Merkmale der Badezimmerunterschr\u00e4nke\uff1a<\/h2>\n\n\n\n<p><strong>Minimalistisch-modernes Design<\/strong>: Das dunkelgraue Geh\u00e4use aus Aluminiumlegierung hat eine hochwertige Textur, die mit einem wei\u00dfen integrierten Keramikbecken kombiniert ist, mit einfachen und sauberen Linien, geeignet f\u00fcr eine Vielzahl von Dekorationsstilen.<\/p>\n\n\n\n<p><strong>Intelligenter Lichtspiegel<\/strong>: Der Spiegelschrank ist mit LED-Lichtleisten ausgestattet, das Licht ist weich und nicht blendend. Der Touch-Schalter ist einfach und langlebig, geeignet f\u00fcr die t\u00e4gliche Pflege braucht.<\/p>\n\n\n\n<p><strong>Entwicklungsregal<\/strong>: Auf beiden Seiten des Spiegelschranks befinden sich symmetrische Einlegeb\u00f6den, auf denen h\u00e4ufig benutzte Toilettenartikel bequem untergebracht werden k\u00f6nnen. So wird die Doppelfunktion von Aufbewahrung und Pr\u00e4sentation realisiert und der t\u00e4gliche Gebrauch effizienter.<\/p>\n\n\n\n<p><strong>Integriertes Keramik-Waschbecken<\/strong>: Das Becken und der Schrank sind nahtlos miteinander verbunden, die Kanten sind glatt und gratfrei, so dass sich kein Schmutz ansammeln kann und die t\u00e4gliche Reinigung leicht und einfach ist.<\/p>\n\n\n\n<p><strong>Leistungsstarkes Speichersystem: <\/strong>Der darunter liegende Schrank mit gro\u00dfem Fassungsverm\u00f6gen verf\u00fcgt \u00fcber eine Doppelt\u00fcr und eine vern\u00fcnftige Raumaufteilung, die sich f\u00fcr die Aufbewahrung von Handt\u00fcchern, Toilettenartikeln usw. eignet. In Kombination mit dem oberen Regal wird eine mehrstufige Lagerung erreicht, die den vertikalen Raum voll ausnutzt.<\/p>\n\n\n\n<p><strong>Hochwertiges Material:<\/strong> Das Hauptgeh\u00e4use besteht aus einer Rahmenkonstruktion aus Aluminiumlegierung, die robust und langlebig, feuchtigkeits- und rostfrei ist und die Nutzungsdauer verl\u00e4ngert.<\/p>\n\n\n\n<p><strong>Rabatte auf Gro\u00dfmengenpreise<\/strong>: Bei Gro\u00dfeink\u00e4ufen werden gestaffelte Preisnachl\u00e4sse gew\u00e4hrt, die kosteng\u00fcnstiger sind.<\/p>\n<\/div>\n\n\n\n<div class=\"wp-block-column is-layout-flow wp-block-column-is-layout-flow\"><div class=\"wp-block-image\">\n<figure class=\"aligncenter size-full\"><img decoding=\"async\" width=\"800\" height=\"800\" src=\"https:\/\/www.shouyasanitary.com\/wp-content\/uploads\/2025\/06\/Wholesale-Bathroom-Vanity-Units-Dark-Grey-Bathroom-Cabinet-Set-Manufacturer-1.webp\" alt=\"Gro\u00dfhandel Badezimmer Eitelkeit Einheiten, dunkelgrau Badezimmer Schrank Set Hersteller (1)\" class=\"wp-image-1327\" style=\"object-fit:cover\" srcset=\"https:\/\/www.shouyasanitary.com\/wp-content\/uploads\/2025\/06\/Wholesale-Bathroom-Vanity-Units-Dark-Grey-Bathroom-Cabinet-Set-Manufacturer-1.webp 800w, https:\/\/www.shouyasanitary.com\/wp-content\/uploads\/2025\/06\/Wholesale-Bathroom-Vanity-Units-Dark-Grey-Bathroom-Cabinet-Set-Manufacturer-1-300x300.webp 300w, https:\/\/www.shouyasanitary.com\/wp-content\/uploads\/2025\/06\/Wholesale-Bathroom-Vanity-Units-Dark-Grey-Bathroom-Cabinet-Set-Manufacturer-1-150x150.webp 150w, https:\/\/www.shouyasanitary.com\/wp-content\/uploads\/2025\/06\/Wholesale-Bathroom-Vanity-Units-Dark-Grey-Bathroom-Cabinet-Set-Manufacturer-1-768x768.webp 768w, https:\/\/www.shouyasanitary.com\/wp-content\/uploads\/2025\/06\/Wholesale-Bathroom-Vanity-Units-Dark-Grey-Bathroom-Cabinet-Set-Manufacturer-1-12x12.webp 12w, https:\/\/www.shouyasanitary.com\/wp-content\/uploads\/2025\/06\/Wholesale-Bathroom-Vanity-Units-Dark-Grey-Bathroom-Cabinet-Set-Manufacturer-1-600x600.webp 600w, https:\/\/www.shouyasanitary.com\/wp-content\/uploads\/2025\/06\/Wholesale-Bathroom-Vanity-Units-Dark-Grey-Bathroom-Cabinet-Set-Manufacturer-1-100x100.webp 100w\" sizes=\"(max-width: 800px) 100vw, 800px\" \/><\/figure>\n<\/div><\/div>\n<\/div>\n\n\n\n<p><\/p>","protected":false},"excerpt":{"rendered":"<p>Willkommen im Gro\u00dfhandel Bad Eitelkeit Einheiten, moderne minimalistische Design, Spiegel und Regal mit LED, modisch und sch\u00f6n. Fabrik-Direktvertrieb, Bulk semi-custom Lager, Unterst\u00fctzung Anpassung, willkommen zu erkundigen.<\/p>\n<h2>Badezimmer-Unterschr\u00e4nke Attribute\uff1a<\/h2>\n<p><strong>Artikel Nr.:<\/strong>01-90G<strong><br \/>Material des Geh\u00e4uses:<\/strong> Aluminium<br \/><strong>Farbe des Geh\u00e4uses:<\/strong> Dunkelgrau<br \/><strong>Spiegel:<\/strong> LED-Spiegel (3,5 mm\/3,8 mm), dreifarbige Beleuchtung, One-Touch-Entfogging, gesichert mit mehrlagiger Schaumstoffverpackung<br \/><strong>Installationsart:<\/strong>\u00a0Wandbefestigung<br \/><strong>Abmessungen (L\u00d7B\u00d7H):<\/strong> 91x40x50 cm<br \/><strong>Bruttogewicht:<\/strong> 29kg\/Satz<\/p>\n<h2>Anpassung &amp; Dienstleistungen:<\/h2>\n<p><strong>OEM &amp; ODM<\/strong>: Unterst\u00fctzt<br \/><strong>Gestaltung<\/strong>: Frei<br \/><strong>Zubeh\u00f6r<\/strong>: Waschbecken, Spiegel, Armaturen und anderes Badzubeh\u00f6r<br \/><strong>Verpacken<\/strong>: Einbaufertig<\/p>","protected":false},"featured_media":1327,"comment_status":"closed","ping_status":"closed","template":"","meta":{"_acf_changed":true},"product_brand":[],"product_cat":[23],"product_tag":[],"class_list":{"0":"post-1329","1":"product","2":"type-product","3":"status-publish","4":"has-post-thumbnail","6":"product_cat-wholesale-aluminum-bathroom-vanity-cabinets","8":"first","9":"instock","10":"shipping-taxable","11":"product-type-simple"},"acf":[],"_links":{"self":[{"href":"https:\/\/www.shouyasanitary.com\/de\/wp-json\/wp\/v2\/product\/1329","targetHints":{"allow":["GET"]}}],"collection":[{"href":"https:\/\/www.shouyasanitary.com\/de\/wp-json\/wp\/v2\/product"}],"about":[{"href":"https:\/\/www.shouyasanitary.com\/de\/wp-json\/wp\/v2\/types\/product"}],"replies":[{"embeddable":true,"href":"https:\/\/www.shouyasanitary.com\/de\/wp-json\/wp\/v2\/comments?post=1329"}],"wp:featuredmedia":[{"embeddable":true,"href":"https:\/\/www.shouyasanitary.com\/de\/wp-json\/wp\/v2\/media\/1327"}],"wp:attachment":[{"href":"https:\/\/www.shouyasanitary.com\/de\/wp-json\/wp\/v2\/media?parent=1329"}],"wp:term":[{"taxonomy":"product_brand","embeddable":true,"href":"https:\/\/www.shouyasanitary.com\/de\/wp-json\/wp\/v2\/product_brand?post=1329"},{"taxonomy":"product_cat","embeddable":true,"href":"https:\/\/www.shouyasanitary.com\/de\/wp-json\/wp\/v2\/product_cat?post=1329"},{"taxonomy":"product_tag","embeddable":true,"href":"https:\/\/www.shouyasanitary.com\/de\/wp-json\/wp\/v2\/product_tag?post=1329"}],"curies":[{"name":"wp","href":"https:\/\/api.w.org\/{rel}","templated":true}]}}