{"id":1330,"date":"2025-06-11T09:21:01","date_gmt":"2025-06-11T09:21:01","guid":{"rendered":"https:\/\/www.shouyasanitary.com\/?post_type=product&#038;p=1330"},"modified":"2025-06-11T09:21:06","modified_gmt":"2025-06-11T09:21:06","slug":"custom-vanities-bathroom","status":"publish","type":"product","link":"https:\/\/www.shouyasanitary.com\/de\/produkt\/custom-vanities-bathroom\/","title":{"rendered":"Benutzerdefinierte Eitelkeiten Bad, Einzelne schwimmende Badezimmer Schr\u00e4nke mit Spiegel in Bulk"},"content":{"rendered":"<div class=\"wp-block-columns is-layout-flex wp-container-core-columns-is-layout-9d6595d7 wp-block-columns-is-layout-flex\">\n<div class=\"wp-block-column is-layout-flow wp-block-column-is-layout-flow\">\n<h2 class=\"wp-block-heading\">Eitelkeiten Badezimmer Eigenschaften\uff1a<\/h2>\n\n\n\n<p><strong>Flexible Gr\u00f6\u00dfe: <\/strong>Die angemessene Breite von 50 cm eignet sich f\u00fcr kleine und mittelgro\u00dfe Badezimmer, und sie l\u00e4sst sich leicht in verschiedene Einrichtungsstile integrieren, um die Raumnutzung zu verbessern.<\/p>\n\n\n\n<p><strong>Elegantes Aussehen:<\/strong> Die Hauptfarben Hellbeige und Wei\u00df sind warm und weich; der Spiegel ist mit Bergmustern verziert, was k\u00fcnstlerischer ist und den Stil des Badezimmers unterstreicht.<\/p>\n\n\n\n<p><strong>Geh\u00e4use aus Aluminiumlegierung<\/strong>Wasserdicht und feuchtigkeitsbest\u00e4ndig, anpassungsf\u00e4hig an Umgebungen mit hoher Luftfeuchtigkeit, langlebig und leicht, einfach zu transportieren und zu installieren und eine ideale Wahl f\u00fcr kommerzielle Badezimmer.<\/p>\n\n\n\n<p><strong>Praktisches Aufbewahrungsdesign: <\/strong>Der LED-Spiegelschrank ist mit dem Stauraum-Hauptschrank kombiniert, was nicht nur f\u00fcr eine klare Beleuchtung sorgt, sondern auch die Unterbringung und Verwendung der t\u00e4glichen Toilettenartikel erleichtert.<\/p>\n\n\n\n<p><strong>Leicht zu reinigen<\/strong>n: Die Oberfl\u00e4che des Keramikbeckens ist glatt und empfindlich, und es ist nicht leicht, Staub anzusammeln; die wandmontierte Struktur vermeidet Staub- und Wasseransammlungen, was f\u00fcr die Bodenreinigung und die t\u00e4gliche Wartung praktisch ist.<\/p>\n\n\n\n<p><strong>Direktlieferung ab Werk<\/strong>: Unterst\u00fctzt die individuelle Anpassung von mehreren Spezifikationen und Farben. Fabrikdirektlieferung gew\u00e4hrleistet Preisvorteil und stabile Qualit\u00e4t, um die Gro\u00dfhandelsanpassung Bed\u00fcrfnisse der Engineering-Projekte, Bad Marken, etc. zu erf\u00fcllen.<\/p>\n<\/div>\n\n\n\n<div class=\"wp-block-column is-layout-flow wp-block-column-is-layout-flow\"><div class=\"wp-block-image\">\n<figure class=\"aligncenter size-full\"><img decoding=\"async\" width=\"800\" height=\"800\" src=\"https:\/\/www.shouyasanitary.com\/wp-content\/uploads\/2025\/06\/Custom-Vanities-Bathroom-Luxury-Floating-Bathroom-Cabiners-with-Mirror-in-Bulk-1.webp\" alt=\"Benutzerdefinierte Eitelkeiten Badezimmer, Luxus schwimmende Badezimmer Kabinette mit Spiegel in Bulk (1)\" class=\"wp-image-1321\" style=\"object-fit:cover\" srcset=\"https:\/\/www.shouyasanitary.com\/wp-content\/uploads\/2025\/06\/Custom-Vanities-Bathroom-Luxury-Floating-Bathroom-Cabiners-with-Mirror-in-Bulk-1.webp 800w, https:\/\/www.shouyasanitary.com\/wp-content\/uploads\/2025\/06\/Custom-Vanities-Bathroom-Luxury-Floating-Bathroom-Cabiners-with-Mirror-in-Bulk-1-300x300.webp 300w, https:\/\/www.shouyasanitary.com\/wp-content\/uploads\/2025\/06\/Custom-Vanities-Bathroom-Luxury-Floating-Bathroom-Cabiners-with-Mirror-in-Bulk-1-150x150.webp 150w, https:\/\/www.shouyasanitary.com\/wp-content\/uploads\/2025\/06\/Custom-Vanities-Bathroom-Luxury-Floating-Bathroom-Cabiners-with-Mirror-in-Bulk-1-768x768.webp 768w, https:\/\/www.shouyasanitary.com\/wp-content\/uploads\/2025\/06\/Custom-Vanities-Bathroom-Luxury-Floating-Bathroom-Cabiners-with-Mirror-in-Bulk-1-12x12.webp 12w, https:\/\/www.shouyasanitary.com\/wp-content\/uploads\/2025\/06\/Custom-Vanities-Bathroom-Luxury-Floating-Bathroom-Cabiners-with-Mirror-in-Bulk-1-600x600.webp 600w, https:\/\/www.shouyasanitary.com\/wp-content\/uploads\/2025\/06\/Custom-Vanities-Bathroom-Luxury-Floating-Bathroom-Cabiners-with-Mirror-in-Bulk-1-100x100.webp 100w\" sizes=\"(max-width: 800px) 100vw, 800px\" \/><\/figure>\n<\/div><\/div>\n<\/div>","protected":false},"excerpt":{"rendered":"<p>Bulk benutzerdefinierte Eitelkeiten Bad, kleine einzelne Bad Eitelkeit, aus Aluminium, LED-Spiegelschrank mit Berg Muster Dekoration, elegant und sch\u00f6n. Fabrik direkt, Unterst\u00fctzung Bulk-Anpassung. Bitte kontaktieren Sie uns f\u00fcr ein Angebot und Produktkatalog.<\/p>\n<h2>Eitelkeiten Badezimmer Attribute\uff1a<\/h2>\n<p><strong>Artikel Nr.:<\/strong>01-50K<strong><br \/>Material des Geh\u00e4uses:<\/strong> Aluminium<br \/><strong>Farbe des Geh\u00e4uses:<\/strong> Gelb<br \/><strong>Spiegel:<\/strong> LED-Spiegel (3,5 mm\/3,8 mm), dreifarbige Beleuchtung, One-Touch-Entfogging, gesichert mit mehrlagiger Schaumstoffverpackung<br \/><strong>Installationsart:<\/strong>\u00a0Wandbefestigung<br \/><strong>Abmessungen (L\u00d7B\u00d7H):<\/strong> 51x40x50 cm<br \/><strong>Bruttogewicht:<\/strong> 28kg\/Satz<\/p>\n<h2>Anpassung &amp; Dienstleistungen:<\/h2>\n<p><strong>OEM &amp; ODM<\/strong>: Unterst\u00fctzt<br \/><strong>Gestaltung<\/strong>: Frei<br \/><strong>Zubeh\u00f6r<\/strong>: Waschbecken, Spiegel, Armaturen und anderes Badzubeh\u00f6r<br \/><strong>Verpacken<\/strong>: Einbaufertig<\/p>","protected":false},"featured_media":1321,"comment_status":"closed","ping_status":"closed","template":"","meta":{"_acf_changed":false},"product_brand":[],"product_cat":[23],"product_tag":[],"class_list":{"0":"post-1330","1":"product","2":"type-product","3":"status-publish","4":"has-post-thumbnail","6":"product_cat-wholesale-aluminum-bathroom-vanity-cabinets","8":"first","9":"instock","10":"shipping-taxable","11":"product-type-simple"},"acf":[],"_links":{"self":[{"href":"https:\/\/www.shouyasanitary.com\/de\/wp-json\/wp\/v2\/product\/1330","targetHints":{"allow":["GET"]}}],"collection":[{"href":"https:\/\/www.shouyasanitary.com\/de\/wp-json\/wp\/v2\/product"}],"about":[{"href":"https:\/\/www.shouyasanitary.com\/de\/wp-json\/wp\/v2\/types\/product"}],"replies":[{"embeddable":true,"href":"https:\/\/www.shouyasanitary.com\/de\/wp-json\/wp\/v2\/comments?post=1330"}],"wp:featuredmedia":[{"embeddable":true,"href":"https:\/\/www.shouyasanitary.com\/de\/wp-json\/wp\/v2\/media\/1321"}],"wp:attachment":[{"href":"https:\/\/www.shouyasanitary.com\/de\/wp-json\/wp\/v2\/media?parent=1330"}],"wp:term":[{"taxonomy":"product_brand","embeddable":true,"href":"https:\/\/www.shouyasanitary.com\/de\/wp-json\/wp\/v2\/product_brand?post=1330"},{"taxonomy":"product_cat","embeddable":true,"href":"https:\/\/www.shouyasanitary.com\/de\/wp-json\/wp\/v2\/product_cat?post=1330"},{"taxonomy":"product_tag","embeddable":true,"href":"https:\/\/www.shouyasanitary.com\/de\/wp-json\/wp\/v2\/product_tag?post=1330"}],"curies":[{"name":"wp","href":"https:\/\/api.w.org\/{rel}","templated":true}]}}