{"id":1355,"date":"2025-06-11T09:54:36","date_gmt":"2025-06-11T09:54:36","guid":{"rendered":"https:\/\/www.shouyasanitary.com\/?post_type=product&#038;p=1355"},"modified":"2025-06-11T09:54:41","modified_gmt":"2025-06-11T09:54:41","slug":"wholesale-bathroom-cabinet-vanity","status":"publish","type":"product","link":"https:\/\/www.shouyasanitary.com\/de\/produkt\/wholesale-bathroom-cabinet-vanity\/","title":{"rendered":"Gro\u00dfhandel Badezimmer Kabinett Eitelkeit grau mit Spiegel Schrank in Bulk"},"content":{"rendered":"<div class=\"wp-block-columns is-layout-flex wp-container-core-columns-is-layout-9d6595d7 wp-block-columns-is-layout-flex\">\n<div class=\"wp-block-column is-layout-flow wp-block-column-is-layout-flow\">\n<h2 class=\"wp-block-heading\">Badezimmerschrank Vanity Eigenschaften\uff1a<\/h2>\n\n\n\n<p><strong>Moderner minimalistischer Stil<\/strong>Die Hauptfarbe ist Dunkelgrau, die Linien sind minimalistisch, das Aussehen ist modern und modisch und l\u00e4sst sich leicht in verschiedene Einrichtungsstile integrieren.<\/p>\n\n\n\n<p><strong>Hochwertiges Material aus Aluminiumlegierung<\/strong>Die wasserdichten, feuchtigkeitsbest\u00e4ndigen und korrosionssch\u00fctzenden Eigenschaften machen es stabil und langlebig in feuchten Badezimmern, ohne dass es sich verformt oder verblasst.<\/p>\n\n\n\n<p><strong>Multifunktionales Layout<\/strong> <strong>von Spiegelschrank<\/strong>: Spiegelschrank kombiniert mit offenen Regalen, einfaches Verstauen und Zugreifen auf Dinge des t\u00e4glichen Bedarfs<\/p>\n\n\n\n<p><strong>LED-Spiegelleuchte Design<\/strong>Der Spiegelschrank ist mit LED-Beleuchtungsstreifen ausgestattet, die mit einer Ber\u00fchrung ein- und ausgeschaltet werden k\u00f6nnen. Das Licht ist sanft und nicht blendend, was den Komfort f\u00fcr den Benutzer erh\u00f6ht.<\/p>\n\n\n\n<p><strong>Wandmontierte Installation<\/strong>: spart Bodenfl\u00e4che, ist leichter, leicht zu reinigen und eignet sich besonders f\u00fcr Badezimmer mit begrenztem Platzangebot oder hochwertige Wohnprojekte.<\/p>\n\n\n\n<p><strong>Direktlieferung ab Werk<\/strong>: hergestellt von professionellen Herstellern von Badezimmerschr\u00e4nken, die OEM\/ODM-Dienstleistungen unterst\u00fctzen. Mit stabiler Produktionskapazit\u00e4t, schneller Lieferung und hochwertigem Kundendienst.<\/p>\n<\/div>\n\n\n\n<div class=\"wp-block-column is-layout-flow wp-block-column-is-layout-flow\"><div class=\"wp-block-image\">\n<figure class=\"aligncenter size-full\"><img decoding=\"async\" width=\"766\" height=\"766\" src=\"https:\/\/www.shouyasanitary.com\/wp-content\/uploads\/2025\/06\/Wholesale-Bathroom-Cabinet-Vanity\uff0cAluminium-Dunkelgrau-Badezimmer-Schrank-Set-nach-Ma\u00df-1.webp\" alt=\"Gro\u00dfhandel Badezimmer Schrank Eitelkeit, Aluminium dunkel grau Badezimmer Schrank Set Custom (1)\" class=\"wp-image-1358\" style=\"object-fit:cover\" srcset=\"\" sizes=\"(max-width: 766px) 100vw, 766px\" data-srcset=\"\" \/><\/figure>\n<\/div><\/div>\n<\/div>","protected":false},"excerpt":{"rendered":"<p>Willkommen im Gro\u00dfhandel Bad Schrank Eitelkeit, dunkelgrau Ton, Aluminium-Legierung, einschlie\u00dflich LED-Spiegelschrank und Regal, modern und einfach, um die Bed\u00fcrfnisse der Badnutzung zu erf\u00fcllen. Fabrik direkt liefern, unterst\u00fctzen B-End-Gro\u00dfhandel und Anpassung, kontaktieren Sie uns f\u00fcr Anfragen.<\/p>\n<h2>Badezimmerschrank Eitelkeit Attribute\uff1a<\/h2>\n<p><strong>Artikel Nr.:<\/strong>01-60G<strong><br \/>Material des Geh\u00e4uses:<\/strong> Aluminium<br \/><strong>Farbe des Geh\u00e4uses:<\/strong> Dunkelgrau<br \/><strong>Spiegel:<\/strong> LED-Spiegel (3,5 mm\/3,8 mm), dreifarbige Beleuchtung, One-Touch-Entfogging, gesichert mit mehrlagiger Schaumstoffverpackung<br \/><strong>Installationsart:<\/strong>\u00a0Wandbefestigung<br \/><strong>Abmessungen (L\u00d7B\u00d7H):<\/strong> 61*40*50 cm<br \/><strong>Bruttogewicht:<\/strong> 28kg\/Satz<\/p>\n<h2>Anpassung &amp; Dienstleistungen:<\/h2>\n<p><strong>OEM &amp; ODM<\/strong>: Unterst\u00fctzt<br \/><strong>Gestaltung<\/strong>: Frei<br \/><strong>Zubeh\u00f6r<\/strong>: Waschbecken, Spiegel, Armaturen und anderes Badzubeh\u00f6r<br \/><strong>Verpacken<\/strong>: Einbaufertig<\/p>","protected":false},"featured_media":1358,"comment_status":"closed","ping_status":"closed","template":"","meta":{"_acf_changed":false},"product_brand":[],"product_cat":[23],"product_tag":[],"class_list":{"0":"post-1355","1":"product","2":"type-product","3":"status-publish","4":"has-post-thumbnail","6":"product_cat-wholesale-aluminum-bathroom-vanity-cabinets","8":"first","9":"instock","10":"shipping-taxable","11":"product-type-simple"},"acf":[],"_links":{"self":[{"href":"https:\/\/www.shouyasanitary.com\/de\/wp-json\/wp\/v2\/product\/1355","targetHints":{"allow":["GET"]}}],"collection":[{"href":"https:\/\/www.shouyasanitary.com\/de\/wp-json\/wp\/v2\/product"}],"about":[{"href":"https:\/\/www.shouyasanitary.com\/de\/wp-json\/wp\/v2\/types\/product"}],"replies":[{"embeddable":true,"href":"https:\/\/www.shouyasanitary.com\/de\/wp-json\/wp\/v2\/comments?post=1355"}],"wp:featuredmedia":[{"embeddable":true,"href":"https:\/\/www.shouyasanitary.com\/de\/wp-json\/wp\/v2\/media\/1358"}],"wp:attachment":[{"href":"https:\/\/www.shouyasanitary.com\/de\/wp-json\/wp\/v2\/media?parent=1355"}],"wp:term":[{"taxonomy":"product_brand","embeddable":true,"href":"https:\/\/www.shouyasanitary.com\/de\/wp-json\/wp\/v2\/product_brand?post=1355"},{"taxonomy":"product_cat","embeddable":true,"href":"https:\/\/www.shouyasanitary.com\/de\/wp-json\/wp\/v2\/product_cat?post=1355"},{"taxonomy":"product_tag","embeddable":true,"href":"https:\/\/www.shouyasanitary.com\/de\/wp-json\/wp\/v2\/product_tag?post=1355"}],"curies":[{"name":"wp","href":"https:\/\/api.w.org\/{rel}","templated":true}]}}