{"id":1361,"date":"2025-06-11T09:47:17","date_gmt":"2025-06-11T09:47:17","guid":{"rendered":"https:\/\/www.shouyasanitary.com\/?post_type=product&#038;p=1361"},"modified":"2025-10-28T07:35:16","modified_gmt":"2025-10-28T07:35:16","slug":"custom-made-bathroom-cabinets","status":"publish","type":"product","link":"https:\/\/www.shouyasanitary.com\/de\/produkt\/custom-made-bathroom-cabinets\/","title":{"rendered":"Benutzerdefinierte Bad Schr\u00e4nke mit LED-Spiegel, Wand geh\u00e4ngt Badezimmer Eitelkeit wei\u00df Gro\u00dfhandel"},"content":{"rendered":"<div class=\"wp-block-columns is-layout-flex wp-container-core-columns-is-layout-9d6595d7 wp-block-columns-is-layout-flex\">\n<div class=\"wp-block-column is-layout-flow wp-block-column-is-layout-flow\">\n<h2 class=\"wp-block-heading\">Ma\u00dfgefertigte Badezimmerschr\u00e4nke Merkmale\uff1a<\/h2>\n\n\n\n<p><strong>Hochwertiges Material aus Aluminiumlegierung: <\/strong>Hervorragende Wasserdichtigkeit, nicht leicht zu rosten und zu brechen, die erste Wahl f\u00fcr hochwertige Badezimmerprojekte.<\/p>\n\n\n\n<p><strong>Spiegelschrank mit Einlegeb\u00f6den:<\/strong> Die LED-Spiegelschr\u00e4nke sind mit offenen, doppellagigen Regalen auf beiden Seiten kombiniert, und die \u00e4u\u00dferen Regale dienen zur Unterbringung von h\u00e4ufig verwendeten Gegenst\u00e4nden, so dass der vertikale Raum optimal genutzt wird.<\/p>\n\n\n\n<p><strong>Effizientes Stauraumkonzept f\u00fcr den Badezimmerschrank: <\/strong>drei Schrankt\u00fcren verteilt sind, ist der Innenraum ger\u00e4umig, und gro\u00dfe Gegenst\u00e4nde lassen sich leicht einordnen und aufbewahren. Das grifflose Design hat eine glatte Haptik, die das Erscheinungsbild minimalistischer macht, die Gesamtsch\u00f6nheit des Raums verbessert und gleichzeitig sicherer und kollisionssicherer ist.<\/p>\n\n\n\n<p><strong>Bereitstellung von OEM\/ODM-Diensten: <\/strong>unterst\u00fctzt mehrdimensionale Anpassungen wie Logo, Farbe, Gr\u00f6\u00dfe usw., um den Platz- und Stilanforderungen verschiedener Projekte gerecht zu werden, geeignet f\u00fcr verschiedene kommerzielle Bereiche wie Wohnh\u00e4user, Wohnungen, Hotels usw.<\/p>\n<\/div>\n\n\n\n<div class=\"wp-block-column is-layout-flow wp-block-column-is-layout-flow\"><div class=\"wp-block-image\">\n<figure class=\"aligncenter size-full\"><img decoding=\"async\" width=\"756\" height=\"756\" src=\"https:\/\/www.shouyasanitary.com\/wp-content\/uploads\/2025\/06\/Custom-Made-Bathroom-Cabinets-1.webp\" alt=\"Ma\u00dfgefertigte Badezimmerschr\u00e4nke (1)\" class=\"wp-image-1362\" style=\"object-fit:cover\" srcset=\"https:\/\/www.shouyasanitary.com\/wp-content\/uploads\/2025\/06\/Custom-Made-Bathroom-Cabinets-1.webp 756w, https:\/\/www.shouyasanitary.com\/wp-content\/uploads\/2025\/06\/Custom-Made-Bathroom-Cabinets-1-300x300.webp 300w, https:\/\/www.shouyasanitary.com\/wp-content\/uploads\/2025\/06\/Custom-Made-Bathroom-Cabinets-1-150x150.webp 150w, https:\/\/www.shouyasanitary.com\/wp-content\/uploads\/2025\/06\/Custom-Made-Bathroom-Cabinets-1-12x12.webp 12w, https:\/\/www.shouyasanitary.com\/wp-content\/uploads\/2025\/06\/Custom-Made-Bathroom-Cabinets-1-600x600.webp 600w, https:\/\/www.shouyasanitary.com\/wp-content\/uploads\/2025\/06\/Custom-Made-Bathroom-Cabinets-1-100x100.webp 100w\" sizes=\"(max-width: 756px) 100vw, 756px\" \/><\/figure>\n<\/div><\/div>\n<\/div>","protected":false},"excerpt":{"rendered":"<p>Ma\u00dfgefertigte Badezimmerschr\u00e4nke, ausgestattet mit LED-Spiegelschrank und einem Keramikbecken, ideal f\u00fcr Hotels, Wohnungen und Heimwerkerprojekte. Wir bieten Batch semi-inventory Auftr\u00e4ge und Unterst\u00fctzung der Anpassung.  Kontaktieren Sie uns f\u00fcr mehr Gro\u00dfhandel Angebote und ma\u00dfgeschneiderte L\u00f6sungen!<\/p>\n<h2>Ma\u00dfgefertigte Badezimmerschr\u00e4nke Attribute\uff1a<\/h2>\n<p><strong>Artikel Nr.:<\/strong>01-100K<strong><br \/>Material des Geh\u00e4uses:<\/strong> Aluminium<br \/><strong>Farbe des Geh\u00e4uses:<\/strong> Khaki<br \/><strong>Spiegel:<\/strong> LED-Spiegel (3,5 mm\/3,8 mm), dreifarbige Beleuchtung, One-Touch-Entfogging, gesichert mit mehrlagiger Schaumstoffverpackung<br \/><strong>Installationsart:<\/strong>\u00a0Wandbefestigung<br \/><strong>Abmessungen (L\u00d7B\u00d7H):<\/strong> 101*40*50 cm<br \/><strong>Bruttogewicht:<\/strong> 28kg\/Satz<\/p>\n<h2>Anpassung &amp; Dienstleistungen:<\/h2>\n<p><strong>OEM &amp; ODM<\/strong>: Unterst\u00fctzt<br \/><strong>Gestaltung<\/strong>: Frei<br \/><strong>Zubeh\u00f6r<\/strong>: Waschbecken, Spiegel, Armaturen und anderes Badzubeh\u00f6r<br \/><strong>Verpacken<\/strong>: Einbaufertig<\/p>","protected":false},"featured_media":1362,"comment_status":"closed","ping_status":"closed","template":"","meta":{"_acf_changed":false},"product_brand":[],"product_cat":[23],"product_tag":[],"class_list":{"0":"post-1361","1":"product","2":"type-product","3":"status-publish","4":"has-post-thumbnail","6":"product_cat-wholesale-aluminum-bathroom-vanity-cabinets","8":"first","9":"instock","10":"shipping-taxable","11":"product-type-simple"},"acf":[],"_links":{"self":[{"href":"https:\/\/www.shouyasanitary.com\/de\/wp-json\/wp\/v2\/product\/1361","targetHints":{"allow":["GET"]}}],"collection":[{"href":"https:\/\/www.shouyasanitary.com\/de\/wp-json\/wp\/v2\/product"}],"about":[{"href":"https:\/\/www.shouyasanitary.com\/de\/wp-json\/wp\/v2\/types\/product"}],"replies":[{"embeddable":true,"href":"https:\/\/www.shouyasanitary.com\/de\/wp-json\/wp\/v2\/comments?post=1361"}],"wp:featuredmedia":[{"embeddable":true,"href":"https:\/\/www.shouyasanitary.com\/de\/wp-json\/wp\/v2\/media\/1362"}],"wp:attachment":[{"href":"https:\/\/www.shouyasanitary.com\/de\/wp-json\/wp\/v2\/media?parent=1361"}],"wp:term":[{"taxonomy":"product_brand","embeddable":true,"href":"https:\/\/www.shouyasanitary.com\/de\/wp-json\/wp\/v2\/product_brand?post=1361"},{"taxonomy":"product_cat","embeddable":true,"href":"https:\/\/www.shouyasanitary.com\/de\/wp-json\/wp\/v2\/product_cat?post=1361"},{"taxonomy":"product_tag","embeddable":true,"href":"https:\/\/www.shouyasanitary.com\/de\/wp-json\/wp\/v2\/product_tag?post=1361"}],"curies":[{"name":"wp","href":"https:\/\/api.w.org\/{rel}","templated":true}]}}