{"id":1372,"date":"2025-06-11T09:28:44","date_gmt":"2025-06-11T09:28:44","guid":{"rendered":"https:\/\/www.shouyasanitary.com\/?post_type=product&#038;p=1372"},"modified":"2025-06-11T09:28:49","modified_gmt":"2025-06-11T09:28:49","slug":"aluminum-bathroom-cabinet-custom","status":"publish","type":"product","link":"https:\/\/www.shouyasanitary.com\/de\/produkt\/aluminum-bathroom-cabinet-custom\/","title":{"rendered":"Aluminium Bad Schrank benutzerdefinierte, Gro\u00dfhandel kleine Badezimmer Eitelkeit mit Waschbecken"},"content":{"rendered":"<div class=\"wp-block-columns is-layout-flex wp-container-core-columns-is-layout-9d6595d7 wp-block-columns-is-layout-flex\">\n<div class=\"wp-block-column is-layout-flow wp-block-column-is-layout-flow\">\n<h2 class=\"wp-block-heading\">Aluminium-Badeschrank Merkmale:<\/h2>\n\n\n\n<p><strong>Kleinformatiges Design<\/strong>: Die kompakte Struktur kann flexibel an kleine R\u00e4ume angepasst werden, wie z. B. Minib\u00e4der, Hotelsuiten, Einzelappartements usw., um den Anforderungen einer h\u00e4ufigen Nutzung gerecht zu werden.<\/p>\n\n\n\n<p><strong>Hochwertiges Aluminium:<\/strong> Er besteht aus einer leichten und hochfesten Aluminiumlegierung, ist feuchtigkeitsbest\u00e4ndig und korrosionsbest\u00e4ndig, rostet nicht und verformt sich auch nach l\u00e4ngerem Gebrauch nicht, besonders geeignet f\u00fcr feuchte Umgebungen.<\/p>\n\n\n\n<p><strong>Frisches milchig-wei\u00dfes Aussehen:<\/strong> Die milchig-wei\u00dfe Beschichtung passt zu den minimalistischen Linien, ist warm und elegant, passt zu einer Vielzahl von Einrichtungsstilen und verst\u00e4rkt die Helligkeit des Raumes.<\/p>\n\n\n\n<p><strong>Integrierter Spiegelschrank<\/strong>: Die obere Schicht ist ein hochaufl\u00f6sender Spiegel und die untere Schicht ist ein offenes Gitter, das die Aufbewahrung und den Zugriff auf h\u00e4ufig verwendete Toilettenartikel erleichtert.<\/p>\n\n\n\n<p><strong>Schwimmende Struktur<\/strong>: Wandmontiertes Design, schwebt in der Luft, ohne Platz zu beanspruchen, ist leicht zu reinigen und schafft ein leichtes und transparentes Raumgef\u00fchl.<\/p>\n\n\n\n<p><strong>Waschbecken aus Keramik<\/strong>: Die Spiegelglasur ist wei\u00df und zart, schmutzabweisend und leicht zu reinigen und ist mit einer Wasserhahnschnittstelle ausgestattet, um den t\u00e4glichen Reinigungsbedarf zu decken.<\/p>\n\n\n\n<p><strong>Direktlieferung ab Werk<\/strong>Unterst\u00fctzung von OEM\/ODM-Services, wie LOGO, Farbe, Gr\u00f6\u00dfe, etc., stabile Lieferung, zuverl\u00e4ssige Qualit\u00e4t, Gro\u00dfhandelspreis, besonders geeignet f\u00fcr Hotels, Luxuswohnungen und feine Dekorationsprojekte.<\/p>\n<\/div>\n\n\n\n<div class=\"wp-block-column is-layout-flow wp-block-column-is-layout-flow\"><div class=\"wp-block-image\">\n<figure class=\"aligncenter size-full\"><img decoding=\"async\" width=\"700\" height=\"700\" src=\"https:\/\/www.shouyasanitary.com\/wp-content\/uploads\/2025\/06\/Aluminum-Bathroom-Cabinet-Custom.webp\" alt=\"Aluminium-Badeschrank Custom\" class=\"wp-image-1368\" style=\"object-fit:cover\" srcset=\"https:\/\/www.shouyasanitary.com\/wp-content\/uploads\/2025\/06\/Aluminum-Bathroom-Cabinet-Custom.webp 700w, https:\/\/www.shouyasanitary.com\/wp-content\/uploads\/2025\/06\/Aluminum-Bathroom-Cabinet-Custom-300x300.webp 300w, https:\/\/www.shouyasanitary.com\/wp-content\/uploads\/2025\/06\/Aluminum-Bathroom-Cabinet-Custom-150x150.webp 150w, https:\/\/www.shouyasanitary.com\/wp-content\/uploads\/2025\/06\/Aluminum-Bathroom-Cabinet-Custom-12x12.webp 12w, https:\/\/www.shouyasanitary.com\/wp-content\/uploads\/2025\/06\/Aluminum-Bathroom-Cabinet-Custom-600x600.webp 600w, https:\/\/www.shouyasanitary.com\/wp-content\/uploads\/2025\/06\/Aluminum-Bathroom-Cabinet-Custom-100x100.webp 100w\" sizes=\"(max-width: 700px) 100vw, 700px\" \/><\/figure>\n<\/div><\/div>\n<\/div>","protected":false},"excerpt":{"rendered":"<p>Der Aluminium-Badeschrank wurde speziell f\u00fcr kleine Badezimmer entwickelt. Er integriert die Funktionen Aufbewahrung, Waschen und Ankleiden und ist eine ideale Wahl f\u00fcr Hotels, Wohnungen und feine Wohnprojekte. Fabrik direkt liefern, Gro\u00dfhandelspreise, stabile Versorgung, zuverl\u00e4ssige Qualit\u00e4t! Kontaktieren Sie uns f\u00fcr individuelle L\u00f6sungen!<\/p>\n<h2>Aluminium-Badezimmerschrank Eigenschaften\uff1a<\/h2>\n<p><strong>Artikel Nr.:<\/strong>HR6621-40<strong><br \/>Material des Geh\u00e4uses:<\/strong> Aluminium<br \/><strong>Farbe des Geh\u00e4uses: <\/strong>Wei\u00df<br \/><strong>Spiegel:<\/strong>\u00a0LED-Spiegel (3,5 mm \/ 3,8 mm), dreifarbige Beleuchtung, One-Touch-Enteisung, gesichert mit mehrlagiger Schaumstoffverpackung<br \/><strong>Installationsart:<\/strong>\u00a0Wandbefestigung<br \/><strong>Abmessungen (L \u00d7 B \u00d7 H):<\/strong> 40*36*48 cm<br \/><strong>Bruttogewicht:<\/strong> 25kg\/Satz<\/p>\n<h2>Anpassung &amp; Dienstleistungen:<\/h2>\n<p><strong>OEM &amp; ODM<\/strong>: Unterst\u00fctzt<br \/><strong>Gestaltung<\/strong>: Frei<br \/><strong>Zubeh\u00f6r<\/strong>: Waschbecken, Spiegel, Armaturen und anderes Badzubeh\u00f6r<br \/><strong>Verpacken<\/strong>: Einbaufertig<\/p>","protected":false},"featured_media":1368,"comment_status":"closed","ping_status":"closed","template":"","meta":{"_acf_changed":false},"product_brand":[],"product_cat":[23],"product_tag":[],"class_list":{"0":"post-1372","1":"product","2":"type-product","3":"status-publish","4":"has-post-thumbnail","6":"product_cat-wholesale-aluminum-bathroom-vanity-cabinets","8":"first","9":"instock","10":"shipping-taxable","11":"product-type-simple"},"acf":[],"_links":{"self":[{"href":"https:\/\/www.shouyasanitary.com\/de\/wp-json\/wp\/v2\/product\/1372","targetHints":{"allow":["GET"]}}],"collection":[{"href":"https:\/\/www.shouyasanitary.com\/de\/wp-json\/wp\/v2\/product"}],"about":[{"href":"https:\/\/www.shouyasanitary.com\/de\/wp-json\/wp\/v2\/types\/product"}],"replies":[{"embeddable":true,"href":"https:\/\/www.shouyasanitary.com\/de\/wp-json\/wp\/v2\/comments?post=1372"}],"wp:featuredmedia":[{"embeddable":true,"href":"https:\/\/www.shouyasanitary.com\/de\/wp-json\/wp\/v2\/media\/1368"}],"wp:attachment":[{"href":"https:\/\/www.shouyasanitary.com\/de\/wp-json\/wp\/v2\/media?parent=1372"}],"wp:term":[{"taxonomy":"product_brand","embeddable":true,"href":"https:\/\/www.shouyasanitary.com\/de\/wp-json\/wp\/v2\/product_brand?post=1372"},{"taxonomy":"product_cat","embeddable":true,"href":"https:\/\/www.shouyasanitary.com\/de\/wp-json\/wp\/v2\/product_cat?post=1372"},{"taxonomy":"product_tag","embeddable":true,"href":"https:\/\/www.shouyasanitary.com\/de\/wp-json\/wp\/v2\/product_tag?post=1372"}],"curies":[{"name":"wp","href":"https:\/\/api.w.org\/{rel}","templated":true}]}}