{"id":1375,"date":"2025-06-20T10:52:08","date_gmt":"2025-06-20T10:52:08","guid":{"rendered":"https:\/\/www.shouyasanitary.com\/?post_type=product&#038;p=1375"},"modified":"2025-06-20T10:52:13","modified_gmt":"2025-06-20T10:52:13","slug":"bathroom-custom-vanities","status":"publish","type":"product","link":"https:\/\/www.shouyasanitary.com\/de\/produkt\/bathroom-custom-vanities\/","title":{"rendered":"Bad benutzerdefinierte Eitelkeiten grau, Gro\u00dfhandel Badezimmerschrank mit Spiegel und Licht"},"content":{"rendered":"<div class=\"wp-block-columns is-layout-flex wp-container-core-columns-is-layout-9d6595d7 wp-block-columns-is-layout-flex\">\n<div class=\"wp-block-column is-layout-flow wp-block-column-is-layout-flow\">\n<h2 class=\"wp-block-heading\">Eigenschaften der kundenspezifischen Badezimmer-Eitelkeiten\uff1a<\/h2>\n\n\n\n<p><strong>Hochwertiges Material aus Aluminiumlegierung<\/strong>: Er ist hervorragend wasserdicht, feuchtigkeitsbest\u00e4ndig und korrosionsbest\u00e4ndig, was eine lange Lebensdauer in einem Badezimmer mit hoher Luftfeuchtigkeit gew\u00e4hrleistet.<\/p>\n\n\n\n<p><strong>Elegantes Aussehen<\/strong>: Es ist haupts\u00e4chlich ein sanftes Grau-Lila, mit einem frischen und eleganten visuellen Effekt. Die minimalistischen Linien und das h\u00e4ngende Design sorgen f\u00fcr eine aufger\u00e4umte Raumwirkung und eine leichte und transparente Badatmosph\u00e4re.<\/p>\n\n\n\n<p><strong>Exquisites Spiegelschrank-Design<\/strong>: Die linke Seite ist ein hochaufl\u00f6sender Spiegelschrank mit Touch-LED-Beleuchtung, der die Anforderungen an die Reinigung, Beleuchtung und Aufbewahrung erf\u00fcllt. Die rechte Seite ist ein dreilagiges offenes Regal, in dem h\u00e4ufig verwendete Gegenst\u00e4nde gut sichtbar und einfach zu benutzen sind.<\/p>\n\n\n\n<p><strong>Hochwertiges Keramik-Becken<\/strong>: Die Oberfl\u00e4che ist glatt und zart, mit starker Antifouling-F\u00e4higkeit. Sie ist leicht zu reinigen und verf\u00fcgt \u00fcber eine aufrechte Wasserhahnschnittstelle f\u00fcr bequeme t\u00e4gliche Waschvorg\u00e4nge.<\/p>\n\n\n\n<p><strong>Doppelt\u00fcriger Hauptschrank<\/strong>: Die T\u00fcrverkleidung ist flach und glatt, und das \u00d6ffnen und Schlie\u00dfen erfolgt reibungslos. Der innere Stauraum ist so konzipiert, dass Handt\u00fccher, Toilettenartikel, Ersatzteile usw. f\u00fcr den t\u00e4glichen Bedarf untergebracht werden k\u00f6nnen.<\/p>\n\n\n\n<p><strong>Kompakte Gr\u00f6\u00dfe<\/strong>: Passt genau zu kleinen und mittelgro\u00dfen Badezimmern, Einzelappartements, Hotelsuiten und anderen kompakten R\u00e4umen, um eine effiziente Raumnutzung zu erreichen und gleichzeitig die Gesamtstruktur des Badezimmers zu verbessern.<\/p>\n\n\n\n<p><strong>Unterst\u00fctzung OEM\/ODM<\/strong>: Wir bieten eine Vielzahl von personalisierten Anpassungsl\u00f6sungen, einschlie\u00dflich Farbe, Gr\u00f6\u00dfe, LOGO, und Material, etc. Fabrik direktes Angebot und stabile Qualit\u00e4t machen es eine gute Wahl f\u00fcr diejenigen, die f\u00fcr mittlere bis hochwertige Badezimmerschrank Gro\u00dfhandelspartner suchen.<\/p>\n<\/div>\n\n\n\n<div class=\"wp-block-column is-layout-flow wp-block-column-is-layout-flow\"><div class=\"wp-block-image\">\n<figure class=\"aligncenter size-full\"><img decoding=\"async\" width=\"700\" height=\"700\" src=\"https:\/\/www.shouyasanitary.com\/wp-content\/uploads\/2025\/06\/Bathroom-Custom-Vanities-Grey-Wholesale-Bathroom-Cabinet.webp\" alt=\"Badezimmer Individuelle Eitelkeiten Grau Gro\u00dfhandel Badezimmerschrank\" class=\"wp-image-1376\" style=\"object-fit:cover\" srcset=\"https:\/\/www.shouyasanitary.com\/wp-content\/uploads\/2025\/06\/Bathroom-Custom-Vanities-Grey-Wholesale-Bathroom-Cabinet.webp 700w, https:\/\/www.shouyasanitary.com\/wp-content\/uploads\/2025\/06\/Bathroom-Custom-Vanities-Grey-Wholesale-Bathroom-Cabinet-300x300.webp 300w, https:\/\/www.shouyasanitary.com\/wp-content\/uploads\/2025\/06\/Bathroom-Custom-Vanities-Grey-Wholesale-Bathroom-Cabinet-150x150.webp 150w, https:\/\/www.shouyasanitary.com\/wp-content\/uploads\/2025\/06\/Bathroom-Custom-Vanities-Grey-Wholesale-Bathroom-Cabinet-12x12.webp 12w, https:\/\/www.shouyasanitary.com\/wp-content\/uploads\/2025\/06\/Bathroom-Custom-Vanities-Grey-Wholesale-Bathroom-Cabinet-600x600.webp 600w, https:\/\/www.shouyasanitary.com\/wp-content\/uploads\/2025\/06\/Bathroom-Custom-Vanities-Grey-Wholesale-Bathroom-Cabinet-100x100.webp 100w\" sizes=\"(max-width: 700px) 100vw, 700px\" \/><\/figure>\n<\/div><\/div>\n<\/div>","protected":false},"excerpt":{"rendered":"<p>Badezimmer kundenspezifische Eitelkeiten, entworfen f\u00fcr kleine R\u00e4ume, hergestellt aus hochwertigem Aluminium, ausgestattet mit Spiegelschr\u00e4nken, Regalen und Waschbecken. Fabrik direktes Angebot, Unterst\u00fctzung OEM\/ODM, willkommen, \u00fcber Bulk-Anpassung zu erkundigen!<\/p>\n<h2>Badezimmer Individuelle Eitelkeiten Attribute\uff1a<\/h2>\n<p><strong>Artikel Nr.:<\/strong>HR6626-60<strong><br \/>Material des Geh\u00e4uses:<\/strong> Aluminium<br \/><strong>Farbe des Geh\u00e4uses:<\/strong> Grau<br \/><strong>Spiegel:<\/strong> LED-Spiegel (3,5 mm\/3,8 mm), dreifarbige Beleuchtung, One-Touch-Entfogging, gesichert mit mehrlagiger Schaumstoffverpackung<br \/><strong>Installationsart:<\/strong>\u00a0Wandbefestigung<br \/><strong>Abmessungen (L\u00d7B\u00d7H):<\/strong> 64*51*55 cm<br \/><strong>Bruttogewicht:<\/strong> 28kg\/Satz<\/p>\n<h2>Anpassung &amp; Dienstleistungen:<\/h2>\n<p><strong>OEM &amp; ODM<\/strong>: Unterst\u00fctzt<br \/><strong>Gestaltung<\/strong>: Frei<br \/><strong>Zubeh\u00f6r<\/strong>: Waschbecken, Spiegel, Armaturen und anderes Badzubeh\u00f6r<br \/><strong>Verpacken<\/strong>: Einbaufertig<\/p>","protected":false},"featured_media":1376,"comment_status":"closed","ping_status":"closed","template":"","meta":{"_acf_changed":true},"product_brand":[],"product_cat":[23],"product_tag":[],"class_list":{"0":"post-1375","1":"product","2":"type-product","3":"status-publish","4":"has-post-thumbnail","6":"product_cat-wholesale-aluminum-bathroom-vanity-cabinets","8":"first","9":"instock","10":"shipping-taxable","11":"product-type-simple"},"acf":[],"_links":{"self":[{"href":"https:\/\/www.shouyasanitary.com\/de\/wp-json\/wp\/v2\/product\/1375","targetHints":{"allow":["GET"]}}],"collection":[{"href":"https:\/\/www.shouyasanitary.com\/de\/wp-json\/wp\/v2\/product"}],"about":[{"href":"https:\/\/www.shouyasanitary.com\/de\/wp-json\/wp\/v2\/types\/product"}],"replies":[{"embeddable":true,"href":"https:\/\/www.shouyasanitary.com\/de\/wp-json\/wp\/v2\/comments?post=1375"}],"wp:featuredmedia":[{"embeddable":true,"href":"https:\/\/www.shouyasanitary.com\/de\/wp-json\/wp\/v2\/media\/1376"}],"wp:attachment":[{"href":"https:\/\/www.shouyasanitary.com\/de\/wp-json\/wp\/v2\/media?parent=1375"}],"wp:term":[{"taxonomy":"product_brand","embeddable":true,"href":"https:\/\/www.shouyasanitary.com\/de\/wp-json\/wp\/v2\/product_brand?post=1375"},{"taxonomy":"product_cat","embeddable":true,"href":"https:\/\/www.shouyasanitary.com\/de\/wp-json\/wp\/v2\/product_cat?post=1375"},{"taxonomy":"product_tag","embeddable":true,"href":"https:\/\/www.shouyasanitary.com\/de\/wp-json\/wp\/v2\/product_tag?post=1375"}],"curies":[{"name":"wp","href":"https:\/\/api.w.org\/{rel}","templated":true}]}}