{"id":1385,"date":"2025-06-20T10:52:35","date_gmt":"2025-06-20T10:52:35","guid":{"rendered":"https:\/\/www.shouyasanitary.com\/?post_type=product&#038;p=1385"},"modified":"2025-06-20T10:52:40","modified_gmt":"2025-06-20T10:52:40","slug":"custom-built-bathroom-vanities","status":"publish","type":"product","link":"https:\/\/www.shouyasanitary.com\/de\/produkt\/custom-built-bathroom-vanities\/","title":{"rendered":"Custom Built Badezimmer Eitelkeiten, Wei\u00df Badezimmer Schrank Wandmontage in Bulk"},"content":{"rendered":"<div class=\"wp-block-columns is-layout-flex wp-container-core-columns-is-layout-9d6595d7 wp-block-columns-is-layout-flex\">\n<div class=\"wp-block-column is-layout-flow wp-block-column-is-layout-flow\">\n<h2 class=\"wp-block-heading\">Kundenspezifisch gebaute Badezimmer-Eitelkeiten Merkmale\uff1a<\/h2>\n\n\n\n<p><strong>Modernes und elegantes Aussehen<\/strong>: Die Farbgebung ist in einem warmen Hellbeige gehalten, das mit einem wei\u00dfen Waschbecken kombiniert wird. So entsteht eine saubere, helle und moderne Badatmosph\u00e4re, die sich sowohl f\u00fcr private als auch f\u00fcr gewerbliche Badezimmer eignet.<\/p>\n\n\n\n<p><strong>Hochwertiges Material:<\/strong> Er besteht aus einer Aluminiumlegierung, ist leicht und stabil, feuchtigkeitsbest\u00e4ndig, rostfrei und korrosionsbest\u00e4ndig und kann lange Zeit in einer feuchten Umgebung verwendet werden.<\/p>\n\n\n\n<p><strong>Multifunktionale Spiegelkabine<\/strong>t: Die linke Seite ist ein gro\u00dfformatiger Spiegel, und die rechte Seite ist in drei Schichten von Aufbewahrungsregalen unterteilt, die bequem f\u00fcr die Klassifizierung und Lagerung von Toilettenartikeln, Dekorationen, etc. sind, voll und ganz erf\u00fcllen die doppelten Bed\u00fcrfnisse des t\u00e4glichen Gebrauchs und sch\u00f6ne Anzeige.<\/p>\n\n\n\n<p><strong>Doppelt\u00fcriger Hauptschrank<\/strong>: Die Linien sind glatt und mit dem Stil des Spiegelschranks vereinheitlicht. Die gro\u00dfe Kapazit\u00e4t Raum ist im Inneren versteckt, die richtig speichern k\u00f6nnen Handt\u00fccher, Reinigungsmittel, usw., halten das Bad ordentlich.<\/p>\n\n\n\n<p><strong>Wandmontierte Installation<\/strong>: Das h\u00e4ngende Design erleichtert die Reinigung des Bodens und erh\u00f6ht die optische Transparenz des Badezimmers. Sie eignet sich f\u00fcr kleine Badgrundrisse.<\/p>\n\n\n\n<p><strong>Bereitstellung eines vollst\u00e4ndigen Satzes von Badezimmerzubeh\u00f6r<\/strong>: Unterst\u00fctzung der Anpassung mit einem vollst\u00e4ndigen Satz von Bad-Accessoires wie Spiegelschr\u00e4nke, Armaturen und Regale des gleichen Stils, die f\u00fcr Engineering-Projekte zentralisierte Beschaffung und schnelle Installation bequem ist.<\/p>\n\n\n\n<p><strong>Rabatt bei Gro\u00dfbestellungen: <\/strong>Shouya Fabrik direkt liefern, bieten wir wettbewerbsf\u00e4hige Gro\u00dfhandelspreise, Unterst\u00fctzung Marke Anpassung Dienstleistungen, geeignet f\u00fcr H\u00e4ndler, Distributoren, und gro\u00dfe Dekoration Engineering-Unternehmen die langfristige Zusammenarbeit.<\/p>\n<\/div>\n\n\n\n<div class=\"wp-block-column is-layout-flow wp-block-column-is-layout-flow\"><div class=\"wp-block-image\">\n<figure class=\"aligncenter size-full\"><img decoding=\"async\" width=\"700\" height=\"700\" src=\"https:\/\/www.shouyasanitary.com\/wp-content\/uploads\/2025\/06\/Custom-Built-Bathroom-Vanities.webp\" alt=\"Ma\u00dfgefertigte Badezimmer-Eitelkeiten\" class=\"wp-image-1379\" style=\"object-fit:cover\" srcset=\"https:\/\/www.shouyasanitary.com\/wp-content\/uploads\/2025\/06\/Custom-Built-Bathroom-Vanities.webp 700w, https:\/\/www.shouyasanitary.com\/wp-content\/uploads\/2025\/06\/Custom-Built-Bathroom-Vanities-300x300.webp 300w, https:\/\/www.shouyasanitary.com\/wp-content\/uploads\/2025\/06\/Custom-Built-Bathroom-Vanities-150x150.webp 150w, https:\/\/www.shouyasanitary.com\/wp-content\/uploads\/2025\/06\/Custom-Built-Bathroom-Vanities-12x12.webp 12w, https:\/\/www.shouyasanitary.com\/wp-content\/uploads\/2025\/06\/Custom-Built-Bathroom-Vanities-600x600.webp 600w, https:\/\/www.shouyasanitary.com\/wp-content\/uploads\/2025\/06\/Custom-Built-Bathroom-Vanities-100x100.webp 100w\" sizes=\"(max-width: 700px) 100vw, 700px\" \/><\/figure>\n<\/div><\/div>\n<\/div>\n\n\n\n<p><\/p>","protected":false},"excerpt":{"rendered":"<p>Custom gebaut Badezimmer Eitelkeiten, moderne einfachen Stil, hochwertige Aluminium-Legierung Material, mit multifunktionalen Spiegelschrank und Wand-Design, geeignet f\u00fcr Hotel, Wohnung, Haus, etc. Wir unterst\u00fctzen eine vollst\u00e4ndige Reihe von Bad-Accessoires und Batch-Anpassung, willkommen zu konsultieren Gro\u00dfhandel Angebot!<\/p>\n<h2>Benutzerdefinierte gebaut Badezimmer Eitelkeiten Attribute\uff1a<\/h2>\n<p><strong>Artikel Nr.:<\/strong>HR6621-60<strong><br \/>Material des Geh\u00e4uses:<\/strong> Aluminium<br \/><strong>Farbe des Geh\u00e4uses:<\/strong> Wei\u00df<br \/><strong>Spiegel:<\/strong> LED-Spiegel (3,5 mm\/3,8 mm), dreifarbige Beleuchtung, One-Touch-Entfogging, gesichert mit mehrlagiger Schaumstoffverpackung<br \/><strong>Installationsart:<\/strong>\u00a0Wandbefestigung<br \/><strong>Abmessungen (L\u00d7B\u00d7H):<\/strong> 60*40*48 cm<br \/><strong>Bruttogewicht:<\/strong> 25kg\/Satz<\/p>\n<h2>Anpassung &amp; Dienstleistungen:<\/h2>\n<p><strong>OEM &amp; ODM<\/strong>: Unterst\u00fctzt<br \/><strong>Gestaltung<\/strong>: Frei<br \/><strong>Zubeh\u00f6r<\/strong>: Waschbecken, Spiegel, Armaturen und anderes Badzubeh\u00f6r<br \/><strong>Verpacken<\/strong>: Einbaufertig<\/p>","protected":false},"featured_media":1379,"comment_status":"closed","ping_status":"closed","template":"","meta":{"_acf_changed":true},"product_brand":[],"product_cat":[23],"product_tag":[],"class_list":{"0":"post-1385","1":"product","2":"type-product","3":"status-publish","4":"has-post-thumbnail","6":"product_cat-wholesale-aluminum-bathroom-vanity-cabinets","8":"first","9":"instock","10":"shipping-taxable","11":"product-type-simple"},"acf":[],"_links":{"self":[{"href":"https:\/\/www.shouyasanitary.com\/de\/wp-json\/wp\/v2\/product\/1385","targetHints":{"allow":["GET"]}}],"collection":[{"href":"https:\/\/www.shouyasanitary.com\/de\/wp-json\/wp\/v2\/product"}],"about":[{"href":"https:\/\/www.shouyasanitary.com\/de\/wp-json\/wp\/v2\/types\/product"}],"replies":[{"embeddable":true,"href":"https:\/\/www.shouyasanitary.com\/de\/wp-json\/wp\/v2\/comments?post=1385"}],"wp:featuredmedia":[{"embeddable":true,"href":"https:\/\/www.shouyasanitary.com\/de\/wp-json\/wp\/v2\/media\/1379"}],"wp:attachment":[{"href":"https:\/\/www.shouyasanitary.com\/de\/wp-json\/wp\/v2\/media?parent=1385"}],"wp:term":[{"taxonomy":"product_brand","embeddable":true,"href":"https:\/\/www.shouyasanitary.com\/de\/wp-json\/wp\/v2\/product_brand?post=1385"},{"taxonomy":"product_cat","embeddable":true,"href":"https:\/\/www.shouyasanitary.com\/de\/wp-json\/wp\/v2\/product_cat?post=1385"},{"taxonomy":"product_tag","embeddable":true,"href":"https:\/\/www.shouyasanitary.com\/de\/wp-json\/wp\/v2\/product_tag?post=1385"}],"curies":[{"name":"wp","href":"https:\/\/api.w.org\/{rel}","templated":true}]}}