{"id":1386,"date":"2025-06-21T01:32:36","date_gmt":"2025-06-21T01:32:36","guid":{"rendered":"https:\/\/www.shouyasanitary.com\/?post_type=product&#038;p=1386"},"modified":"2025-06-21T01:32:42","modified_gmt":"2025-06-21T01:32:42","slug":"bathroom-mirror-vanity-wholesale","status":"publish","type":"product","link":"https:\/\/www.shouyasanitary.com\/de\/produkt\/bathroom-mirror-vanity-wholesale\/","title":{"rendered":"Badezimmer Spiegel Eitelkeit Gro\u00dfhandel, Aluminium Badezimmer Schrank grau Lieferanten"},"content":{"rendered":"<div class=\"wp-block-columns is-layout-flex wp-container-core-columns-is-layout-9d6595d7 wp-block-columns-is-layout-flex\">\n<div class=\"wp-block-column is-layout-flow wp-block-column-is-layout-flow\">\n<h2 class=\"wp-block-heading\">Badezimmer-Spiegel-Eitelkeit Eigenschaften\uff1a<\/h2>\n\n\n\n<p><strong>Langlebiges Material: <\/strong>Aus Aluminium gefertigt, vereint er Leichtigkeit und Haltbarkeit, ist feuchtigkeitsbest\u00e4ndig, wasserdicht und rostfrei, was eine langfristige Nutzung im Badezimmer gew\u00e4hrleistet.<\/p>\n\n\n\n<p><strong>Intelligenter LED-Spiegel<\/strong>: Der Spiegel hat eine eingebaute weiche LED-Beleuchtung, und die Ringbeleuchtung ist gleichm\u00e4\u00dfig und nicht blendend, so dass eine klare Sicht gew\u00e4hrleistet ist und die Benutzererfahrung verbessert wird.<\/p>\n\n\n\n<p><strong>Praktische Spiegelschrankwand<\/strong>: Der linke Spiegel l\u00e4sst sich aufklappen, um Aufbewahrungsgegenst\u00e4nde zu verbergen, und das mehrlagige offene Regal auf der rechten Seite ist auf einen Blick \u00fcberschaubar, und die h\u00e4ufig verwendeten Gegenst\u00e4nde sind f\u00fcr einen einfachen Zugriff in Kategorien unterteilt.<\/p>\n\n\n\n<p><strong>Hauptschrank mit gro\u00dfem Fassungsverm\u00f6gen<\/strong>: Der an der Wand montierte Hauptschrank verf\u00fcgt \u00fcber eine Doppelt\u00fcr und eine regelm\u00e4\u00dfige innere Struktur, die leicht Toilettenartikel aufnehmen kann und den Platzbedarf im Haushalt und im Gewerbe erf\u00fcllt.<\/p>\n\n\n\n<p><strong>Modernes minimalistisches Erscheinungsbild<\/strong>: Hochwertiges Grau wird mit einem wei\u00dfen Keramikbecken kombiniert, mit klaren Linien und einem modernen und einfachen Gesamtstil, der f\u00fcr eine Vielzahl von Dekorationen wie H\u00e4user, Hotels und Wohnungen geeignet ist.<\/p>\n\n\n\n<p><strong>Fabrik direkt Gro\u00dfhandel<\/strong>: Shouya konzentriert sich auf die Herstellung und den Export von Badezimmer-Waschtischen und bietet kundenorientierte Dienstleistungen und stabile Lieferungen, strenge Qualit\u00e4tskontrollen und wettbewerbsf\u00e4hige Preise.<\/p>\n<\/div>\n\n\n\n<div class=\"wp-block-column is-layout-flow wp-block-column-is-layout-flow\"><div class=\"wp-block-image\">\n<figure class=\"aligncenter size-full\"><img decoding=\"async\" width=\"700\" height=\"700\" src=\"https:\/\/www.shouyasanitary.com\/wp-content\/uploads\/2025\/06\/Bathroom-Mirror-Vanity-Wholesale-Aluminum-Bathroom-Cabinet-Grey-Suppliers-1.webp\" alt=\"Badezimmer Spiegel Eitelkeit Gro\u00dfhandel Aluminium Badezimmer Schrank grau Lieferanten (1)\" class=\"wp-image-1382\" style=\"object-fit:cover\" srcset=\"https:\/\/www.shouyasanitary.com\/wp-content\/uploads\/2025\/06\/Bathroom-Mirror-Vanity-Wholesale-Aluminum-Bathroom-Cabinet-Grey-Suppliers-1.webp 700w, https:\/\/www.shouyasanitary.com\/wp-content\/uploads\/2025\/06\/Bathroom-Mirror-Vanity-Wholesale-Aluminum-Bathroom-Cabinet-Grey-Suppliers-1-300x300.webp 300w, https:\/\/www.shouyasanitary.com\/wp-content\/uploads\/2025\/06\/Bathroom-Mirror-Vanity-Wholesale-Aluminum-Bathroom-Cabinet-Grey-Suppliers-1-150x150.webp 150w, https:\/\/www.shouyasanitary.com\/wp-content\/uploads\/2025\/06\/Bathroom-Mirror-Vanity-Wholesale-Aluminum-Bathroom-Cabinet-Grey-Suppliers-1-12x12.webp 12w, https:\/\/www.shouyasanitary.com\/wp-content\/uploads\/2025\/06\/Bathroom-Mirror-Vanity-Wholesale-Aluminum-Bathroom-Cabinet-Grey-Suppliers-1-600x600.webp 600w, https:\/\/www.shouyasanitary.com\/wp-content\/uploads\/2025\/06\/Bathroom-Mirror-Vanity-Wholesale-Aluminum-Bathroom-Cabinet-Grey-Suppliers-1-100x100.webp 100w\" sizes=\"(max-width: 700px) 100vw, 700px\" \/><\/figure>\n<\/div><\/div>\n<\/div>","protected":false},"excerpt":{"rendered":"<p>Badezimmer Spiegel Eitelkeit Gro\u00dfhandel, ausgestattet mit einem LED-Spiegelschrank, Wasserhahn, gro\u00dfer Stauraum, schafft eine moderne und praktische Bad-L\u00f6sung. Fabrikpreis, Unterst\u00fctzung der Anpassung, zuverl\u00e4ssige Logistik, Gro\u00dfauftrag, willkommen, uns zu kontaktieren, um ein Angebot zu erhalten!<\/p>\n<h2>Badezimmer-Spiegel Eitelkeit Attribute\uff1a<\/h2>\n<p><strong>Artikel Nr.:<\/strong>HR6626-80<strong><br \/>Material des Geh\u00e4uses:<\/strong> Aluminium<br \/><strong>Farbe des Geh\u00e4uses:<\/strong> Grau<br \/><strong>Spiegel:<\/strong> LED-Spiegel (3,5 mm\/3,8 mm), dreifarbige Beleuchtung, One-Touch-Entfogging, gesichert mit mehrlagiger Schaumstoffverpackung<br \/><strong>Installationsart:<\/strong>\u00a0Wandbefestigung<br \/><strong>Abmessungen (L\u00d7B\u00d7H):<\/strong> 84*51*55 cm<br \/><strong>Bruttogewicht:<\/strong> 28kg\/Satz<\/p>\n<h2>Anpassung &amp; Dienstleistungen:<\/h2>\n<p><strong>OEM &amp; ODM<\/strong>: Unterst\u00fctzt<br \/><strong>Gestaltung<\/strong>: Frei<br \/><strong>Zubeh\u00f6r<\/strong>: Waschbecken, Spiegel, Armaturen und anderes Badzubeh\u00f6r<br \/><strong>Verpacken<\/strong>: Einbaufertig<\/p>","protected":false},"featured_media":1382,"comment_status":"closed","ping_status":"closed","template":"","meta":{"_acf_changed":true},"product_brand":[],"product_cat":[23],"product_tag":[],"class_list":{"0":"post-1386","1":"product","2":"type-product","3":"status-publish","4":"has-post-thumbnail","6":"product_cat-wholesale-aluminum-bathroom-vanity-cabinets","8":"first","9":"instock","10":"shipping-taxable","11":"product-type-simple"},"acf":[],"_links":{"self":[{"href":"https:\/\/www.shouyasanitary.com\/de\/wp-json\/wp\/v2\/product\/1386","targetHints":{"allow":["GET"]}}],"collection":[{"href":"https:\/\/www.shouyasanitary.com\/de\/wp-json\/wp\/v2\/product"}],"about":[{"href":"https:\/\/www.shouyasanitary.com\/de\/wp-json\/wp\/v2\/types\/product"}],"replies":[{"embeddable":true,"href":"https:\/\/www.shouyasanitary.com\/de\/wp-json\/wp\/v2\/comments?post=1386"}],"wp:featuredmedia":[{"embeddable":true,"href":"https:\/\/www.shouyasanitary.com\/de\/wp-json\/wp\/v2\/media\/1382"}],"wp:attachment":[{"href":"https:\/\/www.shouyasanitary.com\/de\/wp-json\/wp\/v2\/media?parent=1386"}],"wp:term":[{"taxonomy":"product_brand","embeddable":true,"href":"https:\/\/www.shouyasanitary.com\/de\/wp-json\/wp\/v2\/product_brand?post=1386"},{"taxonomy":"product_cat","embeddable":true,"href":"https:\/\/www.shouyasanitary.com\/de\/wp-json\/wp\/v2\/product_cat?post=1386"},{"taxonomy":"product_tag","embeddable":true,"href":"https:\/\/www.shouyasanitary.com\/de\/wp-json\/wp\/v2\/product_tag?post=1386"}],"curies":[{"name":"wp","href":"https:\/\/api.w.org\/{rel}","templated":true}]}}