{"id":1399,"date":"2025-06-20T10:53:24","date_gmt":"2025-06-20T10:53:24","guid":{"rendered":"https:\/\/www.shouyasanitary.com\/?post_type=product&#038;p=1399"},"modified":"2025-06-20T10:53:29","modified_gmt":"2025-06-20T10:53:29","slug":"wholesale-cabinet-for-bathroom","status":"publish","type":"product","link":"https:\/\/www.shouyasanitary.com\/de\/produkt\/wholesale-cabinet-for-bathroom\/","title":{"rendered":"Gro\u00dfhandel Schrank f\u00fcr Badezimmer, SPC Badezimmer Eitelkeit Spiegel benutzerdefinierte"},"content":{"rendered":"<div class=\"wp-block-columns is-layout-flex wp-container-core-columns-is-layout-9d6595d7 wp-block-columns-is-layout-flex\">\n<div class=\"wp-block-column is-layout-flow wp-block-column-is-layout-flow\">\n<h2 class=\"wp-block-heading\">Merkmale des Schrankes f\u00fcr das Badezimmer\uff1a<\/h2>\n\n\n\n<p><strong>Modernes Design<\/strong>: Der helle Schrank mit einer kompakten Gr\u00f6\u00dfe von 60 cm wird mit einer wei\u00dfen Arbeitsplatte kombiniert, um einen warmen und schlichten Badezimmerbereich zu schaffen, der sich f\u00fcr eine Vielzahl von Einrichtungsstilen eignet.<\/p>\n\n\n\n<p><strong>Hochwertiges Material<\/strong>: Aus umweltfreundlichem SPC-Karton mit hoher Dichte hergestellt, ist es hervorragend wasserdicht und feuchtigkeitsbest\u00e4ndig, ideal f\u00fcr feuchte Badezimmer.<\/p>\n\n\n\n<p><strong>Intelligenter LED-Spiegelschrank:<\/strong> Mit LED-Licht Spiegel, das Licht ist weich und nicht blenden, die die t\u00e4gliche waschen Erfahrung verbessert; der Spiegel Schrank und die Arbeitsplatte sind nahtlos verbunden, die die Vision ordentlicher und leichter zu reinigen macht.<\/p>\n\n\n\n<p><strong>Wissenschaftliches Speicherlayout:<\/strong> Im Spiegelschrank k\u00f6nnen h\u00e4ufig verwendete Gegenst\u00e4nde aufbewahrt werden, und die Doppelschubladen und der untere offene Stauraum sind sinnvoll unterteilt. Die Schubladen sind mit F\u00e4chern ausgestattet, um den klassifizierten Aufbewahrungsbedarf zu erf\u00fcllen und die Sauberkeit des Badezimmers zu verbessern.<\/p>\n\n\n\n<p><strong>Umweltfreundliche Technologie<\/strong>: Verwendung von formaldehydfreien, umweltfreundlichen Materialien und geruchsneutraler Oberfl\u00e4chenbehandlung unter Ber\u00fccksichtigung von Sch\u00f6nheit und Gesundheit und zum Schutz der Umwelt.<\/p>\n\n\n\n<p><strong>Praktisch und komfortabel zugleich: <\/strong>Hochwertige Beschl\u00e4ge, leichtg\u00e4ngiges \u00d6ffnen und Schlie\u00dfen der Schrankt\u00fcren, ergonomisches Gesamtlayout und reibungslose Nutzung.<\/p>\n\n\n\n<p><strong>Anwendbar auf mehrere Szenarien<\/strong>: Geeignet f\u00fcr verschiedene Szenarien wie Badezimmer, Wohnungen, Hotels usw. Es ist eine hochwertige L\u00f6sung f\u00fcr den Kauf von Innenarchitekturprojekten.<\/p>\n<\/div>\n\n\n\n<div class=\"wp-block-column is-layout-flow wp-block-column-is-layout-flow\"><div class=\"wp-block-image\">\n<figure class=\"aligncenter size-full\"><img decoding=\"async\" width=\"700\" height=\"700\" src=\"https:\/\/www.shouyasanitary.com\/wp-content\/uploads\/2025\/06\/Wholesale-Cabinet-for-Bathroom\uff0cSPC-Badezimmer-Vanity-Spiegel-Custom.webp\" alt=\"Gro\u00dfhandel Schrank f\u00fcr Badezimmer, SPC Badezimmer Eitelkeit Spiegel benutzerdefinierte\" class=\"wp-image-1400\" style=\"object-fit:cover\" srcset=\"\" sizes=\"(max-width: 700px) 100vw, 700px\" data-srcset=\"\" \/><\/figure>\n<\/div><\/div>\n<\/div>","protected":false},"excerpt":{"rendered":"<p>Willkommen im Gro\u00dfhandel Schrank f\u00fcr Bad, SPC Material, Wand-Design, mit LED-Spiegelschrank und Keramik-Waschbecken abgestimmt, ist es feuchtigkeitsbest\u00e4ndig und langlebig, mit einfachem Design und geordnete Lagerung. Es ist eine ideale Wahl f\u00fcr verschiedene Badezimmerr\u00e4ume. Kontaktieren Sie uns, um ein Angebot zu erhalten!<\/p>\n<h2>Kabinett f\u00fcr Badezimmer Attribute\uff1a<\/h2>\n<p><strong>Artikel Nr.:<\/strong>HR6625-60<strong><br \/>Material des Geh\u00e4uses: <\/strong>Stein-Kunststoffplatte<br \/><strong>Farbe des Geh\u00e4uses: <\/strong>Gelb<br \/><strong>Spiegel:<\/strong> LED-Spiegel (3,5 mm\/3,8 mm), dreifarbige Beleuchtung, One-Touch-Entfogging, gesichert mit mehrlagiger Schaumstoffverpackung<br \/><strong>Installationsart:<\/strong>\u00a0Wandbefestigung<br \/><strong>Abmessungen (L\u00d7B\u00d7H):<\/strong> 60*47,5*48,5 cm<br \/><strong>Bruttogewicht:<\/strong> 28kg\/Satz<\/p>\n<h2>Anpassung &amp; Dienstleistungen:<\/h2>\n<p><strong>OEM &amp; ODM<\/strong>: Unterst\u00fctzt<br \/><strong>Gestaltung<\/strong>: Frei<br \/><strong>Zubeh\u00f6r<\/strong>: Waschbecken, Spiegel, Armaturen und anderes Badzubeh\u00f6r<br \/><strong>Verpacken<\/strong>: Einbaufertig<\/p>","protected":false},"featured_media":1400,"comment_status":"closed","ping_status":"closed","template":"","meta":{"_acf_changed":true},"product_brand":[],"product_cat":[29],"product_tag":[],"class_list":{"0":"post-1399","1":"product","2":"type-product","3":"status-publish","4":"has-post-thumbnail","6":"product_cat-wholesale-spc-bathroom-vanity-cabinets","8":"first","9":"instock","10":"shipping-taxable","11":"product-type-simple"},"acf":[],"_links":{"self":[{"href":"https:\/\/www.shouyasanitary.com\/de\/wp-json\/wp\/v2\/product\/1399","targetHints":{"allow":["GET"]}}],"collection":[{"href":"https:\/\/www.shouyasanitary.com\/de\/wp-json\/wp\/v2\/product"}],"about":[{"href":"https:\/\/www.shouyasanitary.com\/de\/wp-json\/wp\/v2\/types\/product"}],"replies":[{"embeddable":true,"href":"https:\/\/www.shouyasanitary.com\/de\/wp-json\/wp\/v2\/comments?post=1399"}],"wp:featuredmedia":[{"embeddable":true,"href":"https:\/\/www.shouyasanitary.com\/de\/wp-json\/wp\/v2\/media\/1400"}],"wp:attachment":[{"href":"https:\/\/www.shouyasanitary.com\/de\/wp-json\/wp\/v2\/media?parent=1399"}],"wp:term":[{"taxonomy":"product_brand","embeddable":true,"href":"https:\/\/www.shouyasanitary.com\/de\/wp-json\/wp\/v2\/product_brand?post=1399"},{"taxonomy":"product_cat","embeddable":true,"href":"https:\/\/www.shouyasanitary.com\/de\/wp-json\/wp\/v2\/product_cat?post=1399"},{"taxonomy":"product_tag","embeddable":true,"href":"https:\/\/www.shouyasanitary.com\/de\/wp-json\/wp\/v2\/product_tag?post=1399"}],"curies":[{"name":"wp","href":"https:\/\/api.w.org\/{rel}","templated":true}]}}