{"id":1403,"date":"2025-06-20T10:51:31","date_gmt":"2025-06-20T10:51:31","guid":{"rendered":"https:\/\/www.shouyasanitary.com\/?post_type=product&#038;p=1403"},"modified":"2025-06-20T10:51:38","modified_gmt":"2025-06-20T10:51:38","slug":"bathroom-cabinet-set-custom","status":"publish","type":"product","link":"https:\/\/www.shouyasanitary.com\/de\/produkt\/bathroom-cabinet-set-custom\/","title":{"rendered":"Badezimmerschrank Set Custom, schwimmende Badezimmer Waschbecken Eitelkeit in Bulk"},"content":{"rendered":"<div class=\"wp-block-columns is-layout-flex wp-container-core-columns-is-layout-9d6595d7 wp-block-columns-is-layout-flex\">\n<div class=\"wp-block-column is-layout-flow wp-block-column-is-layout-flow\">\n<h2 class=\"wp-block-heading\">Badezimmerschrank-Set Merkmale\uff1a<\/h2>\n\n\n\n<p><strong>Modernes Erscheinungsbild<\/strong>Der Gesamtstil ist modern und sauber und l\u00e4sst sich leicht in eine Vielzahl von Einrichtungsstilen f\u00fcr Badezimmer integrieren, wie z. B. nordisch, japanisch und einfach.<\/p>\n\n\n\n<p><strong>Hochwertiges SPC-Material<\/strong>: Es ist feuchtigkeitsbest\u00e4ndig, schimmelbest\u00e4ndig, druckfest und nicht leicht zu verformen. Es ist ideal f\u00fcr feuchte Badezimmer und ist leicht und langlebig.<\/p>\n\n\n\n<p><strong>Praktische Spiegelschrankkombination<\/strong>: Der hochaufl\u00f6sende Spiegel in der Mitte ist hell und klar und erf\u00fcllt die t\u00e4glichen Bed\u00fcrfnisse beim Waschen und Schminken; die offenen F\u00e4cher auf beiden Seiten erm\u00f6glichen die Aufbewahrung und Pr\u00e4sentation von Alltagsgegenst\u00e4nden in Reichweite.<\/p>\n\n\n\n<p><strong>Angemessene Ablagem\u00f6glichkeiten:<\/strong> Die linke Seite des Hauptschranks ist mit Doppelt\u00fcren ausgestattet, in denen gro\u00dfe Gegenst\u00e4nde wie Handt\u00fccher und Reinigungsmittel aufbewahrt werden k\u00f6nnen; die Doppelschubladen auf der rechten Seite eignen sich f\u00fcr die geordnete Aufbewahrung von Kosmetika und kleinen Toilettenartikeln.<\/p>\n\n\n\n<p><strong>Keramisches Becken mit integriertem Design<\/strong>: Die Oberfl\u00e4che ist glatt und leicht zu reinigen, bewuchshemmend und kratzfest, was den Nutzungskomfort und die Gesamtbeschaffenheit verbessert.<\/p>\n\n\n\n<p><strong>Ger\u00e4uscharme Gleitschienen und hochwertige Beschl\u00e4ge<\/strong>: Die Schublade gleitet reibungslos, und die Schrankt\u00fcr ist leise und klemmt nicht, was die Benutzerfreundlichkeit und die Produktqualit\u00e4t verbessert.<\/p>\n\n\n\n<p><strong>Direkte Lieferung ab Werk:<\/strong> Eine Vielzahl von Farben und Gr\u00f6\u00dfen stehen zur Verf\u00fcgung, die eine individuelle Anpassung an die Marke erm\u00f6glichen, und der Preis bei Gro\u00dfeinkauf ist wettbewerbsf\u00e4higer, was bei technischen Projekten und Gro\u00dfhandelskunden sehr beliebt ist.<\/p>\n<\/div>\n\n\n\n<div class=\"wp-block-column is-layout-flow wp-block-column-is-layout-flow\"><div class=\"wp-block-image\">\n<figure class=\"aligncenter size-full\"><img decoding=\"async\" width=\"700\" height=\"700\" src=\"https:\/\/www.shouyasanitary.com\/wp-content\/uploads\/2025\/06\/Bathroom-Cabinet-Set-Custom-Floating-Bathroom-Sink-Vanity-in-Bulk-1.webp\" alt=\"Badezimmer Schrank Set Custom , Schwimmende Badezimmer Waschbecken Eitelkeit in Bulk (1)\" class=\"wp-image-1407\" style=\"object-fit:cover\" srcset=\"https:\/\/www.shouyasanitary.com\/wp-content\/uploads\/2025\/06\/Bathroom-Cabinet-Set-Custom-Floating-Bathroom-Sink-Vanity-in-Bulk-1.webp 700w, https:\/\/www.shouyasanitary.com\/wp-content\/uploads\/2025\/06\/Bathroom-Cabinet-Set-Custom-Floating-Bathroom-Sink-Vanity-in-Bulk-1-300x300.webp 300w, https:\/\/www.shouyasanitary.com\/wp-content\/uploads\/2025\/06\/Bathroom-Cabinet-Set-Custom-Floating-Bathroom-Sink-Vanity-in-Bulk-1-150x150.webp 150w, https:\/\/www.shouyasanitary.com\/wp-content\/uploads\/2025\/06\/Bathroom-Cabinet-Set-Custom-Floating-Bathroom-Sink-Vanity-in-Bulk-1-12x12.webp 12w, https:\/\/www.shouyasanitary.com\/wp-content\/uploads\/2025\/06\/Bathroom-Cabinet-Set-Custom-Floating-Bathroom-Sink-Vanity-in-Bulk-1-600x600.webp 600w, https:\/\/www.shouyasanitary.com\/wp-content\/uploads\/2025\/06\/Bathroom-Cabinet-Set-Custom-Floating-Bathroom-Sink-Vanity-in-Bulk-1-100x100.webp 100w\" sizes=\"(max-width: 700px) 100vw, 700px\" \/><\/figure>\n<\/div><\/div>\n<\/div>","protected":false},"excerpt":{"rendered":"<p>Badezimmerschrank-Set benutzerdefinierte, mit Keramik-Waschbecken, Spiegelschrank und Wasserhahn, modernes Aussehen, praktische Funktion, geeignet f\u00fcr private und gewerbliche Nutzung. Fabrik direkt liefern, Gro\u00dfhandelspreis, Unterst\u00fctzung kundenspezifischen Service. Kompletter Satz von Bad-Accessoires zu bestellen, willkommen zu erkundigen<\/p>\n<h2>Badezimmerschrank-Set Attribute\uff1a<\/h2>\n<p><strong>Artikel Nr.:<\/strong>J1231-100<strong><br \/>Material des Geh\u00e4uses:<\/strong> Stein-Kunststoffplatte<br \/><strong>Farbe des Geh\u00e4uses:<\/strong> Grau<br \/><strong>Spiegel:<\/strong> LED-Spiegel (3,5 mm\/3,8 mm), dreifarbige Beleuchtung, One-Touch-Entfogging, gesichert mit mehrlagiger Schaumstoffverpackung<br \/><strong>Installationsart:<\/strong>\u00a0Wandbefestigung<br \/><strong>Abmessungen (L\u00d7B\u00d7H):<\/strong> 100*50*45 cm<br \/><strong>Bruttogewicht:<\/strong> 38kg\/Satz<\/p>\n<h2>Anpassung &amp; Dienstleistungen:<\/h2>\n<p><strong>OEM &amp; ODM<\/strong>: Unterst\u00fctzt<br \/><strong>Gestaltung<\/strong>: Frei<br \/><strong>Zubeh\u00f6r<\/strong>: Waschbecken, Spiegel, Armaturen und anderes Badzubeh\u00f6r<br \/><strong>Verpacken<\/strong>: Einbaufertig<\/p>","protected":false},"featured_media":1407,"comment_status":"closed","ping_status":"closed","template":"","meta":{"_acf_changed":true},"product_brand":[],"product_cat":[29],"product_tag":[],"class_list":{"0":"post-1403","1":"product","2":"type-product","3":"status-publish","4":"has-post-thumbnail","6":"product_cat-wholesale-spc-bathroom-vanity-cabinets","8":"first","9":"instock","10":"shipping-taxable","11":"product-type-simple"},"acf":[],"_links":{"self":[{"href":"https:\/\/www.shouyasanitary.com\/de\/wp-json\/wp\/v2\/product\/1403","targetHints":{"allow":["GET"]}}],"collection":[{"href":"https:\/\/www.shouyasanitary.com\/de\/wp-json\/wp\/v2\/product"}],"about":[{"href":"https:\/\/www.shouyasanitary.com\/de\/wp-json\/wp\/v2\/types\/product"}],"replies":[{"embeddable":true,"href":"https:\/\/www.shouyasanitary.com\/de\/wp-json\/wp\/v2\/comments?post=1403"}],"wp:featuredmedia":[{"embeddable":true,"href":"https:\/\/www.shouyasanitary.com\/de\/wp-json\/wp\/v2\/media\/1407"}],"wp:attachment":[{"href":"https:\/\/www.shouyasanitary.com\/de\/wp-json\/wp\/v2\/media?parent=1403"}],"wp:term":[{"taxonomy":"product_brand","embeddable":true,"href":"https:\/\/www.shouyasanitary.com\/de\/wp-json\/wp\/v2\/product_brand?post=1403"},{"taxonomy":"product_cat","embeddable":true,"href":"https:\/\/www.shouyasanitary.com\/de\/wp-json\/wp\/v2\/product_cat?post=1403"},{"taxonomy":"product_tag","embeddable":true,"href":"https:\/\/www.shouyasanitary.com\/de\/wp-json\/wp\/v2\/product_tag?post=1403"}],"curies":[{"name":"wp","href":"https:\/\/api.w.org\/{rel}","templated":true}]}}