{"id":1410,"date":"2025-06-20T10:54:23","date_gmt":"2025-06-20T10:54:23","guid":{"rendered":"https:\/\/www.shouyasanitary.com\/?post_type=product&#038;p=1410"},"modified":"2025-06-20T10:54:28","modified_gmt":"2025-06-20T10:54:28","slug":"bathroom-vanity-cabinet-wholesale","status":"publish","type":"product","link":"https:\/\/www.shouyasanitary.com\/de\/produkt\/bathroom-vanity-cabinet-wholesale\/","title":{"rendered":"Badezimmer Eitelkeit Kabinett Gro\u00dfhandel, Bulk Wand montiert Badezimmer Medizin Schr\u00e4nke"},"content":{"rendered":"<div class=\"wp-block-columns is-layout-flex wp-container-core-columns-is-layout-9d6595d7 wp-block-columns-is-layout-flex\">\n<div class=\"wp-block-column is-layout-flow wp-block-column-is-layout-flow\">\n<h2 class=\"wp-block-heading\">Badezimmer Unterschrank Eigenschaften:<\/h2>\n\n\n\n<p><strong>Hochwertiges SPC-Material<\/strong>Wasserdicht und feuchtigkeitsbest\u00e4ndig, nicht leicht zu verformen, mit Zubeh\u00f6r aus rostfreiem Stahl und Aluminiumlegierung, langlebig und korrosionsbest\u00e4ndig, f\u00fcr den langfristigen Einsatz in feuchten Badezimmern.<\/p>\n\n\n\n<p><strong>Integrierter Entwurf<\/strong>: Das Waschbecken und der Unterschrank sind nahtlos miteinander verbunden, und die einfachen Linien und sanften T\u00f6ne schaffen einen leichten, luxuri\u00f6sen Badezimmerraum.<\/p>\n\n\n\n<p><strong>Praktischer LED-Spiegelschrank:<\/strong> Der Spiegel ist mit einem Touch-LED-Licht ausgestattet, das eine sanfte Lichtquelle bietet, die f\u00fcr den n\u00e4chtlichen Gebrauch oder das t\u00e4gliche Make-up geeignet ist.<\/p>\n\n\n\n<p><strong>Angemessener Speicherplatz f\u00fcr Partitionen<\/strong>: Die Kombination aus linker Doppelschublade und rechter Einzelt\u00fcr bietet viel Stauraum, kann f\u00fcr die Aufbewahrung von Gegenst\u00e4nden klassifiziert werden, und die Schublade gleitet leicht und ist einfach zu bedienen.<\/p>\n\n\n\n<p><strong>Wandmontierte Struktur<\/strong>: Das h\u00e4ngende Design erleichtert die Reinigung des Badezimmerbodens und eignet sich besonders f\u00fcr kleine Wohnungen oder Badezimmer mit begrenztem Platzangebot, wodurch die Raumnutzung und die Transparenz verbessert werden.<\/p>\n\n\n\n<p><strong>Szenen\u00fcbergreifende Anpassung<\/strong>: Ob es sich um ein privates Badezimmer, ein Hotelzimmer oder eine gewerbliche Wohnung handelt, es kann flexibel an die Bed\u00fcrfnisse der Kunden angepasst werden, sei es bei der technischen Beschaffung oder im Gro\u00dfhandel.<\/p>\n\n\n\n<p><strong>Direktlieferung ab Werk<\/strong>Shouya ist eine ideale Wahl f\u00fcr die langfristige Zusammenarbeit mit Vertriebsh\u00e4ndlern, Dekorationsfirmen und Marken. Es unterst\u00fctzt die individuelle Anpassung von Chargen und OEM-Dienstleistungen und genie\u00dft die Gro\u00dfhandelspreise der Shouya-Fabrik.<\/p>\n<\/div>\n\n\n\n<div class=\"wp-block-column is-layout-flow wp-block-column-is-layout-flow\"><div class=\"wp-block-image\">\n<figure class=\"aligncenter size-full\"><img decoding=\"async\" width=\"700\" height=\"700\" src=\"https:\/\/www.shouyasanitary.com\/wp-content\/uploads\/2025\/06\/Bathroom-Vanity-Cabinet-Wholesale-Bulk-Wall-Mounted-Bathroom-Medicine-Cabinets.webp\" alt=\"Badezimmer Eitelkeit Kabinett Gro\u00dfhandel, Bulk Wand montiert Badezimmer Medizin Schr\u00e4nke\" class=\"wp-image-1413\" style=\"object-fit:cover\" srcset=\"https:\/\/www.shouyasanitary.com\/wp-content\/uploads\/2025\/06\/Bathroom-Vanity-Cabinet-Wholesale-Bulk-Wall-Mounted-Bathroom-Medicine-Cabinets.webp 700w, https:\/\/www.shouyasanitary.com\/wp-content\/uploads\/2025\/06\/Bathroom-Vanity-Cabinet-Wholesale-Bulk-Wall-Mounted-Bathroom-Medicine-Cabinets-300x300.webp 300w, https:\/\/www.shouyasanitary.com\/wp-content\/uploads\/2025\/06\/Bathroom-Vanity-Cabinet-Wholesale-Bulk-Wall-Mounted-Bathroom-Medicine-Cabinets-150x150.webp 150w, https:\/\/www.shouyasanitary.com\/wp-content\/uploads\/2025\/06\/Bathroom-Vanity-Cabinet-Wholesale-Bulk-Wall-Mounted-Bathroom-Medicine-Cabinets-12x12.webp 12w, https:\/\/www.shouyasanitary.com\/wp-content\/uploads\/2025\/06\/Bathroom-Vanity-Cabinet-Wholesale-Bulk-Wall-Mounted-Bathroom-Medicine-Cabinets-600x600.webp 600w, https:\/\/www.shouyasanitary.com\/wp-content\/uploads\/2025\/06\/Bathroom-Vanity-Cabinet-Wholesale-Bulk-Wall-Mounted-Bathroom-Medicine-Cabinets-100x100.webp 100w\" sizes=\"(max-width: 700px) 100vw, 700px\" \/><\/figure>\n<\/div><\/div>\n<\/div>","protected":false},"excerpt":{"rendered":"<p>Badezimmer Eitelkeit Schrank Gro\u00dfhandel, mit SPC Material, Wand-Design, mit LED-Spiegelschrank, Keramik-Waschbecken, Schubladenschrank, etc., moderne und einfache Erscheinung, geeignet f\u00fcr Haus und kommerziellen Einsatz. Shouya Fabrik Direktvertrieb, Bulk semi-custom Auftr\u00e4ge und Gro\u00dfhandelspreise erf\u00fcllen Ihre Engineering-Projekt braucht. Willkommen zu erkundigen!<\/p>\n<h2>Badezimmer-Unterschrank Attribute\uff1a<\/h2>\n<p><strong>Artikel Nr.:<\/strong>HR6625-80<strong><br \/>Material des Geh\u00e4uses:<\/strong> SPC<br \/><strong>Farbe des Geh\u00e4uses:<\/strong> Gelb<br \/><strong>Spiegel:<\/strong>\u00a0LED-Spiegel (3,5 mm \/ 3,8 mm), dreifarbige Beleuchtung, One-Touch-Enteisung, gesichert mit mehrlagiger Schaumstoffverpackung<br \/><strong>Installationsart:<\/strong>\u00a0Wandbefestigung<br \/><strong>Abmessungen (L \u00d7 B \u00d7 H):<\/strong> 80*47,5*48,5 cm<br \/><strong>Bruttogewicht:<\/strong> 28kg\/Satz<\/p>\n<h2>Anpassung &amp; Dienstleistungen:<\/h2>\n<p><strong>OEM &amp; ODM<\/strong>: Unterst\u00fctzt<br \/><strong>Gestaltung<\/strong>: Frei<br \/><strong>Zubeh\u00f6r<\/strong>: Waschbecken, Spiegel, Armaturen und anderes Badzubeh\u00f6r<br \/><strong>Verpacken<\/strong>: Einbaufertig<\/p>","protected":false},"featured_media":1413,"comment_status":"closed","ping_status":"closed","template":"","meta":{"_acf_changed":true},"product_brand":[],"product_cat":[29],"product_tag":[],"class_list":{"0":"post-1410","1":"product","2":"type-product","3":"status-publish","4":"has-post-thumbnail","6":"product_cat-wholesale-spc-bathroom-vanity-cabinets","8":"first","9":"instock","10":"shipping-taxable","11":"product-type-simple"},"acf":[],"_links":{"self":[{"href":"https:\/\/www.shouyasanitary.com\/de\/wp-json\/wp\/v2\/product\/1410","targetHints":{"allow":["GET"]}}],"collection":[{"href":"https:\/\/www.shouyasanitary.com\/de\/wp-json\/wp\/v2\/product"}],"about":[{"href":"https:\/\/www.shouyasanitary.com\/de\/wp-json\/wp\/v2\/types\/product"}],"replies":[{"embeddable":true,"href":"https:\/\/www.shouyasanitary.com\/de\/wp-json\/wp\/v2\/comments?post=1410"}],"wp:featuredmedia":[{"embeddable":true,"href":"https:\/\/www.shouyasanitary.com\/de\/wp-json\/wp\/v2\/media\/1413"}],"wp:attachment":[{"href":"https:\/\/www.shouyasanitary.com\/de\/wp-json\/wp\/v2\/media?parent=1410"}],"wp:term":[{"taxonomy":"product_brand","embeddable":true,"href":"https:\/\/www.shouyasanitary.com\/de\/wp-json\/wp\/v2\/product_brand?post=1410"},{"taxonomy":"product_cat","embeddable":true,"href":"https:\/\/www.shouyasanitary.com\/de\/wp-json\/wp\/v2\/product_cat?post=1410"},{"taxonomy":"product_tag","embeddable":true,"href":"https:\/\/www.shouyasanitary.com\/de\/wp-json\/wp\/v2\/product_tag?post=1410"}],"curies":[{"name":"wp","href":"https:\/\/api.w.org\/{rel}","templated":true}]}}