{"id":1414,"date":"2025-06-20T10:53:55","date_gmt":"2025-06-20T10:53:55","guid":{"rendered":"https:\/\/www.shouyasanitary.com\/?post_type=product&#038;p=1414"},"modified":"2025-06-20T10:54:01","modified_gmt":"2025-06-20T10:54:01","slug":"custom-made-bathroom-vanities","status":"publish","type":"product","link":"https:\/\/www.shouyasanitary.com\/de\/produkt\/custom-made-bathroom-vanities\/","title":{"rendered":"Custom Made Badezimmer Eitelkeiten, Gro\u00dfhandel blau grau Badezimmer Schrank mit Becken"},"content":{"rendered":"<div class=\"wp-block-columns is-layout-flex wp-container-core-columns-is-layout-9d6595d7 wp-block-columns-is-layout-flex\">\n<div class=\"wp-block-column is-layout-flow wp-block-column-is-layout-flow\">\n<h2 class=\"wp-block-heading\">Custom Made Badezimmer Eitelkeiten Merkmale:<\/h2>\n\n\n\n<p><strong>Modernes Erscheinungsbild<\/strong>: klassische graue und wei\u00dfe Farbe mit sauberen Linien, der gesamte Stil ist einfach und modisch.<\/p>\n\n\n\n<p><strong>Intelligenter LED-Spiegelschrank:<\/strong> Der Spiegelschrank ist mit einer ber\u00fchrungsempfindlichen LED-Lichtleiste ausgestattet, die Beleuchtung ist nat\u00fcrlich und weich und erf\u00fcllt die Bed\u00fcrfnisse des t\u00e4glichen Waschens, des Schminkens und anderer Verwendungszwecke, wodurch ein Gef\u00fchl von Technologie entsteht.<\/p>\n\n\n\n<p><strong>Humanisiertes Speicherlayout<\/strong>: Der Spiegelschrank verf\u00fcgt \u00fcber ein links-rechts-symmetrisches offenes Raster und eine geschlossene Spiegelt\u00fcr in der Mitte, die sich gut zum Ordnen und Aufbewahren von h\u00e4ufig verwendeten Gegenst\u00e4nden eignet; der untere Hauptschrank ist dreit\u00fcrig und bietet einen versteckten Stauraum mit gro\u00dfem Fassungsverm\u00f6gen.<\/p>\n\n\n\n<p><strong>Hochwertiges SPC-Material: <\/strong>Der Schrankkorpus besteht aus SPC-Platten, die wasserdicht, feuchtigkeitsbest\u00e4ndig, schimmelresistent und nicht leicht verformbar sind, so dass sie ideal f\u00fcr eine<strong> <\/strong>feuchte Badezimmerumgebung.<\/p>\n\n\n\n<p><strong>Hardware aus rostfreiem Stahl: <\/strong>Die Struktur aus rostfreiem Stahl und Aluminiumlegierung ist langlebig, korrosionsbest\u00e4ndig, rostfrei, hat eine hohe Tragf\u00e4higkeit und gew\u00e4hrleistet eine langfristige und stabile Nutzung.<\/p>\n\n\n\n<p><strong>Leicht zu pflegen<\/strong>: Er ist mit einer wandmontierten Struktur und einer integrierten Arbeitsplatte ausgestattet, um tote Ecken im Sanit\u00e4rbereich zu reduzieren und den Aufwand f\u00fcr die t\u00e4gliche Reinigung zu verringern.<\/p>\n\n\n\n<p><strong>Die beste Wahl f\u00fcr technische Projekte:<\/strong> Es eignet sich f\u00fcr eine Vielzahl von Einsatzszenarien, wie z. B. Wohnh\u00e4user, Wohnungen, Hotels usw., unterst\u00fctzt OEM-Anpassung und ist ein viel verkauftes Modell f\u00fcr Gro\u00dfhandel und technische Projekte.<\/p>\n<\/div>\n\n\n\n<div class=\"wp-block-column is-layout-flow wp-block-column-is-layout-flow\"><div class=\"wp-block-image\">\n<figure class=\"aligncenter size-full\"><img decoding=\"async\" width=\"700\" height=\"700\" src=\"https:\/\/www.shouyasanitary.com\/wp-content\/uploads\/2025\/06\/Custom-Made-Bathroom-Vanities-Wholesale-Blue-Grey-Bathroom-Cabinet-with-Basin.webp\" alt=\"Custom Made Badezimmer Eitelkeiten, Gro\u00dfhandel blau grau Badezimmer Schrank mit Becken\" class=\"wp-image-1417\" style=\"object-fit:cover\" srcset=\"https:\/\/www.shouyasanitary.com\/wp-content\/uploads\/2025\/06\/Custom-Made-Bathroom-Vanities-Wholesale-Blue-Grey-Bathroom-Cabinet-with-Basin.webp 700w, https:\/\/www.shouyasanitary.com\/wp-content\/uploads\/2025\/06\/Custom-Made-Bathroom-Vanities-Wholesale-Blue-Grey-Bathroom-Cabinet-with-Basin-300x300.webp 300w, https:\/\/www.shouyasanitary.com\/wp-content\/uploads\/2025\/06\/Custom-Made-Bathroom-Vanities-Wholesale-Blue-Grey-Bathroom-Cabinet-with-Basin-150x150.webp 150w, https:\/\/www.shouyasanitary.com\/wp-content\/uploads\/2025\/06\/Custom-Made-Bathroom-Vanities-Wholesale-Blue-Grey-Bathroom-Cabinet-with-Basin-12x12.webp 12w, https:\/\/www.shouyasanitary.com\/wp-content\/uploads\/2025\/06\/Custom-Made-Bathroom-Vanities-Wholesale-Blue-Grey-Bathroom-Cabinet-with-Basin-600x600.webp 600w, https:\/\/www.shouyasanitary.com\/wp-content\/uploads\/2025\/06\/Custom-Made-Bathroom-Vanities-Wholesale-Blue-Grey-Bathroom-Cabinet-with-Basin-100x100.webp 100w\" sizes=\"(max-width: 700px) 100vw, 700px\" \/><\/figure>\n<\/div><\/div>\n<\/div>","protected":false},"excerpt":{"rendered":"<p>Ma\u00dfgeschneiderte Badezimmer-Eitelkeiten, SPC langlebiges Material, wandmontierte Design, multifunktionale Stauraum, ausgestattet mit LED-Spiegelschrank, Wasserhahn, etc. Fabrik Gro\u00dfhandelspreis, Unterst\u00fctzung der Anpassung, stabile Versorgung, willkommen, uns f\u00fcr ein Angebot zu kontaktieren!<\/p>\n<h2>Ma\u00dfgeschneiderte Badezimmer Eitelkeiten Attribute\uff1a<\/h2>\n<p><strong>Artikel Nr.:<\/strong>HR2201-100<strong><br \/>Material des Geh\u00e4uses: <\/strong>Steinkunststoffplatte<br \/><strong>Farbe des Geh\u00e4uses:<\/strong> Blau Grau<br \/><strong>Spiegel:<\/strong>\u00a0LED-Spiegel (3,5 mm \/ 3,8 mm), dreifarbige Beleuchtung, One-Touch-Enteisung, gesichert mit mehrlagiger Schaumstoffverpackung<br \/><strong>Installationsart:<\/strong>\u00a0Wandbefestigung<br \/><strong>Abmessungen (L \u00d7 B \u00d7 H):<\/strong> 100*47,5*48 cm<br \/><strong>Bruttogewicht:<\/strong> 35kg\/Satz<\/p>\n<h2>Anpassung &amp; Dienstleistungen:<\/h2>\n<p><strong>OEM &amp; ODM<\/strong>: Unterst\u00fctzt<br \/><strong>Gestaltung<\/strong>: Frei<br \/><strong>Zubeh\u00f6r<\/strong>: Waschbecken, Spiegel, Armaturen und anderes Badzubeh\u00f6r<br \/><strong>Verpacken<\/strong>: Einbaufertig<\/p>","protected":false},"featured_media":1417,"comment_status":"closed","ping_status":"closed","template":"","meta":{"_acf_changed":true},"product_brand":[],"product_cat":[29],"product_tag":[],"class_list":{"0":"post-1414","1":"product","2":"type-product","3":"status-publish","4":"has-post-thumbnail","6":"product_cat-wholesale-spc-bathroom-vanity-cabinets","8":"first","9":"instock","10":"shipping-taxable","11":"product-type-simple"},"acf":[],"_links":{"self":[{"href":"https:\/\/www.shouyasanitary.com\/de\/wp-json\/wp\/v2\/product\/1414","targetHints":{"allow":["GET"]}}],"collection":[{"href":"https:\/\/www.shouyasanitary.com\/de\/wp-json\/wp\/v2\/product"}],"about":[{"href":"https:\/\/www.shouyasanitary.com\/de\/wp-json\/wp\/v2\/types\/product"}],"replies":[{"embeddable":true,"href":"https:\/\/www.shouyasanitary.com\/de\/wp-json\/wp\/v2\/comments?post=1414"}],"wp:featuredmedia":[{"embeddable":true,"href":"https:\/\/www.shouyasanitary.com\/de\/wp-json\/wp\/v2\/media\/1417"}],"wp:attachment":[{"href":"https:\/\/www.shouyasanitary.com\/de\/wp-json\/wp\/v2\/media?parent=1414"}],"wp:term":[{"taxonomy":"product_brand","embeddable":true,"href":"https:\/\/www.shouyasanitary.com\/de\/wp-json\/wp\/v2\/product_brand?post=1414"},{"taxonomy":"product_cat","embeddable":true,"href":"https:\/\/www.shouyasanitary.com\/de\/wp-json\/wp\/v2\/product_cat?post=1414"},{"taxonomy":"product_tag","embeddable":true,"href":"https:\/\/www.shouyasanitary.com\/de\/wp-json\/wp\/v2\/product_tag?post=1414"}],"curies":[{"name":"wp","href":"https:\/\/api.w.org\/{rel}","templated":true}]}}