{"id":1418,"date":"2025-07-04T02:33:46","date_gmt":"2025-07-04T02:33:46","guid":{"rendered":"https:\/\/www.shouyasanitary.com\/?post_type=product&#038;p=1418"},"modified":"2025-07-04T02:33:53","modified_gmt":"2025-07-04T02:33:53","slug":"factory-wholesale-bathroom-vanity","status":"publish","type":"product","link":"https:\/\/www.shouyasanitary.com\/de\/produkt\/factory-wholesale-bathroom-vanity\/","title":{"rendered":"Neue Ankunft 2025 Fabrik Gro\u00dfhandel Badezimmer Eitelkeit, benutzerdefinierte Spiegel Schrank f\u00fcr Hotel Badezimmer"},"content":{"rendered":"<div class=\"wp-block-columns is-layout-flex wp-container-core-columns-is-layout-9d6595d7 wp-block-columns-is-layout-flex\">\n<div class=\"wp-block-column is-layout-flow wp-block-column-is-layout-flow\">\n<h2 class=\"wp-block-heading\">Badezimmer-Eitelkeiten:<\/h2>\n\n\n\n<p>\u200b<strong>\u200b<\/strong>1.<strong>Allgemeine Designphilosophie:<\/strong> Mit einem praktischen Ansatz, der auch die \u00c4sthetik des Designs ber\u00fccksichtigt, verleiht dieser Entwurf den zuk\u00fcnftigen Badezimmern ein Gef\u00fchl von Raffinesse.<\/p>\n\n\n\n<p>2.<strong>Versteckter Stauraum<\/strong>: Die linke Seite des Spiegelschranks greift das Design des Hauptschranks auf. In ge\u00f6ffnetem Zustand bietet sie einen kleinen Stauraum f\u00fcr Kosmetika und Toilettenartikel. Geschlossen f\u00fcgt sie sich nahtlos in den Spiegel ein und verleiht ihm ein schlichtes und elegantes Aussehen.<\/p>\n\n\n\n<p>3.<strong>Offene Regalgestaltung<\/strong>: Die offenen und transparenten Regalebenen erleichtern den Zugang und die Aufbewahrung von Dingen des t\u00e4glichen Bedarfs.<\/p>\n\n\n\n<p>4.<strong>Extra-gro\u00dfer Stauraum<\/strong>: Das Design mit zwei Schubladen teilt den Stauraum effizient auf, w\u00e4hrend die extragro\u00dfe einzelne Schublade eine gro\u00dfe Menge an Gegenst\u00e4nden aufnehmen kann und somit ideal f\u00fcr die Aufbewahrung gr\u00f6\u00dferer Gegenst\u00e4nde ist.<\/p>\n\n\n\n<p>\u200b<\/p>\n<\/div>\n\n\n\n<div class=\"wp-block-column is-layout-flow wp-block-column-is-layout-flow\"><div class=\"wp-block-image\">\n<figure class=\"aligncenter size-full\"><img decoding=\"async\" width=\"609\" height=\"609\" src=\"https:\/\/www.shouyasanitary.com\/wp-content\/uploads\/2025\/06\/bathroom-cabinet-with-aluminum-material.webp\" alt=\"badezimmer-schrank-mit-aluminium-material\" class=\"wp-image-1419\" style=\"object-fit:cover\" srcset=\"https:\/\/www.shouyasanitary.com\/wp-content\/uploads\/2025\/06\/bathroom-cabinet-with-aluminum-material.webp 609w, https:\/\/www.shouyasanitary.com\/wp-content\/uploads\/2025\/06\/bathroom-cabinet-with-aluminum-material-300x300.webp 300w, https:\/\/www.shouyasanitary.com\/wp-content\/uploads\/2025\/06\/bathroom-cabinet-with-aluminum-material-150x150.webp 150w, https:\/\/www.shouyasanitary.com\/wp-content\/uploads\/2025\/06\/bathroom-cabinet-with-aluminum-material-12x12.webp 12w, https:\/\/www.shouyasanitary.com\/wp-content\/uploads\/2025\/06\/bathroom-cabinet-with-aluminum-material-600x600.webp 600w, https:\/\/www.shouyasanitary.com\/wp-content\/uploads\/2025\/06\/bathroom-cabinet-with-aluminum-material-100x100.webp 100w\" sizes=\"(max-width: 609px) 100vw, 609px\" \/><\/figure>\n<\/div><\/div>\n<\/div>","protected":false},"excerpt":{"rendered":"<p>Fabrik Gro\u00dfhandel Bad Eitelkeit, elegantes Aussehen mit einem Spiegelschrank, reichlich Stauraum, ideal f\u00fcr Hotels, Wohnungen, etc. Direkte Versorgung aus dem Shouya Hersteller, bevorzugte Gro\u00dfhandelspreise, und kundenspezifische Optionen werden unterst\u00fctzt. Kontaktieren Sie uns jetzt f\u00fcr ein Angebot.<\/p>\n<h2>Badezimmer Waschtisch Attribute\uff1a<\/h2>\n<p><strong>Artikel Nr.:<\/strong>NB9901-60G<strong><br \/>Material des Geh\u00e4uses:<\/strong> Aluminium<br \/><strong>Farbe des Geh\u00e4uses:<\/strong> Grau<br \/><strong>Spiegel:<\/strong>\u00a0LED-Spiegel (3,5 mm \/ 3,8 mm), dreifarbige Beleuchtung, One-Touch-Enteisung, gesichert mit mehrlagiger Schaumstoffverpackung<br \/><strong>Installationsart:<\/strong>\u00a0Wandbefestigung<br \/><strong>Abmessungen (L \u00d7 B \u00d7 H):<\/strong> 60*47*49 cm<br \/><strong>Bruttogewicht:<\/strong> 30kg\/Satz<\/p>\n<h2>Anpassung &amp; Dienstleistungen:<\/h2>\n<p><strong>OEM &amp; ODM<\/strong>: Unterst\u00fctzt<br \/><strong>Gestaltung<\/strong>: Frei<br \/><strong>Zubeh\u00f6r<\/strong>: Waschbecken, Spiegel, Armaturen und anderes Badzubeh\u00f6r<br \/><strong>Verpacken<\/strong>: Einbaufertig<\/p>","protected":false},"featured_media":1419,"comment_status":"closed","ping_status":"closed","template":"","meta":{"_acf_changed":false},"product_brand":[],"product_cat":[23],"product_tag":[],"class_list":{"0":"post-1418","1":"product","2":"type-product","3":"status-publish","4":"has-post-thumbnail","6":"product_cat-wholesale-aluminum-bathroom-vanity-cabinets","8":"first","9":"instock","10":"shipping-taxable","11":"product-type-simple"},"acf":[],"_links":{"self":[{"href":"https:\/\/www.shouyasanitary.com\/de\/wp-json\/wp\/v2\/product\/1418","targetHints":{"allow":["GET"]}}],"collection":[{"href":"https:\/\/www.shouyasanitary.com\/de\/wp-json\/wp\/v2\/product"}],"about":[{"href":"https:\/\/www.shouyasanitary.com\/de\/wp-json\/wp\/v2\/types\/product"}],"replies":[{"embeddable":true,"href":"https:\/\/www.shouyasanitary.com\/de\/wp-json\/wp\/v2\/comments?post=1418"}],"wp:featuredmedia":[{"embeddable":true,"href":"https:\/\/www.shouyasanitary.com\/de\/wp-json\/wp\/v2\/media\/1419"}],"wp:attachment":[{"href":"https:\/\/www.shouyasanitary.com\/de\/wp-json\/wp\/v2\/media?parent=1418"}],"wp:term":[{"taxonomy":"product_brand","embeddable":true,"href":"https:\/\/www.shouyasanitary.com\/de\/wp-json\/wp\/v2\/product_brand?post=1418"},{"taxonomy":"product_cat","embeddable":true,"href":"https:\/\/www.shouyasanitary.com\/de\/wp-json\/wp\/v2\/product_cat?post=1418"},{"taxonomy":"product_tag","embeddable":true,"href":"https:\/\/www.shouyasanitary.com\/de\/wp-json\/wp\/v2\/product_tag?post=1418"}],"curies":[{"name":"wp","href":"https:\/\/api.w.org\/{rel}","templated":true}]}}