{"id":1422,"date":"2025-07-04T02:20:44","date_gmt":"2025-07-04T02:20:44","guid":{"rendered":"https:\/\/www.shouyasanitary.com\/?post_type=product&#038;p=1422"},"modified":"2025-07-04T02:20:49","modified_gmt":"2025-07-04T02:20:49","slug":"wholesale-modern-bathroom-vanity","status":"publish","type":"product","link":"https:\/\/www.shouyasanitary.com\/de\/produkt\/wholesale-modern-bathroom-vanity\/","title":{"rendered":"Gro\u00dfhandel moderne Badezimmer Eitelkeit, Aluminium Badezimmer Schrank mit Spiegel Keramikbecken"},"content":{"rendered":"<div class=\"wp-block-columns is-layout-flex wp-container-core-columns-is-layout-9d6595d7 wp-block-columns-is-layout-flex\">\n<div class=\"wp-block-column is-layout-flow wp-block-column-is-layout-flow\">\n<h2 class=\"wp-block-heading\">Eigenschaften des Badezimmer-Waschbeckens\uff1a<\/h2>\n\n\n\n<p><strong>Praktisches Spiegelkabinett: <\/strong>Der Innenraum ist mit einer Doppelt\u00fcr aus Glas ausgestattet und kann zur Einteilung und Aufbewahrung der t\u00e4glichen Pflege- und Hygieneprodukte verwendet werden.<br>Wenn die Schrankt\u00fcren geschlossen sind, bleibt die Spiegelfl\u00e4che frei und intakt, so dass ein aufger\u00e4umter Raum erhalten bleibt.<\/p>\n\n\n\n<p><strong>Multifunktionales Hauptkabinett: <\/strong>Mit zwei Schubladen und einer klassischen, eleganten grauen Farbgebung. Die gro\u00dfe Schublade bietet Platz f\u00fcr Handt\u00fccher und Toilettenartikel, w\u00e4hrend kleinere Gegenst\u00e4nde mit Hilfe von Unterteilungen organisiert werden k\u00f6nnen. <\/p>\n\n\n\n<p><strong>Modernes Aussehen: <\/strong>Graues Farbschema erg\u00e4nzt verschiedene Einrichtungsstile<br>Das Gesamtdesign entspricht der modernen Wohn\u00e4sthetik<\/p>\n\n\n\n<p><strong>Philosophie des menschenzentrierten Designs: <\/strong>Spiegelschrank mit Sichtschutz + Hauptschrank mit kategorisiertem Stauraum im Doppeldesign. Jedes Detail ist f\u00fcr den t\u00e4glichen Gebrauch optimiert. Ein Gleichgewicht zwischen Bedienkomfort und visueller \u00c4sthetik.<\/p>\n\n\n\n<p><strong>Aufwertung des Badezimmers: <\/strong>L\u00f6st das Problem der Unordnung in Badezimmern und schafft eine Umgebung ohne Unordnung. Eine Heilecke, die Form und Funktion vereint. Grundlegende Verbesserung der Lebensqualit\u00e4t zu Hause<\/p>\n<\/div>\n\n\n\n<div class=\"wp-block-column is-layout-flow wp-block-column-is-layout-flow\"><div class=\"wp-block-image\">\n<figure class=\"aligncenter size-full\"><img decoding=\"async\" width=\"601\" height=\"601\" src=\"https:\/\/www.shouyasanitary.com\/wp-content\/uploads\/2025\/06\/bathroom-cabinet-with-ceramic-basin.webp\" alt=\"badezimmer-schrank-mit-keramik-waschbecken\" class=\"wp-image-1423\" style=\"object-fit:cover\" srcset=\"https:\/\/www.shouyasanitary.com\/wp-content\/uploads\/2025\/06\/bathroom-cabinet-with-ceramic-basin.webp 601w, https:\/\/www.shouyasanitary.com\/wp-content\/uploads\/2025\/06\/bathroom-cabinet-with-ceramic-basin-300x300.webp 300w, https:\/\/www.shouyasanitary.com\/wp-content\/uploads\/2025\/06\/bathroom-cabinet-with-ceramic-basin-150x150.webp 150w, https:\/\/www.shouyasanitary.com\/wp-content\/uploads\/2025\/06\/bathroom-cabinet-with-ceramic-basin-12x12.webp 12w, https:\/\/www.shouyasanitary.com\/wp-content\/uploads\/2025\/06\/bathroom-cabinet-with-ceramic-basin-100x100.webp 100w\" sizes=\"(max-width: 601px) 100vw, 601px\" \/><\/figure>\n<\/div><\/div>\n<\/div>","protected":false},"excerpt":{"rendered":"<p>Willkommen im Gro\u00dfhandel modernen Badezimmer Eitelkeit dunkelgrau, aus Aluminium, mit einem LED-Spiegelschrank, ideal f\u00fcr ein feuchtes Badezimmer. Fabrik direktes Angebot, Unterst\u00fctzung OEM\/ODM, kontaktieren Sie uns f\u00fcr Anfragen.\u00a0<\/p>\n<h2>Badezimmer Waschtisch Attribute\uff1a<\/h2>\n<p><strong>Artikel Nr.:<\/strong>NB9905-60G<strong><br \/>Material des Geh\u00e4uses:<\/strong> Aluminium<br \/><strong>Farbe des Geh\u00e4uses:<\/strong> Dunkelgrau<br \/><strong>Spiegel:<\/strong> LED-Spiegel (3,5 mm\/3,8 mm), dreifarbige Beleuchtung, One-Touch-Entfogging, gesichert mit mehrlagiger Schaumstoffverpackung<br \/><strong>Installationsart:<\/strong>\u00a0Wandbefestigung<br \/><strong>Abmessungen (L\u00d7B\u00d7H):<\/strong> 60*47*49 cm<br \/><strong>Bruttogewicht:<\/strong> 30kg\/Satz<\/p>\n<h2>Anpassung &amp; Dienstleistungen:<\/h2>\n<p><strong>OEM &amp; ODM<\/strong>: Unterst\u00fctzt<br \/><strong>Gestaltung<\/strong>: Frei<br \/><strong>Zubeh\u00f6r<\/strong>: Waschbecken, Spiegel, Armaturen und anderes Badzubeh\u00f6r<br \/><strong>Verpacken<\/strong>: Einbaufertig<\/p>","protected":false},"featured_media":1423,"comment_status":"closed","ping_status":"closed","template":"","meta":{"_acf_changed":false},"product_brand":[],"product_cat":[23],"product_tag":[],"class_list":{"0":"post-1422","1":"product","2":"type-product","3":"status-publish","4":"has-post-thumbnail","6":"product_cat-wholesale-aluminum-bathroom-vanity-cabinets","8":"first","9":"instock","10":"shipping-taxable","11":"product-type-simple"},"acf":[],"_links":{"self":[{"href":"https:\/\/www.shouyasanitary.com\/de\/wp-json\/wp\/v2\/product\/1422","targetHints":{"allow":["GET"]}}],"collection":[{"href":"https:\/\/www.shouyasanitary.com\/de\/wp-json\/wp\/v2\/product"}],"about":[{"href":"https:\/\/www.shouyasanitary.com\/de\/wp-json\/wp\/v2\/types\/product"}],"replies":[{"embeddable":true,"href":"https:\/\/www.shouyasanitary.com\/de\/wp-json\/wp\/v2\/comments?post=1422"}],"wp:featuredmedia":[{"embeddable":true,"href":"https:\/\/www.shouyasanitary.com\/de\/wp-json\/wp\/v2\/media\/1423"}],"wp:attachment":[{"href":"https:\/\/www.shouyasanitary.com\/de\/wp-json\/wp\/v2\/media?parent=1422"}],"wp:term":[{"taxonomy":"product_brand","embeddable":true,"href":"https:\/\/www.shouyasanitary.com\/de\/wp-json\/wp\/v2\/product_brand?post=1422"},{"taxonomy":"product_cat","embeddable":true,"href":"https:\/\/www.shouyasanitary.com\/de\/wp-json\/wp\/v2\/product_cat?post=1422"},{"taxonomy":"product_tag","embeddable":true,"href":"https:\/\/www.shouyasanitary.com\/de\/wp-json\/wp\/v2\/product_tag?post=1422"}],"curies":[{"name":"wp","href":"https:\/\/api.w.org\/{rel}","templated":true}]}}