{"id":1465,"date":"2025-07-04T03:31:21","date_gmt":"2025-07-04T03:31:21","guid":{"rendered":"https:\/\/www.shouyasanitary.com\/?post_type=product&#038;p=1465"},"modified":"2025-07-04T03:31:26","modified_gmt":"2025-07-04T03:31:26","slug":"wholesale-pvc-bathroom-vanity","status":"publish","type":"product","link":"https:\/\/www.shouyasanitary.com\/de\/produkt\/wholesale-pvc-bathroom-vanity\/","title":{"rendered":"Gro\u00dfhandel PVC Badezimmer Eitelkeit, freistehende Badezimmer Schrank mit Marmor oben benutzerdefinierte"},"content":{"rendered":"<div class=\"wp-block-columns is-layout-flex wp-container-core-columns-is-layout-9d6595d7 wp-block-columns-is-layout-flex\">\n<div class=\"wp-block-column is-layout-flow wp-block-column-is-layout-flow\">\n<h2 class=\"wp-block-heading\">PVC-Badezimmer-Eitelkeiten\uff1a<\/h2>\n\n\n\n<p><strong>Wasserdichtes Material <\/strong>: Das PVC-Material ist f\u00fcr die feuchte Umgebung des Badezimmers geeignet. Es ist wasserdicht und feuchtigkeitsbest\u00e4ndig, verformt sich nicht leicht, ist resistent gegen Korrosion durch t\u00e4gliche Reinigungsmittel, leicht zu reinigen und zu pflegen, langlebig und bequem zu bedienen.<\/p>\n\n\n\n<p><strong>Vorteile der Gr\u00f6\u00dfe<\/strong>Die L\u00e4nge von 120 cm ist ideal f\u00fcr die meisten Badezimmer. Sie kann bequem zwei Waschbecken aufnehmen, bietet viel Arbeitsfl\u00e4che und erf\u00fcllt die Bed\u00fcrfnisse von zwei Personen, die sich gleichzeitig waschen wollen.<\/p>\n\n\n\n<p><strong>Das Doppelbecken-Design<\/strong>: erm\u00f6glicht es mehreren Personen, sich morgens zu waschen, ohne dass es zu Konflikten kommt, wobei die Hygiene in getrennten Bereichen aufrechterhalten wird, was die Nutzungseffizienz verbessert. Die vier Standf\u00fc\u00dfe heben den Schrank an und halten ihn von der Bodenfeuchtigkeit fern, wodurch das Risiko von Feuchtigkeitssch\u00e4den verringert wird.<\/p>\n\n\n\n<p><strong>Gro\u00dfe Speicherkapazit\u00e4t<\/strong>: Das Stauraumkonzept erf\u00fcllt die t\u00e4glichen Bed\u00fcrfnisse. Der gew\u00f6lbte Innenraum der Schrankt\u00fcr dient zur Aufbewahrung von gro\u00dfen Gegenst\u00e4nden wie Badet\u00fcchern, die Schubladen zur Aufbewahrung von kleinen Gegenst\u00e4nden. Die Kombination aus Offenheit und Geschlossenheit erm\u00f6glicht es, allt\u00e4gliche Gegenst\u00e4nde nach Belieben zu platzieren und private Dinge zu verstecken, so dass das Badezimmer frei von Unordnung und immer aufger\u00e4umt und ordentlich ist.<\/p>\n\n\n\n<p><strong>Unterst\u00fctzung der Anpassung<\/strong>Wir bieten Gro\u00dfeinkauf und OEM\/ODM-Kundenanpassung, der Vorteil des Direktpreises ab Werk liegt auf der Hand. Wir begr\u00fc\u00dfen H\u00e4ndler und Projektkunden, die sich \u00fcber eine Zusammenarbeit erkundigen m\u00f6chten.<\/p>\n<\/div>\n\n\n\n<div class=\"wp-block-column is-layout-flow wp-block-column-is-layout-flow\"><div class=\"wp-block-image\">\n<figure class=\"aligncenter size-full\"><img decoding=\"async\" width=\"700\" height=\"700\" src=\"https:\/\/www.shouyasanitary.com\/wp-content\/uploads\/2025\/06\/Wholesale-Bathroom-Vanity-Cabinet.webp\" alt=\"Gro\u00dfhandel-Badezimmer-Vanit\u00e4rschr\u00e4nke\" class=\"wp-image-1466\" style=\"object-fit:cover\" srcset=\"https:\/\/www.shouyasanitary.com\/wp-content\/uploads\/2025\/06\/Wholesale-Bathroom-Vanity-Cabinet.webp 700w, https:\/\/www.shouyasanitary.com\/wp-content\/uploads\/2025\/06\/Wholesale-Bathroom-Vanity-Cabinet-300x300.webp 300w, https:\/\/www.shouyasanitary.com\/wp-content\/uploads\/2025\/06\/Wholesale-Bathroom-Vanity-Cabinet-150x150.webp 150w, https:\/\/www.shouyasanitary.com\/wp-content\/uploads\/2025\/06\/Wholesale-Bathroom-Vanity-Cabinet-12x12.webp 12w, https:\/\/www.shouyasanitary.com\/wp-content\/uploads\/2025\/06\/Wholesale-Bathroom-Vanity-Cabinet-600x600.webp 600w, https:\/\/www.shouyasanitary.com\/wp-content\/uploads\/2025\/06\/Wholesale-Bathroom-Vanity-Cabinet-100x100.webp 100w\" sizes=\"(max-width: 700px) 100vw, 700px\" \/><\/figure>\n<\/div><\/div>\n<\/div>","protected":false},"excerpt":{"rendered":"<p>Gro\u00dfhandel PVC Bad Eitelkeit, gro\u00dfe freistehende Design, mit LED-Spiegel und Marmor Felsen Arbeitsplatte, High-End-Eleganz, und einfach zu installieren. Unterst\u00fctzung der Anpassung, willkommen, uns zu kontaktieren, um den Katalog zu erhalten.<\/p>\n<h2>PVC-Badezimmer-Eitelkeiten\uff1a<\/h2>\n<p><strong>Artikel Nr.:<\/strong>LT6002-120D<strong><br \/>Material des Geh\u00e4uses:<\/strong> PVC<br \/><strong>Farbe des Geh\u00e4uses:<\/strong> Schwarz<br \/><strong>Spiegel:<\/strong> LED-Spiegel (3,5 mm\/3,8 mm), dreifarbige Beleuchtung, One-Touch-Entfogging, gesichert mit mehrlagiger Schaumstoffverpackung<br \/><strong>Installationsart:<\/strong> Bodenstehend<br \/><strong>Abmessungen (L\u00d7B\u00d7H):<\/strong> 120*50*47 cm<br \/><strong>Bruttogewicht:<\/strong> 32kg\/Satz<\/p>\n<h2>Anpassung &amp; Dienstleistungen:<\/h2>\n<p><strong>OEM &amp; ODM<\/strong>: Unterst\u00fctzt<br \/><strong>Gestaltung<\/strong>: Frei<br \/><strong>Zubeh\u00f6r<\/strong>: Waschbecken, Spiegel, Armaturen und anderes Badzubeh\u00f6r<br \/><strong>Verpacken<\/strong>: Einbaufertig<\/p>","protected":false},"featured_media":1466,"comment_status":"closed","ping_status":"closed","template":"","meta":{"_acf_changed":false},"product_brand":[],"product_cat":[24],"product_tag":[],"class_list":{"0":"post-1465","1":"product","2":"type-product","3":"status-publish","4":"has-post-thumbnail","6":"product_cat-wholesale-pvc-bathroom-vanity-cabinets","8":"first","9":"instock","10":"shipping-taxable","11":"product-type-simple"},"acf":[],"_links":{"self":[{"href":"https:\/\/www.shouyasanitary.com\/de\/wp-json\/wp\/v2\/product\/1465","targetHints":{"allow":["GET"]}}],"collection":[{"href":"https:\/\/www.shouyasanitary.com\/de\/wp-json\/wp\/v2\/product"}],"about":[{"href":"https:\/\/www.shouyasanitary.com\/de\/wp-json\/wp\/v2\/types\/product"}],"replies":[{"embeddable":true,"href":"https:\/\/www.shouyasanitary.com\/de\/wp-json\/wp\/v2\/comments?post=1465"}],"wp:featuredmedia":[{"embeddable":true,"href":"https:\/\/www.shouyasanitary.com\/de\/wp-json\/wp\/v2\/media\/1466"}],"wp:attachment":[{"href":"https:\/\/www.shouyasanitary.com\/de\/wp-json\/wp\/v2\/media?parent=1465"}],"wp:term":[{"taxonomy":"product_brand","embeddable":true,"href":"https:\/\/www.shouyasanitary.com\/de\/wp-json\/wp\/v2\/product_brand?post=1465"},{"taxonomy":"product_cat","embeddable":true,"href":"https:\/\/www.shouyasanitary.com\/de\/wp-json\/wp\/v2\/product_cat?post=1465"},{"taxonomy":"product_tag","embeddable":true,"href":"https:\/\/www.shouyasanitary.com\/de\/wp-json\/wp\/v2\/product_tag?post=1465"}],"curies":[{"name":"wp","href":"https:\/\/api.w.org\/{rel}","templated":true}]}}