{"id":1469,"date":"2025-07-04T03:32:12","date_gmt":"2025-07-04T03:32:12","guid":{"rendered":"https:\/\/www.shouyasanitary.com\/?post_type=product&#038;p=1469"},"modified":"2025-07-04T03:32:17","modified_gmt":"2025-07-04T03:32:17","slug":"wholesale-bathroom-cabinet","status":"publish","type":"product","link":"https:\/\/www.shouyasanitary.com\/de\/produkt\/wholesale-bathroom-cabinet\/","title":{"rendered":"Gro\u00dfhandel Bad Schrank braun, moderne SPC Eitelkeit Bathroo f\u00fcr Hotel Custom"},"content":{"rendered":"<div class=\"wp-block-columns is-layout-flex wp-container-core-columns-is-layout-9d6595d7 wp-block-columns-is-layout-flex\">\n<div class=\"wp-block-column is-layout-flow wp-block-column-is-layout-flow\">\n<h2 class=\"wp-block-heading\">Eigenschaften des Badezimmerschranks\uff1a<\/h2>\n\n\n\n<p><strong>Moderner minimalistischer Designstil<\/strong>Die Kombination aus warmer Holzmaserung und den klaren Linien des modernen, minimalistischen Designs verleiht dem Bad eine hochwertige, ruhige und gepflegte \u00c4sthetik, die sich f\u00fcr eine Vielzahl von Wohn- und Hoteldesigns eignet.<\/p>\n\n\n\n<p><strong>Hochwertiges SPC-Material:<\/strong> umweltfreundliches SPC-Material mit wasserdichten, feuchtigkeitsbest\u00e4ndigen, verschlei\u00dffesten Eigenschaften, langfristige Nutzung ist nicht leicht zu verformen, ist ideal f\u00fcr feuchte Badezimmer Umgebung.<\/p>\n\n\n\n<p><strong>Effizientes Speichersystem<\/strong>: Der obere Spiegelschrank ist mit zwei offenen Ablagef\u00e4chern ausgestattet, die sich perfekt f\u00fcr h\u00e4ufig verwendete Toilettenartikel und Dekorationen eignen, w\u00e4hrend der untere Hauptschrank mit zwei T\u00fcren ausgestattet ist, die gen\u00fcgend versteckten Stauraum bieten und die Arbeitsplatte aufger\u00e4umt halten.<\/p>\n\n\n\n<p><strong>Praktische Spiegelkonfiguration<\/strong>: Der gro\u00dfformatige Spiegel ist klar und hell, um die Bed\u00fcrfnisse der t\u00e4glichen Pflege, Make-up und andere Bed\u00fcrfnisse zu erf\u00fcllen, unter Ber\u00fccksichtigung der \u00c4sthetik und Funktionalit\u00e4t, um die allgemeine Benutzererfahrung zu verbessern.<\/p>\n\n\n\n<p><strong>\u00c4sthetik mit schwarzem und wei\u00dfem Farbkontrast<\/strong>: Klassisches wei\u00dfes Keramikbecken mit mattschwarzem Wasserhahn, der eine starke visuelle Hierarchie bildet, modischen Stil und stabile Wasserleistung zeigt.<\/p>\n\n\n\n<p><strong>Ausf\u00fchrung f\u00fcr die Wandmontage<\/strong>Die h\u00e4ngende Installation spart effektiv Bodenfl\u00e4che, erleichtert die Reinigung und erh\u00f6ht die optische Transparenz des Badezimmers, besonders geeignet f\u00fcr moderne Wohnungen, Hotels und Bauprojekte.<\/p>\n\n\n\n<p><strong>Direktlieferung ab Werk<\/strong>Die Unterst\u00fctzung der Massenanpassung und des OEM-Service, die direkte Lieferung ab Werk, der wettbewerbsf\u00e4higere Preis, ist die ideale Wahl f\u00fcr Badezimmerschr\u00e4nke f\u00fcr H\u00e4ndler, Dekorationsfirmen und technische Projekte.<\/p>\n<\/div>\n\n\n\n<div class=\"wp-block-column is-layout-flow wp-block-column-is-layout-flow\"><div class=\"wp-block-image\">\n<figure class=\"aligncenter size-full\"><img decoding=\"async\" width=\"700\" height=\"700\" src=\"https:\/\/www.shouyasanitary.com\/wp-content\/uploads\/2025\/06\/wholesale-bathroom-cabinet.webp\" alt=\"Gro\u00dfhandel-Badezimmer-Schrank.\" class=\"wp-image-1470\" style=\"object-fit:cover\" srcset=\"https:\/\/www.shouyasanitary.com\/wp-content\/uploads\/2025\/06\/wholesale-bathroom-cabinet.webp 700w, https:\/\/www.shouyasanitary.com\/wp-content\/uploads\/2025\/06\/wholesale-bathroom-cabinet-300x300.webp 300w, https:\/\/www.shouyasanitary.com\/wp-content\/uploads\/2025\/06\/wholesale-bathroom-cabinet-150x150.webp 150w, https:\/\/www.shouyasanitary.com\/wp-content\/uploads\/2025\/06\/wholesale-bathroom-cabinet-12x12.webp 12w, https:\/\/www.shouyasanitary.com\/wp-content\/uploads\/2025\/06\/wholesale-bathroom-cabinet-600x600.webp 600w, https:\/\/www.shouyasanitary.com\/wp-content\/uploads\/2025\/06\/wholesale-bathroom-cabinet-100x100.webp 100w\" sizes=\"(max-width: 700px) 100vw, 700px\" \/><\/figure>\n<\/div><\/div>\n<\/div>","protected":false},"excerpt":{"rendered":"<p>Gro\u00dfhandel Badezimmerschrank. Umweltfreundliches SPC-Material, einzigartige braune Farbe, mit Keramikbecken und schwarzem Wasserhahn, ideal f\u00fcr ein modernes Hotelbad. Fabrik direkt liefern, unterst\u00fctzen OEM-Service, kontaktieren Sie uns f\u00fcr eine individuelle L\u00f6sung und ein Angebot.<\/p>\n<h2>Kabinett f\u00fcr Badezimmer Attribute\uff1a<\/h2>\n<p><strong>Artikel Nr.:<\/strong>A003-60<strong><br \/>Material des Geh\u00e4uses: <\/strong>SPC-Material<br \/><strong>Farbe des Geh\u00e4uses: <\/strong>Braun<br \/><strong>Spiegel:<\/strong> LED-Spiegel (3,5 mm\/3,8 mm), dreifarbige Beleuchtung, One-Touch-Entfogging, gesichert mit mehrlagiger Schaumstoffverpackung<br \/><strong>Installationsart:<\/strong>\u00a0Wandbefestigung<br \/><strong>Abmessungen (L\u00d7B\u00d7H):<\/strong> 60*47*42 cm<br \/><strong>Bruttogewicht:<\/strong> 27kg\/Satz<\/p>\n<h2>Anpassung &amp; Dienstleistungen:<\/h2>\n<p><strong>OEM &amp; ODM<\/strong>: Unterst\u00fctzt<br \/><strong>Gestaltung<\/strong>: Frei<br \/><strong>Zubeh\u00f6r<\/strong>: Waschbecken, Spiegel, Armaturen und anderes Badzubeh\u00f6r<br \/><strong>Verpacken<\/strong>: Einbaufertig<\/p>","protected":false},"featured_media":1470,"comment_status":"closed","ping_status":"closed","template":"","meta":{"_acf_changed":false},"product_brand":[],"product_cat":[29],"product_tag":[],"class_list":{"0":"post-1469","1":"product","2":"type-product","3":"status-publish","4":"has-post-thumbnail","6":"product_cat-wholesale-spc-bathroom-vanity-cabinets","8":"first","9":"instock","10":"shipping-taxable","11":"product-type-simple"},"acf":[],"_links":{"self":[{"href":"https:\/\/www.shouyasanitary.com\/de\/wp-json\/wp\/v2\/product\/1469","targetHints":{"allow":["GET"]}}],"collection":[{"href":"https:\/\/www.shouyasanitary.com\/de\/wp-json\/wp\/v2\/product"}],"about":[{"href":"https:\/\/www.shouyasanitary.com\/de\/wp-json\/wp\/v2\/types\/product"}],"replies":[{"embeddable":true,"href":"https:\/\/www.shouyasanitary.com\/de\/wp-json\/wp\/v2\/comments?post=1469"}],"wp:featuredmedia":[{"embeddable":true,"href":"https:\/\/www.shouyasanitary.com\/de\/wp-json\/wp\/v2\/media\/1470"}],"wp:attachment":[{"href":"https:\/\/www.shouyasanitary.com\/de\/wp-json\/wp\/v2\/media?parent=1469"}],"wp:term":[{"taxonomy":"product_brand","embeddable":true,"href":"https:\/\/www.shouyasanitary.com\/de\/wp-json\/wp\/v2\/product_brand?post=1469"},{"taxonomy":"product_cat","embeddable":true,"href":"https:\/\/www.shouyasanitary.com\/de\/wp-json\/wp\/v2\/product_cat?post=1469"},{"taxonomy":"product_tag","embeddable":true,"href":"https:\/\/www.shouyasanitary.com\/de\/wp-json\/wp\/v2\/product_tag?post=1469"}],"curies":[{"name":"wp","href":"https:\/\/api.w.org\/{rel}","templated":true}]}}