{"id":1491,"date":"2025-07-18T11:22:35","date_gmt":"2025-07-18T11:22:35","guid":{"rendered":"https:\/\/www.shouyasanitary.com\/?post_type=product&#038;p=1491"},"modified":"2025-07-19T09:30:22","modified_gmt":"2025-07-19T09:30:22","slug":"factory-wholesale-bathroom-cabinet","status":"publish","type":"product","link":"https:\/\/www.shouyasanitary.com\/de\/produkt\/factory-wholesale-bathroom-cabinet\/","title":{"rendered":"Fabrik Gro\u00dfhandel Badezimmer Schrank, langlebige Waschbecken Badezimmer Eitelkeit f\u00fcr Hotel in Bulk"},"content":{"rendered":"<div class=\"wp-block-columns is-layout-flex wp-container-core-columns-is-layout-9d6595d7 wp-block-columns-is-layout-flex\">\n<div class=\"wp-block-column is-layout-flow wp-block-column-is-layout-flow\">\n<h2 class=\"wp-block-heading\">Eigenschaften des Badezimmerschranks\uff1a<\/h2>\n\n\n\n<p><strong>Einfache Farbanpassung: <\/strong>Der Hauptschrank ist in klassischem Schwarz gehalten, das best\u00e4ndig und zur\u00fcckhaltend ist und einen scharfen Farbkontrast mit dem wei\u00dfen Waschbecken und dem ovalen Spiegel bildet, was eine modische Spannung erzeugt und dem gesamten Raum einen Hauch von leichtem Luxus verleiht. Er eignet sich f\u00fcr verschiedene moderne Badezimmerdekorationen.<\/p>\n\n\n\n<p><strong>Langlebiges PVC-Material<\/strong>: Das Kernmaterial des Hauptschranks ist PVC, das wasserdicht, feuchtigkeitsbest\u00e4ndig und leicht zu reinigen ist und perfekt in die feuchte Umgebung des Badezimmers passt. <\/p>\n\n\n\n<p><strong>Elliptisches Spiegeldesign:<\/strong>\u00a0Der Spiegel hat eine ovale Form und zeichnet sich durch weiche und glatte Linien aus, um die H\u00e4rte des Raumes zu mildern. Im t\u00e4glichen Gebrauch erf\u00fcllt die klare Darstellung die Bed\u00fcrfnisse des Waschens, Anziehens usw. Wenn er an einer Wand mit Marmorstruktur angebracht wird, erweitert der Spiegel die Raumh\u00f6he geschickt um eine visuelle Dimension und verst\u00e4rkt die Offenheit des Badezimmers, indem er den Glanz des Materials widerspiegelt.<\/p>\n\n\n\n<p><strong>Der schwarze Schrank besticht durch seine schlanken Linien: <\/strong>Das einzigartige vertikale Streifendesign auf der Oberfl\u00e4che des Schranks bereichert nicht nur die visuelle Hierarchie, indem es der einfachen Form eine zarte Textur verleiht, sondern verbirgt auch einen praktischen Einfallsreichtum.<\/p>\n\n\n\n<p><strong>Garantierte Zustellung<\/strong>: Mit stabilen Produktionskapazit\u00e4ten und professionellen Produktionslinien k\u00f6nnen wir schnell nach dem Projektplan liefern, die Anforderungen an die Bauzeit erf\u00fcllen und unterst\u00fctzende Sendungen aus einer Hand unterst\u00fctzen.<\/p>\n<\/div>\n\n\n\n<div class=\"wp-block-column is-layout-flow wp-block-column-is-layout-flow\"><div class=\"wp-block-image\">\n<figure class=\"aligncenter size-full\"><img decoding=\"async\" width=\"700\" height=\"700\" src=\"https:\/\/www.shouyasanitary.com\/wp-content\/uploads\/2025\/07\/Custom-Solutions-With-Black-Cabinet.webp\" alt=\"\" class=\"wp-image-1492\" style=\"object-fit:cover\" srcset=\"https:\/\/www.shouyasanitary.com\/wp-content\/uploads\/2025\/07\/Custom-Solutions-With-Black-Cabinet.webp 700w, https:\/\/www.shouyasanitary.com\/wp-content\/uploads\/2025\/07\/Custom-Solutions-With-Black-Cabinet-300x300.webp 300w, https:\/\/www.shouyasanitary.com\/wp-content\/uploads\/2025\/07\/Custom-Solutions-With-Black-Cabinet-150x150.webp 150w, https:\/\/www.shouyasanitary.com\/wp-content\/uploads\/2025\/07\/Custom-Solutions-With-Black-Cabinet-12x12.webp 12w, https:\/\/www.shouyasanitary.com\/wp-content\/uploads\/2025\/07\/Custom-Solutions-With-Black-Cabinet-600x600.webp 600w, https:\/\/www.shouyasanitary.com\/wp-content\/uploads\/2025\/07\/Custom-Solutions-With-Black-Cabinet-100x100.webp 100w\" sizes=\"(max-width: 700px) 100vw, 700px\" \/><\/figure>\n<\/div><\/div>\n<\/div>","protected":false},"excerpt":{"rendered":"<p>Fabrik Gro\u00dfhandel Bad Schrank, aus PVC-Material, LED-Spiegelschrank mit Berg Muster Dekoration, elegant und sch\u00f6n. Fabrik Versorgung, Unterst\u00fctzung Bulk-Anpassung und garantierte Lieferung. Bitte kontaktieren Sie uns f\u00fcr ein Angebot und Produktkatalog.<\/p>\n<h2>PVC-Badezimmer-Eitelkeiten\uff1a<\/h2>\n<p><strong>Artikel Nr.:<\/strong>LD-5083-140BD<strong><br \/>Material des Geh\u00e4uses:<\/strong> PVC<br \/><strong>Farbe des Geh\u00e4uses:<\/strong> Schwarz<br \/><strong>Spiegel:<\/strong> LED-Spiegel (3,5 mm\/3,8 mm), dreifarbige Beleuchtung, One-Touch-Entfogging, gesichert mit mehrlagiger Schaumstoffverpackung<br \/><strong>Installationsart:<\/strong> Bodenstehend<br \/><strong>Abmessungen (L\u00d7B\u00d7H):<\/strong> 140*50*55cm<br \/><strong>Bruttogewicht:<\/strong> 42kg\/Satz<\/p>\n<h2>Anpassung &amp; Dienstleistungen:<\/h2>\n<p><strong>OEM &amp; ODM<\/strong>: Unterst\u00fctzt<br \/><strong>Gestaltung<\/strong>: Frei<br \/><strong>Zubeh\u00f6r<\/strong>: Waschbecken, Spiegel, Armaturen und anderes Badzubeh\u00f6r<br \/><strong>Verpacken<\/strong>: Einbaufertig<\/p>","protected":false},"featured_media":1492,"comment_status":"closed","ping_status":"closed","template":"","meta":{"_acf_changed":false},"product_brand":[],"product_cat":[24],"product_tag":[],"class_list":{"0":"post-1491","1":"product","2":"type-product","3":"status-publish","4":"has-post-thumbnail","6":"product_cat-wholesale-pvc-bathroom-vanity-cabinets","8":"first","9":"instock","10":"shipping-taxable","11":"product-type-simple"},"acf":[],"_links":{"self":[{"href":"https:\/\/www.shouyasanitary.com\/de\/wp-json\/wp\/v2\/product\/1491","targetHints":{"allow":["GET"]}}],"collection":[{"href":"https:\/\/www.shouyasanitary.com\/de\/wp-json\/wp\/v2\/product"}],"about":[{"href":"https:\/\/www.shouyasanitary.com\/de\/wp-json\/wp\/v2\/types\/product"}],"replies":[{"embeddable":true,"href":"https:\/\/www.shouyasanitary.com\/de\/wp-json\/wp\/v2\/comments?post=1491"}],"wp:featuredmedia":[{"embeddable":true,"href":"https:\/\/www.shouyasanitary.com\/de\/wp-json\/wp\/v2\/media\/1492"}],"wp:attachment":[{"href":"https:\/\/www.shouyasanitary.com\/de\/wp-json\/wp\/v2\/media?parent=1491"}],"wp:term":[{"taxonomy":"product_brand","embeddable":true,"href":"https:\/\/www.shouyasanitary.com\/de\/wp-json\/wp\/v2\/product_brand?post=1491"},{"taxonomy":"product_cat","embeddable":true,"href":"https:\/\/www.shouyasanitary.com\/de\/wp-json\/wp\/v2\/product_cat?post=1491"},{"taxonomy":"product_tag","embeddable":true,"href":"https:\/\/www.shouyasanitary.com\/de\/wp-json\/wp\/v2\/product_tag?post=1491"}],"curies":[{"name":"wp","href":"https:\/\/api.w.org\/{rel}","templated":true}]}}