{"id":1495,"date":"2025-07-18T11:22:49","date_gmt":"2025-07-18T11:22:49","guid":{"rendered":"https:\/\/www.shouyasanitary.com\/?post_type=product&#038;p=1495"},"modified":"2025-07-18T11:22:51","modified_gmt":"2025-07-18T11:22:51","slug":"wholesale-bathroom-makeup-vanity","status":"publish","type":"product","link":"https:\/\/www.shouyasanitary.com\/de\/produkt\/wholesale-bathroom-makeup-vanity\/","title":{"rendered":"Gro\u00dfhandel Badezimmer Make-up Eitelkeit, neue Ankunft 2025 PVC Badezimmer Wandschr\u00e4nke Custom"},"content":{"rendered":"<div class=\"wp-block-columns is-layout-flex wp-container-core-columns-is-layout-9d6595d7 wp-block-columns-is-layout-flex\">\n<div class=\"wp-block-column is-layout-flow wp-block-column-is-layout-flow\">\n<h2 class=\"wp-block-heading\">Badezimmer Make-up Eitelkeit Merkmale:<\/h2>\n\n\n\n<p><strong>Farbliche Abstimmung: <\/strong>Das gesamte Farbkonzept ist \u00fcberwiegend in einem weichen, hellen Beigeton gehalten, der einen warmen, komfortablen und sanften visuellen Eindruck vermittelt. Der Waschbeckenbereich ist in makellosem Wei\u00df gestrichen und bildet einen subtilen Farbkontrast zum hellbeigen Schrank, der das Gef\u00fchl von Tiefe verst\u00e4rkt und gleichzeitig das Bad aufhellt und aufr\u00e4umt.<\/p>\n\n\n\n<p><strong>Lichtdesign: <\/strong>Der Spiegel hat ein unregelm\u00e4\u00dfiges, quadratisches Design mit einfachen und schlanken Linien. Umgeben von einer zarten Lichtleiste sorgt die sanfte Beleuchtung nicht nur f\u00fcr eine ausreichende und gleichm\u00e4\u00dfige Ausleuchtung bei der t\u00e4glichen K\u00f6rperpflege und dem Schminken und reduziert Schatten, sondern schafft auch eine warme und romantische Atmosph\u00e4re in der Nacht. Gleichzeitig dient sie als dekoratives Element und macht den Spiegel zu einem auff\u00e4lligen Blickfang im Bad.<\/p>\n\n\n\n<p><strong>Feuchtigkeitsgesch\u00fctzt: <\/strong>Der Hauptschrank besteht aus PVC-Material, das sich durch hervorragende wasser- und feuchtigkeitsbest\u00e4ndige Eigenschaften auszeichnet, die sich effektiv an die feuchte Umgebung im Badezimmer anpassen und seine Lebensdauer verl\u00e4ngern. <\/p>\n\n\n\n<p><strong>Feine Details<\/strong>: Die Schrankt\u00fcr hat ein griffloses Design, gepaart mit einem goldenen, unsichtbaren Griff, der schlicht und elegant ist. <\/p>\n\n\n\n<p><strong>Leicht zu reinigen<\/strong>Die h\u00e4ngende Montage l\u00e4sst den Badezimmerschrank nicht nur leicht und modisch aussehen, sondern erleichtert auch die t\u00e4gliche Reinigung und reduziert sanit\u00e4re Totzonen. Unter dem Schrankk\u00f6rper ist ein gewisser Raum reserviert, in dem kleine Haushaltsger\u00e4te wie z. B. Roboterstaubsauger untergebracht werden k\u00f6nnen, was die Raumnutzung und den Komfort im t\u00e4glichen Leben verbessert.<\/p>\n\n\n\n<p><strong>Bieten Sie ma\u00dfgeschneiderte Optionen<\/strong>: Flexible Anpassungsm\u00f6glichkeiten in Bezug auf Gr\u00f6\u00dfe, Farbe und funktionelle Konfiguration k\u00f6nnen je nach Raumaufteilung, Wasserbedarf, Farbstil usw. angeboten werden.<\/p>\n<\/div>\n\n\n\n<div class=\"wp-block-column is-layout-flow wp-block-column-is-layout-flow\"><div class=\"wp-block-image\">\n<figure class=\"aligncenter size-full\"><img decoding=\"async\" width=\"700\" height=\"700\" src=\"https:\/\/www.shouyasanitary.com\/wp-content\/uploads\/2025\/07\/Bulk-Purchases-Vanity.webp\" alt=\"Gro\u00dfeink\u00e4ufe Eitelkeit\" class=\"wp-image-1496\" style=\"object-fit:cover\" srcset=\"https:\/\/www.shouyasanitary.com\/wp-content\/uploads\/2025\/07\/Bulk-Purchases-Vanity.webp 700w, https:\/\/www.shouyasanitary.com\/wp-content\/uploads\/2025\/07\/Bulk-Purchases-Vanity-300x300.webp 300w, https:\/\/www.shouyasanitary.com\/wp-content\/uploads\/2025\/07\/Bulk-Purchases-Vanity-150x150.webp 150w, https:\/\/www.shouyasanitary.com\/wp-content\/uploads\/2025\/07\/Bulk-Purchases-Vanity-12x12.webp 12w, https:\/\/www.shouyasanitary.com\/wp-content\/uploads\/2025\/07\/Bulk-Purchases-Vanity-600x600.webp 600w, https:\/\/www.shouyasanitary.com\/wp-content\/uploads\/2025\/07\/Bulk-Purchases-Vanity-100x100.webp 100w\" sizes=\"(max-width: 700px) 100vw, 700px\" \/><\/figure>\n<\/div><\/div>\n<\/div>","protected":false},"excerpt":{"rendered":"<p>Gro\u00dfhandel Bad Make-up Eitelkeit, elegante cremewei\u00dfe Farbe, mit wasserdichtem PVC-Material, Waschbecken und LED-Spiegelschrank, ideal f\u00fcr moderne Badbereich abgestimmt. Fabrik direkt, liefert Shouya One-Stop-L\u00f6sung, willkommen, uns zu kontaktieren, um ein kostenloses Angebot heute zu bekommen!<\/p>\n<h2>Badezimmer Make-up Eitelkeit Attribute\uff1a<\/h2>\n<p><strong>Artikel Nr.:<\/strong>LD-5078-100M<strong><br \/>Material des Geh\u00e4uses:<\/strong> PVC<br \/><strong>Farbe des Geh\u00e4uses:<\/strong>Gelb<br \/><strong>Spiegel:<\/strong> LED-Spiegel (3,5 mm\/3,8 mm), dreifarbige Beleuchtung, One-Touch-Entfogging, gesichert mit mehrlagiger Schaumstoffverpackung<br \/><strong>Installationsart:<\/strong>\u00a0Wandbefestigung<br \/><strong>Abmessungen (L\u00d7B\u00d7H):<\/strong> 100*47*50cm<br \/><strong>Bruttogewicht:<\/strong> 38kg\/Satz<\/p>\n<h2>Anpassung &amp; Dienstleistungen:<\/h2>\n<p><strong>OEM &amp; ODM<\/strong>: Unterst\u00fctzt<br \/><strong>Gestaltung<\/strong>: Frei<br \/><strong>Zubeh\u00f6r<\/strong>: Waschbecken, Spiegel, Armaturen und anderes Badzubeh\u00f6r<br \/><strong>Verpacken<\/strong>: Einbaufertig<\/p>","protected":false},"featured_media":1496,"comment_status":"closed","ping_status":"closed","template":"","meta":{"_acf_changed":false},"product_brand":[],"product_cat":[24],"product_tag":[],"class_list":{"0":"post-1495","1":"product","2":"type-product","3":"status-publish","4":"has-post-thumbnail","6":"product_cat-wholesale-pvc-bathroom-vanity-cabinets","8":"first","9":"instock","10":"shipping-taxable","11":"product-type-simple"},"acf":[],"_links":{"self":[{"href":"https:\/\/www.shouyasanitary.com\/de\/wp-json\/wp\/v2\/product\/1495","targetHints":{"allow":["GET"]}}],"collection":[{"href":"https:\/\/www.shouyasanitary.com\/de\/wp-json\/wp\/v2\/product"}],"about":[{"href":"https:\/\/www.shouyasanitary.com\/de\/wp-json\/wp\/v2\/types\/product"}],"replies":[{"embeddable":true,"href":"https:\/\/www.shouyasanitary.com\/de\/wp-json\/wp\/v2\/comments?post=1495"}],"wp:featuredmedia":[{"embeddable":true,"href":"https:\/\/www.shouyasanitary.com\/de\/wp-json\/wp\/v2\/media\/1496"}],"wp:attachment":[{"href":"https:\/\/www.shouyasanitary.com\/de\/wp-json\/wp\/v2\/media?parent=1495"}],"wp:term":[{"taxonomy":"product_brand","embeddable":true,"href":"https:\/\/www.shouyasanitary.com\/de\/wp-json\/wp\/v2\/product_brand?post=1495"},{"taxonomy":"product_cat","embeddable":true,"href":"https:\/\/www.shouyasanitary.com\/de\/wp-json\/wp\/v2\/product_cat?post=1495"},{"taxonomy":"product_tag","embeddable":true,"href":"https:\/\/www.shouyasanitary.com\/de\/wp-json\/wp\/v2\/product_tag?post=1495"}],"curies":[{"name":"wp","href":"https:\/\/api.w.org\/{rel}","templated":true}]}}