{"id":1503,"date":"2025-07-18T11:22:55","date_gmt":"2025-07-18T11:22:55","guid":{"rendered":"https:\/\/www.shouyasanitary.com\/?post_type=product&#038;p=1503"},"modified":"2025-07-18T11:22:57","modified_gmt":"2025-07-18T11:22:57","slug":"wholesale-cabinets-bathroom","status":"publish","type":"product","link":"https:\/\/www.shouyasanitary.com\/de\/produkt\/wholesale-cabinets-bathroom\/","title":{"rendered":"Gro\u00dfhandel Schr\u00e4nke Bad, Sperrholz schwarz Badezimmer Eitelkeit mit Spiegel Licht und Waschbecken"},"content":{"rendered":"<div class=\"wp-block-columns is-layout-flex wp-container-core-columns-is-layout-9d6595d7 wp-block-columns-is-layout-flex\">\n<div class=\"wp-block-column is-layout-flow wp-block-column-is-layout-flow\">\n<h2 class=\"wp-block-heading\">Schr\u00e4nke Badezimmer Ausstattung\uff1a<\/h2>\n\n\n\n<p><strong>Einzigartige Farbe Stil: <\/strong>Dieser Badezimmerschrank hat eine klassische schwarze Farbe. Vor der strukturierten Marmorwand wirkt der schwarze Schrankk\u00f6rper besonders stabil, elegant und reich an Textur. Schwarz ist nicht nur vielseitig und f\u00fcgt sich leicht in Badezimmer mit verschiedenen Einrichtungsstilen ein, sondern strahlt auch einen zur\u00fcckhaltenden, luxuri\u00f6sen Stil aus, der dem Badezimmer einen einzigartigen Charme verleiht.<\/p>\n\n\n\n<p><strong>Ausgezeichnete Feuchtigkeits- und Wasserbest\u00e4ndigkeit: <\/strong>Das aus Sperrholz hergestellte und mit speziellen Techniken verarbeitete Material zeichnet sich durch eine hervorragende Feuchtigkeits- und Wasserbest\u00e4ndigkeit aus. In einer feuchten Badezimmerumgebung kann es der Erosion von Feuchtigkeit wirksam widerstehen und so Verformungen, Schimmel und andere Probleme im Schrank verhindern. Dadurch wird die Lebensdauer des Badezimmerschranks erheblich verl\u00e4ngert und die Benutzer m\u00fcssen sich keine Sorgen mehr \u00fcber Feuchtigkeitssch\u00e4den machen.<\/p>\n\n\n\n<p><strong>Starke Haltbarkeit: <\/strong>Das Sperrholz selbst hat eine stabile Struktur und eine hohe Festigkeit. Nach sorgf\u00e4ltiger Verarbeitung und Herstellung besitzt dieser Badezimmerschrank eine ausgezeichnete Haltbarkeit. Egal, ob er im t\u00e4glichen Leben h\u00e4ufig benutzt wird oder lange Zeit der besonderen Umgebung des Badezimmers ausgesetzt ist, er kann einen guten Zustand beibehalten, da er robust und zuverl\u00e4ssig ist und den Test der Zeit \u00fcberstehen kann.<\/p>\n\n\n\n<p><strong>Geniales Aufbewahrungskonzept: <\/strong>Der Hauptschrank ist mit gro\u00dfen Schubladen ausgestattet, die mit ihren glatten und schlichten Linien den Gesamtstil erg\u00e4nzen. Diese gro\u00dfen Schubladen bieten reichlich Stauraum und erm\u00f6glichen eine einfache Organisation von Toilettenartikeln, Handt\u00fcchern und anderen Gegenst\u00e4nden, um das Badezimmer ordentlich und sauber zu halten. Die Schubladen lassen sich leichtg\u00e4ngig \u00f6ffnen und schlie\u00dfen und bieten so eine hervorragende Benutzerfreundlichkeit. Au\u00dferdem erleichtern sie den Zugang zu den Gegenst\u00e4nden und deren Aufbewahrung und erf\u00fcllen so die praktischen Bed\u00fcrfnisse der Benutzer f\u00fcr die Organisation des Badezimmers.<\/p>\n\n\n\n<p><strong>Unterst\u00fctzung der integrierten Anpassung<\/strong>: Ein kompletter Satz von Badezimmerprodukten, einschlie\u00dflich Spiegelschr\u00e4nken, Armaturen, Regalen, Hardware-Zubeh\u00f6r, etc. wird gleichzeitig angeboten, um die einheitliche Beschaffung und Installation von technischen Projekten zu erleichtern.<\/p>\n<\/div>\n\n\n\n<div class=\"wp-block-column is-layout-flow wp-block-column-is-layout-flow\"><div class=\"wp-block-image\">\n<figure class=\"aligncenter size-full\"><img decoding=\"async\" width=\"700\" height=\"700\" src=\"https:\/\/www.shouyasanitary.com\/wp-content\/uploads\/2025\/07\/Wholesale-Bathroom-Cabinet.webp\" alt=\"Gro\u00dfhandel Badezimmer Kabinett\" class=\"wp-image-1506\" style=\"object-fit:cover\" srcset=\"https:\/\/www.shouyasanitary.com\/wp-content\/uploads\/2025\/07\/Wholesale-Bathroom-Cabinet.webp 700w, https:\/\/www.shouyasanitary.com\/wp-content\/uploads\/2025\/07\/Wholesale-Bathroom-Cabinet-300x300.webp 300w, https:\/\/www.shouyasanitary.com\/wp-content\/uploads\/2025\/07\/Wholesale-Bathroom-Cabinet-150x150.webp 150w, https:\/\/www.shouyasanitary.com\/wp-content\/uploads\/2025\/07\/Wholesale-Bathroom-Cabinet-12x12.webp 12w, https:\/\/www.shouyasanitary.com\/wp-content\/uploads\/2025\/07\/Wholesale-Bathroom-Cabinet-600x600.webp 600w, https:\/\/www.shouyasanitary.com\/wp-content\/uploads\/2025\/07\/Wholesale-Bathroom-Cabinet-100x100.webp 100w\" sizes=\"(max-width: 700px) 100vw, 700px\" \/><\/figure>\n<\/div><\/div>\n<\/div>","protected":false},"excerpt":{"rendered":"<p>Gro\u00dfhandel Schr\u00e4nke Bad, wandmontierte Design, hat es LED-Spiegel, Waschbecken und facuet, etc., schwarzes Aussehen, ist perfekt f\u00fcr Bad-Engineering-Projekte, die High-End-Stil zu verfolgen. Mehrere Anpassungsm\u00f6glichkeiten, lose semi-custom Lager. Kontaktieren Sie uns, um L\u00f6sungen zu erhalten!<\/p>\n<h2>Schr\u00e4nke Badezimmer Attribute\uff1a<\/h2>\n<p><strong>Artikel Nr.: <\/strong>SY2004-80G<strong><br \/>Material des Geh\u00e4uses:<\/strong> Sperrholz<br \/><strong>Farbe des Geh\u00e4uses:<\/strong> Schwarz<br \/><strong>Spiegel:<\/strong> LED-Spiegel (3,5 mm\/3,8 mm), dreifarbige Beleuchtung, One-Touch-Entfogging, gesichert mit mehrlagiger Schaumstoffverpackung<br \/><strong>Installationsart:<\/strong>\u00a0Wandbefestigung<br \/><strong>Abmessungen (L\u00d7B\u00d7H):<\/strong> 80x50x55 cm<br \/><strong>Bruttogewicht: <\/strong>35kg\/Satz<\/p>\n<h2>Anpassung &amp; Dienstleistungen:<\/h2>\n<p><strong>OEM &amp; ODM<\/strong>: Unterst\u00fctzt<br \/><strong>Gestaltung<\/strong>: Frei<br \/><strong>Zubeh\u00f6r<\/strong>: Waschbecken, Spiegel, Armaturen und anderes Badzubeh\u00f6r<br \/><strong>Verpacken<\/strong>: Einbaufertig<\/p>","protected":false},"featured_media":1506,"comment_status":"closed","ping_status":"closed","template":"","meta":{"_acf_changed":false},"product_brand":[],"product_cat":[20],"product_tag":[],"class_list":{"0":"post-1503","1":"product","2":"type-product","3":"status-publish","4":"has-post-thumbnail","6":"product_cat-wholesale-plywood-bathroom-vanity-cabinets","8":"first","9":"instock","10":"shipping-taxable","11":"product-type-simple"},"acf":[],"_links":{"self":[{"href":"https:\/\/www.shouyasanitary.com\/de\/wp-json\/wp\/v2\/product\/1503","targetHints":{"allow":["GET"]}}],"collection":[{"href":"https:\/\/www.shouyasanitary.com\/de\/wp-json\/wp\/v2\/product"}],"about":[{"href":"https:\/\/www.shouyasanitary.com\/de\/wp-json\/wp\/v2\/types\/product"}],"replies":[{"embeddable":true,"href":"https:\/\/www.shouyasanitary.com\/de\/wp-json\/wp\/v2\/comments?post=1503"}],"wp:featuredmedia":[{"embeddable":true,"href":"https:\/\/www.shouyasanitary.com\/de\/wp-json\/wp\/v2\/media\/1506"}],"wp:attachment":[{"href":"https:\/\/www.shouyasanitary.com\/de\/wp-json\/wp\/v2\/media?parent=1503"}],"wp:term":[{"taxonomy":"product_brand","embeddable":true,"href":"https:\/\/www.shouyasanitary.com\/de\/wp-json\/wp\/v2\/product_brand?post=1503"},{"taxonomy":"product_cat","embeddable":true,"href":"https:\/\/www.shouyasanitary.com\/de\/wp-json\/wp\/v2\/product_cat?post=1503"},{"taxonomy":"product_tag","embeddable":true,"href":"https:\/\/www.shouyasanitary.com\/de\/wp-json\/wp\/v2\/product_tag?post=1503"}],"curies":[{"name":"wp","href":"https:\/\/api.w.org\/{rel}","templated":true}]}}