{"id":1535,"date":"2025-07-18T11:23:59","date_gmt":"2025-07-18T11:23:59","guid":{"rendered":"https:\/\/www.shouyasanitary.com\/?post_type=product&#038;p=1535"},"modified":"2025-07-19T07:24:03","modified_gmt":"2025-07-19T07:24:03","slug":"custom-bathroom-wall-cabinets","status":"publish","type":"product","link":"https:\/\/www.shouyasanitary.com\/de\/produkt\/custom-bathroom-wall-cabinets\/","title":{"rendered":"Custom Badezimmer Wandschr\u00e4nke, Wei\u00df PVC Badezimmer Eitelkeit mit Waschbecken Bulk"},"content":{"rendered":"<div class=\"wp-block-columns is-layout-flex wp-container-core-columns-is-layout-9d6595d7 wp-block-columns-is-layout-flex\">\n<div class=\"wp-block-column is-layout-flow wp-block-column-is-layout-flow\">\n<h2 class=\"wp-block-heading\">Badezimmer Wandschr\u00e4nke Eigenschaften\uff1a<\/h2>\n\n\n\n<p><strong>Hochwertiges PVC-Material<\/strong>: Es hat ausgezeichnete wasser- und feuchtigkeitsbest\u00e4ndige Eigenschaften. Es verformt sich nicht und verrottet nicht in einer feuchten Badezimmerumgebung und ist leicht zu pflegen, da es mit einem feuchten Tuch abgewischt werden kann. Au\u00dferdem ist es umweltfreundlich und bietet eine dauerhafte Aufbewahrungsl\u00f6sung f\u00fcr das Badezimmer.<\/p>\n\n\n\n<p><strong>Modernes Aussehen:<\/strong> Das Design zeichnet sich durch eine schlichte und modische \u00c4sthetik aus, mit glatten und sauberen Linien. In Kombination mit einem intelligenten Spiegelschrank verf\u00fcgt er \u00fcber eine Umgebungsbeleuchtung und eine Zeitanzeige, die die Atmosph\u00e4re und die Zweckm\u00e4\u00dfigkeit verst\u00e4rken. Die Farbe des Schranks ist sanft, mit goldenen Griffen zur Dekoration, die den visuellen Effekt aufhellen, und er ist mit verschiedenen Einrichtungsstilen kompatibel und verleiht dem Badezimmer einen hochwertigen Touch.<\/p>\n\n\n\n<p><strong>Praktische Aufbewahrungsfunktion: <\/strong>Der Spiegelschrank und der Unterschrank haben eine doppelte Aufbewahrungsfunktion. Der Spiegelschrank verf\u00fcgt \u00fcber mehrere Ebenen zur Aufbewahrung von Toilettenartikeln, die bequem zug\u00e4nglich sind; der Unterschrank hat ein gro\u00dfes Fassungsverm\u00f6gen und ist gut organisiert, so dass Badet\u00fccher, verschiedene Gegenst\u00e4nde usw. kategorisiert aufbewahrt werden k\u00f6nnen, wodurch Unordnung im Badezimmer vermieden und eine geordnete Aufbewahrung erreicht wird, die den Aufbewahrungsbedarf f\u00fcr die t\u00e4glichen Toilettenartikel erf\u00fcllt.<\/p>\n\n\n\n<p><strong>Unterst\u00fctzung ma\u00dfgeschneiderter L\u00f6sungen<\/strong>: Wir bieten zahlreiche kundenspezifische Dienstleistungen in Bezug auf Gr\u00f6\u00dfe, Farbe, Material, LOGO und Verpackung an und passen uns flexibel an die verschiedenen Marktanforderungen auf der ganzen Welt an.<\/p>\n<\/div>\n\n\n\n<div class=\"wp-block-column is-layout-flow wp-block-column-is-layout-flow\"><div class=\"wp-block-image\">\n<figure class=\"aligncenter size-full\"><img decoding=\"async\" width=\"700\" height=\"700\" src=\"https:\/\/www.shouyasanitary.com\/wp-content\/uploads\/2025\/07\/Wholesale-Bathroom-Vanity-Cabinet.webp\" alt=\"Gro\u00dfhandel Badezimmer Eitelkeit Kabinett\" class=\"wp-image-1537\" style=\"object-fit:cover\" srcset=\"https:\/\/www.shouyasanitary.com\/wp-content\/uploads\/2025\/07\/Wholesale-Bathroom-Vanity-Cabinet.webp 700w, https:\/\/www.shouyasanitary.com\/wp-content\/uploads\/2025\/07\/Wholesale-Bathroom-Vanity-Cabinet-300x300.webp 300w, https:\/\/www.shouyasanitary.com\/wp-content\/uploads\/2025\/07\/Wholesale-Bathroom-Vanity-Cabinet-150x150.webp 150w, https:\/\/www.shouyasanitary.com\/wp-content\/uploads\/2025\/07\/Wholesale-Bathroom-Vanity-Cabinet-12x12.webp 12w, https:\/\/www.shouyasanitary.com\/wp-content\/uploads\/2025\/07\/Wholesale-Bathroom-Vanity-Cabinet-600x600.webp 600w, https:\/\/www.shouyasanitary.com\/wp-content\/uploads\/2025\/07\/Wholesale-Bathroom-Vanity-Cabinet-100x100.webp 100w\" sizes=\"(max-width: 700px) 100vw, 700px\" \/><\/figure>\n<\/div><\/div>\n<\/div>","protected":false},"excerpt":{"rendered":"<p>Benutzerdefinierte Badezimmer Wandschr\u00e4nke, wasserdicht und feuchtigkeitsbest\u00e4ndig, leicht zu reinigen, mit einem LED-Spiegelschrank, geeignet f\u00fcr eine Vielzahl von Bad-Layouts. Unterst\u00fctzen Sie OEM\/ODM-Anpassung Service, willkommen, uns zu kontaktieren, um den Produktkatalog und Angebot zu erhalten!<\/p>\n<h2>Badezimmer Wandschr\u00e4nke Attribute\uff1a<\/h2>\n<p><strong>Artikel Nr.:<\/strong>LD-5078-80M<strong><br \/>Material des Geh\u00e4uses:<\/strong> PVC<br \/><strong>Farbe des Geh\u00e4uses:<\/strong> Wei\u00df<br \/><strong>Spiegel:<\/strong> LED-Spiegel (3,5 mm\/3,8 mm), dreifarbige Beleuchtung, One-Touch-Entfogging, gesichert mit mehrlagiger Schaumstoffverpackung<br \/><strong>Installationsart:<\/strong>\u00a0Wandbefestigung<br \/><strong>Abmessungen (L\u00d7B\u00d7H):<\/strong> 80x47x50 cm<br \/><strong>Bruttogewicht:<\/strong> 30kg\/Satz<\/p>\n<h2>Anpassung &amp; Dienstleistungen:<\/h2>\n<p><strong>OEM &amp; ODM<\/strong>: Unterst\u00fctzt<br \/><strong>Gestaltung<\/strong>: Frei<br \/><strong>Zubeh\u00f6r<\/strong>: Waschbecken, Spiegel, Armaturen und anderes Badzubeh\u00f6r<br \/><strong>Verpacken<\/strong>: Einbaufertig<\/p>","protected":false},"featured_media":1537,"comment_status":"closed","ping_status":"closed","template":"","meta":{"_acf_changed":false},"product_brand":[],"product_cat":[24],"product_tag":[],"class_list":{"0":"post-1535","1":"product","2":"type-product","3":"status-publish","4":"has-post-thumbnail","6":"product_cat-wholesale-pvc-bathroom-vanity-cabinets","8":"first","9":"instock","10":"shipping-taxable","11":"product-type-simple"},"acf":[],"_links":{"self":[{"href":"https:\/\/www.shouyasanitary.com\/de\/wp-json\/wp\/v2\/product\/1535","targetHints":{"allow":["GET"]}}],"collection":[{"href":"https:\/\/www.shouyasanitary.com\/de\/wp-json\/wp\/v2\/product"}],"about":[{"href":"https:\/\/www.shouyasanitary.com\/de\/wp-json\/wp\/v2\/types\/product"}],"replies":[{"embeddable":true,"href":"https:\/\/www.shouyasanitary.com\/de\/wp-json\/wp\/v2\/comments?post=1535"}],"wp:featuredmedia":[{"embeddable":true,"href":"https:\/\/www.shouyasanitary.com\/de\/wp-json\/wp\/v2\/media\/1537"}],"wp:attachment":[{"href":"https:\/\/www.shouyasanitary.com\/de\/wp-json\/wp\/v2\/media?parent=1535"}],"wp:term":[{"taxonomy":"product_brand","embeddable":true,"href":"https:\/\/www.shouyasanitary.com\/de\/wp-json\/wp\/v2\/product_brand?post=1535"},{"taxonomy":"product_cat","embeddable":true,"href":"https:\/\/www.shouyasanitary.com\/de\/wp-json\/wp\/v2\/product_cat?post=1535"},{"taxonomy":"product_tag","embeddable":true,"href":"https:\/\/www.shouyasanitary.com\/de\/wp-json\/wp\/v2\/product_tag?post=1535"}],"curies":[{"name":"wp","href":"https:\/\/api.w.org\/{rel}","templated":true}]}}