{"id":1536,"date":"2025-07-18T11:23:30","date_gmt":"2025-07-18T11:23:30","guid":{"rendered":"https:\/\/www.shouyasanitary.com\/?post_type=product&#038;p=1536"},"modified":"2025-07-19T09:12:26","modified_gmt":"2025-07-19T09:12:26","slug":"wholesale-bathroom-vanities-cabinets","status":"publish","type":"product","link":"https:\/\/www.shouyasanitary.com\/de\/produkt\/wholesale-bathroom-vanities-cabinets\/","title":{"rendered":"Gro\u00dfhandel Badezimmer Eitelkeiten Schr\u00e4nke, schwimmende wei\u00dfe Badezimmer Schrank benutzerdefinierte"},"content":{"rendered":"<div class=\"wp-block-columns is-layout-flex wp-container-core-columns-is-layout-9d6595d7 wp-block-columns-is-layout-flex\">\n<div class=\"wp-block-column is-layout-flow wp-block-column-is-layout-flow\">\n<h2 class=\"wp-block-heading\">Gro\u00dfhandel Badezimmer Eitelkeiten Schr\u00e4nke Eigenschaften\uff1a<\/h2>\n\n\n\n<p><strong>Strapazierf\u00e4higes PVC-Material:<\/strong> Es ist wasserdicht und feuchtigkeitsbest\u00e4ndig. Es verformt sich nicht und verrottet nicht in einer feuchten Badezimmerumgebung. Es ist leicht zu reinigen und zu pflegen. Mit einem feuchten Tuch kann es t\u00e4glich sauber gehalten werden. Es ist langlebig und umweltfreundlich und sch\u00fctzt den Raum im Badezimmer.<\/p>\n\n\n\n<p><strong>Gr\u00f6\u00dfenvorteil<\/strong>: Die Breite von 80 cm ist f\u00fcr die meisten Familienb\u00e4der geeignet. Nach der Installation nimmt er nicht zu viel Platz ein. In einem kleinen Bad kann er ein offenes Gef\u00fchl schaffen, und in einem gro\u00dfen Bad ist er ebenfalls gut abgestimmt. Er bietet reichlich Platz zum Waschen und Pflegen, ist sehr anpassungsf\u00e4hig und l\u00e4sst sich leicht in verschiedene Grundrisse integrieren.<\/p>\n\n\n\n<p><strong>Vielseitiges Design Konzept<\/strong>: Sie ist mit einer schlichten und eleganten Spiegelplatte kombiniert. Die R\u00e4nder sind von Lichtleisten umgeben. Wenn sie beleuchtet sind, schaffen sie eine warme, waschbare Umgebung. Die Linien des Schranks sind glatt. Die Hauptfarbe ist wei\u00df mit exquisiten Griffen. Er ist einfach und modisch und eignet sich f\u00fcr verschiedene Einrichtungsstile.<\/p>\n\n\n\n<p><strong>Einfach zu installieren<\/strong>: Der modulare Aufbau erm\u00f6glicht eine bequeme und schnelle Montage an der Wand und spart Bauzeit und Arbeitskosten.<\/p>\n\n\n\n<p><strong>Unterst\u00fctzung von OEM\/ODM-Dienstleistungen<\/strong>: Shouya bietet professionelle Anpassungsdienste an, um das Markendesign und die funktionalen Anforderungen von Einzelhandels- und Badprojektkunden zu erf\u00fcllen.<\/p>\n<\/div>\n\n\n\n<div class=\"wp-block-column is-layout-flow wp-block-column-is-layout-flow\"><div class=\"wp-block-image\">\n<figure class=\"aligncenter size-full\"><img decoding=\"async\" width=\"700\" height=\"700\" src=\"https:\/\/www.shouyasanitary.com\/wp-content\/uploads\/2025\/07\/Wholesale-Bathroom-Vanity-Cabinet_1.webp\" alt=\"Gro\u00dfhandel Badezimmer Eitelkeit Kabinett_1\" class=\"wp-image-1542\" style=\"object-fit:cover\" srcset=\"https:\/\/www.shouyasanitary.com\/wp-content\/uploads\/2025\/07\/Wholesale-Bathroom-Vanity-Cabinet_1.webp 700w, https:\/\/www.shouyasanitary.com\/wp-content\/uploads\/2025\/07\/Wholesale-Bathroom-Vanity-Cabinet_1-300x300.webp 300w, https:\/\/www.shouyasanitary.com\/wp-content\/uploads\/2025\/07\/Wholesale-Bathroom-Vanity-Cabinet_1-150x150.webp 150w, https:\/\/www.shouyasanitary.com\/wp-content\/uploads\/2025\/07\/Wholesale-Bathroom-Vanity-Cabinet_1-12x12.webp 12w, https:\/\/www.shouyasanitary.com\/wp-content\/uploads\/2025\/07\/Wholesale-Bathroom-Vanity-Cabinet_1-600x600.webp 600w, https:\/\/www.shouyasanitary.com\/wp-content\/uploads\/2025\/07\/Wholesale-Bathroom-Vanity-Cabinet_1-100x100.webp 100w\" sizes=\"(max-width: 700px) 100vw, 700px\" \/><\/figure>\n<\/div><\/div>\n<\/div>\n\n\n\n<p><\/p>","protected":false},"excerpt":{"rendered":"<p>Gro\u00dfhandel Badezimmer Eitelkeiten Schr\u00e4nke, langlebige PVC-Material, einfach und elegant, perfekt f\u00fcr verschiedene Badstile, einfach zu installieren und zu reinigen. Unterst\u00fctzung kundenspezifischen Service, willkommen, uns f\u00fcr einen Gro\u00dfeinkauf Angebot zu kontaktieren!\u00a0<\/p>\n<h2>Badezimmer Eitelkeiten Schr\u00e4nke Attribute\uff1a<\/h2>\n<p><strong>Artikel Nr.: <\/strong>6001-80V<strong><br \/>Material des Geh\u00e4uses:<\/strong> PVC<br \/><strong>Farbe des Geh\u00e4uses:<\/strong> Wei\u00df<br \/><strong>Spiegel:<\/strong> LED-Spiegel (3,5 mm\/3,8 mm), dreifarbige Beleuchtung, One-Touch-Entfogging, gesichert mit mehrlagiger Schaumstoffverpackung<br \/><strong>Installationsart:<\/strong>\u00a0Wandbefestigung<br \/><strong>Abmessungen (L\u00d7B\u00d7H):<\/strong> 80x47x47 cm<br \/><strong>Bruttogewicht:<\/strong> 30kg\/Satz<\/p>\n<h2>Anpassung &amp; Dienstleistungen:<\/h2>\n<p><strong>OEM &amp; ODM<\/strong>: Unterst\u00fctzt<br \/><strong>Gestaltung<\/strong>: Frei<br \/><strong>Zubeh\u00f6r<\/strong>: Waschbecken, Spiegel, Armaturen und anderes Badzubeh\u00f6r<br \/><strong>Verpacken<\/strong>: Einbaufertig<\/p>","protected":false},"featured_media":1542,"comment_status":"closed","ping_status":"closed","template":"","meta":{"_acf_changed":true},"product_brand":[],"product_cat":[24],"product_tag":[],"class_list":{"0":"post-1536","1":"product","2":"type-product","3":"status-publish","4":"has-post-thumbnail","6":"product_cat-wholesale-pvc-bathroom-vanity-cabinets","8":"first","9":"instock","10":"shipping-taxable","11":"product-type-simple"},"acf":[],"_links":{"self":[{"href":"https:\/\/www.shouyasanitary.com\/de\/wp-json\/wp\/v2\/product\/1536","targetHints":{"allow":["GET"]}}],"collection":[{"href":"https:\/\/www.shouyasanitary.com\/de\/wp-json\/wp\/v2\/product"}],"about":[{"href":"https:\/\/www.shouyasanitary.com\/de\/wp-json\/wp\/v2\/types\/product"}],"replies":[{"embeddable":true,"href":"https:\/\/www.shouyasanitary.com\/de\/wp-json\/wp\/v2\/comments?post=1536"}],"wp:featuredmedia":[{"embeddable":true,"href":"https:\/\/www.shouyasanitary.com\/de\/wp-json\/wp\/v2\/media\/1542"}],"wp:attachment":[{"href":"https:\/\/www.shouyasanitary.com\/de\/wp-json\/wp\/v2\/media?parent=1536"}],"wp:term":[{"taxonomy":"product_brand","embeddable":true,"href":"https:\/\/www.shouyasanitary.com\/de\/wp-json\/wp\/v2\/product_brand?post=1536"},{"taxonomy":"product_cat","embeddable":true,"href":"https:\/\/www.shouyasanitary.com\/de\/wp-json\/wp\/v2\/product_cat?post=1536"},{"taxonomy":"product_tag","embeddable":true,"href":"https:\/\/www.shouyasanitary.com\/de\/wp-json\/wp\/v2\/product_tag?post=1536"}],"curies":[{"name":"wp","href":"https:\/\/api.w.org\/{rel}","templated":true}]}}