{"id":1545,"date":"2025-07-18T11:23:16","date_gmt":"2025-07-18T11:23:16","guid":{"rendered":"https:\/\/www.shouyasanitary.com\/?post_type=product&#038;p=1545"},"modified":"2025-07-19T09:21:55","modified_gmt":"2025-07-19T09:21:55","slug":"factory-wholesale-bathroom-cabinets","status":"publish","type":"product","link":"https:\/\/www.shouyasanitary.com\/de\/produkt\/factory-wholesale-bathroom-cabinets\/","title":{"rendered":"Fabrik Gro\u00dfhandel Badezimmer Schr\u00e4nke, Sperrholz Wand montiert Badezimmer Eitelkeit"},"content":{"rendered":"<div class=\"wp-block-columns is-layout-flex wp-container-core-columns-is-layout-9d6595d7 wp-block-columns-is-layout-flex\">\n<div class=\"wp-block-column is-layout-flow wp-block-column-is-layout-flow\">\n<h2 class=\"wp-block-heading\">Badezimmerschr\u00e4nke Merkmale:<\/h2>\n\n\n\n<p><strong>Langlebiges Sperrholzmaterial:<\/strong>Der Schrankk\u00f6rper besteht aus Sperrholz, das eine ausgezeichnete strukturelle Stabilit\u00e4t aufweist, nicht anf\u00e4llig f\u00fcr Verformungen oder Risse ist, eine gute feuchtigkeitsbest\u00e4ndige Leistung aufweist und f\u00fcr eine feuchte Umgebung geeignet ist. Die Granit-Arbeitsplatte ist hart und verschlei\u00dffest, schmutzabweisend und wasserabweisend<\/p>\n\n\n\n<p><strong>Modernes Aussehen:<\/strong>Die 100-cm-Spezifikation ist f\u00fcr die meisten Badezimmer geeignet, mit einem kompakten und harmonischen Layout. Der Sperrholzschrank kann mit verschiedenen Oberfl\u00e4chenbehandlungen versehen werden, die eine rustikale oder modische Textur aufweisen. In Kombination mit der nat\u00fcrlichen Textur des Granits wirkt er schlicht und modern. Der runde, hinterleuchtete Spiegel tr\u00e4gt zu einer raffinierten und hochwertigen Atmosph\u00e4re bei und wertet das Badezimmer auf.<\/p>\n\n\n\n<p><strong>Gro\u00dfe Speicherkapazit\u00e4t:<\/strong>Vern\u00fcnftige Planung der internen Staur\u00e4ume, die Schubladen und Regale kombinieren. Kleine Gegenst\u00e4nde k\u00f6nnen in den Schubladen aufbewahrt werden, w\u00e4hrend gro\u00dfe Gegenst\u00e4nde und Reinigungsmittel auf den Regalen platziert werden k\u00f6nnen. Die L\u00e4nge von 100 cm bietet ausreichend Stauraum, um Ordnung im Bad zu schaffen und die Arbeitsfl\u00e4che frei von Chaos zu halten, damit Sauberkeit und Frische erhalten bleiben.<\/p>\n\n\n\n<p><strong>Massenanpassungsdienst: <\/strong>Wir bieten halbindividuelle L\u00f6sungen mit einer Reihe von Auswahlm\u00f6glichkeiten wie Schrankfarben, Spiegelschrankkonfigurationen, Arbeitsplattenmaterialien und Armaturentypen, die es Ihnen erm\u00f6glichen, das Design an Ihre spezifischen Bed\u00fcrfnisse anzupassen.<\/p>\n<\/div>\n\n\n\n<div class=\"wp-block-column is-layout-flow wp-block-column-is-layout-flow\"><div class=\"wp-block-image\">\n<figure class=\"aligncenter size-full\"><img decoding=\"async\" width=\"700\" height=\"700\" src=\"https:\/\/www.shouyasanitary.com\/wp-content\/uploads\/2025\/07\/wholesale-bathroom-cabinet-vanity.webp\" alt=\"Gro\u00dfhandel Badezimmerschrank Eitelkeit\" class=\"wp-image-1546\" style=\"object-fit:cover\" srcset=\"https:\/\/www.shouyasanitary.com\/wp-content\/uploads\/2025\/07\/wholesale-bathroom-cabinet-vanity.webp 700w, https:\/\/www.shouyasanitary.com\/wp-content\/uploads\/2025\/07\/wholesale-bathroom-cabinet-vanity-300x300.webp 300w, https:\/\/www.shouyasanitary.com\/wp-content\/uploads\/2025\/07\/wholesale-bathroom-cabinet-vanity-150x150.webp 150w, https:\/\/www.shouyasanitary.com\/wp-content\/uploads\/2025\/07\/wholesale-bathroom-cabinet-vanity-12x12.webp 12w, https:\/\/www.shouyasanitary.com\/wp-content\/uploads\/2025\/07\/wholesale-bathroom-cabinet-vanity-600x600.webp 600w, https:\/\/www.shouyasanitary.com\/wp-content\/uploads\/2025\/07\/wholesale-bathroom-cabinet-vanity-100x100.webp 100w\" sizes=\"(max-width: 700px) 100vw, 700px\" \/><\/figure>\n<\/div><\/div>\n<\/div>","protected":false},"excerpt":{"rendered":"<p>Fabrik Gro\u00dfhandel Bad Schr\u00e4nke, dunkelblau Aussehen, mit LED-Spiegel, gro\u00dfe Speicherkapazit\u00e4t und wandmontierte Design, langlebig und bequem. Bieten ma\u00dfgeschneiderte Dienstleistungen, um Ihr Projekt Bed\u00fcrfnisse zu erf\u00fcllen, kontaktieren Sie uns jetzt, um Produktkatalog und MOQ zu erhalten.\u00a0<\/p>\n<h2>Badezimmerschr\u00e4nke Attribute\uff1a<\/h2>\n<p><strong>Artikel Nr.<\/strong>: SY1051-100<br \/><strong>Material des Geh\u00e4uses<\/strong>: Sperrholz<br \/><strong>Farbe des Geh\u00e4uses<\/strong>: Dunkelblau<br \/><strong>Spiegel<\/strong>: LED-Spiegel (3,5 mm \/ 3,8 mm), dreifarbige Beleuchtung, One-Touch-Enteisung, mit mehrschichtiger Schaumstoffverpackung gesichert <br \/><strong>Einbauart<\/strong>: Wandbefestigung <br \/><strong>Abmessungen (L \u00d7 B \u00d7 H)<\/strong>: 100 x 50 x 40 cm<br \/><strong>Bruttogewicht<\/strong>: 35 kg\/Satz<\/p>\n<h2>Anpassung &amp; Dienstleistungen:<\/h2>\n<p><strong>OEM &amp; ODM<\/strong>: Unterst\u00fctzt<br \/><strong>Gestaltung<\/strong>: Frei<br \/><strong>Zubeh\u00f6r<\/strong>: Waschbecken, Spiegel, Armaturen und anderes Badzubeh\u00f6r<br \/><strong>Verpacken<\/strong>: Einbaufertig<\/p>","protected":false},"featured_media":1546,"comment_status":"closed","ping_status":"closed","template":"","meta":{"_acf_changed":true},"product_brand":[],"product_cat":[20],"product_tag":[],"class_list":{"0":"post-1545","1":"product","2":"type-product","3":"status-publish","4":"has-post-thumbnail","6":"product_cat-wholesale-plywood-bathroom-vanity-cabinets","8":"first","9":"instock","10":"shipping-taxable","11":"product-type-simple"},"acf":[],"_links":{"self":[{"href":"https:\/\/www.shouyasanitary.com\/de\/wp-json\/wp\/v2\/product\/1545","targetHints":{"allow":["GET"]}}],"collection":[{"href":"https:\/\/www.shouyasanitary.com\/de\/wp-json\/wp\/v2\/product"}],"about":[{"href":"https:\/\/www.shouyasanitary.com\/de\/wp-json\/wp\/v2\/types\/product"}],"replies":[{"embeddable":true,"href":"https:\/\/www.shouyasanitary.com\/de\/wp-json\/wp\/v2\/comments?post=1545"}],"wp:featuredmedia":[{"embeddable":true,"href":"https:\/\/www.shouyasanitary.com\/de\/wp-json\/wp\/v2\/media\/1546"}],"wp:attachment":[{"href":"https:\/\/www.shouyasanitary.com\/de\/wp-json\/wp\/v2\/media?parent=1545"}],"wp:term":[{"taxonomy":"product_brand","embeddable":true,"href":"https:\/\/www.shouyasanitary.com\/de\/wp-json\/wp\/v2\/product_brand?post=1545"},{"taxonomy":"product_cat","embeddable":true,"href":"https:\/\/www.shouyasanitary.com\/de\/wp-json\/wp\/v2\/product_cat?post=1545"},{"taxonomy":"product_tag","embeddable":true,"href":"https:\/\/www.shouyasanitary.com\/de\/wp-json\/wp\/v2\/product_tag?post=1545"}],"curies":[{"name":"wp","href":"https:\/\/api.w.org\/{rel}","templated":true}]}}