{"id":1550,"date":"2025-07-18T11:23:23","date_gmt":"2025-07-18T11:23:23","guid":{"rendered":"https:\/\/www.shouyasanitary.com\/?post_type=product&#038;p=1550"},"modified":"2025-07-19T09:21:31","modified_gmt":"2025-07-19T09:21:31","slug":"custom-vanity-bathroom-cabinet","status":"publish","type":"product","link":"https:\/\/www.shouyasanitary.com\/de\/produkt\/custom-vanity-bathroom-cabinet\/","title":{"rendered":"Benutzerdefinierte Eitelkeit Badezimmer Schrank, Sperrholz Badezimmer mit LED-Spiegel in Bulk"},"content":{"rendered":"<div class=\"wp-block-columns is-layout-flex wp-container-core-columns-is-layout-9d6595d7 wp-block-columns-is-layout-flex\">\n<div class=\"wp-block-column is-layout-flow wp-block-column-is-layout-flow\">\n<h2 class=\"wp-block-heading\">Eitelkeit Badezimmer Schrank Merkmale:<\/h2>\n\n\n\n<p><strong>Hochwertiges Sperrholz<\/strong>: Es hat eine hohe Festigkeit und gute Stabilit\u00e4t und ist nicht anf\u00e4llig f\u00fcr Verformung oder Rissbildung. Es kann einen guten Zustand f\u00fcr eine lange Zeit zu halten. Die Granitarbeitsplatte ist verschlei\u00dffest, kratzfest, schmutzabweisend und leicht zu reinigen und hat auch eine ausgezeichnete Best\u00e4ndigkeit gegen hohe Temperaturen. Ob f\u00fcr die Unterbringung von Toilettenartikeln oder f\u00fcr den t\u00e4glichen Gebrauch, sie kann alles mit Leichtigkeit bew\u00e4ltigen.<\/p>\n\n\n\n<p><strong>Speicherfunktion: <\/strong>Dieser Badezimmerschrank bietet reichlich Stauraum. Er verf\u00fcgt \u00fcber Schubladen mit gro\u00dfem Fassungsverm\u00f6gen und offene Ablagef\u00e4cher darunter. In den Schubladen k\u00f6nnen verschiedene Toilettenartikel kategorisch aufbewahrt werden, und in den offenen Ablagef\u00e4chern lassen sich h\u00e4ufig ben\u00f6tigte Artikel bequem unterbringen, sodass sie leicht zug\u00e4nglich sind. Das sinnvolle Zonendesign sorgt f\u00fcr eine \u00fcbersichtliche Anordnung der Badutensilien und vermeidet Unordnung.<\/p>\n\n\n\n<p><strong>Vorteile der Gr\u00f6\u00dfe: <\/strong>Die Gr\u00f6\u00dfe von 100 cm ist genau richtig. Sie nimmt weder zu viel Platz im Bad ein, noch gen\u00fcgt sie nicht den Anforderungen des t\u00e4glichen Gebrauchs. Sie nutzt den Platz an der Wand voll aus.<\/p>\n\n\n\n<p><strong>Direktlieferung ab Werk<\/strong>: Shouya Fabrik Versorgung, garantierte Produktqualit\u00e4t und Lieferzeit, mehr wettbewerbsf\u00e4hige Preise. Unterst\u00fctzen Sie niedrige MOQ und Massengro\u00dfhandelsk\u00e4ufe.<\/p>\n<\/div>\n\n\n\n<div class=\"wp-block-column is-layout-flow wp-block-column-is-layout-flow\"><div class=\"wp-block-image\">\n<figure class=\"aligncenter size-full\"><img decoding=\"async\" width=\"700\" height=\"700\" src=\"https:\/\/www.shouyasanitary.com\/wp-content\/uploads\/2025\/07\/Wholesale-modern-Bathroom-Vanity-Cabinet.webp\" alt=\"Gro\u00dfhandel modernes Bad Eitelkeit Kabinett\" class=\"wp-image-1551\" style=\"object-fit:cover\" srcset=\"https:\/\/www.shouyasanitary.com\/wp-content\/uploads\/2025\/07\/Wholesale-modern-Bathroom-Vanity-Cabinet.webp 700w, https:\/\/www.shouyasanitary.com\/wp-content\/uploads\/2025\/07\/Wholesale-modern-Bathroom-Vanity-Cabinet-300x300.webp 300w, https:\/\/www.shouyasanitary.com\/wp-content\/uploads\/2025\/07\/Wholesale-modern-Bathroom-Vanity-Cabinet-150x150.webp 150w, https:\/\/www.shouyasanitary.com\/wp-content\/uploads\/2025\/07\/Wholesale-modern-Bathroom-Vanity-Cabinet-12x12.webp 12w, https:\/\/www.shouyasanitary.com\/wp-content\/uploads\/2025\/07\/Wholesale-modern-Bathroom-Vanity-Cabinet-600x600.webp 600w, https:\/\/www.shouyasanitary.com\/wp-content\/uploads\/2025\/07\/Wholesale-modern-Bathroom-Vanity-Cabinet-100x100.webp 100w\" sizes=\"(max-width: 700px) 100vw, 700px\" \/><\/figure>\n<\/div><\/div>\n<\/div>","protected":false},"excerpt":{"rendered":"<p>Benutzerdefinierte Eitelkeit Bad Schrank, ausgestattet mit einem Keramik-Waschbecken und LED-Spiegel, einfach zu installieren und zu reinigen. Hergestellt aus wasserfestem Sperrholz, Lieferung direkt vom Hersteller, bieten OED\/ODM Dienstleistungen, ideal f\u00fcr Bad-Projekt. Kontaktieren Sie uns, um ma\u00dfgeschneiderte L\u00f6sungen zu erhalten!<\/p>\n<h2>Benutzerdefinierte Eitelkeit Badezimmer Schrank Attribute\uff1a<\/h2>\n<p><strong>Artikel Nr.:<\/strong>SY2004-100BE<strong><br \/>Material des Geh\u00e4uses:<\/strong> Sperrholz<br \/><strong>Farbe des Geh\u00e4uses: <\/strong> Braun<br \/><strong>Spiegel:<\/strong>\u00a0LED-Spiegel (3,5 mm \/ 3,8 mm), dreifarbige Beleuchtung, One-Touch-Enteisung, gesichert mit mehrlagiger Schaumstoffverpackung<br \/><strong>Installationsart:<\/strong>\u00a0Wandbefestigung<br \/><strong>Abmessungen (L \u00d7 B \u00d7 H):<\/strong> 100 x 50 x 55 cm<br \/><strong>Bruttogewicht:<\/strong> 30 kg\/Satz<\/p>\n<h2>Anpassung &amp; Dienstleistungen:<\/h2>\n<p><strong>OEM &amp; ODM<\/strong>: Unterst\u00fctzt<br \/><strong>Gestaltung<\/strong>: Frei<br \/><strong>Zubeh\u00f6r<\/strong>: Waschbecken, Spiegel, Armaturen und anderes Badzubeh\u00f6r<br \/><strong>Verpacken<\/strong>: Einbaufertig<\/p>","protected":false},"featured_media":1551,"comment_status":"closed","ping_status":"closed","template":"","meta":{"_acf_changed":false},"product_brand":[],"product_cat":[20],"product_tag":[],"class_list":{"0":"post-1550","1":"product","2":"type-product","3":"status-publish","4":"has-post-thumbnail","6":"product_cat-wholesale-plywood-bathroom-vanity-cabinets","8":"first","9":"instock","10":"shipping-taxable","11":"product-type-simple"},"acf":[],"_links":{"self":[{"href":"https:\/\/www.shouyasanitary.com\/de\/wp-json\/wp\/v2\/product\/1550","targetHints":{"allow":["GET"]}}],"collection":[{"href":"https:\/\/www.shouyasanitary.com\/de\/wp-json\/wp\/v2\/product"}],"about":[{"href":"https:\/\/www.shouyasanitary.com\/de\/wp-json\/wp\/v2\/types\/product"}],"replies":[{"embeddable":true,"href":"https:\/\/www.shouyasanitary.com\/de\/wp-json\/wp\/v2\/comments?post=1550"}],"wp:featuredmedia":[{"embeddable":true,"href":"https:\/\/www.shouyasanitary.com\/de\/wp-json\/wp\/v2\/media\/1551"}],"wp:attachment":[{"href":"https:\/\/www.shouyasanitary.com\/de\/wp-json\/wp\/v2\/media?parent=1550"}],"wp:term":[{"taxonomy":"product_brand","embeddable":true,"href":"https:\/\/www.shouyasanitary.com\/de\/wp-json\/wp\/v2\/product_brand?post=1550"},{"taxonomy":"product_cat","embeddable":true,"href":"https:\/\/www.shouyasanitary.com\/de\/wp-json\/wp\/v2\/product_cat?post=1550"},{"taxonomy":"product_tag","embeddable":true,"href":"https:\/\/www.shouyasanitary.com\/de\/wp-json\/wp\/v2\/product_tag?post=1550"}],"curies":[{"name":"wp","href":"https:\/\/api.w.org\/{rel}","templated":true}]}}