{"id":1571,"date":"2025-08-01T11:30:43","date_gmt":"2025-08-01T11:30:43","guid":{"rendered":"https:\/\/www.shouyasanitary.com\/?post_type=product&#038;p=1571"},"modified":"2025-08-01T11:30:50","modified_gmt":"2025-08-01T11:30:50","slug":"custom-bathroom-cabinets-vanity","status":"publish","type":"product","link":"https:\/\/www.shouyasanitary.com\/de\/produkt\/custom-bathroom-cabinets-vanity\/","title":{"rendered":"Benutzerdefinierte Badezimmerschr\u00e4nke Eitelkeit, Luxus-Schrank Badezimmer mit Doppel-Waschbecken und Spiegel f\u00fcr Hotel in Bulk"},"content":{"rendered":"<div class=\"wp-block-columns is-layout-flex wp-container-core-columns-is-layout-9d6595d7 wp-block-columns-is-layout-flex\">\n<div class=\"wp-block-column is-layout-flow wp-block-column-is-layout-flow\">\n<h2 class=\"wp-block-heading\">Badezimmer Schr\u00e4nke Eitelkeit Eigenschaften\uff1a<\/h2>\n\n\n\n<p><strong>Moderner minimalistischer Stil<\/strong>: Der gro\u00dfformatige Spiegel mit intelligenter Atmosph\u00e4re wird mit einem Schrank mit vertikalem Muster kombiniert, der sich durch klare Linien auszeichnet. Die offene untere Ablagefl\u00e4che und das Doppelwaschbecken schaffen einen transparenten und aufger\u00e4umten Badraum, der den \u00e4sthetischen Anspr\u00fcchen gehobener Hotels und anderer Einrichtungen gerecht wird.<\/p>\n\n\n\n<p><strong>Reichlich Stauraum<\/strong>: \u00dcber den Doppelwaschbecken k\u00f6nnen h\u00e4ufig verwendete Toilettenartikel untergebracht werden. Der vertikal gemusterte Bereich des Schranks verbirgt den Stauraum. Auf der unteren, offenen Plattform k\u00f6nnen Handt\u00fccher und \u00fcbersch\u00fcssige Gegenst\u00e4nde ordentlich aufbewahrt werden, mit einer sinnvollen Aufteilung, die den Bed\u00fcrfnissen mehrerer Personen, die den Schrank gleichzeitig benutzen, und der Aufbewahrung einer gro\u00dfen Menge von Badezimmerartikeln entspricht.<\/p>\n\n\n\n<p><strong>Ideal f\u00fcr ger\u00e4umige B\u00e4der<\/strong>: Die Breite von 120 cm ist f\u00fcr gro\u00dfe R\u00e4ume geeignet. Das Doppelwaschbecken erm\u00f6glicht das gleichzeitige Waschen f\u00fcr zwei Personen und verbessert die Effizienz der Nutzung. Die erweiterte Gr\u00f6\u00dfe bietet mehr Platz f\u00fcr Ablage und Bedienung und schafft eine komfortable und effiziente Badumgebung.<\/p>\n\n\n\n<p><strong>Hochwertiges Sperrholz<\/strong>: Hergestellt aus Sperrholz, hat es eine stabile Struktur und eine starke Tragf\u00e4higkeit. Die wasserdichte und feuchtigkeitsbest\u00e4ndige Behandlung ist f\u00fcr die feuchte Umgebung im Badezimmer geeignet und neigt nicht zu Verformungen oder Rissen. Es verbindet Haltbarkeit mit \u00c4sthetik und reduziert langfristig die Wartungskosten.<\/p>\n\n\n\n<p><strong>L\u00f6sungen f\u00fcr das Badezimmer aus einer Hand:<\/strong> Zus\u00e4tzlich zu den Badezimmerschr\u00e4nken bieten wir auch ein komplettes Set von Badezimmerl\u00f6sungen an, wie z.B. Badezimmerspiegel, Spiegelschr\u00e4nke, Armaturen, Regale, usw., um den gesamten Kaufbedarf der Kunden zu decken.<\/p>\n<\/div>\n\n\n\n<div class=\"wp-block-column is-layout-flow wp-block-column-is-layout-flow\"><div class=\"wp-block-image\">\n<figure class=\"aligncenter size-full\"><img decoding=\"async\" width=\"700\" height=\"700\" src=\"https:\/\/www.shouyasanitary.com\/wp-content\/uploads\/2025\/07\/Bulk-Purchases-Bathroom-Cabinet-Vanity.webp\" alt=\"Bulk Purchases Badezimmerschrank Eitelkeit\" class=\"wp-image-1572\" style=\"object-fit:cover\" srcset=\"https:\/\/www.shouyasanitary.com\/wp-content\/uploads\/2025\/07\/Bulk-Purchases-Bathroom-Cabinet-Vanity.webp 700w, https:\/\/www.shouyasanitary.com\/wp-content\/uploads\/2025\/07\/Bulk-Purchases-Bathroom-Cabinet-Vanity-300x300.webp 300w, https:\/\/www.shouyasanitary.com\/wp-content\/uploads\/2025\/07\/Bulk-Purchases-Bathroom-Cabinet-Vanity-150x150.webp 150w, https:\/\/www.shouyasanitary.com\/wp-content\/uploads\/2025\/07\/Bulk-Purchases-Bathroom-Cabinet-Vanity-12x12.webp 12w, https:\/\/www.shouyasanitary.com\/wp-content\/uploads\/2025\/07\/Bulk-Purchases-Bathroom-Cabinet-Vanity-600x600.webp 600w, https:\/\/www.shouyasanitary.com\/wp-content\/uploads\/2025\/07\/Bulk-Purchases-Bathroom-Cabinet-Vanity-100x100.webp 100w\" sizes=\"(max-width: 700px) 100vw, 700px\" \/><\/figure>\n<\/div><\/div>\n<\/div>","protected":false},"excerpt":{"rendered":"<p>Ma\u00dfgeschneiderte Badezimmerschr\u00e4nke Eitelkeit, modernes Design, mit hochwertigen Sperrholz Material, ein Doppel-Waschbecken und eine intelligente Spiegelschrank. Er ist ideal f\u00fcr Hotelprojekte. Shouya bietet eine Komplettl\u00f6sung f\u00fcr Badezimmer. Willkommen, um uns f\u00fcr ein Angebot zu kontaktieren!<\/p>\n<h2>Kundenspezifische Badezimmerschr\u00e4nke Eitelkeit Attribute\uff1a<\/h2>\n<p><strong>Artikel Nr.<\/strong>: 6069-120<br \/><strong>Material des Geh\u00e4uses:<\/strong>\u00a0Sperrholz<br \/><strong>Farbe des Geh\u00e4uses:<\/strong> Braun<br \/><strong>Spiegel:<\/strong> LED-Spiegel (3,5 mm\/3,8 mm), dreifarbige Beleuchtung, One-Touch-Entfogging, gesichert mit mehrlagiger Schaumstoffverpackung<br \/><strong>Installationsart:<\/strong>\u00a0Wandbefestigung<br \/><strong>Abmessungen (L\u00d7B\u00d7H):<\/strong> 120*47*27 cm<br \/>\u00a0 \u00a0 \u00a0 \u00a0 \u00a0 \u00a0 \u00a0 \u00a0 \u00a0 \u00a0 \u00a0 \u00a0 \u00a0 \u00a0 \u00a0 \u00a0 \u00a0 \u00a0 \u00a0 \u00a0 \u00a0 \u00a0 \u00a0 \u00a0 \u00a0 120*47*10 cm<br \/><strong>Bruttogewicht:<\/strong> 38 kg\/Satz<\/p>\n<h2>Anpassung &amp; Dienstleistungen:<\/h2>\n<p><strong>OEM &amp; ODM<\/strong>: Unterst\u00fctzt<br \/><strong>Gestaltung<\/strong>: Frei<br \/><strong>Zubeh\u00f6r<\/strong>: Waschbecken, Spiegel, Armaturen und anderes Badzubeh\u00f6r<br \/><strong>Verpacken<\/strong>: Einbaufertig<\/p>","protected":false},"featured_media":1572,"comment_status":"closed","ping_status":"closed","template":"","meta":{"_acf_changed":true},"product_brand":[],"product_cat":[20],"product_tag":[],"class_list":{"0":"post-1571","1":"product","2":"type-product","3":"status-publish","4":"has-post-thumbnail","6":"product_cat-wholesale-plywood-bathroom-vanity-cabinets","8":"first","9":"instock","10":"shipping-taxable","11":"product-type-simple"},"acf":[],"_links":{"self":[{"href":"https:\/\/www.shouyasanitary.com\/de\/wp-json\/wp\/v2\/product\/1571","targetHints":{"allow":["GET"]}}],"collection":[{"href":"https:\/\/www.shouyasanitary.com\/de\/wp-json\/wp\/v2\/product"}],"about":[{"href":"https:\/\/www.shouyasanitary.com\/de\/wp-json\/wp\/v2\/types\/product"}],"replies":[{"embeddable":true,"href":"https:\/\/www.shouyasanitary.com\/de\/wp-json\/wp\/v2\/comments?post=1571"}],"wp:featuredmedia":[{"embeddable":true,"href":"https:\/\/www.shouyasanitary.com\/de\/wp-json\/wp\/v2\/media\/1572"}],"wp:attachment":[{"href":"https:\/\/www.shouyasanitary.com\/de\/wp-json\/wp\/v2\/media?parent=1571"}],"wp:term":[{"taxonomy":"product_brand","embeddable":true,"href":"https:\/\/www.shouyasanitary.com\/de\/wp-json\/wp\/v2\/product_brand?post=1571"},{"taxonomy":"product_cat","embeddable":true,"href":"https:\/\/www.shouyasanitary.com\/de\/wp-json\/wp\/v2\/product_cat?post=1571"},{"taxonomy":"product_tag","embeddable":true,"href":"https:\/\/www.shouyasanitary.com\/de\/wp-json\/wp\/v2\/product_tag?post=1571"}],"curies":[{"name":"wp","href":"https:\/\/api.w.org\/{rel}","templated":true}]}}