{"id":1575,"date":"2025-08-01T11:31:04","date_gmt":"2025-08-01T11:31:04","guid":{"rendered":"https:\/\/www.shouyasanitary.com\/?post_type=product&#038;p=1575"},"modified":"2025-08-01T11:31:06","modified_gmt":"2025-08-01T11:31:06","slug":"wholesale-bathroom-cabinet-set","status":"publish","type":"product","link":"https:\/\/www.shouyasanitary.com\/de\/produkt\/wholesale-bathroom-cabinet-set\/","title":{"rendered":"Gro\u00dfhandel Badezimmer Kabinett Set, benutzerdefinierte moderne PVC Badezimmer Eitelkeit mit Spiegel"},"content":{"rendered":"<div class=\"wp-block-columns is-layout-flex wp-container-core-columns-is-layout-9d6595d7 wp-block-columns-is-layout-flex\">\n<div class=\"wp-block-column is-layout-flow wp-block-column-is-layout-flow\">\n<h2 class=\"wp-block-heading\">Badezimmer-Schrank-Set Merkmale:<\/h2>\n\n\n\n<p><strong>Modernes Design<\/strong>: Das Design ist minimalistisch, mit einem eleganten Spiegel und einem PVC-Schrank in der gleichen Farbe, der sich durch klare Linien auszeichnet. Die Umgebungsbeleuchtung umgibt den Spiegel und verst\u00e4rkt die raffinierte Atmosph\u00e4re, wenn er beleuchtet ist. Er passt zu verschiedenen modernen Einrichtungsstilen im Badezimmer.<\/p>\n\n\n\n<p><strong>Speicherfunktion<\/strong>: Es hat ein vern\u00fcnftiges Layout, mit einer ger\u00e4umigen Arbeitsplatte f\u00fcr h\u00e4ufig verwendete Toilettenartikel, und eine gro\u00dfe Kapazit\u00e4t Stauraum darunter, in Schichten und ordentlich angeordnet, die leicht zu speichern Bad liefert, Reinigungsmittel, etc. halten das Bad Raum ordentlich und ordentlich.<\/p>\n\n\n\n<p><strong>Geeignet f\u00fcr kompakte R\u00e4ume<\/strong>: Kompakt in der Gr\u00f6\u00dfe, aber umfassend in der Funktion, erf\u00fcllt er den t\u00e4glichen Waschbedarf einer einzelnen Person. Er l\u00e4sst sich flexibel installieren und eignet sich f\u00fcr kompakte R\u00e4ume, wodurch ein hocheffizienter Mini-Badezimmertisch entsteht.<\/p>\n\n\n\n<p><strong>PVC<\/strong> <strong>Material<\/strong>: Er ist wasserdicht, feuchtigkeitsbest\u00e4ndig, schmutzabweisend und langlebig, was die t\u00e4gliche Pflege erleichtert. Der intelligente Spiegel verf\u00fcgt \u00fcber eine dreifarbige Hintergrundbeleuchtung und verbindet Funktionalit\u00e4t mit einem Sinn f\u00fcr Technologie. Das gesamte Geh\u00e4use ist stabil und verformt sich auch bei l\u00e4ngerem Gebrauch nicht und bietet ein gutes Preis-Leistungs-Verh\u00e4ltnis.<\/p>\n<\/div>\n\n\n\n<div class=\"wp-block-column is-layout-flow wp-block-column-is-layout-flow\"><div class=\"wp-block-image\">\n<figure class=\"aligncenter size-full\"><img decoding=\"async\" width=\"1000\" height=\"1000\" src=\"https:\/\/www.shouyasanitary.com\/wp-content\/uploads\/2025\/05\/Contemporary-Bathroom-Cabinet-Custom-PVC-Wall-Hung-Bathroom-Vanity-with-Mirror-Supplier-1.webp\" alt=\"Zeitgen\u00f6ssische Badezimmerschrank Custom, PVC Wall Hung Badezimmer Eitelkeit mit Spiegel Lieferant (1)\" class=\"wp-image-1134\" style=\"object-fit:cover\" srcset=\"https:\/\/www.shouyasanitary.com\/wp-content\/uploads\/2025\/05\/Contemporary-Bathroom-Cabinet-Custom-PVC-Wall-Hung-Bathroom-Vanity-with-Mirror-Supplier-1.webp 1000w, https:\/\/www.shouyasanitary.com\/wp-content\/uploads\/2025\/05\/Contemporary-Bathroom-Cabinet-Custom-PVC-Wall-Hung-Bathroom-Vanity-with-Mirror-Supplier-1-300x300.webp 300w, https:\/\/www.shouyasanitary.com\/wp-content\/uploads\/2025\/05\/Contemporary-Bathroom-Cabinet-Custom-PVC-Wall-Hung-Bathroom-Vanity-with-Mirror-Supplier-1-150x150.webp 150w, https:\/\/www.shouyasanitary.com\/wp-content\/uploads\/2025\/05\/Contemporary-Bathroom-Cabinet-Custom-PVC-Wall-Hung-Bathroom-Vanity-with-Mirror-Supplier-1-768x768.webp 768w, https:\/\/www.shouyasanitary.com\/wp-content\/uploads\/2025\/05\/Contemporary-Bathroom-Cabinet-Custom-PVC-Wall-Hung-Bathroom-Vanity-with-Mirror-Supplier-1-12x12.webp 12w, https:\/\/www.shouyasanitary.com\/wp-content\/uploads\/2025\/05\/Contemporary-Bathroom-Cabinet-Custom-PVC-Wall-Hung-Bathroom-Vanity-with-Mirror-Supplier-1-600x600.webp 600w, https:\/\/www.shouyasanitary.com\/wp-content\/uploads\/2025\/05\/Contemporary-Bathroom-Cabinet-Custom-PVC-Wall-Hung-Bathroom-Vanity-with-Mirror-Supplier-1-100x100.webp 100w\" sizes=\"(max-width: 1000px) 100vw, 1000px\" \/><\/figure>\n<\/div><\/div>\n<\/div>\n\n\n\n<p><strong>Unterst\u00fctzung OEM\/ODM<\/strong>: Shouya bietet flexible Anpassungsm\u00f6glichkeiten, einschlie\u00dflich Farbe, Gr\u00f6\u00dfe, Zubeh\u00f6r, etc,<\/p>","protected":false},"excerpt":{"rendered":"<p>Gro\u00dfhandel Bad Schrank-Set, mit einem LED-intelligenten Spiegel und modernes Design. 60 - Gr\u00f6\u00dfe passt kompakten Raum, reichlich Speicher. Moisture-proof PVC, leicht zu reinigen. Shouya Fabrik Versorgung, Anpassung zur Verf\u00fcgung.  Willkommen zu erkundigen \u00fcber Details!<\/p>\n<h2>Badezimmerschrank-Set Attribute\uff1a<\/h2>\n<p><strong>Artikel Nr.:<\/strong>6026-60<strong><br \/>Material des Geh\u00e4uses:<\/strong> PVC<br \/><strong>Farbe des Geh\u00e4uses: <\/strong> Gelb<br \/><strong>Spiegel:<\/strong> LED-Spiegel (3,5 mm\/3,8 mm), dreifarbige Beleuchtung, One-Touch-Entfogging, gesichert mit mehrlagiger Schaumstoffverpackung<br \/><strong>Installationsart:<\/strong>\u00a0Wandbefestigung<br \/><strong>Abmessungen (L\u00d7B\u00d7H):<\/strong> 60*47*47 cm<br \/><strong>Bruttogewicht:<\/strong> 28kg\/Satz<\/p>\n<h2>Anpassung &amp; Dienstleistungen:<\/h2>\n<p><strong>OEM &amp; ODM<\/strong>: Unterst\u00fctzt<br \/><strong>Gestaltung<\/strong>: Frei<br \/><strong>Zubeh\u00f6r<\/strong>: Waschbecken, Spiegel, Armaturen und anderes Badzubeh\u00f6r<br \/><strong>Verpacken<\/strong>: Einbaufertig<\/p>","protected":false},"featured_media":1577,"comment_status":"closed","ping_status":"closed","template":"","meta":{"_acf_changed":false},"product_brand":[],"product_cat":[24],"product_tag":[],"class_list":{"0":"post-1575","1":"product","2":"type-product","3":"status-publish","4":"has-post-thumbnail","6":"product_cat-wholesale-pvc-bathroom-vanity-cabinets","8":"first","9":"instock","10":"shipping-taxable","11":"product-type-simple"},"acf":[],"_links":{"self":[{"href":"https:\/\/www.shouyasanitary.com\/de\/wp-json\/wp\/v2\/product\/1575","targetHints":{"allow":["GET"]}}],"collection":[{"href":"https:\/\/www.shouyasanitary.com\/de\/wp-json\/wp\/v2\/product"}],"about":[{"href":"https:\/\/www.shouyasanitary.com\/de\/wp-json\/wp\/v2\/types\/product"}],"replies":[{"embeddable":true,"href":"https:\/\/www.shouyasanitary.com\/de\/wp-json\/wp\/v2\/comments?post=1575"}],"wp:featuredmedia":[{"embeddable":true,"href":"https:\/\/www.shouyasanitary.com\/de\/wp-json\/wp\/v2\/media\/1577"}],"wp:attachment":[{"href":"https:\/\/www.shouyasanitary.com\/de\/wp-json\/wp\/v2\/media?parent=1575"}],"wp:term":[{"taxonomy":"product_brand","embeddable":true,"href":"https:\/\/www.shouyasanitary.com\/de\/wp-json\/wp\/v2\/product_brand?post=1575"},{"taxonomy":"product_cat","embeddable":true,"href":"https:\/\/www.shouyasanitary.com\/de\/wp-json\/wp\/v2\/product_cat?post=1575"},{"taxonomy":"product_tag","embeddable":true,"href":"https:\/\/www.shouyasanitary.com\/de\/wp-json\/wp\/v2\/product_tag?post=1575"}],"curies":[{"name":"wp","href":"https:\/\/api.w.org\/{rel}","templated":true}]}}